{"id":5504,"date":"2025-09-29T18:46:52","date_gmt":"2025-09-29T16:46:52","guid":{"rendered":"https:\/\/cocos.codes\/?post_type=product&#038;p=5504"},"modified":"2026-04-09T19:38:33","modified_gmt":"2026-04-09T17:38:33","slug":"prestashop-paynow","status":"publish","type":"product","link":"https:\/\/cocos.codes\/pl\/produkt\/prestashop-paynow\/","title":{"rendered":"[DARMOWY] PrestaShop PayNow 1.7.13"},"content":{"rendered":"\t\t<div data-elementor-type=\"wp-post\" data-elementor-id=\"5504\" class=\"elementor elementor-5504\">\n\t\t\t\t<div class=\"elementor-element elementor-element-1ede599 e-flex e-con-boxed e-con e-parent\" data-id=\"1ede599\" data-element_type=\"container\" data-e-type=\"container\">\n\t\t\t\t\t<div class=\"e-con-inner\">\n\t\t\t\t<div class=\"elementor-element elementor-element-691a170 elementor-widget elementor-widget-text-editor\" data-id=\"691a170\" data-element_type=\"widget\" data-e-type=\"widget\" data-widget_type=\"text-editor.default\">\n\t\t\t\t\t\t\t\t\t<h6>PrestaShop PayNow &#8211; Oficjalny Modu\u0142 P\u0142atno\u015bci<\/h6>Zwi\u0119ksz konwersj\u0119 i zaufanie klient\u00f3w dzi\u0119ki profesjonalnej bramce p\u0142atniczej od <a href=\"https:\/\/www.mbank.pl\/\" title=\"MBanku\" target=\"_blank\" rel=\"noopener\">mBanku<\/a>. <strong><a href=\"https:\/\/paynow.pl\/\" title=\"PayNow\" target=\"_blank\" rel=\"noopener\">PayNow<\/a> dla PrestaShop<\/strong> to kompletne rozwi\u0105zanie p\u0142atnicze, kt\u00f3re umo\u017cliwia przyjmowanie p\u0142atno\u015bci BLIK, szybkich przelew\u00f3w oraz kart p\u0142atniczych \u2013 wszystko w jednym, bezpiecznym systemie z najni\u017csz\u0105 prowizj\u0105 na rynku.\t\t\t\t\t\t\t\t<\/div>\n\t\t\t\t\t<\/div>\n\t\t\t\t<\/div>\n\t\t<div class=\"elementor-element elementor-element-8b15fd2 e-flex e-con-boxed e-con e-parent\" data-id=\"8b15fd2\" data-element_type=\"container\" data-e-type=\"container\">\n\t\t\t\t\t<div class=\"e-con-inner\">\n\t\t\t\t<div class=\"elementor-element elementor-element-afe4a80 elementor-widget elementor-widget-spacer\" data-id=\"afe4a80\" data-element_type=\"widget\" data-e-type=\"widget\" data-widget_type=\"spacer.default\">\n\t\t\t\t\t\t\t<div class=\"elementor-spacer\">\n\t\t\t<div class=\"elementor-spacer-inner\"><\/div>\n\t\t<\/div>\n\t\t\t\t\t\t<\/div>\n\t\t\t\t<div class=\"elementor-element elementor-element-eec8d6e elementor-widget elementor-widget-text-editor\" data-id=\"eec8d6e\" data-element_type=\"widget\" data-e-type=\"widget\" data-widget_type=\"text-editor.default\">\n\t\t\t\t\t\t\t\t\t<h6>Zobacz, co zyskujesz<\/h6><strong>\ud83d\udcb0 Najlepsza prowizja na rynku<\/strong><ul><li>Tylko <strong>0,95% prowizji od transakcji<\/strong> \u2013 bez ukrytych koszt\u00f3w<\/li><li>Darmowa rejestracja i aktywacja<\/li><li>Brak op\u0142at abonamentowych<\/li><li>Bez konieczno\u015bci negocjacji i deklarowania obrot\u00f3w<\/li><li>Natychmiastowy dost\u0119p do \u015brodk\u00f3w \u2013 wp\u0142aty trafiaj\u0105 od razu na Twoje konto w mBanku<\/li><\/ul><strong>\ud83d\udcb3 Pe\u0142en wachlarz metod p\u0142atno\u015bci<\/strong><ul><li>P\u0142atno\u015bci BLIK \u2013 najpopularniejsza metoda w Polsce<\/li><li>Szybkie przelewy bankowe \u2013 wszystkie g\u0142\u00f3wne banki w Polsce (PKO BP, ING, Santander, Pekao, Alior, BNP Paribas i wiele innych)<\/li><li>P\u0142atno\u015bci kart\u0105 \u2013 obs\u0142uga VISA i Mastercard<\/li><li>Google Pay \u2013 szybkie p\u0142atno\u015bci mobilne<\/li><li>System Pay-by-Link dla maksymalnej wygody<\/li><\/ul><strong>\ud83d\udd12 Bezpiecze\u0144stwo na najwy\u017cszym poziomie<\/strong><ul><li>Szyfrowanie danych zgodnie z najwy\u017cszymi standardami<\/li><li>Autoryzacja dwuetapowa dla dodatkowej ochrony<\/li><li>Certyfikaty bezpiecze\u0144stwa wydane przez mBank<\/li><li>Ochrona danych osobowych i finansowych klient\u00f3w<\/li><li>Zgodno\u015b\u0107 z PSD2 i innymi regulacjami europejskimi<\/li><\/ul><strong>\u2699\ufe0f Prosta instalacja i konfiguracja<\/strong><ul><li>Kompatybilno\u015b\u0107 z PrestaShop od wersji 1.6.0 wzwy\u017c<\/li><li>Intuicyjna instalacja przez Module Manager<\/li><li>Automatyczna konfiguracja adresu powrotu<\/li><li>\u015arodowisko testowe do weryfikacji dzia\u0142ania<\/li><li>Szczeg\u00f3\u0142owa dokumentacja i instrukcje wideo<\/li><li>Automatyczne powiadomienia o statusie transakcji<\/li><\/ul><strong>\ud83d\ude80 Pe\u0142na automatyzacja i integracja<\/strong><ul><li>Panel zintegrowany z kontem bankowym w mBanku<\/li><li>Automatyczna aktualizacja status\u00f3w zam\u00f3wie\u0144<\/li><li>Prosty zwrot p\u0142atno\u015bci bezpo\u015brednio z serwisu transakcyjnego<\/li><li>Brak konieczno\u015bci tworzenia osobnego konta \u2013 dost\u0119p przez bankowo\u015b\u0107 mBanku<\/li><li>Raportowanie transakcji w czasie rzeczywistym<\/li><\/ul>\t\t\t\t\t\t\t\t<\/div>\n\t\t\t\t<div class=\"elementor-element elementor-element-3854b2a elementor-widget elementor-widget-spacer\" data-id=\"3854b2a\" data-element_type=\"widget\" data-e-type=\"widget\" data-widget_type=\"spacer.default\">\n\t\t\t\t\t\t\t<div class=\"elementor-spacer\">\n\t\t\t<div class=\"elementor-spacer-inner\"><\/div>\n\t\t<\/div>\n\t\t\t\t\t\t<\/div>\n\t\t\t\t<div class=\"elementor-element elementor-element-5fd9977 elementor-widget elementor-widget-text-editor\" data-id=\"5fd9977\" data-element_type=\"widget\" data-e-type=\"widget\" data-widget_type=\"text-editor.default\">\n\t\t\t\t\t\t\t\t\t<div class=\"cc-alert cc-alert-tip\"><div class=\"cc-alert-title\">Wskaz\u00f3wka<\/div><div class=\"cc-alert-content\">Aby korzysta\u0107 z PayNow, potrzebujesz konta firmowego w mBanku. Panel PayNow jest w pe\u0142ni zintegrowany z bankowo\u015bci\u0105 internetow\u0105, co znacznie u\u0142atwia zarz\u0105dzanie p\u0142atno\u015bciami.<\/div><\/div>\t\t\t\t\t\t\t\t<\/div>\n\t\t\t\t<div class=\"elementor-element elementor-element-cc629fb elementor-widget elementor-widget-spacer\" data-id=\"cc629fb\" data-element_type=\"widget\" data-e-type=\"widget\" data-widget_type=\"spacer.default\">\n\t\t\t\t\t\t\t<div class=\"elementor-spacer\">\n\t\t\t<div class=\"elementor-spacer-inner\"><\/div>\n\t\t<\/div>\n\t\t\t\t\t\t<\/div>\n\t\t\t\t<div class=\"elementor-element elementor-element-a9941d1 elementor-widget elementor-widget-text-editor\" data-id=\"a9941d1\" data-element_type=\"widget\" data-e-type=\"widget\" data-widget_type=\"text-editor.default\">\n\t\t\t\t\t\t\t\t\t<h6>\ud83d\udcc8 Przyjmuj p\u0142atno\u015bci szybciej i wygodniej<\/h6><p><strong>PayNow to wi\u0119cej ni\u017c bramka p\u0142atno\u015bci<\/strong> \u2013 to kompleksowe rozwi\u0105zanie stworzone przez mBank z my\u015bl\u0105 o potrzebach polskich przedsi\u0119biorc\u00f3w. Dzi\u0119ki <strong>najni\u017cszej prowizji na rynku<\/strong> (tylko 0,95%), <strong>natychmiastowym wp\u0142ywom<\/strong> na konto oraz <strong>pe\u0142nej integracji<\/strong> z bankowo\u015bci\u0105 internetow\u0105, PayNow pozwala nie tylko zwi\u0119kszy\u0107 konwersj\u0119, ale r\u00f3wnie\u017c maksymalnie zoptymalizowa\u0107 koszty operacyjne. <strong>Ka\u017cda transakcja to wi\u0119kszy zysk dla Twojego biznesu!<\/strong><\/p>\t\t\t\t\t\t\t\t<\/div>\n\t\t\t\t<div class=\"elementor-element elementor-element-7b9f1d0 elementor-widget elementor-widget-spacer\" data-id=\"7b9f1d0\" data-element_type=\"widget\" data-e-type=\"widget\" data-widget_type=\"spacer.default\">\n\t\t\t\t\t\t\t<div class=\"elementor-spacer\">\n\t\t\t<div class=\"elementor-spacer-inner\"><\/div>\n\t\t<\/div>\n\t\t\t\t\t\t<\/div>\n\t\t\t\t<div class=\"elementor-element elementor-element-3e00cf6 elementor-widget elementor-widget-text-editor\" data-id=\"3e00cf6\" data-element_type=\"widget\" data-e-type=\"widget\" data-widget_type=\"text-editor.default\">\n\t\t\t\t\t\t\t\t\t<h6>Dla kogo?<\/h6><p>Modu\u0142 jest idealny dla wszystkich:<\/p><p><strong>\u2714<\/strong> W\u0142a\u015bcicieli <a href=\"https:\/\/cocos.codes\/pl\/produkt-kategoria\/indywidualne-sklepy\/\" title=\"Sklep\u00f3w PrestaShop\">sklep\u00f3w PrestaShop<\/a> chc\u0105cych zwi\u0119kszy\u0107 konwersj\u0119 p\u0142atno\u015bci<br \/><strong>\u2714<\/strong> E-commerce manager\u00f3w optymalizuj\u0105cych koszty operacyjne<br \/><strong>\u2714<\/strong> Administrator\u00f3w sklep\u00f3w szukaj\u0105cych prostych rozwi\u0105za\u0144 automatyzacji<br \/><strong>\u2714<\/strong> Firm oferuj\u0105cych r\u00f3\u017cne metody p\u0142atno\u015bci<br \/><strong>\u2714<\/strong> Przedsi\u0119biorc\u00f3w stawiaj\u0105cych na zwi\u0119kszenie zyskowno\u015bci<br \/><strong>\u2714<\/strong> Sklep\u00f3w z wysokim udzia\u0142em p\u0142atno\u015bci za pobraniem<br \/><strong>\u2714<\/strong> Wszystkich, kt\u00f3rzy chc\u0105 motywowa\u0107 klient\u00f3w do lepszych wybor\u00f3w p\u0142atniczych<\/p>\t\t\t\t\t\t\t\t<\/div>\n\t\t\t\t<div class=\"elementor-element elementor-element-425cc4e elementor-widget elementor-widget-spacer\" data-id=\"425cc4e\" data-element_type=\"widget\" data-e-type=\"widget\" data-widget_type=\"spacer.default\">\n\t\t\t\t\t\t\t<div class=\"elementor-spacer\">\n\t\t\t<div class=\"elementor-spacer-inner\"><\/div>\n\t\t<\/div>\n\t\t\t\t\t\t<\/div>\n\t\t\t\t<div class=\"elementor-element elementor-element-d08237e elementor-widget elementor-widget-text-editor\" data-id=\"d08237e\" data-element_type=\"widget\" data-e-type=\"widget\" data-widget_type=\"text-editor.default\">\n\t\t\t\t\t\t\t\t\t<p><div class=\"pls-block pls-block-3297\">\t\t<div data-elementor-type=\"wp-post\" data-elementor-id=\"3297\" class=\"elementor elementor-3297\">\n\t\t\t\t<div class=\"elementor-element elementor-element-d99440d e-flex e-con-boxed e-con e-parent\" data-id=\"d99440d\" data-element_type=\"container\" data-e-type=\"container\" data-settings=\"{&quot;background_background&quot;:&quot;classic&quot;}\">\n\t\t\t\t\t<div class=\"e-con-inner\">\n\t\t\t\t<div class=\"elementor-element elementor-element-b850409 elementor-widget elementor-widget-text-editor\" data-id=\"b850409\" data-element_type=\"widget\" data-e-type=\"widget\" data-widget_type=\"text-editor.default\">\n\t\t\t\t\t\t\t\t\t<h6><strong>\u00a0Zwi\u0119ksz mo\u017cliwo\u015bci swojego sklepu ju\u017c dzi\u015b! <\/strong><strong>\ud83d\ude80<\/strong><\/h6>Dodaj nowe funkcje, popraw wygod\u0119 u\u017cytkownik\u00f3w i zwi\u0119ksz konwersj\u0119 dzi\u0119ki naszemu modu\u0142owi. Prosta instalacja, pe\u0142na kompatybilno\u015b\u0107 i regularne aktualizacje \u2013 wszystko, czego potrzebujesz, aby Tw\u00f3j sklep dzia\u0142a\u0142 jeszcze lepiej.<br \/>\u2705 \u0141atwa konfiguracja \u2705 Profesjonalne wsparcie \u2705 Bezproblemowa integracja<br \/><br \/><a class=\"button simple\" href=\"#main-content\" title=\"Zainstaluj I Zacznij Korzysta\u0107 Ju\u017c Teraz!\">Zainstaluj i zacznij korzysta\u0107 ju\u017c teraz!<\/a>\t\t\t\t\t\t\t\t<\/div>\n\t\t\t\t\t<\/div>\n\t\t\t\t<\/div>\n\t\t\t\t<\/div>\n\t\t<\/div><\/p>\t\t\t\t\t\t\t\t<\/div>\n\t\t\t\t\t<\/div>\n\t\t\t\t<\/div>\n\t\t\t\t<\/div>\n\t\t","protected":false},"excerpt":{"rendered":"Presta Shop Pay Now &#8211; Oficjalny Modu\u0142 P\u0142atno\u015bci Zwi\u0119ksz konwersj\u0119 i zaufanie klient\u00f3w dzi\u0119ki profesjonalnej bramce p\u0142atniczej od m Banku. Pay Now dla Presta Shop to kompletne rozwi\u0105zanie p\u0142atnicze, kt\u00f3re","protected":false},"featured_media":5507,"comment_status":"open","ping_status":"closed","template":"","meta":{"powered_cache_disable_cache":false,"powered_cache_disable_css_optimization":false,"powered_cache_disable_js_optimization":false},"product_brand":[],"product_cat":[131],"product_tag":[309,310,244],"class_list":{"0":"post-5504","1":"product","2":"type-product","3":"status-publish","4":"has-post-thumbnail","6":"product_cat-prestashop","7":"product_tag-paynow","8":"product_tag-platnosci","9":"product_tag-prestashop","11":"first","12":"instock","13":"downloadable","14":"virtual","15":"taxable","16":"purchasable","17":"product-type-simple"},"_links":{"self":[{"href":"https:\/\/cocos.codes\/pl\/wp-json\/wp\/v2\/product\/5504","targetHints":{"allow":["GET"]}}],"collection":[{"href":"https:\/\/cocos.codes\/pl\/wp-json\/wp\/v2\/product"}],"about":[{"href":"https:\/\/cocos.codes\/pl\/wp-json\/wp\/v2\/types\/product"}],"replies":[{"embeddable":true,"href":"https:\/\/cocos.codes\/pl\/wp-json\/wp\/v2\/comments?post=5504"}],"version-history":[{"count":0,"href":"https:\/\/cocos.codes\/pl\/wp-json\/wp\/v2\/product\/5504\/revisions"}],"wp:featuredmedia":[{"embeddable":true,"href":"https:\/\/cocos.codes\/pl\/wp-json\/wp\/v2\/media\/5507"}],"wp:attachment":[{"href":"https:\/\/cocos.codes\/pl\/wp-json\/wp\/v2\/media?parent=5504"}],"wp:term":[{"taxonomy":"product_brand","embeddable":true,"href":"https:\/\/cocos.codes\/pl\/wp-json\/wp\/v2\/product_brand?post=5504"},{"taxonomy":"product_cat","embeddable":true,"href":"https:\/\/cocos.codes\/pl\/wp-json\/wp\/v2\/product_cat?post=5504"},{"taxonomy":"product_tag","embeddable":true,"href":"https:\/\/cocos.codes\/pl\/wp-json\/wp\/v2\/product_tag?post=5504"}],"curies":[{"name":"wp","href":"https:\/\/api.w.org\/{rel}","templated":true}]}}