{"id":5409,"date":"2025-09-24T13:18:32","date_gmt":"2025-09-24T11:18:32","guid":{"rendered":"https:\/\/cocos.codes\/?post_type=product&#038;p=5409"},"modified":"2026-04-09T19:38:24","modified_gmt":"2026-04-09T17:38:24","slug":"uslugi-programistyczne-prestashop-i-wordpress","status":"publish","type":"product","link":"https:\/\/cocos.codes\/pl\/produkt\/uslugi-programistyczne-prestashop-i-wordpress\/","title":{"rendered":"Us\u0142ugi programistyczne PrestaShop 1.7\/8.x\/9.x i WordPress 6.x"},"content":{"rendered":"\t\t<div data-elementor-type=\"wp-post\" data-elementor-id=\"5409\" class=\"elementor elementor-5409\">\n\t\t\t\t<div class=\"elementor-element elementor-element-b07ab12 e-flex e-con-boxed e-con e-parent\" data-id=\"b07ab12\" data-element_type=\"container\" data-e-type=\"container\">\n\t\t\t\t\t<div class=\"e-con-inner\">\n\t\t\t\t<div class=\"elementor-element elementor-element-3534c01 elementor-widget elementor-widget-heading\" data-id=\"3534c01\" data-element_type=\"widget\" data-e-type=\"widget\" data-widget_type=\"heading.default\">\n\t\t\t\t\t<h6 class=\"elementor-heading-title elementor-size-default\">Us\u0142ugi programistyczne PrestaShop &amp; WordPress<\/h6>\t\t\t\t<\/div>\n\t\t\t\t<div class=\"elementor-element elementor-element-f6a8b64 elementor-widget elementor-widget-text-editor\" data-id=\"f6a8b64\" data-element_type=\"widget\" data-e-type=\"widget\" data-widget_type=\"text-editor.default\">\n\t\t\t\t\t\t\t\t\t<p style=\"text-align: left;\">Potrzebujesz szybkiej, elastycznej pomocy przy swoim sklepie <a href=\"https:\/\/prestashop.com\/\" title=\"PrestaShop\" target=\"_blank\" rel=\"noopener\">PrestaShop<\/a> \/ <a href=\"https:\/\/wordpress.com\/\" title=\"WordPress\" target=\"_blank\" rel=\"noopener\">WordPress<\/a> \/ <a href=\"https:\/\/woocommerce.com\/\" title=\"WooCommerce\" target=\"_blank\" rel=\"noopener\">WooCommerce<\/a>? Wybierz nasze us\u0142ugi programisty Prestashop \/ programisty WordPress i wsparcia analityczno-technicznego, rozliczanych wed\u0142ug czasu pracy. Idealne dla drobnych poprawek, modyfikacji lub sta\u0142ego utrzymania sklepu.<br \/><br \/><strong>Podejmujemy si\u0119 realizacji ka\u017cdego zadania, niezale\u017cnie od stopnia jego trudno\u015bci.<br \/><br \/>Stawka godzinowa to $54\/1h ($27\/0,5h), niezale\u017cna od ilo\u015bci godzin. <br \/>Podana stawka $27 w produkcie to odpowiednik 30 minut.<br \/><br \/><\/strong><\/p><p style=\"text-align: center;\"><strong>\u26a0\ufe0f Wa\u017cne: Przed z\u0142o\u017ceniem zam\u00f3wienia <a href=\"https:\/\/cocos.codes\/pl\/kontakt\/\" title=\"Prosimy O Kontakt\">prosimy o kontakt<\/a> w celu om\u00f3wienia szczeg\u00f3\u0142\u00f3w i zakresu prac.<\/strong><\/p>\t\t\t\t\t\t\t\t<\/div>\n\t\t\t\t<div class=\"elementor-element elementor-element-b2ca412 elementor-widget elementor-widget-spacer\" data-id=\"b2ca412\" data-element_type=\"widget\" data-e-type=\"widget\" data-widget_type=\"spacer.default\">\n\t\t\t\t\t\t\t<div class=\"elementor-spacer\">\n\t\t\t<div class=\"elementor-spacer-inner\"><\/div>\n\t\t<\/div>\n\t\t\t\t\t\t<\/div>\n\t\t\t\t\t<\/div>\n\t\t\t\t<\/div>\n\t\t<div class=\"elementor-element elementor-element-aa63b05 e-flex e-con-boxed e-con e-parent\" data-id=\"aa63b05\" data-element_type=\"container\" data-e-type=\"container\">\n\t\t\t\t\t<div class=\"e-con-inner\">\n\t\t\t\t<div class=\"elementor-element elementor-element-6c5b301 elementor-widget elementor-widget-spacer\" data-id=\"6c5b301\" data-element_type=\"widget\" data-e-type=\"widget\" data-widget_type=\"spacer.default\">\n\t\t\t\t\t\t\t<div class=\"elementor-spacer\">\n\t\t\t<div class=\"elementor-spacer-inner\"><\/div>\n\t\t<\/div>\n\t\t\t\t\t\t<\/div>\n\t\t\t\t<div class=\"elementor-element elementor-element-dd4b192 elementor-widget elementor-widget-heading\" data-id=\"dd4b192\" data-element_type=\"widget\" data-e-type=\"widget\" data-widget_type=\"heading.default\">\n\t\t\t\t\t<h6 class=\"elementor-heading-title elementor-size-default\">Opis szczeg\u00f3\u0142owy<\/h6>\t\t\t\t<\/div>\n\t\t\t\t\t<\/div>\n\t\t\t\t<\/div>\n\t\t<div class=\"elementor-element elementor-element-670073a e-flex e-con-boxed e-con e-parent\" data-id=\"670073a\" data-element_type=\"container\" data-e-type=\"container\">\n\t\t\t\t\t<div class=\"e-con-inner\">\n\t\t<div class=\"elementor-element elementor-element-6e6afde e-con-full e-flex e-con e-child\" data-id=\"6e6afde\" data-element_type=\"container\" data-e-type=\"container\">\n\t\t\t\t<div class=\"elementor-element elementor-element-32f556d elementor-widget elementor-widget-text-editor\" data-id=\"32f556d\" data-element_type=\"widget\" data-e-type=\"widget\" data-widget_type=\"text-editor.default\">\n\t\t\t\t\t\t\t\t\t<h6>\u2b50 Dlaczego warto<\/h6><strong>\u2705 Elastyczne rozliczenie czasu pracy<\/strong> \u2013 zap\u0142a\u0107 tylko za zakumulowane godziny, bez pakiet\u00f3w, kt\u00f3re mog\u0142yby pozosta\u0107 niewykorzystane.<br \/><strong>\u2705 Wsparcie analityczne i programistyczne<\/strong> \u2013 nie tylko kod, ale tak\u017ce konsultacje, analiza, optymalizacja i diagnoza b\u0142\u0119d\u00f3w.<br \/><strong>\u2705 Szybka reakcja i realizacja<\/strong> \u2013 ma\u0142e poprawki wykonujemy w ci\u0105gu 24\u201372 godzin roboczych (w zale\u017cno\u015bci od z\u0142o\u017cono\u015bci).<br \/><strong>\u2705 Obs\u0142uga wersji PrestaShop 1.6 \/ 1.7 \/ 8.x \/ 9.x<\/strong> \u2013 kompatybilno\u015b\u0107 z aktualnymi i starszymi instalacjami sklepu.<br \/><strong>\u2705 Obs\u0142uga wersji WordPress 4.9 \/ 5.x \/ 6.x<\/strong>\u00a0\u2014 kompatybilno\u015b\u0107 z aktualnymi i starszymi instalacjami CMS.<br \/><strong>\u2705 Pe\u0142na dokumentacja i raport<\/strong> \u2013 po zako\u0144czeniu ka\u017cdego zadania otrzymujesz opis wykonanych czynno\u015bci oraz czasach.<br \/><strong>\u2705 Faktura VAT<\/strong> \u2013 transparentno\u015b\u0107 rozlicze\u0144, mo\u017cliwo\u015b\u0107 rozliczenia kosztu w firmie.\t\t\t\t\t\t\t\t<\/div>\n\t\t\t\t<\/div>\n\t\t\t\t<div class=\"elementor-element elementor-element-cb1eff2 elementor-widget elementor-widget-spacer\" data-id=\"cb1eff2\" data-element_type=\"widget\" data-e-type=\"widget\" data-widget_type=\"spacer.default\">\n\t\t\t\t\t\t\t<div class=\"elementor-spacer\">\n\t\t\t<div class=\"elementor-spacer-inner\"><\/div>\n\t\t<\/div>\n\t\t\t\t\t\t<\/div>\n\t\t<div class=\"elementor-element elementor-element-a0e2864 e-con-full e-flex e-con e-child\" data-id=\"a0e2864\" data-element_type=\"container\" data-e-type=\"container\">\n\t\t\t\t<div class=\"elementor-element elementor-element-4c78578 elementor-widget elementor-widget-text-editor\" data-id=\"4c78578\" data-element_type=\"widget\" data-e-type=\"widget\" data-widget_type=\"text-editor.default\">\n\t\t\t\t\t\t\t\t\t<h6>\ud83d\udee0\ufe0f Zakres us\u0142ug (przyk\u0142adowe zadania)<\/h6><strong>\u2705 <\/strong>Modyfikacje szablonu, dostosowania CSS \/ JS<br \/><strong>\u2705 <\/strong>Implementacja nowych funkcji lub integracji<br \/><strong>\u2705 <\/strong>Poprawki b\u0142\u0119d\u00f3w i diagnostyka<br \/><strong>\u2705 <\/strong>Migracje danych \/ aktualizacje wersji<br \/><strong>\u2705 <\/strong>Optymalizacja wydajno\u015bci (pr\u0119dko\u015b\u0107 \u0142adowania, zapytania SQL)<br \/><strong>\u2705 <\/strong>Analiza i raportowanie (monitoring, logi, sugestie usprawnie\u0144)\t\t\t\t\t\t\t\t<\/div>\n\t\t\t\t<div class=\"elementor-element elementor-element-351023d elementor-widget elementor-widget-spacer\" data-id=\"351023d\" data-element_type=\"widget\" data-e-type=\"widget\" data-widget_type=\"spacer.default\">\n\t\t\t\t\t\t\t<div class=\"elementor-spacer\">\n\t\t\t<div class=\"elementor-spacer-inner\"><\/div>\n\t\t<\/div>\n\t\t\t\t\t\t<\/div>\n\t\t\t\t<div class=\"elementor-element elementor-element-8d9ec7d elementor-widget elementor-widget-text-editor\" data-id=\"8d9ec7d\" data-element_type=\"widget\" data-e-type=\"widget\" data-widget_type=\"text-editor.default\">\n\t\t\t\t\t\t\t\t\t<h6>\ud83d\udcb0 Zasady rozliczenia<\/h6><strong>\u2705 Minimalna stawka:<\/strong> 0,5 godziny<br \/><strong>\u2705<\/strong> <strong>Jednostka rozliczeniowa:<\/strong> 30 minut lub 1 godzina<br \/><strong>\u2705 P\u0142atno\u015b\u0107:<\/strong> przelew bankowy, BLIK, karta, Google Pay \u2013 faktura VAT wystawiana od razu po zaksi\u0119gowaniu\t\t\t\t\t\t\t\t<\/div>\n\t\t\t\t<\/div>\n\t\t\t\t\t<\/div>\n\t\t\t\t<\/div>\n\t\t<div class=\"elementor-element elementor-element-423a629 e-flex e-con-boxed e-con e-parent\" data-id=\"423a629\" data-element_type=\"container\" data-e-type=\"container\">\n\t\t\t\t\t<div class=\"e-con-inner\">\n\t\t\t\t<div class=\"elementor-element elementor-element-0e67222 elementor-widget elementor-widget-spacer\" data-id=\"0e67222\" data-element_type=\"widget\" data-e-type=\"widget\" data-widget_type=\"spacer.default\">\n\t\t\t\t\t\t\t<div class=\"elementor-spacer\">\n\t\t\t<div class=\"elementor-spacer-inner\"><\/div>\n\t\t<\/div>\n\t\t\t\t\t\t<\/div>\n\t\t\t\t\t<\/div>\n\t\t\t\t<\/div>\n\t\t<div class=\"elementor-element elementor-element-5e3f77b e-flex e-con-boxed e-con e-parent\" data-id=\"5e3f77b\" data-element_type=\"container\" data-e-type=\"container\">\n\t\t\t\t\t<div class=\"e-con-inner\">\n\t\t\t\t\t<\/div>\n\t\t\t\t<\/div>\n\t\t\t\t<\/div>\n\t\t","protected":false},"excerpt":{"rendered":"Us\u0142ugi programistyczne Presta Shop &amp; Word Press Potrzebujesz szybkiej, elastycznej pomocy przy swoim sklepie Presta Shop \/ Word Press \/ Woo Commerce? Wybierz nasze us\u0142ugi programisty Prestashop \/ programisty Word","protected":false},"featured_media":5410,"comment_status":"open","ping_status":"closed","template":"","meta":{"powered_cache_disable_cache":false,"powered_cache_disable_css_optimization":false,"powered_cache_disable_js_optimization":false},"product_brand":[275],"product_cat":[129],"product_tag":[305,244,304,198],"class_list":{"0":"post-5409","1":"product","2":"type-product","3":"status-publish","4":"has-post-thumbnail","6":"product_brand-cocos","7":"product_cat-uslugi","8":"product_tag-kodowanie","9":"product_tag-prestashop","10":"product_tag-programista","11":"product_tag-wordpress","13":"first","14":"instock","15":"featured","16":"taxable","17":"shipping-taxable","18":"purchasable","19":"product-type-simple"},"_links":{"self":[{"href":"https:\/\/cocos.codes\/pl\/wp-json\/wp\/v2\/product\/5409","targetHints":{"allow":["GET"]}}],"collection":[{"href":"https:\/\/cocos.codes\/pl\/wp-json\/wp\/v2\/product"}],"about":[{"href":"https:\/\/cocos.codes\/pl\/wp-json\/wp\/v2\/types\/product"}],"replies":[{"embeddable":true,"href":"https:\/\/cocos.codes\/pl\/wp-json\/wp\/v2\/comments?post=5409"}],"version-history":[{"count":0,"href":"https:\/\/cocos.codes\/pl\/wp-json\/wp\/v2\/product\/5409\/revisions"}],"wp:featuredmedia":[{"embeddable":true,"href":"https:\/\/cocos.codes\/pl\/wp-json\/wp\/v2\/media\/5410"}],"wp:attachment":[{"href":"https:\/\/cocos.codes\/pl\/wp-json\/wp\/v2\/media?parent=5409"}],"wp:term":[{"taxonomy":"product_brand","embeddable":true,"href":"https:\/\/cocos.codes\/pl\/wp-json\/wp\/v2\/product_brand?post=5409"},{"taxonomy":"product_cat","embeddable":true,"href":"https:\/\/cocos.codes\/pl\/wp-json\/wp\/v2\/product_cat?post=5409"},{"taxonomy":"product_tag","embeddable":true,"href":"https:\/\/cocos.codes\/pl\/wp-json\/wp\/v2\/product_tag?post=5409"}],"curies":[{"name":"wp","href":"https:\/\/api.w.org\/{rel}","templated":true}]}}