{"id":5341,"date":"2025-09-16T11:55:22","date_gmt":"2025-09-16T09:55:22","guid":{"rendered":"https:\/\/cocos.codes\/?post_type=product&#038;p=5341"},"modified":"2026-04-09T19:38:34","modified_gmt":"2026-04-09T17:38:34","slug":"masowa-aktualizacja-produktow","status":"publish","type":"product","link":"https:\/\/cocos.codes\/pl\/produkt\/masowa-aktualizacja-produktow\/","title":{"rendered":"PrestaShop Masowa aktualizacja produkt\u00f3w 1.0.1"},"content":{"rendered":"\t\t<div data-elementor-type=\"wp-post\" data-elementor-id=\"5341\" class=\"elementor elementor-5341\">\n\t\t\t\t<div class=\"elementor-element elementor-element-0f0a159 e-flex e-con-boxed e-con e-parent\" data-id=\"0f0a159\" data-element_type=\"container\" data-e-type=\"container\">\n\t\t\t\t\t<div class=\"e-con-inner\">\n\t\t\t\t<div class=\"elementor-element elementor-element-dc7e15c elementor-widget elementor-widget-text-editor\" data-id=\"dc7e15c\" data-element_type=\"widget\" data-e-type=\"widget\" data-widget_type=\"text-editor.default\">\n\t\t\t\t\t\t\t\t\t<h6>PrestaShop Masowy Aktualizator Produkt\u00f3w \u2013 profesjonalne zarz\u0105dzanie asortymentem<\/h6>Masowy aktualizator produkt\u00f3w to niezb\u0119dne narz\u0119dzie dla <a href=\"https:\/\/cocos.codes\/pl\/produkt-kategoria\/indywidualne-sklepy\/\" title=\"Sklep\u00f3w PrestaShop\">sklep\u00f3w PrestaShop<\/a> wymagaj\u0105cych efektywnego zarz\u0105dzania du\u017cym asortymentem. Masowa Aktualizacja Produkt\u00f3w umo\u017cliwia b\u0142yskawiczn\u0105 aktualizacj\u0119 ilo\u015bci i cen tysi\u0119cy produkt\u00f3w jednocze\u015bnie przez import plik\u00f3w CSV\/<a href=\"https:\/\/excel.cloud.microsoft\/pl-pl\/\" title=\"Excel\" target=\"_blank\" rel=\"noopener\">Excel<\/a>, automatyzacj\u0119 CRON oraz aktualizacj\u0119 wed\u0142ug zaawansowanych kryteri\u00f3w. Oszcz\u0119d\u017a dziesi\u0105tki godzin pracy, wyeliminuj b\u0142\u0119dy manualne i utrzymuj aktualny asortyment bez wysi\u0142ku.\t\t\t\t\t\t\t\t<\/div>\n\t\t\t\t<div class=\"elementor-element elementor-element-f7f0e4b elementor-widget elementor-widget-spacer\" data-id=\"f7f0e4b\" data-element_type=\"widget\" data-e-type=\"widget\" data-widget_type=\"spacer.default\">\n\t\t\t\t\t\t\t<div class=\"elementor-spacer\">\n\t\t\t<div class=\"elementor-spacer-inner\"><\/div>\n\t\t<\/div>\n\t\t\t\t\t\t<\/div>\n\t\t\t\t\t<\/div>\n\t\t\t\t<\/div>\n\t\t<div class=\"elementor-element elementor-element-6af4eff e-flex e-con-boxed e-con e-parent\" data-id=\"6af4eff\" data-element_type=\"container\" data-e-type=\"container\">\n\t\t\t\t\t<div class=\"e-con-inner\">\n\t\t<div class=\"elementor-element elementor-element-5352920 e-grid e-con-full e-con e-child\" data-id=\"5352920\" data-element_type=\"container\" data-e-type=\"container\">\n\t\t\t\t<div class=\"elementor-element elementor-element-e321c28 elementor-widget elementor-widget-pls-button\" data-id=\"e321c28\" data-element_type=\"widget\" data-e-type=\"widget\" data-widget_type=\"pls-button.default\">\n\t\t\t\t<div class=\"elementor-widget-container\">\n\t\t\t\t\t<div id=\"pls-button-59521\" class=\"pls-element pls-button\">\n\t<a class=\"button btn-style-flat\" href=\"https:\/\/cocos.codes\/baza-wiedzy\/prestashop\/dokumentacje-prestashop\/masowa-aktualizacja-produktow\/\" title=\"DOKUMENTACJA\" target=\"_blank\">\n\t\tDOKUMENTACJA\t<\/a>\n<\/div>\n\t\t\t\t<\/div>\n\t\t\t\t<\/div>\n\t\t\t\t<div class=\"elementor-element elementor-element-955347c elementor-widget elementor-widget-pls-button\" data-id=\"955347c\" data-element_type=\"widget\" data-e-type=\"widget\" data-widget_type=\"pls-button.default\">\n\t\t\t\t<div class=\"elementor-widget-container\">\n\t\t\t\t\t<div id=\"pls-button-27926\" class=\"pls-element pls-button\">\n\t<a class=\"button btn-style-flat\" href=\"https:\/\/demo.cocos.codes\/cc_ps_mass_update_product\/\" title=\"DEMO\" target=\"_blank\">\n\t\tDEMO\t<\/a>\n<\/div>\n\t\t\t\t<\/div>\n\t\t\t\t<\/div>\n\t\t\t\t<\/div>\n\t\t\t\t\t<\/div>\n\t\t\t\t<\/div>\n\t\t<div class=\"elementor-element elementor-element-8565531 e-flex e-con-boxed e-con e-parent\" data-id=\"8565531\" data-element_type=\"container\" data-e-type=\"container\">\n\t\t\t\t\t<div class=\"e-con-inner\">\n\t\t\t\t<div class=\"elementor-element elementor-element-697a559 elementor-widget elementor-widget-spacer\" data-id=\"697a559\" data-element_type=\"widget\" data-e-type=\"widget\" data-widget_type=\"spacer.default\">\n\t\t\t\t\t\t\t<div class=\"elementor-spacer\">\n\t\t\t<div class=\"elementor-spacer-inner\"><\/div>\n\t\t<\/div>\n\t\t\t\t\t\t<\/div>\n\t\t\t\t<div class=\"elementor-element elementor-element-2af47cf elementor-widget elementor-widget-text-editor\" data-id=\"2af47cf\" data-element_type=\"widget\" data-e-type=\"widget\" data-widget_type=\"text-editor.default\">\n\t\t\t\t\t\t\t\t\t<h6>Zobacz, co zyskujesz<\/h6><p><strong>\ud83d\udcc2 Elastyczne \u017ar\u00f3d\u0142a danych<\/strong><\/p><ul><li>Import plik\u00f3w CSV, XLS, XLSX \u2013 obs\u0142uga najpopularniejszych format\u00f3w danych<\/li><li>Upload z komputera \u2013 bezpo\u015brednie przes\u0142anie pliku przez przegl\u0105dark\u0119<\/li><li>Pliki z serwera \u2013 wskazanie \u015bcie\u017cki do pliku na serwerze<\/li><li>Import z URL \u2013 automatyczne pobieranie plik\u00f3w z zewn\u0119trznych \u017ar\u00f3de\u0142<\/li><li>Automatyczne wykrywanie separator\u00f3w CSV \u2013 inteligentne rozpoznawanie format\u00f3w<\/li><\/ul><p><strong>\ud83c\udff7\ufe0f Zaawansowane identyfikatory produkt\u00f3w<\/strong><\/p><ul><li>ID produktu \u2013 najszybsza aktualizacja przez wewn\u0119trzne identyfikatory<\/li><li>Reference\/SKU \u2013 standardowe kody produkt\u00f3w u\u017cywane w e-commerce<\/li><li><a href=\"https:\/\/gs1pl.org\/zamow-kod-kreskowy\/\" title=\"EAN\" target=\"_blank\" rel=\"noopener\">EAN<\/a> \u2013 europejskie kody kreskowe dla produkt\u00f3w fizycznych<\/li><li>UPC, ISBN, MPN \u2013 wsparcie dla mi\u0119dzynarodowych standard\u00f3w<\/li><li><a href=\"https:\/\/gs1pl.org\/zamow-kod-kreskowy\/\" title=\"EAN\" target=\"_blank\" rel=\"noopener\">GTIN<\/a> \u2013 uniwersalny identyfikator sprawdzaj\u0105cy wszystkie typy kod\u00f3w<\/li><li>Automatyczna walidacja \u2013 kontrola poprawno\u015bci identyfikator\u00f3w<\/li><\/ul><p><strong>\ud83d\udcca Masowa aktualizacja wed\u0142ug kryteri\u00f3w<\/strong><\/p><ul><li>Aktualizacja wed\u0142ug kategorii \u2013 wyb\u00f3r produkt\u00f3w z okre\u015blonych kategorii<\/li><li>Zakresy cenowe \u2013 produkty w okre\u015blonych przedzia\u0142ach cenowych<\/li><li>Zakresy ID produkt\u00f3w \u2013 aktualizacja ci\u0105g\u0142ych zakres\u00f3w produkt\u00f3w<\/li><li>Filtrowanie wed\u0142ug producenta \u2013 masowa zmiana cen u konkretnego dostawcy<\/li><li>Status produkt\u00f3w \u2013 aktualizacja tylko aktywnych lub nieaktywnych produkt\u00f3w<\/li><li>Kombinowanie kryteri\u00f3w \u2013 elastyczne \u0142\u0105czenie r\u00f3\u017cnych warunk\u00f3w<\/li><\/ul><p><strong>\u23f0 Automatyzacja przez zadania CRON<\/strong><\/p><ul><li>Tryb konfiguracji \u2013 jeden szablon dla regularnych aktualizacji<\/li><li>Tryb parametr\u00f3w URL \u2013 wiele r\u00f3\u017cnych zada\u0144 CRON z unikalnymi ustawieniami<\/li><li>Harmonogramy czasowe \u2013 automatyczne aktualizacje o okre\u015blonych godzinach<\/li><li>Import z FTP \u2013 integracja z zewn\u0119trznymi systemami dostawc\u00f3w<\/li><li>Monitoring wykonania \u2013 szczeg\u00f3\u0142owe raporty z ka\u017cdego zadania<\/li><li>Zabezpieczenia tokene \u2013 bezpieczne wykonywanie zada\u0144 automatycznych<\/li><\/ul><p><strong>\ud83e\udde9 Inteligentne mapowanie danych<\/strong><\/p><ul><li>Podgl\u0105d pliku \u2013 wizualna kontrola struktury przed importem<\/li><li>Mapowanie kolumn \u2013 elastyczne przypisanie danych do p\u00f3l produkt\u00f3w<\/li><li>Zapami\u0119tywanie ustawie\u0144 \u2013 automatyczne przywracanie wcze\u015bniejszych mapowa\u0144<\/li><li>Walidacja danych \u2013 kontrola poprawno\u015bci ilo\u015bci i cen przed aktualizacj\u0105<\/li><li>Obs\u0142uga nag\u0142\u00f3wk\u00f3w \u2013 rozpoznawanie plik\u00f3w z opisami kolumn<\/li><li>Wsparcie r\u00f3\u017cnych format\u00f3w liczb \u2013 automatyczne konwersje format\u00f3w<\/li><\/ul><p><strong>\ud83d\udcdd Zaawansowany system logowania<\/strong><\/p><ul><li>Szczeg\u00f3\u0142owe logi operacji \u2013 pe\u0142na dokumentacja wszystkich aktualizacji<\/li><li>Poziomy logowania \u2013 INFO, WARNING, ERROR dla \u0142atwej analizy<\/li><li>Podgl\u0105d w panelu \u2013 bezpo\u015bredni dost\u0119p do log\u00f3w bez dost\u0119pu do serwera<\/li><li>Pobieranie plik\u00f3w log\u00f3w \u2013 eksport dla zewn\u0119trznych narz\u0119dzi analitycznych<\/li><li>Automatyczne czyszczenie \u2013 usuwanie starych log\u00f3w po okre\u015blonym czasie<\/li><li>Integracja z PrestaShop \u2013 zapisywanie r\u00f3wnie\u017c w systemowych logach<\/li><\/ul><p><strong>\ud83d\udcbc Profesjonalne funkcje biznesowe<\/strong><\/p><ul><li>System licencji \u2013 bezpieczne i wygodne zarz\u0105dzanie uprawnieniami<\/li><li>Kontrola integralno\u015bci \u2013 zabezpieczenie przed nieautoryzowanymi modyfikacjami<\/li><li>Wieloj\u0119zyczno\u015b\u0107 \u2013 pe\u0142ne wsparcie dla mi\u0119dzynarodowych sklep\u00f3w<\/li><li>API dla deweloper\u00f3w \u2013 mo\u017cliwo\u015b\u0107 integracji z niestandardowymi rozwi\u0105zaniami<\/li><li>Optymalizacja wydajno\u015bci \u2013 efektywna praca z du\u017cymi plikami danych<\/li><li>Kopie zapasowe \u2013 zalecenia i narz\u0119dzia do bezpiecznej pracy z danymi<\/li><\/ul><p><strong>\u2699\ufe0f Funkcje automatyzacji CRON<\/strong><\/p>Modu\u0142 zapewnia dwie elastyczne metody automatyzacji aktualizacji produkt\u00f3w:<br \/><br \/><strong>Tryb konfiguracji<\/strong><ul><li>Jeden szablon konfiguracyjny \u2013 proste ustawienie dla regularnych aktualizacji<\/li><li>Zapisywanie w bazie danych \u2013 bezpieczne przechowywanie wszystkich parametr\u00f3w<\/li><li>Interfejs webowy \u2013 \u0142atwa konfiguracja bez znajomo\u015bci parametr\u00f3w technicznych<\/li><li>Ideal dla standardowych proces\u00f3w \u2013 codzienne aktualizacje z tego samego \u017ar\u00f3d\u0142a<\/li><\/ul><strong>Tryb parametr\u00f3w URL<\/strong><ul><li>Wiele r\u00f3wnoczesnych zada\u0144 \u2013 r\u00f3\u017cne zadania z unikalnymi ustawieniami<\/li><li>Maksymalna elastyczno\u015b\u0107 \u2013 ka\u017cde zadanie mo\u017ce mie\u0107 inne parametry<\/li><li>Zaawansowana konfiguracja \u2013 pe\u0142na kontrola nad wszystkimi aspektami importu<\/li><li>Idealny dla z\u0142o\u017conych proces\u00f3w \u2013 r\u00f3\u017cni dostawcy, r\u00f3\u017cne typy aktualizacji<\/li><\/ul>\t\t\t\t\t\t\t\t<\/div>\n\t\t\t\t<div class=\"elementor-element elementor-element-e7e96d3 elementor-widget elementor-widget-spacer\" data-id=\"e7e96d3\" data-element_type=\"widget\" data-e-type=\"widget\" data-widget_type=\"spacer.default\">\n\t\t\t\t\t\t\t<div class=\"elementor-spacer\">\n\t\t\t<div class=\"elementor-spacer-inner\"><\/div>\n\t\t<\/div>\n\t\t\t\t\t\t<\/div>\n\t\t\t\t<div class=\"elementor-element elementor-element-b97b0f3 elementor-widget elementor-widget-text-editor\" data-id=\"b97b0f3\" data-element_type=\"widget\" data-e-type=\"widget\" data-widget_type=\"text-editor.default\">\n\t\t\t\t\t\t\t\t\t<h6>\ud83d\udce6 Zwi\u0119ksz efektywno\u015b\u0107 zarz\u0105dzania asortymentem!<\/h6>R\u0119czna aktualizacja setek lub tysi\u0119cy produkt\u00f3w to <strong>strata czasu<\/strong>, kt\u00f3ry mo\u017cesz przeznaczy\u0107 na <strong>rozw\u00f3j biznesu<\/strong>. B\u0142\u0119dy w cenach czy ilo\u015bciach mog\u0105 kosztowa\u0107 <strong>utrat\u0119 klient\u00f3w i sprzeda\u017cy<\/strong>. <strong>Masowy Aktualizator Produkt\u00f3w<\/strong> automatyzuje te procesy, zapewnia precyzj\u0119 i <strong>oszcz\u0119dza dziesi\u0105tki godzin pracy miesi\u0119cznie<\/strong>.\t\t\t\t\t\t\t\t<\/div>\n\t\t\t\t<div class=\"elementor-element elementor-element-b5398f4 elementor-widget elementor-widget-spacer\" data-id=\"b5398f4\" data-element_type=\"widget\" data-e-type=\"widget\" data-widget_type=\"spacer.default\">\n\t\t\t\t\t\t\t<div class=\"elementor-spacer\">\n\t\t\t<div class=\"elementor-spacer-inner\"><\/div>\n\t\t<\/div>\n\t\t\t\t\t\t<\/div>\n\t\t\t\t<div class=\"elementor-element elementor-element-da0ef91 elementor-widget elementor-widget-text-editor\" data-id=\"da0ef91\" data-element_type=\"widget\" data-e-type=\"widget\" data-widget_type=\"text-editor.default\">\n\t\t\t\t\t\t\t\t\t<h6>Dla kogo?<\/h6>Modu\u0142 jest idealny dla:<ul><li>Sklep\u00f3w z du\u017cym asortymentem wymagaj\u0105cych regularnych aktualizacji cen i stan\u00f3w<\/li><li>E-commerce wsp\u00f3\u0142pracuj\u0105cych z zewn\u0119trznymi dostawcami i hurtowniami<\/li><li>Firm importuj\u0105cych dane z system\u00f3w ERP, WMS czy arkuszy kalkulacyjnych<\/li><li>Sklep\u00f3w wielokana\u0142owych synchronizuj\u0105cych dane mi\u0119dzy platformami<\/li><li>Administrator\u00f3w szukaj\u0105cych automatyzacji powtarzalnych zada\u0144<\/li><li>Przedsi\u0119biorc\u00f3w oszcz\u0119dzaj\u0105cych czas na operacyjne zarz\u0105dzanie asortymentem<\/li><li>Deweloper\u00f3w potrzebuj\u0105cych API do integracji z niestandardowymi systemami<\/li><\/ul>\t\t\t\t\t\t\t\t<\/div>\n\t\t\t\t<div class=\"elementor-element elementor-element-be5b11d elementor-widget elementor-widget-spacer\" data-id=\"be5b11d\" data-element_type=\"widget\" data-e-type=\"widget\" data-widget_type=\"spacer.default\">\n\t\t\t\t\t\t\t<div class=\"elementor-spacer\">\n\t\t\t<div class=\"elementor-spacer-inner\"><\/div>\n\t\t<\/div>\n\t\t\t\t\t\t<\/div>\n\t\t\t\t<div class=\"elementor-element elementor-element-5fc0386 elementor-widget elementor-widget-text-editor\" data-id=\"5fc0386\" data-element_type=\"widget\" data-e-type=\"widget\" data-widget_type=\"text-editor.default\">\n\t\t\t\t\t\t\t\t\t<p><div class=\"pls-block pls-block-3297\">\t\t<div data-elementor-type=\"wp-post\" data-elementor-id=\"3297\" class=\"elementor elementor-3297\">\n\t\t\t\t<div class=\"elementor-element elementor-element-d99440d e-flex e-con-boxed e-con e-parent\" data-id=\"d99440d\" data-element_type=\"container\" data-e-type=\"container\" data-settings=\"{&quot;background_background&quot;:&quot;classic&quot;}\">\n\t\t\t\t\t<div class=\"e-con-inner\">\n\t\t\t\t<div class=\"elementor-element elementor-element-b850409 elementor-widget elementor-widget-text-editor\" data-id=\"b850409\" data-element_type=\"widget\" data-e-type=\"widget\" data-widget_type=\"text-editor.default\">\n\t\t\t\t\t\t\t\t\t<h6><strong>\u00a0Zwi\u0119ksz mo\u017cliwo\u015bci swojego sklepu ju\u017c dzi\u015b! <\/strong><strong>\ud83d\ude80<\/strong><\/h6>Dodaj nowe funkcje, popraw wygod\u0119 u\u017cytkownik\u00f3w i zwi\u0119ksz konwersj\u0119 dzi\u0119ki naszemu modu\u0142owi. Prosta instalacja, pe\u0142na kompatybilno\u015b\u0107 i regularne aktualizacje \u2013 wszystko, czego potrzebujesz, aby Tw\u00f3j sklep dzia\u0142a\u0142 jeszcze lepiej.<br \/>\u2705 \u0141atwa konfiguracja \u2705 Profesjonalne wsparcie \u2705 Bezproblemowa integracja<br \/><br \/><a class=\"button simple\" href=\"#main-content\" title=\"Zainstaluj I Zacznij Korzysta\u0107 Ju\u017c Teraz!\">Zainstaluj i zacznij korzysta\u0107 ju\u017c teraz!<\/a>\t\t\t\t\t\t\t\t<\/div>\n\t\t\t\t\t<\/div>\n\t\t\t\t<\/div>\n\t\t\t\t<\/div>\n\t\t<\/div><\/p>\t\t\t\t\t\t\t\t<\/div>\n\t\t\t\t\t<\/div>\n\t\t\t\t<\/div>\n\t\t\t\t<\/div>\n\t\t","protected":false},"excerpt":{"rendered":"Presta Shop Masowy Aktualizator Produkt\u00f3w \u2013 profesjonalne zarz\u0105dzanie asortymentem Masowy aktualizator produkt\u00f3w to niezb\u0119dne narz\u0119dzie dla sklep\u00f3w Presta Shop wymagaj\u0105cych efektywnego zarz\u0105dzania du\u017cym asortymentem. Masowa Aktualizacja Produkt\u00f3w umo\u017cliwia b\u0142yskawiczn\u0105 aktualizacj\u0119","protected":false},"featured_media":5393,"comment_status":"open","ping_status":"closed","template":"","meta":{"powered_cache_disable_cache":false,"powered_cache_disable_css_optimization":false,"powered_cache_disable_js_optimization":false},"product_brand":[275],"product_cat":[128,131],"product_tag":[297,272,296,273],"class_list":{"0":"post-5341","1":"product","2":"type-product","3":"status-publish","4":"has-post-thumbnail","6":"product_brand-cocos","7":"product_cat-moduly","8":"product_cat-prestashop","9":"product_tag-masowa-aktualizacja","10":"product_tag-masowa-zmiana-cen","11":"product_tag-masowa-zmiana-ilosci","12":"product_tag-modul-prestashop","14":"first","15":"instock","16":"downloadable","17":"virtual","18":"taxable","19":"purchasable","20":"product-type-simple"},"_links":{"self":[{"href":"https:\/\/cocos.codes\/pl\/wp-json\/wp\/v2\/product\/5341","targetHints":{"allow":["GET"]}}],"collection":[{"href":"https:\/\/cocos.codes\/pl\/wp-json\/wp\/v2\/product"}],"about":[{"href":"https:\/\/cocos.codes\/pl\/wp-json\/wp\/v2\/types\/product"}],"replies":[{"embeddable":true,"href":"https:\/\/cocos.codes\/pl\/wp-json\/wp\/v2\/comments?post=5341"}],"version-history":[{"count":0,"href":"https:\/\/cocos.codes\/pl\/wp-json\/wp\/v2\/product\/5341\/revisions"}],"wp:featuredmedia":[{"embeddable":true,"href":"https:\/\/cocos.codes\/pl\/wp-json\/wp\/v2\/media\/5393"}],"wp:attachment":[{"href":"https:\/\/cocos.codes\/pl\/wp-json\/wp\/v2\/media?parent=5341"}],"wp:term":[{"taxonomy":"product_brand","embeddable":true,"href":"https:\/\/cocos.codes\/pl\/wp-json\/wp\/v2\/product_brand?post=5341"},{"taxonomy":"product_cat","embeddable":true,"href":"https:\/\/cocos.codes\/pl\/wp-json\/wp\/v2\/product_cat?post=5341"},{"taxonomy":"product_tag","embeddable":true,"href":"https:\/\/cocos.codes\/pl\/wp-json\/wp\/v2\/product_tag?post=5341"}],"curies":[{"name":"wp","href":"https:\/\/api.w.org\/{rel}","templated":true}]}}