{"id":4985,"date":"2025-08-19T18:48:45","date_gmt":"2025-08-19T16:48:45","guid":{"rendered":"https:\/\/cocos.codes\/?post_type=product&#038;p=4985"},"modified":"2026-04-11T16:03:18","modified_gmt":"2026-04-11T14:03:18","slug":"prestashop-znak-wodny","status":"publish","type":"product","link":"https:\/\/cocos.codes\/pl\/produkt\/prestashop-znak-wodny\/","title":{"rendered":"PrestaShop Znak Wodny 1.0.2"},"content":{"rendered":"\t\t<div data-elementor-type=\"wp-post\" data-elementor-id=\"4985\" class=\"elementor elementor-4985\">\n\t\t\t\t<div class=\"elementor-element elementor-element-13fae9d e-flex e-con-boxed e-con e-parent\" data-id=\"13fae9d\" data-element_type=\"container\" data-e-type=\"container\">\n\t\t\t\t\t<div class=\"e-con-inner\">\n\t\t\t\t<div class=\"elementor-element elementor-element-c5ee1f2 elementor-widget elementor-widget-text-editor\" data-id=\"c5ee1f2\" data-element_type=\"widget\" data-e-type=\"widget\" data-widget_type=\"text-editor.default\">\n\t\t\t\t\t\t\t\t\t<h6>PrestaShop Znak Wodny \u2013 Profesjonalna ochrona zdj\u0119\u0107 produkt\u00f3w z systemem kopii zapasowych<\/h6>\n\nChro\u0144 swoje zdj\u0119cia produkt\u00f3w przed kradzie\u017c\u0105 i nieautoryzowanym u\u017cyciem! <strong>CC <a href=\"https:\/\/prestashop.com\/\" title=\"PrestaShop\" target=\"_blank\" rel=\"noopener\">PrestaShop<\/a> Znak Wodny<\/strong> to zaawansowany modu\u0142, kt\u00f3ry automatycznie dodaje znaki wodne do wszystkich miniaturek produkt\u00f3w w Twoim sklepie. Niezale\u017cnie od rozmiaru katalog\u0941 czy mo\u017cliwo\u015bci serwera, system <strong>kolejkowania przetwarzania<\/strong> CRON umo\u017cliwia bezproblemowe oznaczanie dowolnej liczby zdj\u0119\u0107 na ka\u017cdym serwerze. Wykorzystaj inteligentny system kopii zapasowych, automatyczn\u0105 regeneracj\u0119 oraz pe\u0142n\u0105 kontrol\u0119 nad procesem, by zabezpieczy\u0107 swoje obrazy bez ryzyka utraty oryginalnych wersji.\t\t\t\t\t\t\t\t<\/div>\n\t\t\t\t<div class=\"elementor-element elementor-element-c641bb3 elementor-widget elementor-widget-spacer\" data-id=\"c641bb3\" data-element_type=\"widget\" data-e-type=\"widget\" data-widget_type=\"spacer.default\">\n\t\t\t\t\t\t\t<div class=\"elementor-spacer\">\n\t\t\t<div class=\"elementor-spacer-inner\"><\/div>\n\t\t<\/div>\n\t\t\t\t\t\t<\/div>\n\t\t\t\t\t<\/div>\n\t\t\t\t<\/div>\n\t\t<div class=\"elementor-element elementor-element-12684c7 e-flex e-con-boxed e-con e-parent\" data-id=\"12684c7\" data-element_type=\"container\" data-e-type=\"container\">\n\t\t\t\t\t<div class=\"e-con-inner\">\n\t\t<div class=\"elementor-element elementor-element-d988a7d e-grid e-con-full e-con e-child\" data-id=\"d988a7d\" data-element_type=\"container\" data-e-type=\"container\">\n\t\t\t\t<div class=\"elementor-element elementor-element-8b12174 elementor-widget elementor-widget-pls-button\" data-id=\"8b12174\" data-element_type=\"widget\" data-e-type=\"widget\" data-widget_type=\"pls-button.default\">\n\t\t\t\t<div class=\"elementor-widget-container\">\n\t\t\t\t\t<div id=\"pls-button-87127\" class=\"pls-element pls-button\">\n\t<a class=\"button btn-style-flat\" href=\"https:\/\/cocos.codes\/pl\/baza-wiedzy\/prestashop\/dokumentacje-prestashop\/znak-wodny-prestashop-znak-wodny\/\" title=\"DOKUMENTACJA\" target=\"_blank\">\n\t\tDOKUMENTACJA\t<\/a>\n<\/div>\n\t\t\t\t<\/div>\n\t\t\t\t<\/div>\n\t\t\t\t<div class=\"elementor-element elementor-element-9e29636 elementor-widget elementor-widget-pls-button\" data-id=\"9e29636\" data-element_type=\"widget\" data-e-type=\"widget\" data-widget_type=\"pls-button.default\">\n\t\t\t\t<div class=\"elementor-widget-container\">\n\t\t\t\t\t<div id=\"pls-button-79099\" class=\"pls-element pls-button\">\n\t<a class=\"button btn-style-flat\" href=\"https:\/\/demo.cocos.codes\/cc_ps_watermark\/\" title=\"DEMO\" target=\"_blank\">\n\t\tDEMO\t<\/a>\n<\/div>\n\t\t\t\t<\/div>\n\t\t\t\t<\/div>\n\t\t\t\t<\/div>\n\t\t\t\t\t<\/div>\n\t\t\t\t<\/div>\n\t\t<div class=\"elementor-element elementor-element-82e69c9 e-flex e-con-boxed e-con e-parent\" data-id=\"82e69c9\" data-element_type=\"container\" data-e-type=\"container\">\n\t\t\t\t\t<div class=\"e-con-inner\">\n\t\t\t\t<div class=\"elementor-element elementor-element-7b3d050 elementor-widget elementor-widget-spacer\" data-id=\"7b3d050\" data-element_type=\"widget\" data-e-type=\"widget\" data-widget_type=\"spacer.default\">\n\t\t\t\t\t\t\t<div class=\"elementor-spacer\">\n\t\t\t<div class=\"elementor-spacer-inner\"><\/div>\n\t\t<\/div>\n\t\t\t\t\t\t<\/div>\n\t\t\t\t<div class=\"elementor-element elementor-element-43511a8 elementor-widget elementor-widget-text-editor\" data-id=\"43511a8\" data-element_type=\"widget\" data-e-type=\"widget\" data-widget_type=\"text-editor.default\">\n\t\t\t\t\t\t\t\t\t<h6>Bogactwo funkcji i mo\u017cliwo\u015bci<\/h6><strong>\ud83c\udfa8 Zaawansowane opcje znak\u00f3w wodnych<br \/>\u2705 Dwa typy znak\u00f3w<\/strong> \u2013 tekstowe z fontami TTF lub obrazkowe PNG\/JPG\/GIF<br \/><strong>\u2705 Pe\u0142na personalizacja tekst\u00f3w<\/strong> \u2013 rozmiar 8-200px, dowolny kolor, niestandardowe fonty<br \/><strong>\u2705 Inteligentne pozycjonowanie<\/strong> \u2013 9 pozycji umieszczenia plus powtarzanie na ca\u0142ym obrazie<br \/><strong>\u2705 Kontrola przezroczysto\u015bci<\/strong> \u2013 od 0% do 100% widoczno\u015bci znaku wodnego<br \/><strong>\u2705 Podgl\u0105d rezultat\u00f3w<\/strong> \u2013 weryfikacja efekt\u00f3w przed zastosowaniem zmian<br \/><br \/><strong>\ud83c\udfaf Selektywne przetwarzanie obraz\u00f3w<\/strong><br \/><strong>\u2705 Filtry typ\u00f3w miniaturek<\/strong> \u2013 wyb\u00f3r konkretnych rozmiar\u00f3w do oznaczania<br \/><strong>\u2705 Automatyczne wykrywanie<\/strong> \u2013 system nie duplikuje znak\u00f3w na ju\u017c oznaczonych obrazach<br \/><strong>\u2705 Obs\u0142uga nowych produkt\u00f3w<\/strong> \u2013 automatyczne oznaczanie przy dodawaniu\/aktualizacji<br \/><strong>\u2705 Masowe przetwarzanie<\/strong> \u2013 regeneracja wszystkich istniej\u0105cych miniaturek<br \/><strong>\u2705 Inteligentne hookowanie<\/strong> \u2013 automatyczne przetwarzanie w tle<br \/><br \/><strong>\ud83d\udcbe Zaawansowany system kopii zapasowych<\/strong><br \/><strong>\u2705 Automatyczne backup&#8217;y<\/strong> \u2013 kopia orygina\u0142u przed ka\u017cdym dodaniem znaku wodnego<br \/><strong>\u2705 Przywracanie selektywne<\/strong> \u2013 cofanie zmian dla wybranych produkt\u00f3w<br \/><strong>\u2705 Przywracanie globalne<\/strong> \u2013 usuni\u0119cie wszystkich znak\u00f3w wodnych jednym klikni\u0119ciem<br \/><strong>\u2705 Zarz\u0105dzanie miejscem<\/strong> \u2013 kontrola nad rozmiarami i liczb\u0105 kopii zapasowych<br \/><strong>\u2705 Statystyki backup\u00f3w<\/strong> \u2013 pe\u0142en podgl\u0105d zaj\u0119to\u015bci dysku i historii kopii<br \/><br \/><strong>\ud83d\udcca Szczeg\u00f3\u0142owe logowanie i monitoring<\/strong><br \/><strong>\u2705 Historia wszystkich operacji<\/strong> \u2013 kompletny rejestr dzia\u0142a\u0144 modu\u0142u<br \/><strong>\u2705 Statusy kolorowe<\/strong> \u2013 success, warning, error, info z wizualnym oznaczeniem<br \/><strong>\u2705 Szczeg\u00f3\u0142y produkt\u00f3w<\/strong> \u2013 informacje o przetwarzanych obrazach i \u015bcie\u017ckach<br \/><strong>\u2705 Automatyczna rotacja<\/strong> \u2013 maksymalnie 5000 wpis\u00f3w z auto-czyszczeniem<br \/><strong>\u2705 Paginacja log\u00f3w<\/strong> \u2013 wydajne przegl\u0105danie historii dzia\u0142a\u0144<br \/><br \/><strong>\u2699\ufe0f Elastyczna konfiguracja i automatyzacja<\/strong><br \/><strong>\u2705 CRON zaawansowany<\/strong> \u2013 automatyczne przetwarzanie w zaplanowanych godzinach<br \/><strong>\u2705 Optymalizacja wydajno\u015bci<\/strong> \u2013 inteligentne zarz\u0105dzanie pami\u0119ci\u0105 i czasem wykonania<br \/><strong>\u2705 Wieloj\u0119zyczny interfejs<\/strong> \u2013 wsparcie dla wszystkich j\u0119zyk\u00f3w PrestaShop<br \/><strong>\u2705 Responsywny panel<\/strong> \u2013 wygodne zarz\u0105dzanie na ka\u017cdym urz\u0105dzeniu<br \/><strong>\u2705 System licencji<\/strong> \u2013 bezpieczna aktywacja z pe\u0142n\u0105 funkcjonalno\u015bci\u0105<br \/><br \/><strong>\ud83d\udd27 Funkcje techniczne i integracja<\/strong><br \/><strong>\u2705 Kompatybilno\u015b\u0107 pe\u0142na<\/strong> \u2013 dzia\u0142a z PrestaShop 1.7.0.0 i nowszymi wersjami<br \/><strong>\u2705 Obs\u0142uga font\u00f3w TTF<\/strong> \u2013 automatyczne wykrywanie i zarz\u0105dzanie czcionkami<br \/><strong>\u2705 Rozszerzenie GD<\/strong> \u2013 wsparcie dla wszystkich format\u00f3w obraz\u00f3w (JPG, PNG, GIF)<br \/><strong>\u2705 Fallback system<\/strong> \u2013 dzia\u0142anie nawet bez font\u00f3w TTF czy zaawansowanych funkcji<br \/><strong>\u2705 Dokumentacja szczeg\u00f3\u0142owa<\/strong> \u2013 kompleksowe instrukcje instalacji i u\u017cytkowania<div class=\"notranslate\" style=\"all: initial;\">\u00a0<\/div>\t\t\t\t\t\t\t\t<\/div>\n\t\t\t\t<div class=\"elementor-element elementor-element-46022c8 elementor-widget elementor-widget-spacer\" data-id=\"46022c8\" data-element_type=\"widget\" data-e-type=\"widget\" data-widget_type=\"spacer.default\">\n\t\t\t\t\t\t\t<div class=\"elementor-spacer\">\n\t\t\t<div class=\"elementor-spacer-inner\"><\/div>\n\t\t<\/div>\n\t\t\t\t\t\t<\/div>\n\t\t\t\t<div class=\"elementor-element elementor-element-caf68cb elementor-widget elementor-widget-text-editor\" data-id=\"caf68cb\" data-element_type=\"widget\" data-e-type=\"widget\" data-widget_type=\"text-editor.default\">\n\t\t\t\t\t\t\t\t\t<h6>Niesko\u0144czone mo\u017cliwo\u015bci zastosowa\u0144<\/h6>Modu\u0142 <strong>CC PrestaShop Znak Wodny<\/strong> doskonale sprawdzi si\u0119 w:<br \/><br \/><strong>Ochronie w\u0142asno\u015bci intelektualnej<\/strong><br \/><strong>\u2705 Zabezpieczenie zdj\u0119\u0107<\/strong> \u2013 ochrona przed kradzie\u017c\u0105 i nieautoryzowanym u\u017cyciem<br \/><strong>\u2705 Branding produkt\u00f3w<\/strong> \u2013 oznaczanie ka\u017cdego zdj\u0119cia nazw\u0105 sklepu lub logo<br \/><strong>\u2705 Ochrona prawna<\/strong> \u2013 udokumentowanie w\u0142asno\u015bci obraz\u00f3w<br \/><strong>\u2705 Odstraszanie konkurencji<\/strong> \u2013 utrudnienie kopiowania materia\u0142\u00f3w wizualnych<br \/><br \/><strong>Profesjonalnym marketingu<\/strong><br \/><strong>\u2705 Rozpoznawalno\u015b\u0107 marki<\/strong> \u2013 promocja nazwy sklepu na ka\u017cdym zdj\u0119ciu<br \/><strong>\u2705 Sp\u00f3jno\u015b\u0107 wizualna<\/strong> \u2013 konsekwentna identyfikacja na wszystkich obrazach<br \/><strong>\u2705 Kampanie sezonowe<\/strong> \u2013 \u0142atwa zmiana znak\u00f3w wodnych dla promocji<br \/><strong>\u2705 R\u00f3\u017cne linie produktowe<\/strong> \u2013 osobne oznaczenia dla r\u00f3\u017cnych marek<br \/><br \/><strong>Zarz\u0105dzaniu du\u017cymi sklepami<\/strong><br \/><strong>\u2705 Masowe przetwarzanie<\/strong> \u2013 oznaczanie tysi\u0119cy produkt\u00f3w automatycznie<br \/><strong>\u2705 Zarz\u0105dzanie zespo\u0142em<\/strong> \u2013 kontrola nad tym kto i kiedy wprowadzi\u0142 zmiany<br \/><strong>\u2705 Backup i restore<\/strong> \u2013 bezpieczne testowanie r\u00f3\u017cnych strategii brandingu<br \/><strong>\u2705 Automatyzacja CRON<\/strong> \u2013 przetwarzanie w godzinach najmniejszego ruchu<div class=\"notranslate\" style=\"all: initial;\">\u00a0<\/div>\t\t\t\t\t\t\t\t<\/div>\n\t\t\t\t<div class=\"elementor-element elementor-element-3c1daa0 elementor-widget elementor-widget-spacer\" data-id=\"3c1daa0\" data-element_type=\"widget\" data-e-type=\"widget\" data-widget_type=\"spacer.default\">\n\t\t\t\t\t\t\t<div class=\"elementor-spacer\">\n\t\t\t<div class=\"elementor-spacer-inner\"><\/div>\n\t\t<\/div>\n\t\t\t\t\t\t<\/div>\n\t\t\t\t<div class=\"elementor-element elementor-element-8cbf653 elementor-widget elementor-widget-text-editor\" data-id=\"8cbf653\" data-element_type=\"widget\" data-e-type=\"widget\" data-widget_type=\"text-editor.default\">\n\t\t\t\t\t\t\t\t\t<h6>\ud83d\udcc8 Zwi\u0119ksz bezpiecze\u0144stwo!<\/h6><strong>Profesjonalna ochrona obraz\u00f3w<\/strong> to inwestycja w przysz\u0142o\u015b\u0107 Twojego biznesu online. Dzi\u0119ki <strong>automatyzacji proces\u00f3w<\/strong>, <strong>bezpiecznym kopiom zapasowym<\/strong> i <strong>szczeg\u00f3\u0142owemu monitoringu<\/strong>, zabezpieczysz<strong> tysi\u0105ce zdj\u0119\u0107 produkt\u00f3w<\/strong> bez ryzyka ich utraty i b\u0119dziesz mie\u0107 pe\u0142n\u0105 kontrol\u0119 nad wizerunkiem marki. Postaw na narz\u0119dzie, kt\u00f3re naprawd\u0119<strong> chroni Tw\u00f3j biznes<\/strong>!<br \/><div class=\"notranslate\" style=\"all: initial;\">\u00a0<\/div>\t\t\t\t\t\t\t\t<\/div>\n\t\t\t\t<div class=\"elementor-element elementor-element-2392804 elementor-widget elementor-widget-spacer\" data-id=\"2392804\" data-element_type=\"widget\" data-e-type=\"widget\" data-widget_type=\"spacer.default\">\n\t\t\t\t\t\t\t<div class=\"elementor-spacer\">\n\t\t\t<div class=\"elementor-spacer-inner\"><\/div>\n\t\t<\/div>\n\t\t\t\t\t\t<\/div>\n\t\t\t\t<div class=\"elementor-element elementor-element-2f487a4 elementor-widget elementor-widget-text-editor\" data-id=\"2f487a4\" data-element_type=\"widget\" data-e-type=\"widget\" data-widget_type=\"text-editor.default\">\n\t\t\t\t\t\t\t\t\t<h6>Dla kogo?<\/h6>Modu\u0142 jest idealny dla wszystkich:<br \/><strong>\u2714 <a href=\"https:\/\/cocos.codes\/pl\/produkt-kategoria\/indywidualne-sklepy\/\" title=\"Sklep\u00f3w PrestaShop\">Sklep\u00f3w PrestaShop<\/a><\/strong> z unikalnymi zdj\u0119ciami produkt\u00f3w wartymi ochrony<br \/><strong>\u2714 W\u0142a\u015bcicieli brand\u00f3w<\/strong> dbaj\u0105cych o sp\u00f3jno\u015b\u0107 wizualn\u0105 i rozpoznawalno\u015b\u0107 marki<br \/><strong>\u2714 Fotograf\u00f3w i designer\u00f3w<\/strong> sprzedaj\u0105cych swoje prace w formie cyfrowej<br \/><strong>\u2714 Du\u017cych sklep\u00f3w<\/strong> z tysi\u0105cami produkt\u00f3w wymagaj\u0105cych masowego oznaczania<br \/><strong>\u2714 Firm dropshippingowych<\/strong> chc\u0105cych oznaczy\u0107 dostarczone od dostawc\u00f3w zdj\u0119cia<br \/><strong>\u2714 Sprzedawc\u00f3w ekskluzywnych<\/strong> produkt\u00f3w nara\u017conych na kopiowanie<br \/><strong>\u2714 Administrator\u00f3w<\/strong> zarz\u0105dzaj\u0105cych wieloma sklepami lub liniami produktowymi<div class=\"notranslate\" style=\"all: initial;\">\u00a0<\/div>\t\t\t\t\t\t\t\t<\/div>\n\t\t\t\t<div class=\"elementor-element elementor-element-e5726cd elementor-widget elementor-widget-spacer\" data-id=\"e5726cd\" data-element_type=\"widget\" data-e-type=\"widget\" data-widget_type=\"spacer.default\">\n\t\t\t\t\t\t\t<div class=\"elementor-spacer\">\n\t\t\t<div class=\"elementor-spacer-inner\"><\/div>\n\t\t<\/div>\n\t\t\t\t\t\t<\/div>\n\t\t\t\t<div class=\"elementor-element elementor-element-9603ee5 elementor-widget elementor-widget-text-editor\" data-id=\"9603ee5\" data-element_type=\"widget\" data-e-type=\"widget\" data-widget_type=\"text-editor.default\">\n\t\t\t\t\t\t\t\t\t<p><div class=\"pls-block pls-block-3297\">\t\t<div data-elementor-type=\"wp-post\" data-elementor-id=\"3297\" class=\"elementor elementor-3297\">\n\t\t\t\t<div class=\"elementor-element elementor-element-d99440d e-flex e-con-boxed e-con e-parent\" data-id=\"d99440d\" data-element_type=\"container\" data-e-type=\"container\" data-settings=\"{&quot;background_background&quot;:&quot;classic&quot;}\">\n\t\t\t\t\t<div class=\"e-con-inner\">\n\t\t\t\t<div class=\"elementor-element elementor-element-b850409 elementor-widget elementor-widget-text-editor\" data-id=\"b850409\" data-element_type=\"widget\" data-e-type=\"widget\" data-widget_type=\"text-editor.default\">\n\t\t\t\t\t\t\t\t\t<h6><strong>\u00a0Zwi\u0119ksz mo\u017cliwo\u015bci swojego sklepu ju\u017c dzi\u015b! <\/strong><strong>\ud83d\ude80<\/strong><\/h6>Dodaj nowe funkcje, popraw wygod\u0119 u\u017cytkownik\u00f3w i zwi\u0119ksz konwersj\u0119 dzi\u0119ki naszemu modu\u0142owi. Prosta instalacja, pe\u0142na kompatybilno\u015b\u0107 i regularne aktualizacje \u2013 wszystko, czego potrzebujesz, aby Tw\u00f3j sklep dzia\u0142a\u0142 jeszcze lepiej.<br \/>\u2705 \u0141atwa konfiguracja \u2705 Profesjonalne wsparcie \u2705 Bezproblemowa integracja<br \/><br \/><a class=\"button simple\" href=\"#main-content\" title=\"Zainstaluj I Zacznij Korzysta\u0107 Ju\u017c Teraz!\">Zainstaluj i zacznij korzysta\u0107 ju\u017c teraz!<\/a>\t\t\t\t\t\t\t\t<\/div>\n\t\t\t\t\t<\/div>\n\t\t\t\t<\/div>\n\t\t\t\t<\/div>\n\t\t<\/div><\/p>\t\t\t\t\t\t\t\t<\/div>\n\t\t\t\t\t<\/div>\n\t\t\t\t<\/div>\n\t\t\t\t<\/div>\n\t\t","protected":false},"excerpt":{"rendered":"Presta Shop Znak Wodny \u2013 Profesjonalna ochrona zdj\u0119\u0107 produkt\u00f3w z systemem kopii zapasowych Chro\u0144 swoje zdj\u0119cia produkt\u00f3w przed kradzie\u017c\u0105 i nieautoryzowanym u\u017cyciem! CC Presta Shop Znak Wodny to zaawansowany modu\u0142,","protected":false},"featured_media":4991,"comment_status":"open","ping_status":"closed","template":"","meta":{"powered_cache_disable_cache":false,"powered_cache_disable_css_optimization":false,"powered_cache_disable_js_optimization":false},"product_brand":[275],"product_cat":[128,131],"product_tag":[273,244,279,278],"class_list":{"0":"post-4985","1":"product","2":"type-product","3":"status-publish","4":"has-post-thumbnail","6":"product_brand-cocos","7":"product_cat-moduly","8":"product_cat-prestashop","9":"product_tag-modul-prestashop","10":"product_tag-prestashop","11":"product_tag-zabezpieczenie-zdjec","12":"product_tag-znak-wodny","14":"first","15":"instock","16":"downloadable","17":"virtual","18":"taxable","19":"purchasable","20":"product-type-simple"},"_links":{"self":[{"href":"https:\/\/cocos.codes\/pl\/wp-json\/wp\/v2\/product\/4985","targetHints":{"allow":["GET"]}}],"collection":[{"href":"https:\/\/cocos.codes\/pl\/wp-json\/wp\/v2\/product"}],"about":[{"href":"https:\/\/cocos.codes\/pl\/wp-json\/wp\/v2\/types\/product"}],"replies":[{"embeddable":true,"href":"https:\/\/cocos.codes\/pl\/wp-json\/wp\/v2\/comments?post=4985"}],"version-history":[{"count":0,"href":"https:\/\/cocos.codes\/pl\/wp-json\/wp\/v2\/product\/4985\/revisions"}],"wp:featuredmedia":[{"embeddable":true,"href":"https:\/\/cocos.codes\/pl\/wp-json\/wp\/v2\/media\/4991"}],"wp:attachment":[{"href":"https:\/\/cocos.codes\/pl\/wp-json\/wp\/v2\/media?parent=4985"}],"wp:term":[{"taxonomy":"product_brand","embeddable":true,"href":"https:\/\/cocos.codes\/pl\/wp-json\/wp\/v2\/product_brand?post=4985"},{"taxonomy":"product_cat","embeddable":true,"href":"https:\/\/cocos.codes\/pl\/wp-json\/wp\/v2\/product_cat?post=4985"},{"taxonomy":"product_tag","embeddable":true,"href":"https:\/\/cocos.codes\/pl\/wp-json\/wp\/v2\/product_tag?post=4985"}],"curies":[{"name":"wp","href":"https:\/\/api.w.org\/{rel}","templated":true}]}}