{"id":5504,"date":"2025-09-29T18:46:52","date_gmt":"2025-09-29T16:46:52","guid":{"rendered":"https:\/\/cocos.codes\/?post_type=product&#038;p=5504"},"modified":"2026-04-09T19:38:33","modified_gmt":"2026-04-09T17:38:33","slug":"prestashop-paynow","status":"publish","type":"product","link":"https:\/\/cocos.codes\/fr\/produkt\/prestashop-paynow\/","title":{"rendered":"[DARMOWY] PrestaShop PayNow 1.7.13"},"content":{"rendered":"<div data-elementor-type=\"wp-post\" data-elementor-id=\"5504\" class=\"elementor elementor-5504\">\n\t\t\t\t<div class=\"elementor-element elementor-element-1ede599 e-flex e-con-boxed e-con e-parent\" data-id=\"1ede599\" data-element_type=\"container\" data-e-type=\"container\">\n\t\t\t\t\t<div class=\"e-con-inner\">\n\t\t\t\t<div class=\"elementor-element elementor-element-691a170 elementor-widget elementor-widget-text-editor\" data-id=\"691a170\" data-element_type=\"widget\" data-e-type=\"widget\" data-widget_type=\"text-editor.default\">\n\t\t\t\t\t\t\t\t\t<h6>PrestaShop PayNow - Module de paiement officiel<\/h6>Augmentez le taux de conversion et la confiance de vos clients gr\u00e2ce \u00e0 une passerelle de paiement professionnelle de <a href=\"https:\/\/www.mbank.pl\/\" title=\"Banque MB\" target=\"_blank\" rel=\"noopener\">mBank<\/a>. <strong><a href=\"https:\/\/paynow.pl\/\" title=\"PayNow\" target=\"_blank\" rel=\"noopener\">PayNow<\/a> pour PrestaShop<\/strong> est une solution de paiement compl\u00e8te qui accepte les paiements BLIK, les transferts rapides et les cartes de paiement - le tout dans un syst\u00e8me s\u00e9curis\u00e9 avec la commission la plus basse du march\u00e9.\t\t\t\t\t\t\t\t<\/div>\n\t\t\t\t\t<\/div>\n\t\t\t\t<\/div>\n\t\t<div class=\"elementor-element elementor-element-8b15fd2 e-flex e-con-boxed e-con e-parent\" data-id=\"8b15fd2\" data-element_type=\"container\" data-e-type=\"container\">\n\t\t\t\t\t<div class=\"e-con-inner\">\n\t\t\t\t<div class=\"elementor-element elementor-element-afe4a80 elementor-widget elementor-widget-spacer\" data-id=\"afe4a80\" data-element_type=\"widget\" data-e-type=\"widget\" data-widget_type=\"spacer.default\">\n\t\t\t\t\t\t\t<div class=\"elementor-spacer\">\n\t\t\t<div class=\"elementor-spacer-inner\"><\/div>\n\t\t<\/div>\n\t\t\t\t\t\t<\/div>\n\t\t\t\t<div class=\"elementor-element elementor-element-eec8d6e elementor-widget elementor-widget-text-editor\" data-id=\"eec8d6e\" data-element_type=\"widget\" data-e-type=\"widget\" data-widget_type=\"text-editor.default\">\n\t\t\t\t\t\t\t\t\t<h6>Voir ce que vous obtenez<\/h6><strong>\ud83d\udcb0 Meilleure commission sur le march\u00e9<\/strong><ul><li>Seulement <strong>0,95% commission de transaction<\/strong> - pas de co\u00fbts cach\u00e9s<\/li><li>Enregistrement et activation gratuits<\/li><li>Pas de frais d'abonnement<\/li><li>Pas besoin de n\u00e9gocier et de d\u00e9clarer le chiffre d'affaires<\/li><li>Acc\u00e8s imm\u00e9diat aux fonds - les d\u00e9p\u00f4ts sont vers\u00e9s directement sur votre compte mBank<\/li><\/ul><strong>\ud83d\udcb3 Gamme compl\u00e8te de m\u00e9thodes de paiement<\/strong><ul><li>Les paiements BLIK - la m\u00e9thode la plus populaire en Pologne<\/li><li>Virements bancaires rapides - toutes les grandes banques en Pologne (PKO BP, ING, Santander, Pekao, Alior, BNP Paribas et bien d'autres)<\/li><li>Paiements par carte - prise en charge de VISA et Mastercard<\/li><li>Google Pay - des paiements mobiles rapides<\/li><li>Syst\u00e8me Pay-by-Link pour un maximum de confort<\/li><\/ul><strong>\ud83d\udd12 La s\u00e9curit\u00e9 au plus haut niveau<\/strong><ul><li>Cryptage des donn\u00e9es selon les normes les plus strictes<\/li><li>Autorisation en deux \u00e9tapes pour une protection suppl\u00e9mentaire<\/li><li>Certificats de s\u00e9curit\u00e9 \u00e9mis par mBank<\/li><li>Protection des donn\u00e9es personnelles et financi\u00e8res des clients<\/li><li>Conformit\u00e9 avec la DSP2 et les autres r\u00e9glementations europ\u00e9ennes<\/li><\/ul><strong>\u2699\ufe0f Installation et configuration simples<\/strong><ul><li>Compatibilit\u00e9 avec PrestaShop version 1.6.0 et sup\u00e9rieure<\/li><li>Installation intuitive via le gestionnaire de modules<\/li><li>Configuration automatique de l'adresse de retour<\/li><li>Environnement d'essai pour la v\u00e9rification des performances<\/li><li>Documentation d\u00e9taill\u00e9e et instructions vid\u00e9o<\/li><li>Notification automatique de l'\u00e9tat de la transaction<\/li><\/ul><strong>\ud83d\ude80 Automatisation et int\u00e9gration compl\u00e8tes<\/strong><ul><li>Panneau int\u00e9gr\u00e9 au compte bancaire dans mBank<\/li><li>Mise \u00e0 jour automatique de l'\u00e9tat des commandes<\/li><li>Retour de paiement simple directement \u00e0 partir du service de transaction<\/li><li>Pas besoin de cr\u00e9er un compte s\u00e9par\u00e9 - acc\u00e8s via mBanking<\/li><li>Rapports en temps r\u00e9el sur les transactions<\/li><\/ul>\t\t\t\t\t\t\t\t<\/div>\n\t\t\t\t<div class=\"elementor-element elementor-element-3854b2a elementor-widget elementor-widget-spacer\" data-id=\"3854b2a\" data-element_type=\"widget\" data-e-type=\"widget\" data-widget_type=\"spacer.default\">\n\t\t\t\t\t\t\t<div class=\"elementor-spacer\">\n\t\t\t<div class=\"elementor-spacer-inner\"><\/div>\n\t\t<\/div>\n\t\t\t\t\t\t<\/div>\n\t\t\t\t<div class=\"elementor-element elementor-element-5fd9977 elementor-widget elementor-widget-text-editor\" data-id=\"5fd9977\" data-element_type=\"widget\" data-e-type=\"widget\" data-widget_type=\"text-editor.default\">\n\t\t\t\t\t\t\t\t\t<div class=\"cc-alert cc-alert-tip\"><div class=\"cc-alert-title\">Conseil<\/div><div class=\"cc-alert-content\">Pour utiliser PayNow, vous devez disposer d'un compte d'entreprise aupr\u00e8s de mBank. Le tableau de bord PayNow est enti\u00e8rement int\u00e9gr\u00e9 \u00e0 la banque en ligne, ce qui facilite grandement la gestion des paiements.<\/div><\/div>\t\t\t\t\t\t\t\t<\/div>\n\t\t\t\t<div class=\"elementor-element elementor-element-cc629fb elementor-widget elementor-widget-spacer\" data-id=\"cc629fb\" data-element_type=\"widget\" data-e-type=\"widget\" data-widget_type=\"spacer.default\">\n\t\t\t\t\t\t\t<div class=\"elementor-spacer\">\n\t\t\t<div class=\"elementor-spacer-inner\"><\/div>\n\t\t<\/div>\n\t\t\t\t\t\t<\/div>\n\t\t\t\t<div class=\"elementor-element elementor-element-a9941d1 elementor-widget elementor-widget-text-editor\" data-id=\"a9941d1\" data-element_type=\"widget\" data-e-type=\"widget\" data-widget_type=\"text-editor.default\">\n\t\t\t\t\t\t\t\t\t<h6>\ud83d\udcc8 Recevoir des paiements plus rapidement et plus facilement<\/h6><p><strong>PayNow est plus qu'une passerelle de paiement<\/strong> - est une solution compl\u00e8te cr\u00e9\u00e9e par mBank pour r\u00e9pondre aux besoins des entrepreneurs polonais. Gr\u00e2ce \u00e0 <strong>la commission la plus basse du march\u00e9<\/strong> (seulement 0,95%), <strong>impact imm\u00e9diat<\/strong> pour compte et <strong>int\u00e9gration compl\u00e8te<\/strong> avec la banque en ligne, PayNow permet non seulement d'augmenter les conversions, mais aussi d'optimiser au maximum les co\u00fbts d'exploitation. <strong>Chaque transaction est synonyme de profit pour votre entreprise !<\/strong><\/p>\t\t\t\t\t\t\t\t<\/div>\n\t\t\t\t<div class=\"elementor-element elementor-element-7b9f1d0 elementor-widget elementor-widget-spacer\" data-id=\"7b9f1d0\" data-element_type=\"widget\" data-e-type=\"widget\" data-widget_type=\"spacer.default\">\n\t\t\t\t\t\t\t<div class=\"elementor-spacer\">\n\t\t\t<div class=\"elementor-spacer-inner\"><\/div>\n\t\t<\/div>\n\t\t\t\t\t\t<\/div>\n\t\t\t\t<div class=\"elementor-element elementor-element-3e00cf6 elementor-widget elementor-widget-text-editor\" data-id=\"3e00cf6\" data-element_type=\"widget\" data-e-type=\"widget\" data-widget_type=\"text-editor.default\">\n\t\t\t\t\t\t\t\t\t<h6>Pour qui ?<\/h6><p>Le module est id\u00e9al pour tout le monde :<\/p><p><strong>\u2714<\/strong> Propri\u00e9taires <a href=\"https:\/\/cocos.codes\/fr\/produit-categorie\/magasins-individuels\/\" title=\"Boutiques PrestaShop\">boutiques PrestaShop<\/a> vouloir augmenter le taux de conversion des paiements<br \/><strong>\u2714<\/strong> Les responsables du commerce \u00e9lectronique optimisent les co\u00fbts d'exploitation<br \/><strong>\u2714<\/strong> Administrateurs de magasins \u00e0 la recherche de solutions d'automatisation simples<br \/><strong>\u2714<\/strong> Entreprises proposant diff\u00e9rents modes de paiement<br \/><strong>\u2714<\/strong> Les entrepreneurs qui se concentrent sur l'augmentation de la rentabilit\u00e9<br \/><strong>\u2714<\/strong> Magasins avec une forte proportion de paiements en contre-remboursement<br \/><strong>\u2714<\/strong> Toute personne souhaitant motiver les clients \u00e0 faire de meilleurs choix en mati\u00e8re de paiement<\/p>\t\t\t\t\t\t\t\t<\/div>\n\t\t\t\t<div class=\"elementor-element elementor-element-425cc4e elementor-widget elementor-widget-spacer\" data-id=\"425cc4e\" data-element_type=\"widget\" data-e-type=\"widget\" data-widget_type=\"spacer.default\">\n\t\t\t\t\t\t\t<div class=\"elementor-spacer\">\n\t\t\t<div class=\"elementor-spacer-inner\"><\/div>\n\t\t<\/div>\n\t\t\t\t\t\t<\/div>\n\t\t\t\t<div class=\"elementor-element elementor-element-d08237e elementor-widget elementor-widget-text-editor\" data-id=\"d08237e\" data-element_type=\"widget\" data-e-type=\"widget\" data-widget_type=\"text-editor.default\">\n\t\t\t\t\t\t\t\t\t<p><div class=\"pls-block pls-block-3297\">\t\t<div data-elementor-type=\"wp-post\" data-elementor-id=\"3297\" class=\"elementor elementor-3297\">\n\t\t\t\t<div class=\"elementor-element elementor-element-d99440d e-flex e-con-boxed e-con e-parent\" data-id=\"d99440d\" data-element_type=\"container\" data-e-type=\"container\" data-settings=\"{&quot;background_background&quot;:&quot;classic&quot;}\">\n\t\t\t\t\t<div class=\"e-con-inner\">\n\t\t\t\t<div class=\"elementor-element elementor-element-b850409 elementor-widget elementor-widget-text-editor\" data-id=\"b850409\" data-element_type=\"widget\" data-e-type=\"widget\" data-widget_type=\"text-editor.default\">\n\t\t\t\t\t\t\t\t\t<h6><strong>\u00a0Am\u00e9liorez les capacit\u00e9s de votre atelier d\u00e8s aujourd'hui ! <\/strong><strong>\ud83d\ude80<\/strong><\/h6>Ajoutez de nouvelles fonctionnalit\u00e9s, am\u00e9liorez l'exp\u00e9rience utilisateur et augmentez les conversions gr\u00e2ce \u00e0 notre module. Installation facile, compatibilit\u00e9 totale et mises \u00e0 jour r\u00e9guli\u00e8res - tout ce dont vous avez besoin pour que votre boutique fonctionne encore mieux.<br \/>\u2705 Installation facile \u2705 Support professionnel \u2705 Int\u00e9gration transparente<br \/><br \/><a class=\"button simple\" href=\"#main-content\" title=\"Installez et utilisez d\u00e8s maintenant !\">Installez-la et commencez \u00e0 l'utiliser d\u00e8s maintenant !<\/a>\t\t\t\t\t\t\t\t<\/div>\n\t\t\t\t\t<\/div>\n\t\t\t\t<\/div>\n\t\t\t\t<\/div>\n\t\t<\/div><\/p>\t\t\t\t\t\t\t\t<\/div>\n\t\t\t\t\t<\/div>\n\t\t\t\t<\/div>\n\t\t\t\t<\/div>","protected":false},"excerpt":{"rendered":"Presta Shop Pay Now - Module de paiement officiel Augmentez la conversion et la confiance de vos clients avec une passerelle de paiement professionnelle de m Bank. Pay Now pour Presta Shop est une solution de paiement compl\u00e8te qui","protected":false},"featured_media":5507,"comment_status":"open","ping_status":"closed","template":"","meta":{"powered_cache_disable_cache":false,"powered_cache_disable_css_optimization":false,"powered_cache_disable_js_optimization":false},"product_brand":[],"product_cat":[131],"product_tag":[309,310,244],"class_list":{"0":"post-5504","1":"product","2":"type-product","3":"status-publish","4":"has-post-thumbnail","6":"product_cat-prestashop","7":"product_tag-paynow","8":"product_tag-platnosci","9":"product_tag-prestashop","11":"first","12":"instock","13":"downloadable","14":"virtual","15":"taxable","16":"purchasable","17":"product-type-simple"},"_links":{"self":[{"href":"https:\/\/cocos.codes\/fr\/wp-json\/wp\/v2\/product\/5504","targetHints":{"allow":["GET"]}}],"collection":[{"href":"https:\/\/cocos.codes\/fr\/wp-json\/wp\/v2\/product"}],"about":[{"href":"https:\/\/cocos.codes\/fr\/wp-json\/wp\/v2\/types\/product"}],"replies":[{"embeddable":true,"href":"https:\/\/cocos.codes\/fr\/wp-json\/wp\/v2\/comments?post=5504"}],"version-history":[{"count":0,"href":"https:\/\/cocos.codes\/fr\/wp-json\/wp\/v2\/product\/5504\/revisions"}],"wp:featuredmedia":[{"embeddable":true,"href":"https:\/\/cocos.codes\/fr\/wp-json\/wp\/v2\/media\/5507"}],"wp:attachment":[{"href":"https:\/\/cocos.codes\/fr\/wp-json\/wp\/v2\/media?parent=5504"}],"wp:term":[{"taxonomy":"product_brand","embeddable":true,"href":"https:\/\/cocos.codes\/fr\/wp-json\/wp\/v2\/product_brand?post=5504"},{"taxonomy":"product_cat","embeddable":true,"href":"https:\/\/cocos.codes\/fr\/wp-json\/wp\/v2\/product_cat?post=5504"},{"taxonomy":"product_tag","embeddable":true,"href":"https:\/\/cocos.codes\/fr\/wp-json\/wp\/v2\/product_tag?post=5504"}],"curies":[{"name":"wp","href":"https:\/\/api.w.org\/{rel}","templated":true}]}}