{"id":5383,"date":"2025-09-23T21:01:43","date_gmt":"2025-09-23T19:01:43","guid":{"rendered":"https:\/\/cocos.codes\/?post_type=product&#038;p=5383"},"modified":"2026-04-09T19:38:23","modified_gmt":"2026-04-09T17:38:23","slug":"anti-spam-wordpress","status":"publish","type":"product","link":"https:\/\/cocos.codes\/fr\/produkt\/wordpress-anty-spam\/","title":{"rendered":"WordPress Anti Spam 1.0.2"},"content":{"rendered":"<div data-elementor-type=\"wp-post\" data-elementor-id=\"5383\" class=\"elementor elementor-5383\">\n\t\t\t\t<div class=\"elementor-element elementor-element-9f9cdfa e-flex e-con-boxed e-con e-parent\" data-id=\"9f9cdfa\" data-element_type=\"container\" data-e-type=\"container\">\n\t\t\t\t\t<div class=\"e-con-inner\">\n\t\t\t\t<div class=\"elementor-element elementor-element-1076e98 elementor-widget elementor-widget-text-editor\" data-id=\"1076e98\" data-element_type=\"widget\" data-e-type=\"widget\" data-widget_type=\"text-editor.default\">\n\t\t\t\t\t\t\t\t\t<h6>CC WordPress Anti-spam - protection anti-spam avanc\u00e9e sans JavaScript<\/h6>CC WordPress Anti Spam est un plug-in professionnel qui assure une protection compl\u00e8te de votre site WordPress contre le spam dans les commentaires, les formulaires d'inscription et les formulaires de contact externes. Le syst\u00e8me fonctionne sur la technologie PHP en 100%, offrant une protection fiable et ind\u00e9pendante des param\u00e8tres JavaScript du navigateur de l'utilisateur.\t\t\t\t\t\t\t\t<\/div>\n\t\t\t\t<div class=\"elementor-element elementor-element-7e7ebdf elementor-widget elementor-widget-spacer\" data-id=\"7e7ebdf\" data-element_type=\"widget\" data-e-type=\"widget\" data-widget_type=\"spacer.default\">\n\t\t\t\t\t\t\t<div class=\"elementor-spacer\">\n\t\t\t<div class=\"elementor-spacer-inner\"><\/div>\n\t\t<\/div>\n\t\t\t\t\t\t<\/div>\n\t\t\t\t\t<\/div>\n\t\t\t\t<\/div>\n\t\t<div class=\"elementor-element elementor-element-2894c7d e-flex e-con-boxed e-con e-parent\" data-id=\"2894c7d\" data-element_type=\"container\" data-e-type=\"container\">\n\t\t\t\t\t<div class=\"e-con-inner\">\n\t\t<div class=\"elementor-element elementor-element-3174046 e-grid e-con-full e-con e-child\" data-id=\"3174046\" data-element_type=\"container\" data-e-type=\"container\">\n\t\t\t\t<div class=\"elementor-element elementor-element-39719e2 elementor-widget elementor-widget-pls-button\" data-id=\"39719e2\" data-element_type=\"widget\" data-e-type=\"widget\" data-widget_type=\"pls-button.default\">\n\t\t\t\t<div class=\"elementor-widget-container\">\n\t\t\t\t\t<div id=\"pls-button-14053\" class=\"pls-element pls-button\">\n\t<a class=\"button btn-style-flat\" href=\"https:\/\/cocos.codes\/fr\/base-de-connaissances\/wordpress\/documentations\/anti-spam\/\" title=\"DOCUMENTATION\"  target=\"_blank\">\n\t\tDOCUMENTATION\t<\/a>\n<\/div>\n\t\t\t\t<\/div>\n\t\t\t\t<\/div>\n\t\t\t\t<div class=\"elementor-element elementor-element-5400b43 elementor-widget elementor-widget-pls-button\" data-id=\"5400b43\" data-element_type=\"widget\" data-e-type=\"widget\" data-widget_type=\"pls-button.default\">\n\t\t\t\t<div class=\"elementor-widget-container\">\n\t\t\t\t\t<div id=\"pls-button-64304\" class=\"pls-element pls-button\">\n\t<a class=\"button btn-style-flat\" href=\"https:\/\/demo.cocos.codes\/cc_wordpress_anti_spam\/\" title=\"DEMO\"  target=\"_blank\">\n\t\tDEMO\t<\/a>\n<\/div>\n\t\t\t\t<\/div>\n\t\t\t\t<\/div>\n\t\t\t\t<\/div>\n\t\t\t\t\t<\/div>\n\t\t\t\t<\/div>\n\t\t<div class=\"elementor-element elementor-element-c0762d4 e-flex e-con-boxed e-con e-parent\" data-id=\"c0762d4\" data-element_type=\"container\" data-e-type=\"container\">\n\t\t\t\t\t<div class=\"e-con-inner\">\n\t\t\t\t<div class=\"elementor-element elementor-element-c669d90 elementor-widget elementor-widget-spacer\" data-id=\"c669d90\" data-element_type=\"widget\" data-e-type=\"widget\" data-widget_type=\"spacer.default\">\n\t\t\t\t\t\t\t<div class=\"elementor-spacer\">\n\t\t\t<div class=\"elementor-spacer-inner\"><\/div>\n\t\t<\/div>\n\t\t\t\t\t\t<\/div>\n\t\t\t\t<div class=\"elementor-element elementor-element-ee8a087 elementor-widget elementor-widget-text-editor\" data-id=\"ee8a087\" data-element_type=\"widget\" data-e-type=\"widget\" data-widget_type=\"text-editor.default\">\n\t\t\t\t\t\t\t\t\t<h6><strong>Voir ce que vous obtenez<\/strong><\/h6><p><strong>\ud83d\udee1\ufe0f Protection multicouche des formulaires<\/strong><\/p><ul><li><strong>Champ de miel<\/strong> - champs invisibles pour d\u00e9tecter les robots automatiques<\/li><li><strong>Contr\u00f4le du temps de remplissage<\/strong> - blocage des formulaires remplis trop rapidement ou trop lentement<\/li><li><strong>Filtrage du contenu<\/strong> - d\u00e9tection intelligente des mots et phrases interdits<\/li><li><strong>Limitation des liens<\/strong> - contr\u00f4le d'un nombre excessif d'URL dans le contenu<\/li><li><strong>Validation des donn\u00e9es de l'utilisateur<\/strong> - v\u00e9rification des sch\u00e9mas suspects dans le registre<\/li><li><strong>Diff\u00e9rents niveaux de protection<\/strong> - adapter la sensibilit\u00e9 aux besoins du site<\/li><\/ul><p><strong>\ud83c\udf10 Int\u00e9gration native des plug-ins les plus courants<\/strong><\/p><ul><li><a href=\"https:\/\/wordpress.org\/plugins\/contact-form-7\/\" title=\"Formulaire de contact 7\" target=\"_blank\" rel=\"noopener\"><strong>Formulaire de contact 7<\/strong><\/a> - protection automatique de tous les formulaires CF7<\/li><li><a href=\"https:\/\/www.gravityforms.com\/\" title=\"Formulaires Gravity\" target=\"_blank\" rel=\"noopener\"><strong>Formulaires Gravity<\/strong><\/a> - int\u00e9gration compl\u00e8te avec le syst\u00e8me de validation GF<\/li><li><strong>Commentaires WordPress<\/strong> - protection des observations indig\u00e8nes<\/li><li><strong>Formulaires d'inscription<\/strong> - cr\u00e9ation s\u00e9curis\u00e9e de comptes d'utilisateurs<\/li><li><strong>D\u00e9tection automatique<\/strong> - le plug-in lui-m\u00eame reconna\u00eet les formes actives<\/li><li><strong>Sans modifier le code<\/strong> - Int\u00e9gration par l'interm\u00e9diaire de WordPress<\/li><\/ul><p><strong>\ud83d\udeab Blocage IP avanc\u00e9<\/strong><\/p><ul><li><strong>Serrures \u00e0 temps<\/strong> - expiration automatique apr\u00e8s une p\u00e9riode de temps d\u00e9finie (30 min - 24h)<\/li><li><strong>Serrures fixes<\/strong> - blocages permanents pour les spammeurs persistants<\/li><li><strong>Liste blanche<\/strong> - les IP autoris\u00e9es ne seront jamais bloqu\u00e9es<\/li><li><strong>Verrouillages automatiques<\/strong> - le syst\u00e8me bloque lui-m\u00eame l'IP lorsque le seuil de spam est d\u00e9pass\u00e9<\/li><li><strong>Prise en charge du CIDR<\/strong> - blocage de plages IP enti\u00e8res (IPv4 et IPv6)<\/li><li><strong>D\u00e9tection de proxy<\/strong> - identification correcte de l'IP derri\u00e8re le CDN et le proxy<\/li><\/ul><p><strong>\ud83d\udcca Journalisation et statistiques d\u00e9taill\u00e9es<\/strong><\/p><ul><li><strong>Journaux d\u00e9taill\u00e9s<\/strong> - enregistrement de toutes les tentatives de spam avec d\u00e9tails<\/li><li><strong>Syst\u00e8me de filtrage<\/strong> - trouver rapidement des types d'attaques sp\u00e9cifiques<\/li><li><strong>Statistiques visuelles<\/strong> - rapports avec le Top 10 des IP et les tendances quotidiennes<\/li><li><strong>Code couleur<\/strong> - identification facile des types de serrure<\/li><li><strong>Nettoyage automatique<\/strong> - gestion de la taille du journal<\/li><li><strong>Exportation de donn\u00e9es<\/strong> - possibilit\u00e9 de t\u00e9l\u00e9charger les rapports complets<\/li><\/ul><p><strong>\u26a1 Optimisation des performances<\/strong><\/p><ul><li><strong>Cache de v\u00e9rification de l'IP<\/strong> - r\u00e9duction de la charge de la base de donn\u00e9es<\/li><li><strong>V\u00e9rification uniquement lors du POST<\/strong> - minimiser les contr\u00f4les des formulaires<\/li><li><strong>Sauter la connexion<\/strong> - l'exclusion des utilisateurs du contr\u00f4le<\/li><li><strong>Demandes de renseignements intelligentes<\/strong> - optimisation des op\u00e9rations de la base de donn\u00e9es<\/li><li><strong>T\u00e2ches asynchrones<\/strong> - nettoyage en arri\u00e8re-plan via CRON<\/li><li><strong>Ressources minimales<\/strong> - impact imperceptible sur la vitesse du site<\/li><\/ul><p><strong>\ud83d\udd27 T\u00e2ches automatiques et maintenance<\/strong><\/p><ul><li><strong>T\u00e2ches CRON<\/strong> - nettoyage automatique quotidien et hebdomadaire<\/li><li><strong>Suppression des serrures p\u00e9rim\u00e9es<\/strong> - maintenir la base de donn\u00e9es propre<\/li><li><strong>Limite du journal<\/strong> - gestion automatique de l'espace de stockage<\/li><li><strong>Rapports de nettoyage<\/strong> - le d\u00e9tail des op\u00e9rations de maintenance<\/li><li><strong>Calendrier personnalis\u00e9<\/strong> - adaptabilit\u00e9 de la fr\u00e9quence<\/li><li><strong>Z\u00e9ro administration<\/strong> - le syst\u00e8me fonctionne de mani\u00e8re autonome apr\u00e8s la configuration<\/li><\/ul>\t\t\t\t\t\t\t\t<\/div>\n\t\t\t\t<div class=\"elementor-element elementor-element-685bb0c elementor-widget elementor-widget-text-editor\" data-id=\"685bb0c\" data-element_type=\"widget\" data-e-type=\"widget\" data-widget_type=\"text-editor.default\">\n\t\t\t\t\t\t\t\t\t<div class=\"cc-alert cc-alert-tip\"><div class=\"cc-alert-title\">Conseil<\/div><div class=\"cc-alert-content\">Contrairement aux solutions bas\u00e9es sur JavaScript, <strong>Anti-spam WordPress<\/strong> fonctionne au niveau du serveur, ce qui le rend <strong>impossible \u00e0 contourner par des robots avanc\u00e9s et fournit \u00e0 100% une protection efficace<\/strong>.<\/div><\/div><h6><br \/>\ud83c\udfaf Principaux avantages techniques<\/h6><table class=\"woocommerce-table shop_table\"><thead><tr><td><strong>Fonction<\/strong><\/td><td><strong>CC Anti Spam<\/strong><\/td><td><strong>Solutions typiques<\/strong><\/td><\/tr><\/thead><tbody><tr><td>Fonctionnement sans JavaScript<\/td><td>\u2705 100% ind\u00e9pendance<\/td><td>\u274c Require JS<\/td><\/tr><tr><td>Blocs IP avec CIDR<\/td><td>\u2705 Prise en charge compl\u00e8te d'IPv4\/IPv6<\/td><td>\u26a0\ufe0f IP de base<\/td><\/tr><tr><td>Cache de performance<\/td><td>Cache intelligent<\/td><td>\u274c Pas d'optimisation<\/td><\/tr><tr><td>CRON automatique<\/td><td>\u2705 Automatisation compl\u00e8te<\/td><td>\u26a0\ufe0f Gestion manuelle<\/td><\/tr><tr><td>Journaux d\u00e9taill\u00e9s<\/td><td>\u2705 Rapports avanc\u00e9s<\/td><td>\u26a0\ufe0f Connexion de base<\/td><\/tr><tr><td>Int\u00e9gration avec les plugins les plus courants<\/td><td>\u2705 CF7 + GF natif<\/td><td>\u274c N\u00e9cessite une configuration<\/td><\/tr><\/tbody><\/table>\t\t\t\t\t\t\t\t<\/div>\n\t\t\t\t<div class=\"elementor-element elementor-element-a25f403 elementor-widget elementor-widget-spacer\" data-id=\"a25f403\" data-element_type=\"widget\" data-e-type=\"widget\" data-widget_type=\"spacer.default\">\n\t\t\t\t\t\t\t<div class=\"elementor-spacer\">\n\t\t\t<div class=\"elementor-spacer-inner\"><\/div>\n\t\t<\/div>\n\t\t\t\t\t\t<\/div>\n\t\t\t\t<div class=\"elementor-element elementor-element-7137739 elementor-widget elementor-widget-text-editor\" data-id=\"7137739\" data-element_type=\"widget\" data-e-type=\"widget\" data-widget_type=\"text-editor.default\">\n\t\t\t\t\t\t\t\t\t<h6>\ud83d\udcaa Augmentez la s\u00e9curit\u00e9 de votre site WordPress !<\/h6><strong>Le spam dans les commentaires et les formulaires r\u00e9duit non seulement la qualit\u00e9 du contenu, mais peut \u00e9galement avoir un impact n\u00e9gatif sur le positionnement dans Google et sur la confiance des utilisateurs.<\/strong> Les enregistrements automatiques de robots encombrent la base de donn\u00e9es et peuvent \u00eatre utilis\u00e9s pour d'autres attaques. <strong>CC WordPress Anti Spam \u00e9limine ces probl\u00e8mes \u00e0 la source<\/strong>, fournissant <strong>propre<\/strong> formulaires et <strong>s\u00fbr<\/strong> pour les utilisateurs r\u00e9els.<div class=\"notranslate\" style=\"all: initial;\">\u00a0<\/div>\t\t\t\t\t\t\t\t<\/div>\n\t\t\t\t<div class=\"elementor-element elementor-element-b5b3a9a elementor-widget elementor-widget-spacer\" data-id=\"b5b3a9a\" data-element_type=\"widget\" data-e-type=\"widget\" data-widget_type=\"spacer.default\">\n\t\t\t\t\t\t\t<div class=\"elementor-spacer\">\n\t\t\t<div class=\"elementor-spacer-inner\"><\/div>\n\t\t<\/div>\n\t\t\t\t\t\t<\/div>\n\t\t\t\t<div class=\"elementor-element elementor-element-4f80c05 elementor-widget elementor-widget-text-editor\" data-id=\"4f80c05\" data-element_type=\"widget\" data-e-type=\"widget\" data-widget_type=\"text-editor.default\">\n\t\t\t\t\t\t\t\t\t<h6><strong>Pour qui ?<\/strong><\/h6>Le plug-in est id\u00e9al pour :<ul><li><strong>Sites web des entreprises<\/strong> n\u00e9cessitant une protection professionnelle contre le spam<\/li><li><strong>Blogs et services d'information<\/strong> avec des sections de commentaires actives<\/li><li><strong>Boutiques en ligne<\/strong> prot\u00e9ger les formulaires de contact et d'enregistrement<\/li><li><strong>R\u00e9seaux sociaux<\/strong> \u00e0 fort trafic d'utilisateurs<\/li><li><strong>Sites web d'entreprises<\/strong> en utilisant Contact Form 7 ou Gravity Forms<\/li><li><strong>Administrateurs WordPress<\/strong> \u00e0 la recherche d'une solution \"pr\u00eate \u00e0 l'emploi et oubli\u00e9e\".<\/li><li><strong>Agences web<\/strong> g\u00e9rer plusieurs projets de clients<\/li><li><strong>Propri\u00e9taires de sites<\/strong> fatigu\u00e9 de la mod\u00e9ration quotidienne des spams<\/li><\/ul>\t\t\t\t\t\t\t\t<\/div>\n\t\t\t\t<div class=\"elementor-element elementor-element-652f369 elementor-widget elementor-widget-spacer\" data-id=\"652f369\" data-element_type=\"widget\" data-e-type=\"widget\" data-widget_type=\"spacer.default\">\n\t\t\t\t\t\t\t<div class=\"elementor-spacer\">\n\t\t\t<div class=\"elementor-spacer-inner\"><\/div>\n\t\t<\/div>\n\t\t\t\t\t\t<\/div>\n\t\t\t\t<div class=\"elementor-element elementor-element-fdfe69a elementor-widget elementor-widget-text-editor\" data-id=\"fdfe69a\" data-element_type=\"widget\" data-e-type=\"widget\" data-widget_type=\"text-editor.default\">\n\t\t\t\t\t\t\t\t\t<p><div class=\"pls-block pls-block-3297\">\t\t<div data-elementor-type=\"wp-post\" data-elementor-id=\"3297\" class=\"elementor elementor-3297\">\n\t\t\t\t<div class=\"elementor-element elementor-element-d99440d e-flex e-con-boxed e-con e-parent\" data-id=\"d99440d\" data-element_type=\"container\" data-e-type=\"container\" data-settings=\"{&quot;background_background&quot;:&quot;classic&quot;}\">\n\t\t\t\t\t<div class=\"e-con-inner\">\n\t\t\t\t<div class=\"elementor-element elementor-element-b850409 elementor-widget elementor-widget-text-editor\" data-id=\"b850409\" data-element_type=\"widget\" data-e-type=\"widget\" data-widget_type=\"text-editor.default\">\n\t\t\t\t\t\t\t\t\t<h6><strong>\u00a0Am\u00e9liorez les capacit\u00e9s de votre atelier d\u00e8s aujourd'hui ! <\/strong><strong>\ud83d\ude80<\/strong><\/h6>Ajoutez de nouvelles fonctionnalit\u00e9s, am\u00e9liorez l'exp\u00e9rience utilisateur et augmentez les conversions gr\u00e2ce \u00e0 notre module. Installation facile, compatibilit\u00e9 totale et mises \u00e0 jour r\u00e9guli\u00e8res - tout ce dont vous avez besoin pour que votre boutique fonctionne encore mieux.<br \/>\u2705 Installation facile \u2705 Support professionnel \u2705 Int\u00e9gration transparente<br \/><br \/><a class=\"button simple\" href=\"#main-content\" title=\"Installez et utilisez d\u00e8s maintenant !\">Installez-la et commencez \u00e0 l'utiliser d\u00e8s maintenant !<\/a>\t\t\t\t\t\t\t\t<\/div>\n\t\t\t\t\t<\/div>\n\t\t\t\t<\/div>\n\t\t\t\t<\/div>\n\t\t<\/div><\/p>\t\t\t\t\t\t\t\t<\/div>\n\t\t\t\t\t<\/div>\n\t\t\t\t<\/div>\n\t\t\t\t<\/div>","protected":false},"excerpt":{"rendered":"CC Word Press Anti Spam - protection anti-spam avanc\u00e9e sans Java Script CC Word Press Anti Spam est un plug-in professionnel qui assure une protection compl\u00e8te de votre site Word Press contre les spams dans le domaine de l'informatique.","protected":false},"featured_media":5400,"comment_status":"open","ping_status":"closed","template":"","meta":{"powered_cache_disable_cache":false,"powered_cache_disable_css_optimization":false,"powered_cache_disable_js_optimization":false},"product_brand":[275],"product_cat":[132],"product_tag":[302,198,303],"class_list":{"0":"post-5383","1":"product","2":"type-product","3":"status-publish","4":"has-post-thumbnail","6":"product_brand-cocos","7":"product_cat-wordpress","8":"product_tag-anty-spam","9":"product_tag-wordpress","10":"product_tag-zabezpieczenie","12":"first","13":"instock","14":"featured","15":"downloadable","16":"virtual","17":"taxable","18":"purchasable","19":"product-type-simple"},"_links":{"self":[{"href":"https:\/\/cocos.codes\/fr\/wp-json\/wp\/v2\/product\/5383","targetHints":{"allow":["GET"]}}],"collection":[{"href":"https:\/\/cocos.codes\/fr\/wp-json\/wp\/v2\/product"}],"about":[{"href":"https:\/\/cocos.codes\/fr\/wp-json\/wp\/v2\/types\/product"}],"replies":[{"embeddable":true,"href":"https:\/\/cocos.codes\/fr\/wp-json\/wp\/v2\/comments?post=5383"}],"version-history":[{"count":0,"href":"https:\/\/cocos.codes\/fr\/wp-json\/wp\/v2\/product\/5383\/revisions"}],"wp:featuredmedia":[{"embeddable":true,"href":"https:\/\/cocos.codes\/fr\/wp-json\/wp\/v2\/media\/5400"}],"wp:attachment":[{"href":"https:\/\/cocos.codes\/fr\/wp-json\/wp\/v2\/media?parent=5383"}],"wp:term":[{"taxonomy":"product_brand","embeddable":true,"href":"https:\/\/cocos.codes\/fr\/wp-json\/wp\/v2\/product_brand?post=5383"},{"taxonomy":"product_cat","embeddable":true,"href":"https:\/\/cocos.codes\/fr\/wp-json\/wp\/v2\/product_cat?post=5383"},{"taxonomy":"product_tag","embeddable":true,"href":"https:\/\/cocos.codes\/fr\/wp-json\/wp\/v2\/product_tag?post=5383"}],"curies":[{"name":"wp","href":"https:\/\/api.w.org\/{rel}","templated":true}]}}