{"id":5135,"date":"2025-08-30T16:24:08","date_gmt":"2025-08-30T14:24:08","guid":{"rendered":"https:\/\/cocos.codes\/?post_type=product&#038;p=5135"},"modified":"2025-12-10T21:49:38","modified_gmt":"2025-12-10T20:49:38","slug":"prestashop-inpost-machines-a-colis","status":"publish","type":"product","link":"https:\/\/cocos.codes\/fr\/produkt\/prestashop-paczkomaty-inpost\/","title":{"rendered":"PrestaShop Consignes automatiques InPost 1.0.1"},"content":{"rendered":"<div data-elementor-type=\"wp-post\" data-elementor-id=\"5135\" class=\"elementor elementor-5135\">\n\t\t\t\t<div class=\"elementor-element elementor-element-2b3711e e-flex e-con-boxed e-con e-parent\" data-id=\"2b3711e\" data-element_type=\"container\" data-e-type=\"container\">\n\t\t\t\t\t<div class=\"e-con-inner\">\n\t\t\t\t<div class=\"elementor-element elementor-element-358e8db elementor-widget elementor-widget-text-editor\" data-id=\"358e8db\" data-element_type=\"widget\" data-e-type=\"widget\" data-widget_type=\"text-editor.default\">\n\t\t\t\t\t\t\t\t\t<h6>PrestaShop Paczkomaty InPost - Int\u00e9gration compl\u00e8te avec le syst\u00e8me InPost<\/h6>Augmentez la satisfaction de vos clients et rationalisez le processus de livraison gr\u00e2ce \u00e0 l'int\u00e9gration compl\u00e8te de votre boutique PrestaShop avec le syst\u00e8me InPost Paczkomaty. CC <a href=\"https:\/\/inpost.pl\/\" title=\"InPost\" target=\"_blank\" rel=\"noopener\">InPost<\/a> Parcel Machines est un module professionnel qui automatise l'ensemble du processus de traitement des colis - de la s\u00e9lection par le client d'une machine \u00e0 colis \u00e0 la g\u00e9n\u00e9ration d'\u00e9tiquettes et au suivi de la livraison.\t\t\t\t\t\t\t\t<\/div>\n\t\t\t\t<div class=\"elementor-element elementor-element-feceb44 elementor-widget elementor-widget-spacer\" data-id=\"feceb44\" data-element_type=\"widget\" data-e-type=\"widget\" data-widget_type=\"spacer.default\">\n\t\t\t\t\t\t\t<div class=\"elementor-spacer\">\n\t\t\t<div class=\"elementor-spacer-inner\"><\/div>\n\t\t<\/div>\n\t\t\t\t\t\t<\/div>\n\t\t\t\t\t<\/div>\n\t\t\t\t<\/div>\n\t\t<div class=\"elementor-element elementor-element-e10236d e-flex e-con-boxed e-con e-parent\" data-id=\"e10236d\" data-element_type=\"container\" data-e-type=\"container\">\n\t\t\t\t\t<div class=\"e-con-inner\">\n\t\t<div class=\"elementor-element elementor-element-0700d29 e-grid e-con-full e-con e-child\" data-id=\"0700d29\" data-element_type=\"container\" data-e-type=\"container\">\n\t\t\t\t<div class=\"elementor-element elementor-element-b327911 elementor-widget elementor-widget-pls-button\" data-id=\"b327911\" data-element_type=\"widget\" data-e-type=\"widget\" data-widget_type=\"pls-button.default\">\n\t\t\t\t<div class=\"elementor-widget-container\">\n\t\t\t\t\t<div id=\"pls-button-7510\" class=\"pls-element pls-button\">\n\t<a class=\"button btn-style-flat\" href=\"https:\/\/cocos.codes\/fr\/base-de-connaissances\/prestashop\/documentation-prestashop\/prestashop-inpost-machines-a-colis\/\" title=\"DOCUMENTATION\" target=\"_blank\">\n\t\tDOCUMENTATION\t<\/a>\n<\/div>\n\t\t\t\t<\/div>\n\t\t\t\t<\/div>\n\t\t\t\t<div class=\"elementor-element elementor-element-f597fd7 elementor-widget elementor-widget-pls-button\" data-id=\"f597fd7\" data-element_type=\"widget\" data-e-type=\"widget\" data-widget_type=\"pls-button.default\">\n\t\t\t\t<div class=\"elementor-widget-container\">\n\t\t\t\t\t<div id=\"pls-button-6003\" class=\"pls-element pls-button\">\n\t<a class=\"button btn-style-flat\" href=\"https:\/\/demo.cocos.codes\/cc_ps_paczkomaty\/\" title=\"DEMO\" target=\"_blank\">\n\t\tDEMO\t<\/a>\n<\/div>\n\t\t\t\t<\/div>\n\t\t\t\t<\/div>\n\t\t\t\t<\/div>\n\t\t\t\t\t<\/div>\n\t\t\t\t<\/div>\n\t\t<div class=\"elementor-element elementor-element-85239f4 e-flex e-con-boxed e-con e-parent\" data-id=\"85239f4\" data-element_type=\"container\" data-e-type=\"container\">\n\t\t\t\t\t<div class=\"e-con-inner\">\n\t\t\t\t<div class=\"elementor-element elementor-element-a458d96 elementor-widget elementor-widget-spacer\" data-id=\"a458d96\" data-element_type=\"widget\" data-e-type=\"widget\" data-widget_type=\"spacer.default\">\n\t\t\t\t\t\t\t<div class=\"elementor-spacer\">\n\t\t\t<div class=\"elementor-spacer-inner\"><\/div>\n\t\t<\/div>\n\t\t\t\t\t\t<\/div>\n\t\t\t\t<div class=\"elementor-element elementor-element-c4ba02f elementor-widget elementor-widget-text-editor\" data-id=\"c4ba02f\" data-element_type=\"widget\" data-e-type=\"widget\" data-widget_type=\"text-editor.default\">\n\t\t\t\t\t\t\t\t\t<h6>Voir ce que vous obtenez<\/h6><strong>\ud83d\udcbc Gestion avanc\u00e9e des envois<\/strong><br \/><ul><li>Cr\u00e9ation automatique d'envois InPost apr\u00e8s confirmation de la commande<\/li><li>G\u00e9n\u00e9ration et t\u00e9l\u00e9chargement d'\u00e9tiquettes d'exp\u00e9dition (PDF, EPL, ZPL)<\/li><li>Suivi de l'\u00e9tat des envois en temps r\u00e9el<\/li><li>Mise \u00e0 jour automatique de l'\u00e9tat des commandes en fonction de l'\u00e9tat de la livraison<\/li><li>Panneau d'administration pour g\u00e9rer tous les envois<\/li><\/ul><strong>\ud83d\uddfa\ufe0f S\u00e9lection interactive des machines \u00e0 colis<\/strong><br \/><ul><li>Geowidget InPost avec une carte de toutes les machines \u00e0 colis en Pologne<\/li><li>Recherche de machines par code, ville ou position GPS<\/li><li>Positionnement flexible du widget sur la page de paiement<\/li><li>Validation du choix de la machine \u00e0 colis avant de finaliser la commande<\/li><li>Sauvegarde du point s\u00e9lectionn\u00e9 dans la session et la base de donn\u00e9es<\/li><\/ul><strong>\ud83d\ude9a Prise en charge compl\u00e8te des types de livraison<\/strong><br \/><ul><li>InPost Paczkomaty standard (pr\u00e9paiement)<\/li><li>Machines \u00e0 colis InPost contre remboursement<\/li><li>InPost Paczkomaty Week-end (livraisons le samedi et le dimanche)<\/li><li>Machines \u00e0 colis InPost Week-end<\/li><li>Gestion automatique de la disponibilit\u00e9 des livraisons le week-end<\/li><\/ul><strong>\u2699\ufe0f Configuration avanc\u00e9e<\/strong><br \/><ul><li>Configuration compl\u00e8te des API InPost ShipX et Geowidget<\/li><li>Donn\u00e9es de l'exp\u00e9diteur et param\u00e9trage de l'envoi<\/li><li>Configuration des tailles de parcelles (petite, moyenne, grande)<\/li><li>Options d'assurance pour les envois<\/li><li>Personnalisation des codes de r\u00e9f\u00e9rence des envois<\/li><\/ul><strong>\ud83e\udd16 Automatisation CRON<\/strong><br \/><ul><li>Mise \u00e0 jour automatique de l'\u00e9tat des envois<\/li><li>Modification de l'\u00e9tat des commandes en fonction de l'avancement des livraisons<\/li><li>Traitement des commandes livr\u00e9es<\/li><li>Nettoyage des anciennes donn\u00e9es et des anciens journaux<\/li><li>Cl\u00e9 d'acc\u00e8s s\u00e9curis\u00e9e pour les t\u00e2ches CRON<\/li><\/ul><strong>\ud83d\udd12 S\u00e9curit\u00e9 et fiabilit\u00e9<\/strong><br \/><ul style=\"margin-bottom:0;padding-bottom:0;\"><li>Connexions crypt\u00e9es \u00e0 l'API InPost via HTTPS<\/li><li>Validation de toutes les donn\u00e9es avant leur envoi \u00e0 l'API<\/li><li>Gestion des erreurs et enregistrement d\u00e9taill\u00e9<\/li><li>S\u00e9curit\u00e9 contre la duplication des envois<\/li><li>Syst\u00e8me de licence avec activation en ligne<\/li><\/ul>\t\t\t\t\t\t\t\t<\/div>\n\t\t\t\t<div class=\"elementor-element elementor-element-7407a83 elementor-widget elementor-widget-spacer\" data-id=\"7407a83\" data-element_type=\"widget\" data-e-type=\"widget\" data-widget_type=\"spacer.default\">\n\t\t\t\t\t\t\t<div class=\"elementor-spacer\">\n\t\t\t<div class=\"elementor-spacer-inner\"><\/div>\n\t\t<\/div>\n\t\t\t\t\t\t<\/div>\n\t\t\t\t<div class=\"elementor-element elementor-element-5b7dd7c elementor-widget elementor-widget-text-editor\" data-id=\"5b7dd7c\" data-element_type=\"widget\" data-e-type=\"widget\" data-widget_type=\"text-editor.default\">\n\t\t\t\t\t\t\t\t\t<h6>Des possibilit\u00e9s d'application infinies<\/h6>Le module PrestaShop InPost Parcel Machines est parfait pour :<br \/><br \/><strong>Commerce \u00e9lectronique de toutes tailles<\/strong><br \/><strong>\u2705 <\/strong>Petits commerces - simplicit\u00e9 d'utilisation et faibles co\u00fbts de livraison<br \/><strong>\u2705 <\/strong>Moyennes entreprises - automatisation des processus logistiques<br \/><strong>\u2705 <\/strong>Grandes cha\u00eenes de magasins - une solution \u00e9volutive pour des milliers de commandes<br \/><strong>\u2705 <\/strong>B2B shops - service de livraison professionnel pour les entreprises<br \/><br \/><strong>Accro\u00eetre la satisfaction des clients<\/strong><br \/><strong>\u2705 <\/strong>Collecte de colis 24 heures sur 24, 7 jours sur 7, dans plus de 20 000 distributeurs automatiques de colis<br \/><strong>\u2705 <\/strong>Livraison rapide - souvent le jour ouvrable suivant<br \/><strong>\u2705 <\/strong>Frais de livraison r\u00e9duits par rapport aux coursiers<br \/><strong>\u2705 <\/strong>Tra\u00e7abilit\u00e9 de l'envoi \u00e0 chaque \u00e9tape<br \/><br \/><strong>Optimisation des processus d'entreprise<\/strong><br \/><strong>\u2705 <\/strong>R\u00e9duction du temps de traitement des commandes gr\u00e2ce \u00e0 l'automatisation<br \/><strong>\u2705 <\/strong>\u00c9limination de l'erreur humaine dans le processus de r\u00e9partition<br \/><strong>\u2705 <\/strong>Gestion centralis\u00e9e de tous les envois<br \/><strong>\u2705 <\/strong>Rapports d\u00e9taill\u00e9s et analyse des livraisons\t\t\t\t\t\t\t\t<\/div>\n\t\t\t\t<div class=\"elementor-element elementor-element-e5cb99b elementor-widget elementor-widget-spacer\" data-id=\"e5cb99b\" data-element_type=\"widget\" data-e-type=\"widget\" data-widget_type=\"spacer.default\">\n\t\t\t\t\t\t\t<div class=\"elementor-spacer\">\n\t\t\t<div class=\"elementor-spacer-inner\"><\/div>\n\t\t<\/div>\n\t\t\t\t\t\t<\/div>\n\t\t\t\t<div class=\"elementor-element elementor-element-6cf64ae elementor-widget elementor-widget-text-editor\" data-id=\"6cf64ae\" data-element_type=\"widget\" data-e-type=\"widget\" data-widget_type=\"text-editor.default\">\n\t\t\t\t\t\t\t\t\t<h6>\ud83d\udcc8 Gagner des clients en proposant la livraison rapide InPost Parcel Post<\/h6><strong>Service de livraison professionnel<\/strong> c'est <strong>fondation<\/strong> succ\u00e8s dans le commerce \u00e9lectronique. Gr\u00e2ce \u00e0 <strong>int\u00e9gration avec InPost<\/strong>Le r\u00e9seau qui conna\u00eet la croissance la plus rapide <strong>machines \u00e0 colis<\/strong> en Pologne, vous offrirez \u00e0 vos clients la commodit\u00e9 et \u00e0 vous-m\u00eame la tranquillit\u00e9 d'esprit quant au respect des d\u00e9lais de livraison. <strong>Chaque envoi livr\u00e9 sans probl\u00e8me est synonyme de client satisfait et d'avis positif !<\/strong>\t\t\t\t\t\t\t\t<\/div>\n\t\t\t\t<div class=\"elementor-element elementor-element-5f161ad elementor-widget elementor-widget-spacer\" data-id=\"5f161ad\" data-element_type=\"widget\" data-e-type=\"widget\" data-widget_type=\"spacer.default\">\n\t\t\t\t\t\t\t<div class=\"elementor-spacer\">\n\t\t\t<div class=\"elementor-spacer-inner\"><\/div>\n\t\t<\/div>\n\t\t\t\t\t\t<\/div>\n\t\t\t\t<div class=\"elementor-element elementor-element-45c28c9 elementor-widget elementor-widget-text-editor\" data-id=\"45c28c9\" data-element_type=\"widget\" data-e-type=\"widget\" data-widget_type=\"text-editor.default\">\n\t\t\t\t\t\t\t\t\t<h6>Pour qui ?<\/h6>Le module est id\u00e9al pour tout le monde :<br \/><strong>\u2714 <\/strong>Propri\u00e9taires de boutiques PrestaShop exp\u00e9diant des colis en Pologne<br \/><strong>\u2714 <\/strong>Les responsables du commerce \u00e9lectronique \u00e0 la recherche de solutions logistiques modernes<br \/><strong> \u2714 <\/strong>Administrateurs de magasins souhaitant automatiser les processus d'exp\u00e9dition<br \/><strong>\u2714 <\/strong>Entreprises vendant des produits physiques n\u00e9cessitant une livraison<br \/><strong>\u2714 <\/strong>Des entrepreneurs qui mettent l'accent sur la commodit\u00e9 et la satisfaction du client<br \/><strong>\u2714 <\/strong>Magasins proposant le contre-remboursement<br \/><strong>\u2714 <\/strong>Les entreprises de dropshipping qui ont besoin d'une logistique fiable\t\t\t\t\t\t\t\t<\/div>\n\t\t\t\t<div class=\"elementor-element elementor-element-4d3b64b elementor-widget elementor-widget-spacer\" data-id=\"4d3b64b\" data-element_type=\"widget\" data-e-type=\"widget\" data-widget_type=\"spacer.default\">\n\t\t\t\t\t\t\t<div class=\"elementor-spacer\">\n\t\t\t<div class=\"elementor-spacer-inner\"><\/div>\n\t\t<\/div>\n\t\t\t\t\t\t<\/div>\n\t\t\t\t<div class=\"elementor-element elementor-element-528eb27 elementor-widget elementor-widget-text-editor\" data-id=\"528eb27\" data-element_type=\"widget\" data-e-type=\"widget\" data-widget_type=\"text-editor.default\">\n\t\t\t\t\t\t\t\t\t<p><div class=\"pls-block pls-block-3297\">\t\t<div data-elementor-type=\"wp-post\" data-elementor-id=\"3297\" class=\"elementor elementor-3297\">\n\t\t\t\t<div class=\"elementor-element elementor-element-d99440d e-flex e-con-boxed e-con e-parent\" data-id=\"d99440d\" data-element_type=\"container\" data-e-type=\"container\" data-settings=\"{&quot;background_background&quot;:&quot;classic&quot;}\">\n\t\t\t\t\t<div class=\"e-con-inner\">\n\t\t\t\t<div class=\"elementor-element elementor-element-b850409 elementor-widget elementor-widget-text-editor\" data-id=\"b850409\" data-element_type=\"widget\" data-e-type=\"widget\" data-widget_type=\"text-editor.default\">\n\t\t\t\t\t\t\t\t\t<h6><strong>\u00a0Am\u00e9liorez les capacit\u00e9s de votre atelier d\u00e8s aujourd'hui ! <\/strong><strong>\ud83d\ude80<\/strong><\/h6>Ajoutez de nouvelles fonctionnalit\u00e9s, am\u00e9liorez l'exp\u00e9rience utilisateur et augmentez les conversions gr\u00e2ce \u00e0 notre module. Installation facile, compatibilit\u00e9 totale et mises \u00e0 jour r\u00e9guli\u00e8res - tout ce dont vous avez besoin pour que votre boutique fonctionne encore mieux.<br \/>\u2705 Installation facile \u2705 Support professionnel \u2705 Int\u00e9gration transparente<br \/><br \/><a class=\"button simple\" href=\"#main-content\" title=\"Installez et utilisez d\u00e8s maintenant !\">Installez-la et commencez \u00e0 l'utiliser d\u00e8s maintenant !<\/a>\t\t\t\t\t\t\t\t<\/div>\n\t\t\t\t\t<\/div>\n\t\t\t\t<\/div>\n\t\t\t\t<\/div>\n\t\t<\/div><\/p>\t\t\t\t\t\t\t\t<\/div>\n\t\t\t\t\t<\/div>\n\t\t\t\t<\/div>\n\t\t\t\t<\/div>","protected":false},"excerpt":{"rendered":"Presta Shop Machines \u00e0 colis In Post - Int\u00e9gration compl\u00e8te avec In Post Augmentez la satisfaction de vos clients et rationalisez le processus de livraison avec l'int\u00e9gration compl\u00e8te de Presta Shop avec les machines \u00e0 colis In Post.","protected":false},"featured_media":5149,"comment_status":"open","ping_status":"closed","template":"","meta":{"powered_cache_disable_cache":false,"powered_cache_disable_css_optimization":false,"powered_cache_disable_js_optimization":false},"product_brand":[275],"product_cat":[128,131],"product_tag":[292,228,273,291],"class_list":{"0":"post-5135","1":"product","2":"type-product","3":"status-publish","4":"has-post-thumbnail","6":"product_brand-cocos","7":"product_cat-moduly","8":"product_cat-prestashop","9":"product_tag-inpost","10":"product_tag-integracja","11":"product_tag-modul-prestashop","12":"product_tag-paczkomaty","14":"first","15":"instock","16":"downloadable","17":"virtual","18":"taxable","19":"purchasable","20":"product-type-simple"},"_links":{"self":[{"href":"https:\/\/cocos.codes\/fr\/wp-json\/wp\/v2\/product\/5135","targetHints":{"allow":["GET"]}}],"collection":[{"href":"https:\/\/cocos.codes\/fr\/wp-json\/wp\/v2\/product"}],"about":[{"href":"https:\/\/cocos.codes\/fr\/wp-json\/wp\/v2\/types\/product"}],"replies":[{"embeddable":true,"href":"https:\/\/cocos.codes\/fr\/wp-json\/wp\/v2\/comments?post=5135"}],"version-history":[{"count":0,"href":"https:\/\/cocos.codes\/fr\/wp-json\/wp\/v2\/product\/5135\/revisions"}],"wp:featuredmedia":[{"embeddable":true,"href":"https:\/\/cocos.codes\/fr\/wp-json\/wp\/v2\/media\/5149"}],"wp:attachment":[{"href":"https:\/\/cocos.codes\/fr\/wp-json\/wp\/v2\/media?parent=5135"}],"wp:term":[{"taxonomy":"product_brand","embeddable":true,"href":"https:\/\/cocos.codes\/fr\/wp-json\/wp\/v2\/product_brand?post=5135"},{"taxonomy":"product_cat","embeddable":true,"href":"https:\/\/cocos.codes\/fr\/wp-json\/wp\/v2\/product_cat?post=5135"},{"taxonomy":"product_tag","embeddable":true,"href":"https:\/\/cocos.codes\/fr\/wp-json\/wp\/v2\/product_tag?post=5135"}],"curies":[{"name":"wp","href":"https:\/\/api.w.org\/{rel}","templated":true}]}}