{"id":5083,"date":"2025-08-20T23:01:15","date_gmt":"2025-08-20T21:01:15","guid":{"rendered":"https:\/\/cocos.codes\/?post_type=product&#038;p=5083"},"modified":"2025-12-10T21:57:00","modified_gmt":"2025-12-10T20:57:00","slug":"prestashop-mise-a-jour-vers-la-derniere-version","status":"publish","type":"product","link":"https:\/\/cocos.codes\/fr\/produkt\/aktualizacja-prestashop-do-najnowszej-wersji\/","title":{"rendered":"Mise \u00e0 jour de PrestaShop vers la derni\u00e8re version 8\/9"},"content":{"rendered":"<div data-elementor-type=\"wp-post\" data-elementor-id=\"5083\" class=\"elementor elementor-5083\">\n\t\t\t\t<div class=\"elementor-element elementor-element-5b0dbe1 e-flex e-con-boxed e-con e-parent\" data-id=\"5b0dbe1\" data-element_type=\"container\" data-e-type=\"container\">\n\t\t\t\t\t<div class=\"e-con-inner\">\n\t\t\t\t<div class=\"elementor-element elementor-element-15180f6 elementor-widget elementor-widget-heading\" data-id=\"15180f6\" data-element_type=\"widget\" data-e-type=\"widget\" data-widget_type=\"heading.default\">\n\t\t\t\t\t<h6 class=\"elementor-heading-title elementor-size-default\">Mise \u00e0 jour Prestashop - pourquoi mettre \u00e0 jour votre boutique ?<\/h6>\t\t\t\t<\/div>\n\t\t\t\t<div class=\"elementor-element elementor-element-a69c0c1 elementor-widget elementor-widget-text-editor\" data-id=\"a69c0c1\" data-element_type=\"widget\" data-e-type=\"widget\" data-widget_type=\"text-editor.default\">\n\t\t\t\t\t\t\t\t\t<p style=\"text-align: left;\">Mise \u00e0 jour de la boutique <a href=\"https:\/\/prestashop.com\/\" title=\"PrestaShop\" target=\"_blank\" rel=\"noopener\">PrestaShop<\/a> assure une plus grande s\u00e9curit\u00e9 en prot\u00e9geant contre les failles et les attaques. Les nouvelles versions offrent \u00e9galement de meilleures performances, une compatibilit\u00e9 avec les technologies actuelles et des fonctionnalit\u00e9s suppl\u00e9mentaires qui peuvent augmenter les ventes et faciliter l'utilisation. Gr\u00e2ce \u00e0 cela, la boutique fonctionne de mani\u00e8re plus stable et est plus attrayante pour les clients.<br \/>Votre boutique en ligne fonctionne avec une ancienne version de PrestaShop ? Il est temps de proc\u00e9der \u00e0 une mise \u00e0 jour professionnelle qui apportera des avantages tangibles et une plus grande s\u00e9curit\u00e9 \u00e0 votre entreprise.<\/p><p style=\"text-align: center;\"><strong>\u26a0\ufe0f Important : avant de passer commande <a href=\"https:\/\/cocos.codes\/fr\/contact\/\" title=\"Veuillez nous contacter\">veuillez nous contacter<\/a> afin de discuter des d\u00e9tails et de l'\u00e9tendue des travaux.<\/strong><\/p>\t\t\t\t\t\t\t\t<\/div>\n\t\t\t\t<div class=\"elementor-element elementor-element-54c6820 elementor-widget elementor-widget-spacer\" data-id=\"54c6820\" data-element_type=\"widget\" data-e-type=\"widget\" data-widget_type=\"spacer.default\">\n\t\t\t\t\t\t\t<div class=\"elementor-spacer\">\n\t\t\t<div class=\"elementor-spacer-inner\"><\/div>\n\t\t<\/div>\n\t\t\t\t\t\t<\/div>\n\t\t\t\t\t<\/div>\n\t\t\t\t<\/div>\n\t\t<div class=\"elementor-element elementor-element-3d7a7aa e-flex e-con-boxed e-con e-parent\" data-id=\"3d7a7aa\" data-element_type=\"container\" data-e-type=\"container\">\n\t\t\t\t\t<div class=\"e-con-inner\">\n\t\t\t\t<div class=\"elementor-element elementor-element-31c5e32 elementor-widget elementor-widget-spacer\" data-id=\"31c5e32\" data-element_type=\"widget\" data-e-type=\"widget\" data-widget_type=\"spacer.default\">\n\t\t\t\t\t\t\t<div class=\"elementor-spacer\">\n\t\t\t<div class=\"elementor-spacer-inner\"><\/div>\n\t\t<\/div>\n\t\t\t\t\t\t<\/div>\n\t\t\t\t<div class=\"elementor-element elementor-element-08179d9 elementor-widget elementor-widget-heading\" data-id=\"08179d9\" data-element_type=\"widget\" data-e-type=\"widget\" data-widget_type=\"heading.default\">\n\t\t\t\t\t<h6 class=\"elementor-heading-title elementor-size-default\">Types de mises \u00e0 jour<\/h6>\t\t\t\t<\/div>\n\t\t\t\t\t<\/div>\n\t\t\t\t<\/div>\n\t\t<div class=\"elementor-element elementor-element-c31611b e-flex e-con-boxed e-con e-parent\" data-id=\"c31611b\" data-element_type=\"container\" data-e-type=\"container\">\n\t\t\t\t\t<div class=\"e-con-inner\">\n\t\t<div class=\"elementor-element elementor-element-c3eb1e4 e-con-full e-flex e-con e-child\" data-id=\"c3eb1e4\" data-element_type=\"container\" data-e-type=\"container\">\n\t\t\t\t<div class=\"elementor-element elementor-element-1ce477c elementor-widget elementor-widget-text-editor\" data-id=\"1ce477c\" data-element_type=\"widget\" data-e-type=\"widget\" data-widget_type=\"text-editor.default\">\n\t\t\t\t\t\t\t\t\t<h6 style=\"text-align: center;\"><strong>\ud83d\udd04 Mise \u00e0 jour de la m\u00eame version principale<\/strong><\/h6><em>Exemple : 1.7.5 \u2192 1.7.8.11 ou 8.0.1 \u2192 8.1.7<br \/><\/em><br \/><strong>Pour :<\/strong><br \/>\u2705 <strong>Entretien de l'ensemble de la structure et de l'apparence du magasin<\/strong><br \/>Compatibilit\u00e9 avec les modules actuellement install\u00e9s<br \/>\u2705 <strong>Augmenter le niveau de s\u00e9curit\u00e9<\/strong><br \/>Am\u00e9lioration de la stabilit\u00e9 op\u00e9rationnelle<br \/>\u2705 Suppression des bogues et des lacunes connues\t\t\t\t\t\t\t\t<\/div>\n\t\t\t\t<\/div>\n\t\t\t\t<div class=\"elementor-element elementor-element-bd55802 elementor-widget elementor-widget-spacer\" data-id=\"bd55802\" data-element_type=\"widget\" data-e-type=\"widget\" data-widget_type=\"spacer.default\">\n\t\t\t\t\t\t\t<div class=\"elementor-spacer\">\n\t\t\t<div class=\"elementor-spacer-inner\"><\/div>\n\t\t<\/div>\n\t\t\t\t\t\t<\/div>\n\t\t<div class=\"elementor-element elementor-element-acb2a15 e-con-full e-flex e-con e-child\" data-id=\"acb2a15\" data-element_type=\"container\" data-e-type=\"container\">\n\t\t\t\t<div class=\"elementor-element elementor-element-3df3a5b elementor-widget elementor-widget-text-editor\" data-id=\"3df3a5b\" data-element_type=\"widget\" data-e-type=\"widget\" data-widget_type=\"text-editor.default\">\n\t\t\t\t\t\t\t\t\t<h6 style=\"text-align: center;\">\ud83d\ude80 Migration vers une version principale plus r\u00e9cente<\/h6><p><em>Exemple : 1.6.x \u2192 8.x ou 1.7.x \u2192 8.x<br \/><\/em><br \/><strong>Pour :<\/strong><br \/>\u2705 Acc\u00e8s \u00e0 <strong>le plus r\u00e9cent<\/strong> fonctionnalit\u00e9s de commerce \u00e9lectronique<br \/>\u2705 Peut n\u00e9cessiter l'adaptation d'un mod\u00e8le graphique<br \/>\u2705 <strong>N\u00e9cessit\u00e9<\/strong> v\u00e9rification de la compatibilit\u00e9 des modules<br \/>\u2705 <strong>Am\u00e9lioration significative de l'efficacit\u00e9 et de la s\u00e9curit\u00e9<\/strong><br \/><strong>\u2705 N\u00e9cessit\u00e9 d'une analyse et d'une \u00e9valuation individuelles<\/strong><\/p>\t\t\t\t\t\t\t\t<\/div>\n\t\t\t\t<\/div>\n\t\t\t\t\t<\/div>\n\t\t\t\t<\/div>\n\t\t<div class=\"elementor-element elementor-element-3df299d e-flex e-con-boxed e-con e-parent\" data-id=\"3df299d\" data-element_type=\"container\" data-e-type=\"container\">\n\t\t\t\t\t<div class=\"e-con-inner\">\n\t\t\t\t<div class=\"elementor-element elementor-element-7845f0d elementor-widget elementor-widget-spacer\" data-id=\"7845f0d\" data-element_type=\"widget\" data-e-type=\"widget\" data-widget_type=\"spacer.default\">\n\t\t\t\t\t\t\t<div class=\"elementor-spacer\">\n\t\t\t<div class=\"elementor-spacer-inner\"><\/div>\n\t\t<\/div>\n\t\t\t\t\t\t<\/div>\n\t\t\t\t\t<\/div>\n\t\t\t\t<\/div>\n\t\t<div class=\"elementor-element elementor-element-4a822b5 e-flex e-con-boxed e-con e-parent\" data-id=\"4a822b5\" data-element_type=\"container\" data-e-type=\"container\">\n\t\t\t\t\t<div class=\"e-con-inner\">\n\t\t\t\t<div class=\"elementor-element elementor-element-9470d9e elementor-widget elementor-widget-spacer\" data-id=\"9470d9e\" data-element_type=\"widget\" data-e-type=\"widget\" data-widget_type=\"spacer.default\">\n\t\t\t\t\t\t\t<div class=\"elementor-spacer\">\n\t\t\t<div class=\"elementor-spacer-inner\"><\/div>\n\t\t<\/div>\n\t\t\t\t\t\t<\/div>\n\t\t\t\t<div class=\"elementor-element elementor-element-c8ebd1f elementor-widget elementor-widget-heading\" data-id=\"c8ebd1f\" data-element_type=\"widget\" data-e-type=\"widget\" data-widget_type=\"heading.default\">\n\t\t\t\t\t<h6 class=\"elementor-heading-title elementor-size-default\">Notre processus de mise \u00e0 niveau - 6 \u00e9tapes pour r\u00e9ussir<\/h6>\t\t\t\t<\/div>\n\t\t\t\t<div class=\"elementor-element elementor-element-3b85c89 elementor-widget elementor-widget-text-editor\" data-id=\"3b85c89\" data-element_type=\"widget\" data-e-type=\"widget\" data-widget_type=\"text-editor.default\">\n\t\t\t\t\t\t\t\t\t<p><strong>1\ufe0f\u20e3 S\u00e9curit\u00e9 des donn\u00e9es<\/strong><br \/>Nous faisons <strong>sauvegarde compl\u00e8te<\/strong> et tous les fichiers de l'atelier, \u00e9liminant ainsi tout risque de perte d'informations.<br \/><br \/><strong>2\ufe0f\u20e3 Environnement de test<\/strong><br \/>Nous cr\u00e9ons une copie identique de votre boutique sur le serveur de d\u00e9veloppement, de mani\u00e8re \u00e0 ce que le syst\u00e8me de gestion de la boutique puisse \u00eatre mis \u00e0 jour. <strong>l'atelier de production fonctionne bien<\/strong>.<br \/><br \/><strong>3\ufe0f\u20e3 Mise \u00e0 jour du test<\/strong><br \/>Nous r\u00e9alisons <strong>le processus de mise \u00e0 jour dans un environnement s\u00e9curis\u00e9<\/strong>Les services de la Commission europ\u00e9enne sont charg\u00e9s d'identifier les probl\u00e8mes potentiels et de les r\u00e9soudre.<br \/><br \/><strong>4\ufe0f\u20e3 R\u00e9solution des conflits<\/strong><br \/><strong>Nous \u00e9liminons les incompatibilit\u00e9s \u00e9ventuelles<\/strong> entre les modules, le mod\u00e8le et la nouvelle version de PrestaShop.<br \/><br \/><strong>5\ufe0f\u20e3 Test complet<\/strong><br \/><strong>Ensemble, nous v\u00e9rifions le fonctionnement de<\/strong> de toutes les fonctions de l'atelier jusqu'\u00e0 ce que les r\u00e9sultats soient pleinement accept\u00e9s.<br \/><br \/><strong>6\ufe0f\u20e3 Mise en \u0153uvre de la production<\/strong><br \/>D\u00e9m\u00e9nagement <strong>Mise \u00e0 jour v\u00e9rifi\u00e9e<\/strong> pour un atelier de production \u00e0 <strong>date convenue<\/strong>.<\/p>\t\t\t\t\t\t\t\t<\/div>\n\t\t\t\t<div class=\"elementor-element elementor-element-b0994ae elementor-widget elementor-widget-spacer\" data-id=\"b0994ae\" data-element_type=\"widget\" data-e-type=\"widget\" data-widget_type=\"spacer.default\">\n\t\t\t\t\t\t\t<div class=\"elementor-spacer\">\n\t\t\t<div class=\"elementor-spacer-inner\"><\/div>\n\t\t<\/div>\n\t\t\t\t\t\t<\/div>\n\t\t\t\t\t<\/div>\n\t\t\t\t<\/div>\n\t\t<div class=\"elementor-element elementor-element-9a8c418 e-flex e-con-boxed e-con e-parent\" data-id=\"9a8c418\" data-element_type=\"container\" data-e-type=\"container\">\n\t\t\t\t\t<div class=\"e-con-inner\">\n\t\t\t\t<div class=\"elementor-element elementor-element-38728bc elementor-widget elementor-widget-spacer\" data-id=\"38728bc\" data-element_type=\"widget\" data-e-type=\"widget\" data-widget_type=\"spacer.default\">\n\t\t\t\t\t\t\t<div class=\"elementor-spacer\">\n\t\t\t<div class=\"elementor-spacer-inner\"><\/div>\n\t\t<\/div>\n\t\t\t\t\t\t<\/div>\n\t\t\t\t<div class=\"elementor-element elementor-element-948df8f elementor-widget elementor-widget-heading\" data-id=\"948df8f\" data-element_type=\"widget\" data-e-type=\"widget\" data-widget_type=\"heading.default\">\n\t\t\t\t\t<h6 class=\"elementor-heading-title elementor-size-default\">Avantages de la mise \u00e0 jour<\/h6>\t\t\t\t<\/div>\n\t\t\t\t\t<\/div>\n\t\t\t\t<\/div>\n\t\t<div class=\"elementor-element elementor-element-3ff8a0b e-flex e-con-boxed e-con e-parent\" data-id=\"3ff8a0b\" data-element_type=\"container\" data-e-type=\"container\">\n\t\t\t\t\t<div class=\"e-con-inner\">\n\t\t<div class=\"elementor-element elementor-element-a4d9677 e-con-full e-flex e-con e-child\" data-id=\"a4d9677\" data-element_type=\"container\" data-e-type=\"container\">\n\t\t\t\t<div class=\"elementor-element elementor-element-2678d1a elementor-widget elementor-widget-text-editor\" data-id=\"2678d1a\" data-element_type=\"widget\" data-e-type=\"widget\" data-widget_type=\"text-editor.default\">\n\t\t\t\t\t\t\t\t\t<strong>\ud83d\udee1\ufe0f S\u00e9curit\u00e9 au plus haut niveau<\/strong><br \/>Derni\u00e8res versions de PrestaShop <strong>inclure des patchs de s\u00e9curit\u00e9<\/strong> par rapport aux lacunes et aux risques connus.\t\t\t\t\t\t\t\t<\/div>\n\t\t\t\t<\/div>\n\t\t<div class=\"elementor-element elementor-element-cd332a4 e-con-full e-flex e-con e-child\" data-id=\"cd332a4\" data-element_type=\"container\" data-e-type=\"container\">\n\t\t\t\t<div class=\"elementor-element elementor-element-f5948e3 elementor-widget elementor-widget-text-editor\" data-id=\"f5948e3\" data-element_type=\"widget\" data-e-type=\"widget\" data-widget_type=\"text-editor.default\">\n\t\t\t\t\t\t\t\t\t<strong>\u26a1 Augmentation de la productivit\u00e9<\/strong><br \/>Les optimisations du code se traduisent par <strong>des pages qui se chargent plus rapidement<\/strong> et une meilleure exp\u00e9rience pour l'utilisateur.\t\t\t\t\t\t\t\t<\/div>\n\t\t\t\t<\/div>\n\t\t<div class=\"elementor-element elementor-element-eb24874 e-con-full e-flex e-con e-child\" data-id=\"eb24874\" data-element_type=\"container\" data-e-type=\"container\">\n\t\t\t\t<div class=\"elementor-element elementor-element-12312cc elementor-widget elementor-widget-text-editor\" data-id=\"12312cc\" data-element_type=\"widget\" data-e-type=\"widget\" data-widget_type=\"text-editor.default\">\n\t\t\t\t\t\t\t\t\t<strong>\ud83c\udfaf Meilleur positionnement dans les moteurs de recherche<\/strong><br \/>Le code moderne prend en charge <strong>Optimisation du r\u00e9f\u00e9rencement<\/strong> i <strong>am\u00e9liore les r\u00e9sultats dans Google<\/strong>.\t\t\t\t\t\t\t\t<\/div>\n\t\t\t\t<\/div>\n\t\t<div class=\"elementor-element elementor-element-457f1bd e-con-full e-flex e-con e-child\" data-id=\"457f1bd\" data-element_type=\"container\" data-e-type=\"container\">\n\t\t\t\t<div class=\"elementor-element elementor-element-fd77cdc elementor-widget elementor-widget-text-editor\" data-id=\"fd77cdc\" data-element_type=\"widget\" data-e-type=\"widget\" data-widget_type=\"text-editor.default\">\n\t\t\t\t\t\t\t\t\t<strong>\ud83d\udd27 Nouvelles opportunit\u00e9s<\/strong><br \/>L'acc\u00e8s \u00e0 <strong>les derniers modules, l'int\u00e9gration<\/strong> i <strong>fonctionnalit\u00e9s<\/strong> le commerce \u00e9lectronique.<br \/>\t\t\t\t\t\t\t\t<\/div>\n\t\t\t\t<\/div>\n\t\t\t\t\t<\/div>\n\t\t\t\t<\/div>\n\t\t<div class=\"elementor-element elementor-element-94e50c7 e-flex e-con-boxed e-con e-parent\" data-id=\"94e50c7\" data-element_type=\"container\" data-e-type=\"container\">\n\t\t\t\t\t<div class=\"e-con-inner\">\n\t\t\t\t<div class=\"elementor-element elementor-element-f6eaea9 elementor-widget elementor-widget-spacer\" data-id=\"f6eaea9\" data-element_type=\"widget\" data-e-type=\"widget\" data-widget_type=\"spacer.default\">\n\t\t\t\t\t\t\t<div class=\"elementor-spacer\">\n\t\t\t<div class=\"elementor-spacer-inner\"><\/div>\n\t\t<\/div>\n\t\t\t\t\t\t<\/div>\n\t\t\t\t\t<\/div>\n\t\t\t\t<\/div>\n\t\t<div class=\"elementor-element elementor-element-667e20c e-flex e-con-boxed e-con e-parent\" data-id=\"667e20c\" data-element_type=\"container\" data-e-type=\"container\">\n\t\t\t\t\t<div class=\"e-con-inner\">\n\t\t\t\t<div class=\"elementor-element elementor-element-2c08653 elementor-widget elementor-widget-spacer\" data-id=\"2c08653\" data-element_type=\"widget\" data-e-type=\"widget\" data-widget_type=\"spacer.default\">\n\t\t\t\t\t\t\t<div class=\"elementor-spacer\">\n\t\t\t<div class=\"elementor-spacer-inner\"><\/div>\n\t\t<\/div>\n\t\t\t\t\t\t<\/div>\n\t\t\t\t<div class=\"elementor-element elementor-element-259dbf7 elementor-widget elementor-widget-heading\" data-id=\"259dbf7\" data-element_type=\"widget\" data-e-type=\"widget\" data-widget_type=\"heading.default\">\n\t\t\t\t\t<h6 class=\"elementor-heading-title elementor-size-default\">D\u00e9tails de la mise en \u0153uvre<\/h6>\t\t\t\t<\/div>\n\t\t\t\t<div class=\"elementor-element elementor-element-6905e56 elementor-widget elementor-widget-text-editor\" data-id=\"6905e56\" data-element_type=\"widget\" data-e-type=\"widget\" data-widget_type=\"text-editor.default\">\n\t\t\t\t\t\t\t\t\t<ul><li><strong>Temps d'ex\u00e9cution :<\/strong> 7-14 jours ouvrables (en fonction de la complexit\u00e9)<\/li><li><strong>Disponibilit\u00e9 du magasin :<\/strong> 100% - l'atelier fonctionne en continu tout au long du processus<\/li><li><strong>Garantie :<\/strong> Assistance technique compl\u00e8te pendant 30 jours apr\u00e8s la mise \u00e0 jour<\/li><li><strong>Travail suppl\u00e9mentaire :<\/strong> Mise \u00e0 jour des modules, changement de mod\u00e8le, mise \u00e0 niveau de la version PHP - prix \u00e0 l'unit\u00e9<\/li><\/ul>\t\t\t\t\t\t\t\t<\/div>\n\t\t\t\t<div class=\"elementor-element elementor-element-5a517ec elementor-widget elementor-widget-text-editor\" data-id=\"5a517ec\" data-element_type=\"widget\" data-e-type=\"widget\" data-widget_type=\"text-editor.default\">\n\t\t\t\t\t\t\t\t\t<p style=\"text-align: left;\"><strong>Remarques compl\u00e9mentaires<\/strong><br \/>Mise \u00e0 jour <a href=\"https:\/\/prestashop.com\/\" title=\"PrestaShop\" target=\"_blank\" rel=\"noopener\">PrestaShop<\/a> se concentre sur le syst\u00e8me de la boutique et ses fonctionnalit\u00e9s. Si votre boutique n\u00e9cessite \u00e9galement une optimisation des performances, de la vitesse de chargement ou du r\u00e9f\u00e9rencement, nous vous recommandons d'envisager des services d'optimisation suppl\u00e9mentaires.<br \/><br \/><em>Une mise \u00e0 jour professionnelle de PrestaShop est un investissement dans l'avenir de votre boutique en ligne. Nous fournissons un processus s\u00e9curis\u00e9, un support complet et une garantie de satisfaction.<\/em><\/p>\t\t\t\t\t\t\t\t<\/div>\n\t\t\t\t\t<\/div>\n\t\t\t\t<\/div>\n\t\t\t\t<\/div>","protected":false},"excerpt":{"rendered":"Aktualizacja Prestashop &#8211; dlaczego warto zaktualizowa\u0107 sw\u00f3j sklep? Aktualizacja sklepu Presta Shop zapewnia wi\u0119ksze bezpiecze\u0144stwo, chroni\u0105c przed lukami i atakami. Nowe wersje oferuj\u0105 te\u017c lepsz\u0105 wydajno\u015b\u0107, zgodno\u015b\u0107 z aktualnymi technologiami","protected":false},"featured_media":5086,"comment_status":"open","ping_status":"closed","template":"","meta":{"powered_cache_disable_cache":false,"powered_cache_disable_css_optimization":false,"powered_cache_disable_js_optimization":false},"product_brand":[275],"product_cat":[129],"product_tag":[284,285,244],"class_list":{"0":"post-5083","1":"product","2":"type-product","3":"status-publish","4":"has-post-thumbnail","6":"product_brand-cocos","7":"product_cat-uslugi","8":"product_tag-aktualizacja","9":"product_tag-najnowsza-wersja-prestashop","10":"product_tag-prestashop","12":"first","13":"instock","14":"taxable","15":"shipping-taxable","16":"purchasable","17":"product-type-simple"},"_links":{"self":[{"href":"https:\/\/cocos.codes\/fr\/wp-json\/wp\/v2\/product\/5083","targetHints":{"allow":["GET"]}}],"collection":[{"href":"https:\/\/cocos.codes\/fr\/wp-json\/wp\/v2\/product"}],"about":[{"href":"https:\/\/cocos.codes\/fr\/wp-json\/wp\/v2\/types\/product"}],"replies":[{"embeddable":true,"href":"https:\/\/cocos.codes\/fr\/wp-json\/wp\/v2\/comments?post=5083"}],"version-history":[{"count":0,"href":"https:\/\/cocos.codes\/fr\/wp-json\/wp\/v2\/product\/5083\/revisions"}],"wp:featuredmedia":[{"embeddable":true,"href":"https:\/\/cocos.codes\/fr\/wp-json\/wp\/v2\/media\/5086"}],"wp:attachment":[{"href":"https:\/\/cocos.codes\/fr\/wp-json\/wp\/v2\/media?parent=5083"}],"wp:term":[{"taxonomy":"product_brand","embeddable":true,"href":"https:\/\/cocos.codes\/fr\/wp-json\/wp\/v2\/product_brand?post=5083"},{"taxonomy":"product_cat","embeddable":true,"href":"https:\/\/cocos.codes\/fr\/wp-json\/wp\/v2\/product_cat?post=5083"},{"taxonomy":"product_tag","embeddable":true,"href":"https:\/\/cocos.codes\/fr\/wp-json\/wp\/v2\/product_tag?post=5083"}],"curies":[{"name":"wp","href":"https:\/\/api.w.org\/{rel}","templated":true}]}}