{"id":4730,"date":"2025-06-30T17:57:20","date_gmt":"2025-06-30T15:57:20","guid":{"rendered":"https:\/\/cocos.codes\/?post_type=product&#038;p=4730"},"modified":"2026-01-22T21:27:14","modified_gmt":"2026-01-22T20:27:14","slug":"des-changements-de-prix-massifs","status":"publish","type":"product","link":"https:\/\/cocos.codes\/fr\/produkt\/masowa-zmiana-cen\/","title":{"rendered":"PrestaShop Changement de prix en masse 1.0.0"},"content":{"rendered":"<div data-elementor-type=\"wp-post\" data-elementor-id=\"4730\" class=\"elementor elementor-4730\">\n\t\t\t\t<div class=\"elementor-element elementor-element-fb67216 e-flex e-con-boxed e-con e-parent\" data-id=\"fb67216\" data-element_type=\"container\" data-e-type=\"container\">\n\t\t\t\t\t<div class=\"e-con-inner\">\n\t\t\t\t<div class=\"elementor-element elementor-element-3555790 elementor-widget elementor-widget-text-editor\" data-id=\"3555790\" data-element_type=\"widget\" data-e-type=\"widget\" data-widget_type=\"text-editor.default\">\n\t\t\t\t\t\t\t\t\t<h6><strong>CC PrestaShop Mass Price Change - Modifier rapidement et en toute s\u00e9curit\u00e9 les prix des produits<\/strong><\/h6><p>Gagnez du temps et g\u00e9rez les prix de votre boutique encore plus efficacement ! <strong>CC <a href=\"https:\/\/prestashop.com\/\" title=\"PrestaShop\" target=\"_blank\" rel=\"noopener\">PrestaShop<\/a> Changement de prix en masse<\/strong> est un module avanc\u00e9 qui vous permet de modifier rapidement et en toute s\u00e9curit\u00e9 les prix de plusieurs produits \u00e0 la fois. Utilisez des filtres intelligents, des sauvegardes automatiques et un historique complet des modifications pour avoir un contr\u00f4le total sur votre politique de prix. <a href=\"https:\/\/cocos.codes\/fr\/categorie-produit\/magasins-individuels\/\" title=\"Boutique\">boutique<\/a>.<\/p>\t\t\t\t\t\t\t\t<\/div>\n\t\t\t\t<div class=\"elementor-element elementor-element-4aeca23 elementor-widget elementor-widget-spacer\" data-id=\"4aeca23\" data-element_type=\"widget\" data-e-type=\"widget\" data-widget_type=\"spacer.default\">\n\t\t\t\t\t\t\t<div class=\"elementor-spacer\">\n\t\t\t<div class=\"elementor-spacer-inner\"><\/div>\n\t\t<\/div>\n\t\t\t\t\t\t<\/div>\n\t\t\t\t\t<\/div>\n\t\t\t\t<\/div>\n\t\t<div class=\"elementor-element elementor-element-c022e9a e-grid e-con-boxed e-con e-parent\" data-id=\"c022e9a\" data-element_type=\"container\" data-e-type=\"container\">\n\t\t\t\t\t<div class=\"e-con-inner\">\n\t\t\t\t<div class=\"elementor-element elementor-element-27bf348 elementor-widget elementor-widget-pls-button\" data-id=\"27bf348\" data-element_type=\"widget\" data-e-type=\"widget\" data-widget_type=\"pls-button.default\">\n\t\t\t\t<div class=\"elementor-widget-container\">\n\t\t\t\t\t<div id=\"pls-button-69644\" class=\"pls-element pls-button\">\n\t<a class=\"button btn-style-flat\" href=\"https:\/\/cocos.codes\/fr\/base-de-connaissances\/prestashop\/documentation-prestashop\/des-changements-de-prix-massifs\/\" title=\"DOCUMENTATION\" target=\"_blank\">\n\t\tDOCUMENTATION\t<\/a>\n<\/div>\n\t\t\t\t<\/div>\n\t\t\t\t<\/div>\n\t\t\t\t<div class=\"elementor-element elementor-element-b1479e2 elementor-widget elementor-widget-pls-button\" data-id=\"b1479e2\" data-element_type=\"widget\" data-e-type=\"widget\" data-widget_type=\"pls-button.default\">\n\t\t\t\t<div class=\"elementor-widget-container\">\n\t\t\t\t\t<div id=\"pls-button-85230\" class=\"pls-element pls-button\">\n\t<a class=\"button btn-style-flat\" href=\"https:\/\/demo.cocos.codes\/cc_ps_mass_price\/\" title=\"DEMO\" target=\"_blank\">\n\t\tDEMO\t<\/a>\n<\/div>\n\t\t\t\t<\/div>\n\t\t\t\t<\/div>\n\t\t\t\t\t<\/div>\n\t\t\t\t<\/div>\n\t\t<div class=\"elementor-element elementor-element-381878d e-flex e-con-boxed e-con e-parent\" data-id=\"381878d\" data-element_type=\"container\" data-e-type=\"container\">\n\t\t\t\t\t<div class=\"e-con-inner\">\n\t\t\t\t<div class=\"elementor-element elementor-element-539e7ce elementor-widget elementor-widget-spacer\" data-id=\"539e7ce\" data-element_type=\"widget\" data-e-type=\"widget\" data-widget_type=\"spacer.default\">\n\t\t\t\t\t\t\t<div class=\"elementor-spacer\">\n\t\t\t<div class=\"elementor-spacer-inner\"><\/div>\n\t\t<\/div>\n\t\t\t\t\t\t<\/div>\n\t\t\t\t<div class=\"elementor-element elementor-element-2be1df0 elementor-widget elementor-widget-text-editor\" data-id=\"2be1df0\" data-element_type=\"widget\" data-e-type=\"widget\" data-widget_type=\"text-editor.default\">\n\t\t\t\t\t\t\t\t\t<h6><strong>Une multitude de fonctions et de possibilit\u00e9s<\/strong><\/h6><p><strong>\ud83d\udcb0 Options avanc\u00e9es de modification des prix<\/strong><br \/>\u2705 <strong>Trois types de changement<\/strong> - pourcentages, valeurs fixes ou fixation directe du prix<br \/>\u2705 <strong>Modification nette et brute<\/strong> - conversion automatique de la TVA pour chaque produit<br \/>\u2705 <strong>L'arrondi intelligent<\/strong> - 7 fa\u00e7ons de s'adapter aux conseils de prix populaires<br \/>\u2705 <strong>Aper\u00e7u des changements<\/strong> - v\u00e9rification des r\u00e9sultats avant application<br \/>\u2705 <strong>Mode test<\/strong> - simulation sans enregistrement dans la base de donn\u00e9es<\/p><p><strong>\ud83c\udfaf Filtrage pr\u00e9cis des produits<\/strong><br \/>\u2705 <strong>Filtres de cat\u00e9gorie<\/strong> - s\u00e9lection de produits dans des cat\u00e9gories sp\u00e9cifiques<br \/>\u2705 <strong>Fourchette de prix<\/strong> - s\u00e9lection en fonction des prix actuels des produits<br \/>\u2705 <strong>Stocks<\/strong> - filtrage par quantit\u00e9 en stock<br \/>\u2705 <strong>Statut de l'activit\u00e9<\/strong> - uniquement les produits actifs ou tous les produits<br \/>\u2705 <strong>Combinaison de filtres<\/strong> - la combinaison de crit\u00e8res pour une s\u00e9lection pr\u00e9cise<\/p><p><strong>\ud83d\udd12 Syst\u00e8me de s\u00e9curit\u00e9 des donn\u00e9es<\/strong><br \/>\u2705 <strong>Sauvegardes automatiques<\/strong> - sauvegarde avant chaque op\u00e9ration de masse<br \/>\u2705 <strong>Sauvegardes manuelles<\/strong> - la cr\u00e9ation de copies \u00e0 tout moment<br \/>\u2705 <strong>Restauration rapide<\/strong> - annulation des modifications en un seul clic<br \/>\u2705 <strong>Gestion des archives<\/strong> - le contr\u00f4le des anciennes sauvegardes<br \/>\u2705 <strong>S\u00e9curit\u00e9 des op\u00e9rations<\/strong> - des confirmations avant que les changements ne soient effectu\u00e9s<\/p><p><strong>\ud83d\udcca Journalisation et audit d\u00e9taill\u00e9s<\/strong><br \/>\u2705 <strong>Historique de tous les changements<\/strong> - enregistrement complet des modifications de prix<br \/>\u2705 <strong>Informations sur l'utilisateur<\/strong> - qui a effectu\u00e9 les changements et quand<br \/>\u2705 <strong>Filtres \u00e0 journaux<\/strong> - recherche par produit, date, utilisateur<br \/>\u2705 <strong>Statistiques des op\u00e9rations<\/strong> - rapports quotidiens, hebdomadaires et g\u00e9n\u00e9raux<br \/>\u2705 <strong>Contr\u00f4le de l'enregistrement<\/strong> - possibilit\u00e9 d'activer\/d\u00e9sactiver les journaux<\/p><p><strong>\u2699\ufe0f Configuration flexible<\/strong><br \/>\u2705 <strong>Param\u00e8tres par d\u00e9faut<\/strong> - personnalisation des valeurs standard<br \/>\u2705 <strong>Limites de s\u00e9curit\u00e9<\/strong> - contr\u00f4le du nombre maximum de produits par op\u00e9ration<br \/>\u2705 <strong>Multilinguisme<\/strong> - prise en charge de toutes les langues de PrestaShop<br \/>\u2705 <strong>Interface r\u00e9active<\/strong> - gestion pratique sur n'importe quel appareil<br \/>\u2705 <strong>Int\u00e9gration avec PrestaShop<\/strong> - compatibilit\u00e9 totale avec le syst\u00e8me de magasin<\/p><p><strong>\ud83d\udd27 Caract\u00e9ristiques techniques<\/strong><br \/>\u2705 <strong>Optimisation des performances<\/strong> - g\u00e9rer de grandes boutiques avec des milliers de produits<br \/>\u2705 <strong>Syst\u00e8me de licence<\/strong> - activation et gestion s\u00e9curis\u00e9es<br \/>\u2705 <strong>Pagination des r\u00e9sultats<\/strong> - navigation efficace dans les grands ensembles de donn\u00e9es<br \/>\u2705 <strong>Compatibilit\u00e9<\/strong> - fonctionne avec PrestaShop 1.7.0.0 et les versions ult\u00e9rieures<br \/>\u2705 <strong>Documentation d\u00e9taill\u00e9e<\/strong> - mode d'emploi complet<\/p>\t\t\t\t\t\t\t\t<\/div>\n\t\t\t\t<div class=\"elementor-element elementor-element-271c3e1 elementor-widget elementor-widget-spacer\" data-id=\"271c3e1\" data-element_type=\"widget\" data-e-type=\"widget\" data-widget_type=\"spacer.default\">\n\t\t\t\t\t\t\t<div class=\"elementor-spacer\">\n\t\t\t<div class=\"elementor-spacer-inner\"><\/div>\n\t\t<\/div>\n\t\t\t\t\t\t<\/div>\n\t\t\t\t<div class=\"elementor-element elementor-element-1b98951 elementor-widget elementor-widget-text-editor\" data-id=\"1b98951\" data-element_type=\"widget\" data-e-type=\"widget\" data-widget_type=\"text-editor.default\">\n\t\t\t\t\t\t\t\t\t<h6><strong>Des possibilit\u00e9s d'application infinies<\/strong><\/h6><p>Le module CC PrestaShop Mass Price Change est id\u00e9al pour :<\/p><p><strong>Gestion des promotions<\/strong><br \/>\u2705 <strong>Ventes saisonni\u00e8res<\/strong> - r\u00e9duction rapide des prix de cat\u00e9gories enti\u00e8res<br \/>\u2705 <strong>Vendredi noir et cyber lundi<\/strong> - promotions de masse en quelques clics<br \/>\u2705 <strong>Promotions temporaires<\/strong> - r\u00e9tablissement facile des prix d'origine<br \/>\u2705 <strong>Codes de r\u00e9duction<\/strong> - l'alignement des prix sur les campagnes de marketing<\/p><p><strong>Mise \u00e0 jour des prix<\/strong><br \/>\u2705 <strong>Changements dans les prix des fournisseurs<\/strong> - r\u00e9percuter les hausses des prix de d\u00e9tail<br \/>\u2705 <strong>Inflation et valorisation<\/strong> - pourcentage d'ajustement de tous les prix<br \/>\u2705 <strong>Ajustements des marges<\/strong> - optimiser la rentabilit\u00e9 des produits<br \/>\u2705 <strong>Unification des prix<\/strong> - l'unification des prix \u00e0 l'int\u00e9rieur des cat\u00e9gories<\/p><p><strong>Op\u00e9rations commerciales<\/strong><br \/>\u2705 <strong>Modification de la strat\u00e9gie de tarification<\/strong> - passer \u00e0 un nouveau mod\u00e8le de tarification<br \/>\u2705 <strong>Alignement sur la concurrence<\/strong> - une r\u00e9ponse rapide \u00e0 l'\u00e9volution du march\u00e9<br \/>\u2705 <strong>Gestion des conseils<\/strong> - application de la psychologie des prix (.99, .49)<br \/>\u2705 <strong>Optimisation de la TVA<\/strong> - les conversions entre les prix nets et les prix bruts<\/p>\t\t\t\t\t\t\t\t<\/div>\n\t\t\t\t<div class=\"elementor-element elementor-element-5e0445e elementor-widget elementor-widget-spacer\" data-id=\"5e0445e\" data-element_type=\"widget\" data-e-type=\"widget\" data-widget_type=\"spacer.default\">\n\t\t\t\t\t\t\t<div class=\"elementor-spacer\">\n\t\t\t<div class=\"elementor-spacer-inner\"><\/div>\n\t\t<\/div>\n\t\t\t\t\t\t<\/div>\n\t\t\t\t<div class=\"elementor-element elementor-element-389c429 elementor-widget elementor-widget-text-editor\" data-id=\"389c429\" data-element_type=\"widget\" data-e-type=\"widget\" data-widget_type=\"text-editor.default\">\n\t\t\t\t\t\t\t\t\t<h6><strong>\ud83d\udcc8 Augmentez votre efficacit\u00e9 !<\/strong><\/h6><strong>Gestion professionnelle des prix<\/strong> est la cl\u00e9 du succ\u00e8s en mati\u00e8re de commerce \u00e9lectronique. Gr\u00e2ce \u00e0 la <strong>automatisation des processus<\/strong>, <strong>sauvegardes s\u00e9curis\u00e9es<\/strong> i <strong>audit d\u00e9taill\u00e9<\/strong>sauver <strong>des dizaines d'heures de travail<\/strong> par mois et d'\u00e9viter <strong>des erreurs co\u00fbteuses<\/strong>. Optez pour un outil qui <strong>am\u00e9liore les affaires<\/strong>!\t\t\t\t\t\t\t\t<\/div>\n\t\t\t\t<div class=\"elementor-element elementor-element-f186edf elementor-widget elementor-widget-spacer\" data-id=\"f186edf\" data-element_type=\"widget\" data-e-type=\"widget\" data-widget_type=\"spacer.default\">\n\t\t\t\t\t\t\t<div class=\"elementor-spacer\">\n\t\t\t<div class=\"elementor-spacer-inner\"><\/div>\n\t\t<\/div>\n\t\t\t\t\t\t<\/div>\n\t\t\t\t<div class=\"elementor-element elementor-element-70b0b28 elementor-widget elementor-widget-text-editor\" data-id=\"70b0b28\" data-element_type=\"widget\" data-e-type=\"widget\" data-widget_type=\"text-editor.default\">\n\t\t\t\t\t\t\t\t\t<h6><strong>Pour qui ?<\/strong><\/h6><p>Le module est id\u00e9al pour tout le monde :<br \/>\u2714 <strong>Boutiques PrestaShop<\/strong> avec un grand nombre de produits n\u00e9cessitant des mises \u00e0 jour de prix r\u00e9guli\u00e8res<br \/>\u2714 <strong>Responsables du commerce \u00e9lectronique<\/strong> \u00e0 la recherche d'outils pour une gestion efficace de l'assortiment<br \/>\u2714 <strong>Commer\u00e7ants<\/strong> l'organisation de promotions et de ventes fr\u00e9quentes<br \/>\u2714 <strong>Soci\u00e9t\u00e9s de dropshipping<\/strong> la n\u00e9cessit\u00e9 de r\u00e9agir rapidement aux changements de prix des fournisseurs<br \/>\u2714 <strong>Grossistes<\/strong> la gestion de diff\u00e9rents groupes de prix<br \/>\u2714 <strong>Administrateurs de magasins<\/strong> assurer la s\u00e9curit\u00e9 et l'audit des op\u00e9rations de tarification<br \/>\u2714 <strong>Entrepreneurs<\/strong> ceux qui mettent l'accent sur l'automatisation et le gain de temps<\/p>\t\t\t\t\t\t\t\t<\/div>\n\t\t\t\t<div class=\"elementor-element elementor-element-03009ef elementor-widget elementor-widget-spacer\" data-id=\"03009ef\" data-element_type=\"widget\" data-e-type=\"widget\" data-widget_type=\"spacer.default\">\n\t\t\t\t\t\t\t<div class=\"elementor-spacer\">\n\t\t\t<div class=\"elementor-spacer-inner\"><\/div>\n\t\t<\/div>\n\t\t\t\t\t\t<\/div>\n\t\t\t\t<div class=\"elementor-element elementor-element-f21b756 elementor-widget elementor-widget-text-editor\" data-id=\"f21b756\" data-element_type=\"widget\" data-e-type=\"widget\" data-widget_type=\"text-editor.default\">\n\t\t\t\t\t\t\t\t\t<p><div class=\"pls-block pls-block-3297\">\t\t<div data-elementor-type=\"wp-post\" data-elementor-id=\"3297\" class=\"elementor elementor-3297\">\n\t\t\t\t<div class=\"elementor-element elementor-element-d99440d e-flex e-con-boxed e-con e-parent\" data-id=\"d99440d\" data-element_type=\"container\" data-e-type=\"container\" data-settings=\"{&quot;background_background&quot;:&quot;classic&quot;}\">\n\t\t\t\t\t<div class=\"e-con-inner\">\n\t\t\t\t<div class=\"elementor-element elementor-element-b850409 elementor-widget elementor-widget-text-editor\" data-id=\"b850409\" data-element_type=\"widget\" data-e-type=\"widget\" data-widget_type=\"text-editor.default\">\n\t\t\t\t\t\t\t\t\t<h6><strong>\u00a0Am\u00e9liorez les capacit\u00e9s de votre atelier d\u00e8s aujourd'hui ! <\/strong><strong>\ud83d\ude80<\/strong><\/h6>Ajoutez de nouvelles fonctionnalit\u00e9s, am\u00e9liorez l'exp\u00e9rience utilisateur et augmentez les conversions gr\u00e2ce \u00e0 notre module. Installation facile, compatibilit\u00e9 totale et mises \u00e0 jour r\u00e9guli\u00e8res - tout ce dont vous avez besoin pour que votre boutique fonctionne encore mieux.<br \/>\u2705 Installation facile \u2705 Support professionnel \u2705 Int\u00e9gration transparente<br \/><br \/><a class=\"button simple\" href=\"#main-content\" title=\"Installez et utilisez d\u00e8s maintenant !\">Installez-la et commencez \u00e0 l'utiliser d\u00e8s maintenant !<\/a>\t\t\t\t\t\t\t\t<\/div>\n\t\t\t\t\t<\/div>\n\t\t\t\t<\/div>\n\t\t\t\t<\/div>\n\t\t<\/div><\/p>\t\t\t\t\t\t\t\t<\/div>\n\t\t\t\t\t<\/div>\n\t\t\t\t<\/div>\n\t\t\t\t<\/div>","protected":false},"excerpt":{"rendered":"CC Presta Shop Mass Price Change - Modifier rapidement et en toute s\u00e9curit\u00e9 les prix des produits Gagnez du temps et g\u00e9rez les prix de votre boutique de mani\u00e8re encore plus efficace ! CC Presta Shop Bulk Price Changing est un outil avanc\u00e9 de gestion des prix.","protected":false},"featured_media":4762,"comment_status":"open","ping_status":"closed","template":"","meta":{"powered_cache_disable_cache":false,"powered_cache_disable_css_optimization":false,"powered_cache_disable_js_optimization":false},"product_brand":[275],"product_cat":[128,131],"product_tag":[274,272,273],"class_list":{"0":"post-4730","1":"product","2":"type-product","3":"status-publish","4":"has-post-thumbnail","6":"product_brand-cocos","7":"product_cat-moduly","8":"product_cat-prestashop","9":"product_tag-ceny","10":"product_tag-masowa-zmiana-cen","11":"product_tag-modul-prestashop","13":"first","14":"instock","15":"featured","16":"downloadable","17":"virtual","18":"taxable","19":"purchasable","20":"product-type-simple"},"_links":{"self":[{"href":"https:\/\/cocos.codes\/fr\/wp-json\/wp\/v2\/product\/4730","targetHints":{"allow":["GET"]}}],"collection":[{"href":"https:\/\/cocos.codes\/fr\/wp-json\/wp\/v2\/product"}],"about":[{"href":"https:\/\/cocos.codes\/fr\/wp-json\/wp\/v2\/types\/product"}],"replies":[{"embeddable":true,"href":"https:\/\/cocos.codes\/fr\/wp-json\/wp\/v2\/comments?post=4730"}],"version-history":[{"count":0,"href":"https:\/\/cocos.codes\/fr\/wp-json\/wp\/v2\/product\/4730\/revisions"}],"wp:featuredmedia":[{"embeddable":true,"href":"https:\/\/cocos.codes\/fr\/wp-json\/wp\/v2\/media\/4762"}],"wp:attachment":[{"href":"https:\/\/cocos.codes\/fr\/wp-json\/wp\/v2\/media?parent=4730"}],"wp:term":[{"taxonomy":"product_brand","embeddable":true,"href":"https:\/\/cocos.codes\/fr\/wp-json\/wp\/v2\/product_brand?post=4730"},{"taxonomy":"product_cat","embeddable":true,"href":"https:\/\/cocos.codes\/fr\/wp-json\/wp\/v2\/product_cat?post=4730"},{"taxonomy":"product_tag","embeddable":true,"href":"https:\/\/cocos.codes\/fr\/wp-json\/wp\/v2\/product_tag?post=4730"}],"curies":[{"name":"wp","href":"https:\/\/api.w.org\/{rel}","templated":true}]}}