{"id":3980,"date":"2025-05-28T10:57:27","date_gmt":"2025-05-28T08:57:27","guid":{"rendered":"https:\/\/cocos.codes\/?post_type=product&#038;p=3980"},"modified":"2025-12-12T00:19:43","modified_gmt":"2025-12-11T23:19:43","slug":"banniere-prestashop","status":"publish","type":"product","link":"https:\/\/cocos.codes\/fr\/produkt\/prestashop-banner\/","title":{"rendered":"PrestaShop Banni\u00e8re 1.0.1"},"content":{"rendered":"<div data-elementor-type=\"wp-post\" data-elementor-id=\"3980\" class=\"elementor elementor-3980\">\n\t\t\t\t<div class=\"elementor-element elementor-element-678509c e-flex e-con-boxed e-con e-parent\" data-id=\"678509c\" data-element_type=\"container\" data-e-type=\"container\">\n\t\t\t\t\t<div class=\"e-con-inner\">\n\t\t\t\t<div class=\"elementor-element elementor-element-f528573 elementor-widget elementor-widget-text-editor\" data-id=\"f528573\" data-element_type=\"widget\" data-e-type=\"widget\" data-widget_type=\"text-editor.default\">\n\t\t\t\t\t\t\t\t\t<h6>PrestaShop Banner \u2013 Des banni\u00e8res modernes qui vendent<\/h6>Augmentez l'efficacit\u00e9 des promotions de votre magasin gr\u00e2ce \u00e0 des banni\u00e8res percutantes. <strong>CC <a href=\"https:\/\/prestashop.com\/\" title=\"PrestaShop\" target=\"_blank\" rel=\"noopener\">PrestaShop<\/a> Banni\u00e8re<\/strong> est un module intuitif qui vous permet de cr\u00e9er des banni\u00e8res attrayantes avec des animations, des arri\u00e8re-plans vid\u00e9o et des mod\u00e8les pr\u00eats \u00e0 l'emploi, sans avoir besoin de coder. Adaptez facilement l'apparence de votre boutique, attirez l'attention des clients et am\u00e9liorez vos r\u00e9sultats de vente.\t\t\t\t\t\t\t\t<\/div>\n\t\t\t\t<div class=\"elementor-element elementor-element-15118ad elementor-widget elementor-widget-spacer\" data-id=\"15118ad\" data-element_type=\"widget\" data-e-type=\"widget\" data-widget_type=\"spacer.default\">\n\t\t\t\t\t\t\t<div class=\"elementor-spacer\">\n\t\t\t<div class=\"elementor-spacer-inner\"><\/div>\n\t\t<\/div>\n\t\t\t\t\t\t<\/div>\n\t\t\t\t\t<\/div>\n\t\t\t\t<\/div>\n\t\t<div class=\"elementor-element elementor-element-b97cfd6 e-grid e-con-boxed e-con e-parent\" data-id=\"b97cfd6\" data-element_type=\"container\" data-e-type=\"container\">\n\t\t\t\t\t<div class=\"e-con-inner\">\n\t\t\t\t<div class=\"elementor-element elementor-element-f862ee6 elementor-widget elementor-widget-pls-button\" data-id=\"f862ee6\" data-element_type=\"widget\" data-e-type=\"widget\" data-widget_type=\"pls-button.default\">\n\t\t\t\t<div class=\"elementor-widget-container\">\n\t\t\t\t\t<div id=\"pls-button-77268\" class=\"pls-element pls-button\">\n\t<a class=\"button btn-style-flat\" href=\"https:\/\/cocos.codes\/fr\/base-de-connaissances\/prestashop\/documentation-prestashop\/banniere-prestashop\/\" title=\"DOCUMENTATION\" target=\"_blank\">\n\t\tDOCUMENTATION\t<\/a>\n<\/div>\n\t\t\t\t<\/div>\n\t\t\t\t<\/div>\n\t\t\t\t<div class=\"elementor-element elementor-element-a19f8db elementor-widget elementor-widget-pls-button\" data-id=\"a19f8db\" data-element_type=\"widget\" data-e-type=\"widget\" data-widget_type=\"pls-button.default\">\n\t\t\t\t<div class=\"elementor-widget-container\">\n\t\t\t\t\t<div id=\"pls-button-88430\" class=\"pls-element pls-button\">\n\t<a class=\"button btn-style-flat\" href=\"https:\/\/demo.cocos.codes\/cc_ps_banner\/\" title=\"DEMO\" target=\"_blank\">\n\t\tDEMO\t<\/a>\n<\/div>\n\t\t\t\t<\/div>\n\t\t\t\t<\/div>\n\t\t\t\t\t<\/div>\n\t\t\t\t<\/div>\n\t\t<div class=\"elementor-element elementor-element-13247fd5 e-flex e-con-boxed e-con e-parent\" data-id=\"13247fd5\" data-element_type=\"container\" data-e-type=\"container\">\n\t\t\t\t\t<div class=\"e-con-inner\">\n\t\t\t\t<div class=\"elementor-element elementor-element-13f6c56 elementor-widget elementor-widget-spacer\" data-id=\"13f6c56\" data-element_type=\"widget\" data-e-type=\"widget\" data-widget_type=\"spacer.default\">\n\t\t\t\t\t\t\t<div class=\"elementor-spacer\">\n\t\t\t<div class=\"elementor-spacer-inner\"><\/div>\n\t\t<\/div>\n\t\t\t\t\t\t<\/div>\n\t\t\t\t<div class=\"elementor-element elementor-element-7462de8 elementor-widget elementor-widget-text-editor\" data-id=\"7462de8\" data-element_type=\"widget\" data-e-type=\"widget\" data-widget_type=\"text-editor.default\">\n\t\t\t\t\t\t\t\t\t<h6>Un large \u00e9ventail d'outils et d'options<\/h6><strong>\ud83c\udfac Options d'arri\u00e8re-plan avanc\u00e9es<br \/>\u2705<\/strong>Vid\u00e9o en arri\u00e8re-plan - YouTube, Vimeo ou votre propre fichier MP4<br \/>\u2705 Photos - possibilit\u00e9 de t\u00e9l\u00e9charger vos propres images en haute qualit\u00e9<br \/>\u2705 Couleur - palette compl\u00e8te de couleurs avec prise en charge de la transparence<br \/>\u2705 Lecture automatique - configuration de la lecture vid\u00e9o<br \/>\u2705 Contr\u00f4les vid\u00e9o - boutons de contr\u00f4le personnalis\u00e9s<br \/><br \/><strong>\ud83c\udfa8 Mod\u00e8les de contenu pr\u00eats \u00e0 l'emploi<br \/>\u2705 <\/strong>9 pr\u00e9r\u00e9glages professionnels - des mises en page pr\u00eates \u00e0 l'emploi pour une utilisation imm\u00e9diate<br \/>\u2705 Titres centraux - titres accrocheurs<br \/>\u2705 Dispositions en colonnes - distribution flexible du contenu<br \/>Boutons CTA - boutons d'appel \u00e0 l'action enti\u00e8rement personnalisables<br \/>\u2705 Personnalisation des couleurs - pour correspondre \u00e0 l'image de marque de la boutique<br \/><br \/><strong>\u2728 Effets visuels et animation<br \/>\u2705 <\/strong>Les superpositions de couleurs et de graphiques augmentent la lisibilit\u00e9 du texte.<br \/>\u2705 Animations d'entr\u00e9e - apparence lisse, effets de d\u00e9calage et d'\u00e9chelle<br \/>\u2705 Coins arrondis - design moderne pour les banni\u00e8res<br \/>\u2705 R\u00e9glage de la transparence - contr\u00f4le total sur les calques<br \/>\u2705 Custom CSS - possibilit\u00e9 d'ajouter des styles personnalis\u00e9s<br \/><br \/><strong>\u2699\ufe0f Configuration flexible<br \/><\/strong>\u2705 Choix de l'emplacement de l'affichage - plus de 25 crochets PrestaShop diff\u00e9rents<br \/>\u2705 Calendrier d'affichage - activation et d\u00e9sactivation automatiques<br \/>\u2705 R\u00e9activit\u00e9 - s'adapter parfaitement \u00e0 tous les appareils<br \/>\u2705 Gestion de la position - contr\u00f4le de l'ordre d'affichage de plusieurs banni\u00e8res<br \/>\u2705 Multilinguisme - prise en charge de toutes les langues de la boutique<br \/><br \/><strong>\ud83d\udd27 Caract\u00e9ristiques techniques<br \/>\u2705 <\/strong>Interface administrative intuitive - gestion facile des banni\u00e8res<br \/>\u2705 Syst\u00e8me de gestion des licences - activation et gestion ais\u00e9es<br \/>\u2705 Optimisation des performances - chargement rapide malgr\u00e9 les fonctionnalit\u00e9s avanc\u00e9es<br \/>\u2705 Compatibilit\u00e9 - fonctionne avec PrestaShop 1.7 et les versions ult\u00e9rieures<br \/>\u2705 Documentation - instructions d\u00e9taill\u00e9es et exemples\t\t\t\t\t\t\t\t<\/div>\n\t\t\t\t<div class=\"elementor-element elementor-element-40d990c elementor-widget elementor-widget-spacer\" data-id=\"40d990c\" data-element_type=\"widget\" data-e-type=\"widget\" data-widget_type=\"spacer.default\">\n\t\t\t\t\t\t\t<div class=\"elementor-spacer\">\n\t\t\t<div class=\"elementor-spacer-inner\"><\/div>\n\t\t<\/div>\n\t\t\t\t\t\t<\/div>\n\t\t\t\t<div class=\"elementor-element elementor-element-eddeaac elementor-widget elementor-widget-text-editor\" data-id=\"eddeaac\" data-element_type=\"widget\" data-e-type=\"widget\" data-widget_type=\"text-editor.default\">\n\t\t\t\t\t\t\t\t\t<h6>Un outil, des centaines d'applications<\/h6>Le module CC PrestaShop Banner est parfait pour :<br \/><strong>Campagnes promotionnelles<br \/>\u2705 <\/strong>Promotions temporaires et ventes saisonni\u00e8res<br \/>\u2705 Offres sp\u00e9ciales et codes de r\u00e9duction<br \/>\u2705 Nouveaux produits et nouvelles collections<br \/>Vendredi noir et autres \u00e9v\u00e9nements li\u00e9s au shopping<br \/><br \/><strong>Communication avec les clients<br \/>\u2705 <\/strong>Informations importantes sur les magasins<br \/>\u2705 Horaires de travail et coordonn\u00e9es<br \/>\u2705 Informations sur l'exp\u00e9dition et les retours<br \/>\u2705 Garanties et assurances en mati\u00e8re de s\u00e9curit\u00e9\t\t\t\t\t\t\t\t<\/div>\n\t\t\t\t<div class=\"elementor-element elementor-element-7e87940 elementor-widget elementor-widget-spacer\" data-id=\"7e87940\" data-element_type=\"widget\" data-e-type=\"widget\" data-widget_type=\"spacer.default\">\n\t\t\t\t\t\t\t<div class=\"elementor-spacer\">\n\t\t\t<div class=\"elementor-spacer-inner\"><\/div>\n\t\t<\/div>\n\t\t\t\t\t\t<\/div>\n\t\t\t\t<div class=\"elementor-element elementor-element-b1b21fa elementor-widget elementor-widget-text-editor\" data-id=\"b1b21fa\" data-element_type=\"widget\" data-e-type=\"widget\" data-widget_type=\"text-editor.default\">\n\t\t\t\t\t\t\t\t\t<h6>\ud83d\udcc8 Augmentez la conversion !<\/h6><strong>Banni\u00e8res professionnelles<\/strong> attirent efficacement l'attention et incitent \u00e0 l'action. Remerciements <strong>animations<\/strong>, <strong>Boutons CTA<\/strong> i <strong>design moderne<\/strong>vous augmenterez <strong>l'implication des clients<\/strong> et vous am\u00e9liorerez <strong>r\u00e9sultats des ventes<\/strong>. Optez pour des banni\u00e8res qui <strong>vendre<\/strong>!\t\t\t\t\t\t\t\t<\/div>\n\t\t\t\t<div class=\"elementor-element elementor-element-b6fc75f elementor-widget elementor-widget-spacer\" data-id=\"b6fc75f\" data-element_type=\"widget\" data-e-type=\"widget\" data-widget_type=\"spacer.default\">\n\t\t\t\t\t\t\t<div class=\"elementor-spacer\">\n\t\t\t<div class=\"elementor-spacer-inner\"><\/div>\n\t\t<\/div>\n\t\t\t\t\t\t<\/div>\n\t\t\t\t<div class=\"elementor-element elementor-element-b5e9905 elementor-widget elementor-widget-text-editor\" data-id=\"b5e9905\" data-element_type=\"widget\" data-e-type=\"widget\" data-widget_type=\"text-editor.default\">\n\t\t\t\t\t\t\t\t\t<strong>Pour qui ?<br \/><\/strong> <br \/>Le module est id\u00e9al pour tout le monde :<br \/>\u2714 <a href=\"https:\/\/cocos.codes\/fr\/produit-categorie\/magasins-individuels\/\" title=\"Boutiques PrestaShop\">Boutiques PrestaShop<\/a> \u00e0 la recherche d'une solution professionnelle pour cr\u00e9er des banni\u00e8res<br \/>\u2714 Les sp\u00e9cialistes du marketing qui souhaitent accro\u00eetre l'efficacit\u00e9 des campagnes promotionnelles<br \/>\u2714 Les propri\u00e9taires de magasins qui n'ont pas de connaissances en HTML\/CSS et qui souhaitent cr\u00e9er des banni\u00e8res attrayantes<br \/>\u2714 Commerce \u00e9lectronique avec un accent sur un design moderne et une apparence accrocheuse<br \/>\u2714 Les magasins organisent r\u00e9guli\u00e8rement des promotions et des campagnes de marketing<br \/>\u2714 Les entreprises qui veulent se d\u00e9marquer de la concurrence\t\t\t\t\t\t\t\t<\/div>\n\t\t\t\t<div class=\"elementor-element elementor-element-8074c8c elementor-widget elementor-widget-spacer\" data-id=\"8074c8c\" data-element_type=\"widget\" data-e-type=\"widget\" data-widget_type=\"spacer.default\">\n\t\t\t\t\t\t\t<div class=\"elementor-spacer\">\n\t\t\t<div class=\"elementor-spacer-inner\"><\/div>\n\t\t<\/div>\n\t\t\t\t\t\t<\/div>\n\t\t\t\t<div class=\"elementor-element elementor-element-54c98af elementor-widget elementor-widget-text-editor\" data-id=\"54c98af\" data-element_type=\"widget\" data-e-type=\"widget\" data-widget_type=\"text-editor.default\">\n\t\t\t\t\t\t\t\t\t<p><div class=\"pls-block pls-block-3297\">\t\t<div data-elementor-type=\"wp-post\" data-elementor-id=\"3297\" class=\"elementor elementor-3297\">\n\t\t\t\t<div class=\"elementor-element elementor-element-d99440d e-flex e-con-boxed e-con e-parent\" data-id=\"d99440d\" data-element_type=\"container\" data-e-type=\"container\" data-settings=\"{&quot;background_background&quot;:&quot;classic&quot;}\">\n\t\t\t\t\t<div class=\"e-con-inner\">\n\t\t\t\t<div class=\"elementor-element elementor-element-b850409 elementor-widget elementor-widget-text-editor\" data-id=\"b850409\" data-element_type=\"widget\" data-e-type=\"widget\" data-widget_type=\"text-editor.default\">\n\t\t\t\t\t\t\t\t\t<h6><strong>\u00a0Am\u00e9liorez les capacit\u00e9s de votre atelier d\u00e8s aujourd'hui ! <\/strong><strong>\ud83d\ude80<\/strong><\/h6>Ajoutez de nouvelles fonctionnalit\u00e9s, am\u00e9liorez l'exp\u00e9rience utilisateur et augmentez les conversions gr\u00e2ce \u00e0 notre module. Installation facile, compatibilit\u00e9 totale et mises \u00e0 jour r\u00e9guli\u00e8res - tout ce dont vous avez besoin pour que votre boutique fonctionne encore mieux.<br \/>\u2705 Installation facile \u2705 Support professionnel \u2705 Int\u00e9gration transparente<br \/><br \/><a class=\"button simple\" href=\"#main-content\" title=\"Installez et utilisez d\u00e8s maintenant !\">Installez-la et commencez \u00e0 l'utiliser d\u00e8s maintenant !<\/a>\t\t\t\t\t\t\t\t<\/div>\n\t\t\t\t\t<\/div>\n\t\t\t\t<\/div>\n\t\t\t\t<\/div>\n\t\t<\/div><\/p>\t\t\t\t\t\t\t\t<\/div>\n\t\t\t\t\t<\/div>\n\t\t\t\t<\/div>\n\t\t\t\t<\/div>","protected":false},"excerpt":{"rendered":"Presta Shop Banner \u2013 Nowoczesne banery, kt\u00f3re sprzedaj\u0105Zwi\u0119ksz skuteczno\u015b\u0107 promocji w swoim sklepie dzi\u0119ki efektownym banerom. CC Presta Shop Banner to intuicyjny modu\u0142, kt\u00f3ry pozwala tworzy\u0107 atrakcyjne banery z animacjami,","protected":false},"featured_media":3988,"comment_status":"open","ping_status":"closed","template":"","meta":{"powered_cache_disable_cache":false,"powered_cache_disable_css_optimization":false,"powered_cache_disable_js_optimization":false},"product_brand":[275],"product_cat":[128,131],"product_tag":[253,252,244,254],"class_list":{"0":"post-3980","1":"product","2":"type-product","3":"status-publish","4":"has-post-thumbnail","6":"product_brand-cocos","7":"product_cat-moduly","8":"product_cat-prestashop","9":"product_tag-banner","10":"product_tag-modul","11":"product_tag-prestashop","12":"product_tag-reklama","14":"first","15":"instock","16":"downloadable","17":"virtual","18":"taxable","19":"purchasable","20":"product-type-simple"},"_links":{"self":[{"href":"https:\/\/cocos.codes\/fr\/wp-json\/wp\/v2\/product\/3980","targetHints":{"allow":["GET"]}}],"collection":[{"href":"https:\/\/cocos.codes\/fr\/wp-json\/wp\/v2\/product"}],"about":[{"href":"https:\/\/cocos.codes\/fr\/wp-json\/wp\/v2\/types\/product"}],"replies":[{"embeddable":true,"href":"https:\/\/cocos.codes\/fr\/wp-json\/wp\/v2\/comments?post=3980"}],"version-history":[{"count":0,"href":"https:\/\/cocos.codes\/fr\/wp-json\/wp\/v2\/product\/3980\/revisions"}],"wp:featuredmedia":[{"embeddable":true,"href":"https:\/\/cocos.codes\/fr\/wp-json\/wp\/v2\/media\/3988"}],"wp:attachment":[{"href":"https:\/\/cocos.codes\/fr\/wp-json\/wp\/v2\/media?parent=3980"}],"wp:term":[{"taxonomy":"product_brand","embeddable":true,"href":"https:\/\/cocos.codes\/fr\/wp-json\/wp\/v2\/product_brand?post=3980"},{"taxonomy":"product_cat","embeddable":true,"href":"https:\/\/cocos.codes\/fr\/wp-json\/wp\/v2\/product_cat?post=3980"},{"taxonomy":"product_tag","embeddable":true,"href":"https:\/\/cocos.codes\/fr\/wp-json\/wp\/v2\/product_tag?post=3980"}],"curies":[{"name":"wp","href":"https:\/\/api.w.org\/{rel}","templated":true}]}}