{"id":38,"date":"2024-04-17T07:15:52","date_gmt":"2024-04-17T07:15:52","guid":{"rendered":"https:\/\/anvogue.presslayouts.com\/dummy\/?page_id=38"},"modified":"2026-04-03T19:36:59","modified_gmt":"2026-04-03T17:36:59","slug":"a-propos-de-nous","status":"publish","type":"page","link":"https:\/\/cocos.codes\/fr\/o-nas\/","title":{"rendered":"A propos de nous"},"content":{"rendered":"<div data-elementor-type=\"wp-page\" data-elementor-id=\"38\" class=\"elementor elementor-38\">\n\t\t\t\t<div class=\"elementor-element elementor-element-771f7c3 e-flex e-con-boxed e-con e-parent\" data-id=\"771f7c3\" data-element_type=\"container\" data-e-type=\"container\">\n\t\t\t\t\t<div class=\"e-con-inner\">\n\t\t\t\t<div class=\"elementor-element elementor-element-d5bacec elementor-widget elementor-widget-pls-heading\" data-id=\"d5bacec\" data-element_type=\"widget\" data-e-type=\"widget\" data-widget_type=\"pls-heading.default\">\n\t\t\t\t<div class=\"elementor-widget-container\">\n\t\t\t\t\t<div id=\"pls-header-20069\" class=\"pls-element pls-heading pls-text-center separator-none\">\t\n\t\t\t\n\t\t\t<div class=\"heading-wrap\">\n\t\t\t<span class=\"separator-left\"><\/span>\n\t\t\t<h2 class=\"heading-title\">COCOS. - Nous alimentons votre magasin ! \ud83d\ude80<\/h2>\t\t\t<span class=\"separator-right\"><\/span>\n\t\t\t\t\t<\/div>\n\t\t\n    \t\t<div class=\"heading-tagline\"> <p>\n    Nous sommes une \u00e9quipe de passionn\u00e9s qui con\u00e7oivent des produits depuis des ann\u00e9es. <strong>Modules PrestaShop et WordPress<\/strong> - modernes, fonctionnels et enti\u00e8rement optimis\u00e9s pour le commerce \u00e9lectronique.\n    Nous cr\u00e9ons des solutions qui allient intuitivit\u00e9, performance et respect des derniers standards. C'est pourquoi nos extensions soutiennent r\u00e9ellement le d\u00e9veloppement de votre boutique en ligne.\n  <\/p>\n\n  <p>\n    <strong>Modules PrestaShop<\/strong> sont disponibles dans notre <a href=\"https:\/\/cocos.codes\/fr\/categorie-produit\/modules\/prestashop\/\" title=\"Cat\u00e9gorie d\u00e9di\u00e9e\" style=\"text-decoration:underline\">une cat\u00e9gorie sp\u00e9cifique<\/a>, a <strong>Modules WordPress<\/strong> trouver <a href=\"https:\/\/cocos.codes\/fr\/categorie-produit\/modules\/wordpress\/\" title=\"Ici\" style=\"text-decoration:underline\">ici<\/a>.\n    De plus, nos solutions sont compatibles avec <a href=\"https:\/\/www.prestashop.com\/pl\" title=\"Lignes directrices officielles de PrestaShop\" target=\"_blank\" rel=\"noopener noreferrer\">les lignes directrices officielles de PrestaShop<\/a> i \n    <a href=\"https:\/\/wordpress.org\/\" title=\"WordPress.org\" target=\"_blank\" rel=\"noopener noreferrer\">WordPress.org<\/a>afin que vous puissiez \u00eatre s\u00fbr de leur fiabilit\u00e9.\n  <\/p>\n\n  <p>\n    Notre mission est de cr\u00e9er des outils de commerce \u00e9lectronique qui aident les boutiques \u00e0 se d\u00e9velopper plus rapidement, \u00e0 gagner du temps et \u00e0 augmenter leurs ventes.\n    Gr\u00e2ce \u00e0 <strong>Modules PrestaShop et WordPress<\/strong>Votre atelier fonctionne mieux, plus rapidement et plus efficacement.\n  <\/p>\n\n  <p>\n    Si vous voulez que votre commerce \u00e9lectronique soit plus performant, <a href=\"https:\/\/cocos.codes\/fr\/categorie-produit\/modules\/\" title=\"D\u00e9couvrez nos solutions\" style=\"text-decoration:underline\">d\u00e9couvrez nos solutions<\/a> et d\u00e9couvrez comment nous pouvons vous aider. \ud83d\udcc8\n  <\/p> <\/div>\n\t<\/div>\t\t\t\t<\/div>\n\t\t\t\t<\/div>\n\t\t\t\t\t<\/div>\n\t\t\t\t<\/div>\n\t\t<div class=\"elementor-element elementor-element-d048d4a e-flex e-con-boxed e-con e-parent\" data-id=\"d048d4a\" data-element_type=\"container\" data-e-type=\"container\">\n\t\t\t\t\t<div class=\"e-con-inner\">\n\t\t<div class=\"elementor-element elementor-element-d4b2c61 e-con-full e-flex e-con e-child\" data-id=\"d4b2c61\" data-element_type=\"container\" data-e-type=\"container\">\n\t\t\t\t<div class=\"elementor-element elementor-element-7ab280f elementor-widget elementor-widget-pls-infobox\" data-id=\"7ab280f\" data-element_type=\"widget\" data-e-type=\"widget\" data-widget_type=\"pls-infobox.default\">\n\t\t\t\t<div class=\"elementor-widget-container\">\n\t\t\t\t\t<div id=\"pls-info-box-44432\" class=\"pls-element pls-info-box icon-effect-none icon-simple icon-top color-scheme-inherit hover-color-scheme-inherit text-center\">\n\t<div class=\"info-box-wrap\"  >\n\t\t<div class=\"box-icon-wrap\">\n\t\t\t\t\t\t\t<div class=\"info-box-icon\"><img decoding=\"async\" src=\"https:\/\/cocos.codes\/wp-content\/uploads\/2024\/04\/phone-call.svg\" alt=\"Service client\u00e8le 7 jours\"\/><\/div>\n\t\t\t\t\t<\/div>\n\t\t<div class=\"info-box-content\">\n\t\t\t\t\t\t\t\t\t\t<div class=\"info-box-title mb\" >\t\t\t\t\n\t\t\t\t\t<h4>Service client\u00e8le 7 jours<\/h4>\t\t\t\t\t\n\t\t\t\t<\/div>\n\t\t\t\t\t\t\t\t\t\t<div class=\"info-box-description mb\">\n\t\t\t\t\t<p>Nous sommes l\u00e0 pour vous aider ! Notre \u00e9quipe de support est disponible 7 jours sur 7 pour r\u00e9pondre \u00e0 vos questions et r\u00e9soudre tout probl\u00e8me li\u00e9 \u00e0 PrestaShop et WordPress. \ud83d\udcac\u2728<\/p>\n\t\t\t\t<\/div>\n\t\t\t\t\t<\/div>\n\t<\/div>\n<\/div>\t\t\t\t<\/div>\n\t\t\t\t<\/div>\n\t\t\t\t<\/div>\n\t\t<div class=\"elementor-element elementor-element-7f2e9da e-con-full e-flex e-con e-child\" data-id=\"7f2e9da\" data-element_type=\"container\" data-e-type=\"container\">\n\t\t\t\t<div class=\"elementor-element elementor-element-d71133a elementor-widget elementor-widget-pls-infobox\" data-id=\"d71133a\" data-element_type=\"widget\" data-e-type=\"widget\" data-widget_type=\"pls-infobox.default\">\n\t\t\t\t<div class=\"elementor-widget-container\">\n\t\t\t\t\t<div id=\"pls-info-box-69588\" class=\"pls-element pls-info-box icon-effect-none icon-simple icon-top color-scheme-inherit hover-color-scheme-inherit text-center\">\n\t<div class=\"info-box-wrap\"  >\n\t\t<div class=\"box-icon-wrap\">\n\t\t\t\t\t\t\t<div class=\"info-box-icon\"><img decoding=\"async\" src=\"https:\/\/cocos.codes\/wp-content\/uploads\/2024\/04\/return.svg\" alt=\"Satisfaction ou retour\"\/><\/div>\n\t\t\t\t\t<\/div>\n\t\t<div class=\"info-box-content\">\n\t\t\t\t\t\t\t\t\t\t<div class=\"info-box-title mb\" >\t\t\t\t\n\t\t\t\t\t<h4>Satisfaction ou retour<\/h4>\t\t\t\t\t\n\t\t\t\t<\/div>\n\t\t\t\t\t\t\t\t\t\t<div class=\"info-box-description mb\">\n\t\t\t\t\t<p>Votre satisfaction nous tient \u00e0 c\u0153ur ! Si le module ne fonctionne pas, notre \u00e9quipe technique fera tout son possible pour le r\u00e9parer. Si cela n'est pas possible, nous vous rembourserons l'int\u00e9gralit\u00e9 du montant. \ud83d\udcbb\ud83d\udd27<\/p>\n\t\t\t\t<\/div>\n\t\t\t\t\t<\/div>\n\t<\/div>\n<\/div>\t\t\t\t<\/div>\n\t\t\t\t<\/div>\n\t\t\t\t<\/div>\n\t\t<div class=\"elementor-element elementor-element-1294777 e-con-full e-flex e-con e-child\" data-id=\"1294777\" data-element_type=\"container\" data-e-type=\"container\">\n\t\t\t\t<div class=\"elementor-element elementor-element-cf9acc1 elementor-widget elementor-widget-pls-infobox\" data-id=\"cf9acc1\" data-element_type=\"widget\" data-e-type=\"widget\" data-widget_type=\"pls-infobox.default\">\n\t\t\t\t<div class=\"elementor-widget-container\">\n\t\t\t\t\t<div id=\"pls-info-box-44173\" class=\"pls-element pls-info-box icon-effect-none icon-simple icon-top color-scheme-inherit hover-color-scheme-inherit text-center\">\n\t<div class=\"info-box-wrap\"  >\n\t\t<div class=\"box-icon-wrap\">\n\t\t\t\t\t\t\t<div class=\"info-box-icon\"><img decoding=\"async\" src=\"https:\/\/cocos.codes\/wp-content\/uploads\/2024\/04\/guarantee.svg\" alt=\"Notre garantie\"\/><\/div>\n\t\t\t\t\t<\/div>\n\t\t<div class=\"info-box-content\">\n\t\t\t\t\t\t\t\t\t\t<div class=\"info-box-title mb\" >\t\t\t\t\n\t\t\t\t\t<h4>Notre garantie<\/h4>\t\t\t\t\t\n\t\t\t\t<\/div>\n\t\t\t\t\t\t\t\t\t\t<div class=\"info-box-description mb\">\n\t\t\t\t\t<p>Nous nous portons garants de nos produits ! Nous garantissons que nos modules pour PrestaShop et WordPress sont de la plus haute qualit\u00e9. Votre confort et votre satisfaction sont notre priorit\u00e9 ! \ud83d\udee1\ufe0f\u2728<\/p>\n\t\t\t\t<\/div>\n\t\t\t\t\t<\/div>\n\t<\/div>\n<\/div>\t\t\t\t<\/div>\n\t\t\t\t<\/div>\n\t\t\t\t<\/div>\n\t\t<div class=\"elementor-element elementor-element-e71b5e7 e-con-full e-flex e-con e-child\" data-id=\"e71b5e7\" data-element_type=\"container\" data-e-type=\"container\">\n\t\t\t\t<div class=\"elementor-element elementor-element-30ad0a3 elementor-widget elementor-widget-pls-infobox\" data-id=\"30ad0a3\" data-element_type=\"widget\" data-e-type=\"widget\" data-widget_type=\"pls-infobox.default\">\n\t\t\t\t<div class=\"elementor-widget-container\">\n\t\t\t\t\t<div id=\"pls-info-box-53733\" class=\"pls-element pls-info-box icon-effect-none icon-simple icon-top color-scheme-inherit hover-color-scheme-inherit text-center\">\n\t<div class=\"info-box-wrap\"  >\n\t\t<div class=\"box-icon-wrap\">\n\t\t\t\t\t\t\t<div class=\"info-box-icon\"><img decoding=\"async\" src=\"https:\/\/cocos.codes\/wp-content\/uploads\/2024\/04\/delivery-truck.svg\" alt=\"Livraison dans le monde entier\"\/><\/div>\n\t\t\t\t\t<\/div>\n\t\t<div class=\"info-box-content\">\n\t\t\t\t\t\t\t\t\t\t<div class=\"info-box-title mb\" >\t\t\t\t\n\t\t\t\t\t<h4>Livraison dans le monde entier<\/h4>\t\t\t\t\t\n\t\t\t\t<\/div>\n\t\t\t\t\t\t\t\t\t\t<div class=\"info-box-description mb\">\n\t\t\t\t\t<p>Nous livrons dans le monde entier ! Nos modules atteignent tous les coins du monde pour que vous puissiez d\u00e9velopper votre boutique en ligne o\u00f9 que vous soyez. \ud83d\ude9a\u2728<\/p>\n\t\t\t\t<\/div>\n\t\t\t\t\t<\/div>\n\t<\/div>\n<\/div>\t\t\t\t<\/div>\n\t\t\t\t<\/div>\n\t\t\t\t<\/div>\n\t\t\t\t\t<\/div>\n\t\t\t\t<\/div>\n\t\t<div class=\"elementor-element elementor-element-6f28df1 e-flex e-con-boxed e-con e-parent\" data-id=\"6f28df1\" data-element_type=\"container\" data-e-type=\"container\" data-settings=\"{&quot;background_background&quot;:&quot;classic&quot;}\">\n\t\t\t\t\t<div class=\"e-con-inner\">\n\t\t<div class=\"elementor-element elementor-element-ee7ba46 e-con-full e-flex e-con e-child\" data-id=\"ee7ba46\" data-element_type=\"container\" data-e-type=\"container\" data-settings=\"{&quot;background_background&quot;:&quot;classic&quot;}\">\n\t\t\t\t<div class=\"elementor-element elementor-element-f83d66f elementor-widget elementor-widget-pls-heading\" data-id=\"f83d66f\" data-element_type=\"widget\" data-e-type=\"widget\" data-widget_type=\"pls-heading.default\">\n\t\t\t\t<div class=\"elementor-widget-container\">\n\t\t\t\t\t<div id=\"pls-header-77715\" class=\"pls-element pls-heading pls-text-center separator-none\">\t\n\t\t\t\n\t\t\t<div class=\"heading-wrap\">\n\t\t\t<span class=\"separator-left\"><\/span>\n\t\t\t<h2 class=\"heading-title\">Inscrivez-vous et b\u00e9n\u00e9ficiez d'une r\u00e9duction 10%<\/h2>\t\t\t<span class=\"separator-right\"><\/span>\n\t\t\t\t\t<\/div>\n\t\t\n    \t\t<div class=\"heading-tagline\"> Inscrivez-vous pour b\u00e9n\u00e9ficier d'un acc\u00e8s anticip\u00e9 aux ventes, aux nouvelles, aux promotions et \u00e0 bien d'autres choses encore.... <\/div>\n\t<\/div>\t\t\t\t<\/div>\n\t\t\t\t<\/div>\n\t\t\t\t<div class=\"elementor-element elementor-element-ebe579f elementor-widget elementor-widget-pls-newsletter\" data-id=\"ebe579f\" data-element_type=\"widget\" data-e-type=\"widget\" data-widget_type=\"pls-newsletter.default\">\n\t\t\t\t<div class=\"elementor-widget-container\">\n\t\t\t\t\t<div class=\"pls-element pls-newsletter overlay-form\">\n\t<script>(function() {\n\twindow.mc4wp = window.mc4wp || {\n\t\tlisteners: [],\n\t\tforms: {\n\t\t\ton: function(evt, cb) {\n\t\t\t\twindow.mc4wp.listeners.push(\n\t\t\t\t\t{\n\t\t\t\t\t\tevent   : evt,\n\t\t\t\t\t\tcallback: cb\n\t\t\t\t\t}\n\t\t\t\t);\n\t\t\t}\n\t\t}\n\t}\n})();\n<\/script><!-- Mailchimp for WordPress v4.12.1 - https:\/\/wordpress.org\/plugins\/mailchimp-for-wp\/ --><form id=\"mc4wp-form-1\" class=\"mc4wp-form mc4wp-form-732\" method=\"post\" data-id=\"732\" data-name=\"Newsletter Form\" action=\"\" ><div class=\"mc4wp-form-fields\">  <p>\r\n    <label>Adresse \u00e9lectronique : <\/label>\r\n    <input type=\"email\" name=\"EMAIL\" placeholder=\"Adresse \u00e9lectronique\" required \/>\r\n   <\/p>\r\n  <p>\r\n   <button type=\"submit\">S'abonner \u00e0<\/button>\r\n  <\/p><\/div><label style=\"display: none !important;\">Laissez ce champ vide si vous \u00eates humain\u00a0: <input type=\"text\" name=\"_mc4wp_honeypot\" value=\"\" tabindex=\"-1\" autocomplete=\"off\" \/><\/label><input type=\"hidden\" name=\"_mc4wp_timestamp\" value=\"1776324023\" \/><input type=\"hidden\" name=\"_mc4wp_form_id\" value=\"732\" \/><input type=\"hidden\" name=\"_mc4wp_form_element_id\" value=\"mc4wp-form-1\" \/><div class=\"mc4wp-response\"><\/div><input type=\"hidden\" name=\"trp-form-language\" value=\"fr\"\/><\/form><!-- \/ Mailchimp for WordPress Plugin --><\/div>\t\t\t\t<\/div>\n\t\t\t\t<\/div>\n\t\t\t\t<\/div>\n\t\t\t\t\t<\/div>\n\t\t\t\t<\/div>\n\t\t<div class=\"elementor-element elementor-element-2678839 e-flex e-con-boxed e-con e-parent\" data-id=\"2678839\" data-element_type=\"container\" data-e-type=\"container\">\n\t\t\t\t\t<div class=\"e-con-inner\">\n\t\t\t\t<div class=\"elementor-element elementor-element-e784360 elementor-widget elementor-widget-pls-product-brands\" data-id=\"e784360\" data-element_type=\"widget\" data-e-type=\"widget\" data-widget_type=\"pls-product-brands.default\">\n\t\t\t\t<div class=\"elementor-widget-container\">\n\t\t\t\t\t<div id=\"pls-product-brand-4943\" class=\"pls-element pls-product-brands\">\n\t\t<div class=\"section-content  pls-slider swiper row\">\n\t\t<div class=\"products swiper-wrapper slider-col-lg-6 slider-col-md-4 slider-col-2\" data-slider_options=\"{&quot;slider_loop&quot;:false,&quot;slider_autoplay&quot;:false,&quot;slider_autoplay_delay&quot;:&quot;1500&quot;,&quot;slider_autoplay_speed&quot;:&quot;1500&quot;,&quot;slider_pause_on_hover&quot;:false,&quot;slider_rewind&quot;:false,&quot;slider_autoHeigh&quot;:false,&quot;slider_touchDrag&quot;:false,&quot;slider_touchDrag_mobile&quot;:false,&quot;slider_navigation&quot;:true,&quot;slider_pagination&quot;:false,&quot;slider_scrollbar&quot;:false,&quot;slider_centered&quot;:false,&quot;slider_effect&quot;:&quot;slide&quot;,&quot;slider_spaceBetween&quot;:0,&quot;slides_to_show&quot;:&quot;6&quot;,&quot;slides_to_show_tablet&quot;:4,&quot;slides_to_show_mobile&quot;:2,&quot;slides_to_scroll&quot;:1}\" >\n\t\t\t\t\t\t\t\t\t<div class=\"product-brand swiper-slide\">\n\t\t\t\t\t\t\t<a href=\"https:\/\/prestashop.com\/\" target=\"_blank\" rel=\"noopener\">\n\t\t\t\t\t\t\t\t<div class=\"brand-image\">\n\t\t\t\t\t\t\t\t\t<img decoding=\"async\" width=\"157\" height=\"44\" src=\"https:\/\/cocos.codes\/wp-content\/uploads\/2025\/02\/logo-prestashop-black.png\" class=\"attachment-full size-full\" alt=\"documentation PrestaShop modules WordPress\" \/>\t\t\t\t\t\t\t\t<\/div>\t\t\t\t\t\t\t\n\t\t\t\t\t\t\t\t\t\t\t\t\t\t\t<\/a>\n\t\t\t\t\t\t<\/div>\n\t\t\t\t\t\t\t\t\t\t\t\t<div class=\"product-brand swiper-slide\">\n\t\t\t\t\t\t\t<a href=\"https:\/\/wordpress.org\/\" title=\"WordPress.org\" target=\"_blank\" rel=\"noopener\">\n\t\t\t\t\t\t\t\t<div class=\"brand-image\">\n\t\t\t\t\t\t\t\t\t<img decoding=\"async\" width=\"157\" height=\"44\" src=\"https:\/\/cocos.codes\/wp-content\/uploads\/2025\/02\/logo-wordpress-black.png\" class=\"attachment-full size-full\" alt=\"instructions PrestaShop int\u00e9grations WordPress\" \/>\t\t\t\t\t\t\t\t<\/div>\t\t\t\t\t\t\t\n\t\t\t\t\t\t\t\t\t\t\t\t\t\t\t<\/a>\n\t\t\t\t\t\t<\/div>\n\t\t\t\t\t\t\t\t\t\t\t\t<div class=\"product-brand swiper-slide\">\n\t\t\t\t\t\t\t<a href=\"https:\/\/www.google.com\/\" target=\"_blank\" rel=\"noopener\">\n\t\t\t\t\t\t\t\t<div class=\"brand-image\">\n\t\t\t\t\t\t\t\t\t<img decoding=\"async\" width=\"157\" height=\"44\" src=\"https:\/\/cocos.codes\/wp-content\/uploads\/2025\/02\/logo-google-black.png\" class=\"attachment-full size-full\" alt=\"\" \/>\t\t\t\t\t\t\t\t<\/div>\t\t\t\t\t\t\t\n\t\t\t\t\t\t\t\t\t\t\t\t\t\t\t<\/a>\n\t\t\t\t\t\t<\/div>\n\t\t\t\t\t\t\t\t\t\t\t\t<div class=\"product-brand swiper-slide\">\n\t\t\t\t\t\t\t<a href=\"https:\/\/stripe.com\/\" target=\"_blank\" rel=\"noopener\">\n\t\t\t\t\t\t\t\t<div class=\"brand-image\">\n\t\t\t\t\t\t\t\t\t<img loading=\"lazy\" decoding=\"async\" width=\"157\" height=\"44\" src=\"https:\/\/cocos.codes\/wp-content\/uploads\/2025\/02\/logo-stripe-black.png\" class=\"attachment-full size-full\" alt=\"\" \/>\t\t\t\t\t\t\t\t<\/div>\t\t\t\t\t\t\t\n\t\t\t\t\t\t\t\t\t\t\t\t\t\t\t<\/a>\n\t\t\t\t\t\t<\/div>\n\t\t\t\t\t\t\t\t\t\t\t\t<div class=\"product-brand swiper-slide\">\n\t\t\t\t\t\t\t<a href=\"https:\/\/www.paypal.com\/\" target=\"_blank\" rel=\"noopener\">\n\t\t\t\t\t\t\t\t<div class=\"brand-image\">\n\t\t\t\t\t\t\t\t\t<img loading=\"lazy\" decoding=\"async\" width=\"157\" height=\"44\" src=\"https:\/\/cocos.codes\/wp-content\/uploads\/2025\/02\/logo-paypal-black.png\" class=\"attachment-full size-full\" alt=\"\" \/>\t\t\t\t\t\t\t\t<\/div>\t\t\t\t\t\t\t\n\t\t\t\t\t\t\t\t\t\t\t\t\t\t\t<\/a>\n\t\t\t\t\t\t<\/div>\n\t\t\t\t\t\t\t\t\t\t\t\t<div class=\"product-brand swiper-slide\">\n\t\t\t\t\t\t\t<a href=\"https:\/\/allegro.pl\/\" title=\"\" target=\"_blank\" rel=\"noopener\">\n\t\t\t\t\t\t\t\t<div class=\"brand-image\">\n\t\t\t\t\t\t\t\t\t<img loading=\"lazy\" decoding=\"async\" width=\"157\" height=\"44\" src=\"https:\/\/cocos.codes\/wp-content\/uploads\/2025\/02\/logo-allegro-black.png\" class=\"attachment-full size-full\" alt=\"\" \/>\t\t\t\t\t\t\t\t<\/div>\t\t\t\t\t\t\t\n\t\t\t\t\t\t\t\t\t\t\t\t\t\t\t<\/a>\n\t\t\t\t\t\t<\/div>\n\t\t\t\t\t\t\t\t<\/div>\n\t<\/div>\n<\/div>\t\t\t\t<\/div>\n\t\t\t\t<\/div>\n\t\t\t\t\t<\/div>\n\t\t\t\t<\/div>\n\t\t\t\t<\/div>","protected":false},"excerpt":{"rendered":"COCOS. \u2013 nap\u0119dzamy Tw\u00f3j sklep! \ud83d\ude80 Jeste\u015bmy zespo\u0142em pasjonat\u00f3w, kt\u00f3rzy od lat projektuj\u0105 modu\u0142y Presta Shop i Word Press \u2013 nowoczesne, funkcjonalne i w pe\u0142ni zoptymalizowane pod k\u0105tem e-commerce. Tworzymy","protected":false},"author":1,"featured_media":0,"parent":0,"menu_order":0,"comment_status":"closed","ping_status":"closed","template":"","meta":{"powered_cache_disable_cache":false,"powered_cache_disable_css_optimization":false,"powered_cache_disable_js_optimization":false,"footnotes":""},"class_list":["post-38","page","type-page","status-publish","hentry"],"_links":{"self":[{"href":"https:\/\/cocos.codes\/fr\/wp-json\/wp\/v2\/pages\/38","targetHints":{"allow":["GET"]}}],"collection":[{"href":"https:\/\/cocos.codes\/fr\/wp-json\/wp\/v2\/pages"}],"about":[{"href":"https:\/\/cocos.codes\/fr\/wp-json\/wp\/v2\/types\/page"}],"author":[{"embeddable":true,"href":"https:\/\/cocos.codes\/fr\/wp-json\/wp\/v2\/users\/1"}],"replies":[{"embeddable":true,"href":"https:\/\/cocos.codes\/fr\/wp-json\/wp\/v2\/comments?post=38"}],"version-history":[{"count":0,"href":"https:\/\/cocos.codes\/fr\/wp-json\/wp\/v2\/pages\/38\/revisions"}],"wp:attachment":[{"href":"https:\/\/cocos.codes\/fr\/wp-json\/wp\/v2\/media?parent=38"}],"curies":[{"name":"wp","href":"https:\/\/api.w.org\/{rel}","templated":true}]}}