{"id":1770,"date":"2025-02-02T22:26:49","date_gmt":"2025-02-02T21:26:49","guid":{"rendered":"https:\/\/cocos.codes\/?page_id=1770"},"modified":"2025-03-03T17:26:33","modified_gmt":"2025-03-03T16:26:33","slug":"paiement-expedition-et-retours","status":"publish","type":"page","link":"https:\/\/cocos.codes\/fr\/platnosci-wysylka-i-zwroty\/","title":{"rendered":"Paiement, exp\u00e9dition et retours"},"content":{"rendered":"<div data-elementor-type=\"wp-page\" data-elementor-id=\"1770\" class=\"elementor elementor-1770\">\n\t\t\t\t<div class=\"elementor-element elementor-element-1a74995 e-flex e-con-boxed e-con e-parent\" data-id=\"1a74995\" data-element_type=\"container\" data-e-type=\"container\">\n\t\t\t\t\t<div class=\"e-con-inner\">\n\t\t\t\t<div class=\"elementor-element elementor-element-3edada7 elementor-widget elementor-widget-text-editor\" data-id=\"3edada7\" data-element_type=\"widget\" data-e-type=\"widget\" data-widget_type=\"text-editor.default\">\n\t\t\t\t\t\t\t\t\t<p><strong>\ud83d\udce6 Commande dans notre boutique<\/strong>\u00a0sont effectu\u00e9es de mani\u00e8re simple et transparente afin que vous puissiez recevoir votre produit rapidement et commod\u00e9ment. Le processus d'achat est con\u00e7u pour vous faciliter la t\u00e2che et nos m\u00e9thodes de paiement et de livraison sont s\u00fbres et fiables.<\/p><h6><strong>\ud83d\uded2 Comment passer une commande ?<\/strong><\/h6><p>Pour passer commande, il vous suffit de s\u00e9lectionner le module qui vous int\u00e9resse, de l'ajouter \u00e0 votre panier et de proc\u00e9der au paiement. Nous proposons diff\u00e9rents modes de paiement, dont le paiement rapide et s\u00e9curis\u00e9 par carte bancaire. <strong>transferts en ligne<\/strong>, <strong>paiements par carte<\/strong> (\ud83d\udcb3 Visa, MasterCard) et les paiements par <strong>Przelewy24<\/strong> i <strong>PayPal<\/strong>. Une fois le paiement cr\u00e9dit\u00e9, les fichiers seront envoy\u00e9s \u00e0 l'adresse suivante\u00a0<strong>\ud83d\udce9 envoy\u00e9 imm\u00e9diatement \u00e0 l'adresse \u00e9lectronique que vous avez fournie<\/strong>. Cela vous permet de profiter de votre achat quelques minutes seulement apr\u00e8s avoir pass\u00e9 votre commande.<\/p><h6><strong>\ud83d\udd12 S\u00e9curit\u00e9 et commodit\u00e9<\/strong><\/h6><p>Toutes les transactions effectu\u00e9es dans notre boutique sont crypt\u00e9es, ce qui garantit le plus haut niveau de s\u00e9curit\u00e9. Vous n'avez pas \u00e0 vous pr\u00e9occuper des co\u00fbts cach\u00e9s.\u00a0<strong>\ud83d\udcb0 le prix affich\u00e9 est d\u00e9finitif et la livraison est toujours gratuite<\/strong>. En outre, en achetant chez nous, vous avez acc\u00e8s \u00e0\u00a0<strong>\ud83c\udd93 mises \u00e0 jour gratuites<\/strong>\u00a0les modules achet\u00e9s et\u00a0<strong>\ud83d\udee0\ufe0f support technique professionnel<\/strong>qui est \u00e0 votre disposition si vous avez des questions ou des probl\u00e8mes.<\/p><h6><strong>\ud83d\udd04 Retours et garantie<\/strong><\/h6><p>Nous nous engageons \u00e0 ce que vous soyez enti\u00e8rement satisfait de votre achat. En cas de probl\u00e8me de fonctionnement du module, notre \u00e9quipe technique fera tout son possible pour le r\u00e9soudre. Si vous constatez que le module ne fonctionne pas correctement et que nous ne sommes pas en mesure de le r\u00e9parer,\u00a0<strong>\ud83d\udcb8 nous vous remboursons int\u00e9gralement<\/strong>. Ainsi, vous pouvez \u00eatre s\u00fbr que votre satisfaction est notre priorit\u00e9 absolue.<\/p>\t\t\t\t\t\t\t\t<\/div>\n\t\t\t\t\t<\/div>\n\t\t\t\t<\/div>\n\t\t\t\t<\/div>","protected":false},"excerpt":{"rendered":"\ud83d\udce6 Les commandes dans notre boutique sont trait\u00e9es de mani\u00e8re simple et transparente afin que vous puissiez recevoir votre produit rapidement et commod\u00e9ment. Le processus d'achat est con\u00e7u dans un souci de commodit\u00e9, et nos","protected":false},"author":1,"featured_media":0,"parent":0,"menu_order":0,"comment_status":"closed","ping_status":"closed","template":"","meta":{"powered_cache_disable_cache":false,"powered_cache_disable_css_optimization":false,"powered_cache_disable_js_optimization":false,"footnotes":""},"class_list":["post-1770","page","type-page","status-publish","hentry"],"_links":{"self":[{"href":"https:\/\/cocos.codes\/fr\/wp-json\/wp\/v2\/pages\/1770","targetHints":{"allow":["GET"]}}],"collection":[{"href":"https:\/\/cocos.codes\/fr\/wp-json\/wp\/v2\/pages"}],"about":[{"href":"https:\/\/cocos.codes\/fr\/wp-json\/wp\/v2\/types\/page"}],"author":[{"embeddable":true,"href":"https:\/\/cocos.codes\/fr\/wp-json\/wp\/v2\/users\/1"}],"replies":[{"embeddable":true,"href":"https:\/\/cocos.codes\/fr\/wp-json\/wp\/v2\/comments?post=1770"}],"version-history":[{"count":0,"href":"https:\/\/cocos.codes\/fr\/wp-json\/wp\/v2\/pages\/1770\/revisions"}],"wp:attachment":[{"href":"https:\/\/cocos.codes\/fr\/wp-json\/wp\/v2\/media?parent=1770"}],"curies":[{"name":"wp","href":"https:\/\/api.w.org\/{rel}","templated":true}]}}