{"id":1764,"date":"2025-02-02T22:24:03","date_gmt":"2025-02-02T21:24:03","guid":{"rendered":"https:\/\/cocos.codes\/?page_id=1764"},"modified":"2025-10-15T19:36:22","modified_gmt":"2025-10-15T17:36:22","slug":"base-de-connaissances","status":"publish","type":"page","link":"https:\/\/cocos.codes\/fr\/baza-wiedzy\/","title":{"rendered":"Base de connaissances"},"content":{"rendered":"<div data-elementor-type=\"wp-page\" data-elementor-id=\"1764\" class=\"elementor elementor-1764\">\n\t\t\t\t<div class=\"elementor-element elementor-element-52eb2e7 e-flex e-con-boxed e-con e-parent\" data-id=\"52eb2e7\" data-element_type=\"container\" data-e-type=\"container\">\n\t\t\t\t\t<div class=\"e-con-inner\">\n\t\t\t\t<div class=\"elementor-element elementor-element-b3d9ecf elementor-widget elementor-widget-text-editor\" data-id=\"b3d9ecf\" data-element_type=\"widget\" data-e-type=\"widget\" data-widget_type=\"text-editor.default\">\n\t\t\t\t\t\t\t\t\t<p>    <div class=\"knowledge-base-container\">\r\n        <ul class=\"knowledge-base-list\"><li class=\"knowledge-base-item\"><h3 class=\"knowledge-base-title\"><a href=\"https:\/\/cocos.codes\/fr\/kategoria\/baza-wiedzy\/prestashop\/\" title=\"PrestaShop\">PrestaShop<\/a><\/h3><div class=\"knowledge-base-posts\"><div class=\"knowledge-base-post\"><a href=\"https:\/\/cocos.codes\/fr\/archiwa\/prestashop-1-6-i-1-7-blad-xml-w-panelu-admina\/\" title=\"PrestaShop 1.6 I 1.7 \u2013 Erreur XML dans le panneau d&#039;administration (must_have_modules_list.xml, Modules_native_addons.xml)\">PrestaShop 1.6 et 1.7 \u2013 erreur XML dans le panneau admin (must_have_modules_list.xml, modules_native_addons.xml)<\/a><\/div><div class=\"knowledge-base-post\"><a href=\"https:\/\/cocos.codes\/fr\/archiwa\/szczegolowa-tabela-zmiennych-prestashop-smarty\/\" title=\"Tableau d\u00e9taill\u00e9 des variables PrestaShop 1.7.x\/8.x\/9.x (Smarty)\">Tableau d\u00e9taill\u00e9 des variables de PrestaShop 1.7.x\/8.x\/9.x (Smarty)<\/a><\/div><div class=\"knowledge-base-post\"><a href=\"https:\/\/cocos.codes\/fr\/archiwa\/zmienne-smarty-w-prestashop-przewodnik\/\" title=\"Variables Smarty dans PrestaShop 1.7\/8.x\/9.x : Le Guide Complet\">Variables Smarty dans PrestaShop 1.7\/8.x\/9.x : Le Guide Complet<\/a><\/div><div class=\"knowledge-base-post\"><a href=\"https:\/\/cocos.codes\/fr\/archiwa\/jak-zainstalowac-modul-prestashop-wordpress\/\" title=\"Comment installer un module PrestaShop ou WordPress 6.x ?\">Comment installer un module PrestaShop ou WordPress 6.x ?<\/a><\/div><\/div><ul class=\"knowledge-base-list\"><li class=\"knowledge-base-item\"><h3 class=\"knowledge-base-title\"><a href=\"https:\/\/cocos.codes\/fr\/kategoria\/baza-wiedzy\/prestashop\/dokumentacje-prestashop\/\">Documentation<\/a><\/h3><div class=\"knowledge-base-posts\"><div class=\"knowledge-base-post\"><a href=\"https:\/\/cocos.codes\/fr\/archiwa\/prestashop-google-merchant-feed-xml\/\" title=\"PrestaShop Google Merchant Feed XML 1.0\">PrestaShop Google Merchant Feed XML 1.0<\/a><\/div><div class=\"knowledge-base-post\"><a href=\"https:\/\/cocos.codes\/fr\/archiwa\/prestashop-google-tag-manager\/\" title=\"PrestaShop Google Tag Manager 1.0\">PrestaShop Google Tag Manager 1.0<\/a><\/div><div class=\"knowledge-base-post\"><a href=\"https:\/\/cocos.codes\/fr\/archiwa\/prestashop-masowa-aktualizacja-produktow\/\" title=\"PrestaShop Mise \u00e0 jour de produits en masse 1.0\">PrestaShop Mise \u00e0 jour massive des produits 1.0<\/a><\/div><div class=\"knowledge-base-post\"><a href=\"https:\/\/cocos.codes\/fr\/archiwa\/prestashop-paczkomaty-inpost\/\" title=\"PrestaShop Parcel Post 1.0\">PrestaShop Parcel Post 1.0<\/a><\/div><div class=\"knowledge-base-post\"><a href=\"https:\/\/cocos.codes\/fr\/archiwa\/prestashop-kategorie-na-stronie-glownej\/\" title=\"Cat\u00e9gories PrestaShop sur la page d&#039;accueil 1.0\">Cat\u00e9gories PrestaShop sur la page d'accueil 1.0<\/a><\/div><div class=\"knowledge-base-post\"><a href=\"https:\/\/cocos.codes\/fr\/archiwa\/prestashop-znak-wodny\/\" title=\"PrestaShop Watermark 1.0\">PrestaShop Watermark 1.0<\/a><\/div><div class=\"knowledge-base-post\"><a href=\"https:\/\/cocos.codes\/fr\/archiwa\/prestashop-zapytaj-o-produkt\/\" title=\"PrestaShop Ask Product 1.0\">Enqu\u00eate sur les produits PrestaShop 1.0<\/a><\/div><div class=\"knowledge-base-post\"><a href=\"https:\/\/cocos.codes\/fr\/archiwa\/prestashop-masowa-zmiana-cen\/\" title=\"PrestaShop Changement de prix en masse 1.0\">PrestaShop changement de prix en vrac 1.0<\/a><\/div><div class=\"knowledge-base-post\"><a href=\"https:\/\/cocos.codes\/fr\/archiwa\/prestashop-banner\/\" title=\"Banni\u00e8re PrestaShop 1.0\">Banni\u00e8re PrestaShop 1.0<\/a><\/div><div class=\"knowledge-base-post\"><a href=\"https:\/\/cocos.codes\/fr\/archiwa\/prestashop-cookies-google-consent-mode-2-0\/\" title=\"Cookies PrestaShop (compatible avec Google Consent Mode 2.0)\">Cookies PrestaShop (compatible avec Google Consent Mode 2.0)<\/a><\/div><\/div><\/li><\/ul><\/li><li class=\"knowledge-base-item\"><h3 class=\"knowledge-base-title\"><a href=\"https:\/\/cocos.codes\/fr\/kategoria\/baza-wiedzy\/wordpress\/\" title=\"WordPress\">WordPress<\/a><\/h3><div class=\"knowledge-base-posts\"><div class=\"knowledge-base-post\"><a href=\"https:\/\/cocos.codes\/fr\/archiwa\/jak-zainstalowac-modul-prestashop-wordpress\/\" title=\"Comment installer un module PrestaShop ou WordPress 6.x ?\">Comment installer un module PrestaShop ou WordPress 6.x ?<\/a><\/div><\/div><ul class=\"knowledge-base-list\"><li class=\"knowledge-base-item\"><h3 class=\"knowledge-base-title\"><a href=\"https:\/\/cocos.codes\/fr\/kategoria\/baza-wiedzy\/wordpress\/dokumentacje\/\" title=\"Documentation\">Documentation<\/a><\/h3><div class=\"knowledge-base-posts\"><div class=\"knowledge-base-post\"><a href=\"https:\/\/cocos.codes\/fr\/archiwa\/wordpress-system-rezerwacji\/\" title=\"WordPress Customer Reservation System 1.0\">WordPress Customer Reservation System 1.0<\/a><\/div><div class=\"knowledge-base-post\"><a href=\"https:\/\/cocos.codes\/fr\/archiwa\/wordpress-anty-spam\/\" title=\"Anti-spam WordPress 1.0\">Anti-spam WordPress 1.0<\/a><\/div><div class=\"knowledge-base-post\"><a href=\"https:\/\/cocos.codes\/fr\/archiwa\/wordpress-portfolio\/\" title=\"Portfolio WordPress 1.0\">Portfolio WordPress 1.0<\/a><\/div><div class=\"knowledge-base-post\"><a href=\"https:\/\/cocos.codes\/fr\/archiwa\/integracja-wordpress-olx\/\" title=\"Int\u00e9gration WordPress OLX 1.0\">Int\u00e9gration WordPress OLX 1.0<\/a><\/div><div class=\"knowledge-base-post\"><a href=\"https:\/\/cocos.codes\/fr\/archiwa\/wordpress-google-merchant-center\/\" title=\"WordPress Google Merchant Center 1.0\">WordPress Google Merchant Center 1.0<\/a><\/div><div class=\"knowledge-base-post\"><a href=\"https:\/\/cocos.codes\/fr\/archiwa\/wordpress-meta-facebook-pixel\/\" title=\"WordPress Meta Facebook Pixel 1.0\">WordPress Meta Facebook Pixel 1.0<\/a><\/div><div class=\"knowledge-base-post\"><a href=\"https:\/\/cocos.codes\/fr\/archiwa\/woocommerce-zaawansowane-rabaty\/\" title=\"WooCommerce Advanced Discounts 1.0\">WooCommerce advanced discounts 1.0<\/a><\/div><div class=\"knowledge-base-post\"><a href=\"https:\/\/cocos.codes\/fr\/archiwa\/woocommerce-integracja-google-ga4-gtm-ads\/\" title=\"WooCommerce Int\u00e9gration Google (GA4, GTM, Ads) 1.0\">WooCommerce Int\u00e9gration Google (GA4, GTM, Ads) 1.0<\/a><\/div><div class=\"knowledge-base-post\"><a href=\"https:\/\/cocos.codes\/fr\/archiwa\/woocommerce-darmowa-dostawa\/\" title=\"Woocommerce Livraison gratuite 1.0\">Woocommerce Livraison gratuite 1.0<\/a><\/div><\/div><\/li><\/ul><\/li><\/ul>    <\/div>\r\n\r\n    <script>\r\n    jQuery(document).ready(function($) {\r\n        $('.knowledge-base-toggle').click(function() {\r\n            var $container = $(this).closest('.knowledge-base-posts');\r\n            var $hidden = $container.find('.hidden-posts');\r\n            var $button = $(this);\r\n\r\n            $hidden.slideToggle(400, function() {\r\n                $button.text($hidden.is(':visible') ?\r\n                    'Poka\u017c mniej' :\r\n                    'Poka\u017c wi\u0119cej'\r\n                );\r\n            });\r\n        });\r\n    });\r\n    <\/script>\r\n    <\/p>\t\t\t\t\t\t\t\t<\/div>\n\t\t\t\t\t<\/div>\n\t\t\t\t<\/div>\n\t\t\t\t<\/div>","protected":false},"excerpt":{"rendered":"Woocommerce Free Shipping Documentation compl\u00e8te pour le plugin CC Free Shipping pour Woo Commerce Table des mati\u00e8res 1. introduction 2. installation 3. activation de la licence 4. configuration de base 5. param\u00e8tres des messages 6.","protected":false},"author":1,"featured_media":0,"parent":0,"menu_order":0,"comment_status":"closed","ping_status":"closed","template":"","meta":{"powered_cache_disable_cache":false,"powered_cache_disable_css_optimization":false,"powered_cache_disable_js_optimization":false,"footnotes":""},"class_list":["post-1764","page","type-page","status-publish","hentry"],"_links":{"self":[{"href":"https:\/\/cocos.codes\/fr\/wp-json\/wp\/v2\/pages\/1764","targetHints":{"allow":["GET"]}}],"collection":[{"href":"https:\/\/cocos.codes\/fr\/wp-json\/wp\/v2\/pages"}],"about":[{"href":"https:\/\/cocos.codes\/fr\/wp-json\/wp\/v2\/types\/page"}],"author":[{"embeddable":true,"href":"https:\/\/cocos.codes\/fr\/wp-json\/wp\/v2\/users\/1"}],"replies":[{"embeddable":true,"href":"https:\/\/cocos.codes\/fr\/wp-json\/wp\/v2\/comments?post=1764"}],"version-history":[{"count":0,"href":"https:\/\/cocos.codes\/fr\/wp-json\/wp\/v2\/pages\/1764\/revisions"}],"wp:attachment":[{"href":"https:\/\/cocos.codes\/fr\/wp-json\/wp\/v2\/media?parent=1764"}],"curies":[{"name":"wp","href":"https:\/\/api.w.org\/{rel}","templated":true}]}}