{"id":1760,"date":"2025-02-02T22:07:46","date_gmt":"2025-02-02T21:07:46","guid":{"rendered":"https:\/\/cocos.codes\/?page_id=1760"},"modified":"2025-02-09T13:28:54","modified_gmt":"2025-02-09T12:28:54","slug":"reglement-de-latelier","status":"publish","type":"page","link":"https:\/\/cocos.codes\/fr\/regulamin-sklepu\/","title":{"rendered":"R\u00e9glementation des magasins"},"content":{"rendered":"<div data-elementor-type=\"wp-page\" data-elementor-id=\"1760\" class=\"elementor elementor-1760\">\n\t\t\t\t<div class=\"elementor-element elementor-element-72fb361c e-flex e-con-boxed e-con e-parent\" data-id=\"72fb361c\" data-element_type=\"container\" data-e-type=\"container\">\n\t\t\t\t\t<div class=\"e-con-inner\">\n\t\t\t\t<div class=\"elementor-element elementor-element-7b8aa493 elementor-widget elementor-widget-text-editor\" data-id=\"7b8aa493\" data-element_type=\"widget\" data-e-type=\"widget\" data-widget_type=\"text-editor.default\">\n\t\t\t\t\t\t\t\t\t<p>Les pr\u00e9sentes conditions g\u00e9n\u00e9rales d\u00e9finissent les r\u00e8gles d'utilisation de la boutique en ligne.\u00a0<strong>COCOS.CODES<\/strong>disponible \u00e0 l'adresse suivante\u00a0<a href=\"https:\/\/cocos.codes\/fr\/\" title=\"Https:\/\/cocos.codes\/\">https:\/\/cocos.codes\/<\/a>et les conditions de conclusion et d'ex\u00e9cution des contrats de vente des produits propos\u00e9s par le magasin.<\/p><h6><strong>1. dispositions g\u00e9n\u00e9rales<\/strong><\/h6><ol><li>Boutique en ligne\u00a0<strong>COCOS.CODES<\/strong>disponible \u00e0 l'adresse suivante\u00a0<a href=\"https:\/\/cocos.codes\/fr\/\" title=\"Https:\/\/cocos.codes\/\"><strong>https:\/\/cocos.codes\/<\/strong><\/a>Il vend des produits num\u00e9riques, notamment des modules, des domaines, des serveurs et des serveurs VPS, et propose des services suppl\u00e9mentaires tels que la r\u00e9paration de boutiques en ligne, l'acc\u00e9l\u00e9ration, l'optimisation et d'autres services de d\u00e9veloppement et d'assistance.<\/li><li>Le pr\u00e9sent r\u00e8glement fixe les r\u00e8gles d'utilisation du magasin, la conclusion des contrats de vente et les droits et obligations de l'acheteur et du vendeur.<\/li><li>Les r\u00e8glements s'adressent \u00e0 la fois aux consommateurs (personnes physiques) et aux entreprises (personnes morales et unit\u00e9s organisationnelles).<\/li><\/ol><h6><strong>2. conclusion de contrats<\/strong><\/h6><ol><li>Les commandes sont pass\u00e9es via le site web\u00a0<strong>COCOS.CODES<\/strong>\u00a0en s\u00e9lectionnant un produit, en l'ajoutant \u00e0 votre panier et en effectuant le paiement.<\/li><li>Une fois le paiement cr\u00e9dit\u00e9, l'acheteur recevra le produit par voie \u00e9lectronique \u00e0 l'adresse e-mail indiqu\u00e9e sous forme de t\u00e9l\u00e9chargement.<\/li><li>Le contrat de vente est conclu lorsque le paiement de la commande est effectu\u00e9.<\/li><\/ol><h6><strong>3 Paiements<\/strong><\/h6><ol><li>Boutique\u00a0<strong>COCOS.CODES<\/strong>\u00a0propose des paiements en ligne s\u00e9curis\u00e9s via des syst\u00e8mes de paiement s\u00e9lectionn\u00e9s.<\/li><li>Les prix des produits sont indiqu\u00e9s en zloty polonais (<strong>PLN<\/strong>) et incluent la TVA. La boutique accepte \u00e9galement les paiements en devises\u00a0<strong>USD<\/strong>\u00a0i\u00a0<strong>EUR<\/strong>et les montants dans ces monnaies sont convertis au taux de change en vigueur.<\/li><li>Les commandes ne sont ex\u00e9cut\u00e9es que lorsque le paiement a \u00e9t\u00e9 effectu\u00e9 en totalit\u00e9.<\/li><\/ol><h6><strong>4 Livraison<\/strong><\/h6><ol><li>Les produits num\u00e9riques sont automatiquement livr\u00e9s \u00e0 l'adresse \u00e9lectronique de l'acheteur une fois que le paiement a \u00e9t\u00e9 cr\u00e9dit\u00e9.<\/li><li>La livraison est gratuite et aucun co\u00fbt suppl\u00e9mentaire n'est \u00e0 la charge de l'acheteur.<\/li><\/ol><h6><strong>5 Droit de r\u00e9tractation (retours)<\/strong><\/h6><ol><li>Un acheteur qui est un consommateur a le droit de r\u00e9silier un contrat dans les 14 jours suivant sa conclusion, conform\u00e9ment \u00e0 l'article 27 de la loi sur les droits des consommateurs.<\/li><li>Le droit de r\u00e9tractation ne s'applique pas aux produits num\u00e9riques livr\u00e9s sous forme \u00e9lectronique s'ils ont \u00e9t\u00e9 t\u00e9l\u00e9charg\u00e9s ou activ\u00e9s par l'acheteur.<\/li><li>Si le produit achet\u00e9 ne fonctionne pas correctement et que le service d'assistance technique du magasin n'est pas en mesure de rem\u00e9dier au probl\u00e8me, l'acheteur a droit \u00e0 un remboursement int\u00e9gral.<\/li><\/ol><h6><strong>6 Plaintes et assistance technique<\/strong><\/h6><ol><li>Les r\u00e9clamations concernant les produits doivent \u00eatre adress\u00e9es \u00e0 l'adresse \u00e9lectronique suivante :\u00a0<a href=\"mailto:contact@cocos.codes\" title=\"Contact@cocos.codes\"><strong>contact@cocos.codes<\/strong><\/a>.<\/li><li>Le magasin fournit une assistance technique pour r\u00e9soudre les probl\u00e8mes li\u00e9s au fonctionnement des produits.<\/li><li>Les plaintes sont trait\u00e9es dans les 14 jours suivant leur d\u00e9p\u00f4t.<\/li><\/ol><h6><strong>7. mise \u00e0 jour des produits<\/strong><\/h6><ol><li>L'acheteur a droit \u00e0 des mises \u00e0 jour gratuites des produits achet\u00e9s pendant la p\u00e9riode d'assistance sp\u00e9cifi\u00e9e.<\/li><li>Les informations sur les mises \u00e0 jour disponibles seront envoy\u00e9es \u00e0 l'adresse \u00e9lectronique fournie lors de la commande.<\/li><\/ol><h6><strong>8 Licence<\/strong><\/h6><ol><li><p><strong>Champ d'application de la licence<\/strong><br \/>Tous les produits num\u00e9riques propos\u00e9s par la boutique <strong>COCOS.CODES<\/strong>Le produit, tel que les modules, les int\u00e9grations ou les modifications, est attribu\u00e9 \u00e0 un domaine (une boutique). La licence permet \u00e9galement au produit de fonctionner sur des sous-domaines et des r\u00e9pertoires de serveurs, par ex :<\/p><ul><li>domaine.pl<\/li><li>sklep.domena.pl<\/li><li>domain.pl\/test<\/li><\/ul><\/li><li><p><strong>Licence de d\u00e9veloppement<\/strong><br \/>\u00c0 des fins de test, la boutique COCOS.CODES octroie automatiquement des licences de d\u00e9veloppement pour des adresses sp\u00e9cifiques, telles que<\/p><ul><li>*.localhost<\/li><li>*.test<\/li><li>*.dev<\/li><li>test.*<\/li><li>dev.*<\/li><\/ul><p>S'il est n\u00e9cessaire d'utiliser un domaine de test diff\u00e9rent, veuillez nous contacter pour obtenir la licence appropri\u00e9e.<\/p><\/li><li><p><strong>Changement de licence<\/strong><br \/>Tout produit achet\u00e9 peut \u00eatre transf\u00e9r\u00e9 vers un autre domaine une fois dans les 24 mois suivant l'achat, \u00e0 condition que les crit\u00e8res suivants soient remplis :<\/p><ul><li>Le logiciel doit \u00eatre d\u00e9sinstall\u00e9 et supprim\u00e9 du domaine existant.<\/li><li>Le nouveau domaine doit appartenir \u00e0 la m\u00eame entreprise que le pr\u00e9c\u00e9dent.<\/li><li>Apr\u00e8s 24 mois, il est possible de changer de domaine avec une r\u00e9duction allant jusqu'\u00e0 50% (pas plus que le prix d'achat initial).<\/li><\/ul><p><strong>Licence de d\u00e9veloppement suppl\u00e9mentaire<\/strong><br \/>Une licence de d\u00e9veloppement pour le produit achet\u00e9 peut \u00eatre ajout\u00e9e sur demande. Pour l'obtenir, veuillez contacter <a href=\"https:\/\/cocos.codes\/fr\/support\/\" title=\"Service d&#039;appui\">service d'appui<\/a>en indiquant l'adresse de test couverte par la licence.<\/p><\/li><\/ol><h6><strong>9 Protection des donn\u00e9es personnelles<\/strong><\/h6><ol><li>Le propri\u00e9taire du magasin est l'administrateur des donn\u00e9es personnelles des acheteurs.\u00a0<strong>COCOS.CODES<\/strong>.<\/li><li>Les donn\u00e9es personnelles sont trait\u00e9es uniquement dans le but de traiter la commande, conform\u00e9ment aux dispositions applicables du RODO.<\/li><li>Des informations d\u00e9taill\u00e9es sur le traitement des donn\u00e9es \u00e0 caract\u00e8re personnel peuvent \u00eatre trouv\u00e9es dans la\u00a0<a href=\"https:\/\/cocos.codes\/fr\/politique-de-confidentialite\/\" title=\"Politique de confidentialit\u00e9\">Politique de confidentialit\u00e9<\/a>.<\/li><\/ol><h6><strong>10 Dispositions finales<\/strong><\/h6><ol><li>Tous les litiges d\u00e9coulant des contrats conclus par l'interm\u00e9diaire du magasin\u00a0<strong>COCOS.CODES<\/strong>\u00a0sera d\u00e9cid\u00e9e par les tribunaux polonais comp\u00e9tents.<\/li><li>Le magasin se r\u00e9serve le droit de modifier les conditions g\u00e9n\u00e9rales. L'acheteur sera inform\u00e9 de toute modification bien \u00e0 l'avance.<\/li><li>Le pr\u00e9sent r\u00e8glement int\u00e9rieur entre en vigueur le\u00a0<strong>01.01.2025<\/strong>.<\/li><\/ol>\t\t\t\t\t\t\t\t<\/div>\n\t\t\t\t\t<\/div>\n\t\t\t\t<\/div>\n\t\t\t\t<\/div>","protected":false},"excerpt":{"rendered":"Niniejszy Regulamin okre\u015bla zasady korzystania z sklepu internetowego\u00a0COCOS.CODES, dost\u0119pnego pod adresem\u00a0https:\/\/cocos.codes\/, oraz warunki zawierania i realizacji um\u00f3w sprzeda\u017cy produkt\u00f3w oferowanych przez sklep.1. Postanowienia og\u00f3lne Sklep internetowy\u00a0COCOS.CODES, dost\u0119pny pod adresem\u00a0https:\/\/cocos.codes\/, prowadzi","protected":false},"author":1,"featured_media":0,"parent":0,"menu_order":0,"comment_status":"closed","ping_status":"closed","template":"","meta":{"powered_cache_disable_cache":false,"powered_cache_disable_css_optimization":false,"powered_cache_disable_js_optimization":false,"footnotes":""},"class_list":["post-1760","page","type-page","status-publish","hentry"],"_links":{"self":[{"href":"https:\/\/cocos.codes\/fr\/wp-json\/wp\/v2\/pages\/1760","targetHints":{"allow":["GET"]}}],"collection":[{"href":"https:\/\/cocos.codes\/fr\/wp-json\/wp\/v2\/pages"}],"about":[{"href":"https:\/\/cocos.codes\/fr\/wp-json\/wp\/v2\/types\/page"}],"author":[{"embeddable":true,"href":"https:\/\/cocos.codes\/fr\/wp-json\/wp\/v2\/users\/1"}],"replies":[{"embeddable":true,"href":"https:\/\/cocos.codes\/fr\/wp-json\/wp\/v2\/comments?post=1760"}],"version-history":[{"count":0,"href":"https:\/\/cocos.codes\/fr\/wp-json\/wp\/v2\/pages\/1760\/revisions"}],"wp:attachment":[{"href":"https:\/\/cocos.codes\/fr\/wp-json\/wp\/v2\/media?parent=1760"}],"curies":[{"name":"wp","href":"https:\/\/api.w.org\/{rel}","templated":true}]}}