{"id":1734,"date":"2025-02-02T22:07:23","date_gmt":"2025-02-02T21:07:23","guid":{"rendered":"https:\/\/cocos.codes\/?page_id=1734"},"modified":"2025-02-07T21:25:13","modified_gmt":"2025-02-07T20:25:13","slug":"politique-de-confidentialite","status":"publish","type":"page","link":"https:\/\/cocos.codes\/fr\/polityka-prywatnosci\/","title":{"rendered":"Politique de confidentialit\u00e9"},"content":{"rendered":"<div data-elementor-type=\"wp-page\" data-elementor-id=\"1734\" class=\"elementor elementor-1734\">\n\t\t\t\t<div class=\"elementor-element elementor-element-6f5c100c e-flex e-con-boxed e-con e-parent\" data-id=\"6f5c100c\" data-element_type=\"container\" data-e-type=\"container\">\n\t\t\t\t\t<div class=\"e-con-inner\">\n\t\t\t\t<div class=\"elementor-element elementor-element-19bc04e8 elementor-widget elementor-widget-text-editor\" data-id=\"19bc04e8\" data-element_type=\"widget\" data-e-type=\"widget\" data-widget_type=\"text-editor.default\">\n\t\t\t\t\t\t\t\t\t<p>La pr\u00e9sente politique de confidentialit\u00e9 d\u00e9finit les principes de traitement et de protection des donn\u00e9es personnelles des utilisateurs de la boutique en ligne. <strong>COCOS.CODES<\/strong>disponible \u00e0 l'adresse suivante\u00a0<a href=\"https:\/\/cocos.codes\/fr\/\" title=\"Https:\/\/cocos.codes\/\"><strong>https:\/\/cocos.codes\/<\/strong><\/a>dans le cadre de l'utilisation des services offerts par le magasin.<\/p><h6><strong>1. le responsable du traitement des donn\u00e9es \u00e0 caract\u00e8re personnel<\/strong><\/h6><ol><li>Le responsable du traitement des donn\u00e9es \u00e0 caract\u00e8re personnel est\u00a0<strong>Montownia Stron sp. z o.o. <\/strong>commerce \u00e0 <a href=\"https:\/\/maps.app.goo.gl\/WgDGTKaPV3XQZoNJ9\" title=\"Szlak 77\/222, 31-153 Krak\u00f3w, POLOGNE\" target=\"_blank\" rel=\"noopener\"><strong>Szlak 77\/222, 31-153 Krak\u00f3w, POLOGNE <\/strong><\/a>et l'adresse \u00e9lectronique :\u00a0<a href=\"mailto:contact@cocos.codes\" title=\"Contact@cocos.codes\"><strong>contact@cocos.codes<\/strong><\/a><\/li><li>Pour les questions relatives \u00e0 la protection des donn\u00e9es, vous pouvez contacter l'adresse \u00e9lectronique suivante :\u00a0<strong><a href=\"mailto:contact@cocos.codes\" title=\"Contact@cocos.codes\">contact@cocos.codes<\/a> <\/strong>ou par \u00e9crit \u00e0 l'adresse enregistr\u00e9e de l'administrateur.<\/li><\/ol><h6><strong>2 Finalit\u00e9 et port\u00e9e du traitement des donn\u00e9es<\/strong><\/h6><ol><li>Les donn\u00e9es personnelles sont trait\u00e9es pour :<ul><li>le traitement des commandes dans la boutique en ligne,<\/li><li>la fourniture de services, y compris l'assistance technique,<\/li><li>pour envoyer une lettre d'information (avec le consentement de l'utilisateur),<\/li><li>le traitement des plaintes et des demandes de renseignements,<\/li><li>remplir les obligations l\u00e9gales d\u00e9coulant de la l\u00e9gislation.<\/li><\/ul><\/li><li>Les donn\u00e9es trait\u00e9es comprennent : le nom, l'adresse \u00e9lectronique, l'adresse de livraison (le cas \u00e9ch\u00e9ant), le num\u00e9ro de t\u00e9l\u00e9phone (le cas \u00e9ch\u00e9ant), les d\u00e9tails de la facture (pour les entreprises) et l'adresse IP.<\/li><\/ol><h6><strong>3 Base juridique du traitement des donn\u00e9es<\/strong><\/h6><ol><li>Le traitement des donn\u00e9es est n\u00e9cessaire \u00e0 l'ex\u00e9cution du contrat de vente (article 6, paragraphe 1, point b), du RODO).<\/li><li>Dans le cas de l'envoi de lettres d'information, le traitement a lieu sur la base du consentement de l'utilisateur (article 6, paragraphe 1, point a), du RODO).<\/li><li>Dans les autres cas, le traitement est fond\u00e9 sur les obligations l\u00e9gales de l'administrateur (article 6, paragraphe 1, point c), du RODO) ou sur son int\u00e9r\u00eat l\u00e9gitime (article 6, paragraphe 1, point f), du RODO).<\/li><\/ol><h6><strong>4 Droits des utilisateurs<\/strong><\/h6><ol><li>Toute personne concern\u00e9e a le droit<ul><li>l'acc\u00e8s \u00e0 leurs donn\u00e9es,<\/li><li>la rectification des donn\u00e9es,<\/li><li>la suppression des donn\u00e9es (droit \u00e0 l'oubli),<\/li><li>limitation du traitement,<\/li><li>la portabilit\u00e9 des donn\u00e9es,<\/li><li>de s'opposer au traitement,<\/li><li>de retirer son consentement au traitement (si le traitement est fond\u00e9 sur le consentement).<\/li><\/ul><\/li><li>Pour exercer les droits susmentionn\u00e9s, veuillez contacter l'administrateur \u00e0 l'adresse \u00e9lectronique suivante :\u00a0<a href=\"mailto:contact@cocos.codes\" title=\"Contact@cocos.codes\"><strong>contact@cocos.codes<\/strong><\/a>.<\/li><\/ol><h6><strong>5 P\u00e9riode de conservation des donn\u00e9es<\/strong><\/h6><ol><li>Les donn\u00e9es \u00e0 caract\u00e8re personnel sont conserv\u00e9es pendant la p\u00e9riode n\u00e9cessaire pour atteindre les objectifs pour lesquels elles ont \u00e9t\u00e9 collect\u00e9es, y compris :<ul><li>pendant la dur\u00e9e du contrat de vente et apr\u00e8s sa r\u00e9siliation, afin de se conformer aux obligations l\u00e9gales (par exemple, en ce qui concerne les r\u00e8glements fiscaux),<\/li><li>jusqu'\u00e0 ce que vous retiriez votre consentement au traitement (dans le cas d'une lettre d'information).<\/li><\/ul><\/li><\/ol><h6><strong>6 Destinataires des donn\u00e9es<\/strong><\/h6><ol><li>Les donn\u00e9es peuvent \u00eatre partag\u00e9es avec des parties externes telles que<ul><li>les prestataires de services de paiement,<\/li><li>les soci\u00e9t\u00e9s de messagerie (en cas de livraison physique),<\/li><li>Fournisseurs de services informatiques et d'h\u00e9bergement,<\/li><li>les autorit\u00e9s nationales, si la loi l'exige.<\/li><\/ul><\/li><\/ol><h6><strong>7 S\u00e9curit\u00e9 des donn\u00e9es<\/strong><\/h6><ol><li>La boutique cocos.codes utilise des mesures techniques et organisationnelles appropri\u00e9es pour assurer la s\u00e9curit\u00e9 des donn\u00e9es personnelles trait\u00e9es, notamment le cryptage des connexions (SSL) et la mise \u00e0 jour r\u00e9guli\u00e8re des syst\u00e8mes.<\/li><\/ol><h6><strong>8 Cookies<\/strong><\/h6><ol><li>La boutique utilise des cookies pour am\u00e9liorer la fonctionnalit\u00e9 du site web, analyser le trafic du site web et personnaliser le contenu.<\/li><li>L'utilisateur peut g\u00e9rer les cookies via les param\u00e8tres du navigateur.<\/li><\/ol><h6><strong>9 Modifications de la politique de confidentialit\u00e9<\/strong><\/h6><ol><li>Le magasin se r\u00e9serve le droit de modifier la politique de confidentialit\u00e9. Toute modification sera publi\u00e9e sur le site web du magasin.<\/li><li>En cas de changements importants, les utilisateurs seront inform\u00e9s par courrier \u00e9lectronique.<\/li><\/ol><h6><strong>10 Dispositions finales<\/strong><\/h6><ol><li>La politique de confidentialit\u00e9 entre en vigueur le\u00a0<strong>01.01.2025<\/strong>.<\/li><li>Pour les questions non couvertes par la pr\u00e9sente politique de confidentialit\u00e9, les dispositions de la loi polonaise, en particulier le RODO et la loi sur la protection des donn\u00e9es personnelles, s'appliquent.<\/li><\/ol>\t\t\t\t\t\t\t\t<\/div>\n\t\t\t\t\t<\/div>\n\t\t\t\t<\/div>\n\t\t\t\t<\/div>","protected":false},"excerpt":{"rendered":"Niniejsza Polityka Prywatno\u015bci okre\u015bla zasady przetwarzania i ochrony danych osobowych u\u017cytkownik\u00f3w sklepu internetowego COCOS.CODES, dost\u0119pnego pod adresem\u00a0https:\/\/cocos.codes\/, w zwi\u0105zku z korzystaniem z us\u0142ug oferowanych przez sklep.1. Administratorem danych osobowych Administratorem","protected":false},"author":1,"featured_media":0,"parent":0,"menu_order":0,"comment_status":"closed","ping_status":"closed","template":"","meta":{"powered_cache_disable_cache":false,"powered_cache_disable_css_optimization":false,"powered_cache_disable_js_optimization":false,"footnotes":""},"class_list":["post-1734","page","type-page","status-publish","hentry"],"_links":{"self":[{"href":"https:\/\/cocos.codes\/fr\/wp-json\/wp\/v2\/pages\/1734","targetHints":{"allow":["GET"]}}],"collection":[{"href":"https:\/\/cocos.codes\/fr\/wp-json\/wp\/v2\/pages"}],"about":[{"href":"https:\/\/cocos.codes\/fr\/wp-json\/wp\/v2\/types\/page"}],"author":[{"embeddable":true,"href":"https:\/\/cocos.codes\/fr\/wp-json\/wp\/v2\/users\/1"}],"replies":[{"embeddable":true,"href":"https:\/\/cocos.codes\/fr\/wp-json\/wp\/v2\/comments?post=1734"}],"version-history":[{"count":0,"href":"https:\/\/cocos.codes\/fr\/wp-json\/wp\/v2\/pages\/1734\/revisions"}],"wp:attachment":[{"href":"https:\/\/cocos.codes\/fr\/wp-json\/wp\/v2\/media?parent=1734"}],"curies":[{"name":"wp","href":"https:\/\/api.w.org\/{rel}","templated":true}]}}