{"id":5840,"date":"2025-12-14T18:59:14","date_gmt":"2025-12-14T17:59:14","guid":{"rendered":"https:\/\/cocos.codes\/?post_type=product&#038;p=5840"},"modified":"2026-04-09T19:38:32","modified_gmt":"2026-04-09T17:38:32","slug":"prestashop-google-merchant-feed-xml","status":"publish","type":"product","link":"https:\/\/cocos.codes\/es\/produkt\/prestashop-google-merchant-feed-xml\/","title":{"rendered":"PrestaShop Google Merchant Feed XML 1.0.0"},"content":{"rendered":"<div data-elementor-type=\"wp-post\" data-elementor-id=\"5840\" class=\"elementor elementor-5840\">\n\t\t\t\t<div class=\"elementor-element elementor-element-ce94061 e-flex e-con-boxed e-con e-parent\" data-id=\"ce94061\" data-element_type=\"container\" data-e-type=\"container\">\n\t\t\t\t\t<div class=\"e-con-inner\">\n\t\t\t\t<div class=\"elementor-element elementor-element-7b45a39 elementor-widget elementor-widget-text-editor\" data-id=\"7b45a39\" data-element_type=\"widget\" data-e-type=\"widget\" data-widget_type=\"text-editor.default\">\n\t\t\t\t\t\t\t\t\t<h6>PrestaShop Google Merchant Feed: integraci\u00f3n profesional de comercio electr\u00f3nico<\/h6>CC Google Merchant Feed es <strong>m\u00f3dulo avanzado para <a href=\"https:\/\/cocos.codes\/es\/categoria-de-producto\/tiendas-individuales\/\" title=\"Tiendas PrestaShop\">tiendas PrestaShop<\/a> que desean integrarse plenamente en Google Merchant Center<\/strong>. Genera autom\u00e1ticamente un feed XML que contiene todos los productos de la tienda de acuerdo con las especificaciones de Google, con opciones avanzadas de configuraci\u00f3n y filtrado. <strong>Aumenta la visibilidad de tus productos en Google Shopping<\/strong>, mejora la calidad del feed y proporciona los datos m\u00e1s actuales a <a href=\"https:\/\/merchants.google.com\/\" title=\"Google Merchant Center\" target=\"_blank\" rel=\"noopener\">Google Merchant Center<\/a>. <strong>Implementaci\u00f3n profesional lista para usar inmediatamente despu\u00e9s de la instalaci\u00f3n.<\/strong><div class=\"notranslate\" style=\"all: initial;\">\u00a0<\/div>\t\t\t\t\t\t\t\t<\/div>\n\t\t\t\t<div class=\"elementor-element elementor-element-a6a8995 elementor-widget elementor-widget-spacer\" data-id=\"a6a8995\" data-element_type=\"widget\" data-e-type=\"widget\" data-widget_type=\"spacer.default\">\n\t\t\t\t\t\t\t<div class=\"elementor-spacer\">\n\t\t\t<div class=\"elementor-spacer-inner\"><\/div>\n\t\t<\/div>\n\t\t\t\t\t\t<\/div>\n\t\t\t\t\t<\/div>\n\t\t\t\t<\/div>\n\t\t<div class=\"elementor-element elementor-element-97b1bae e-flex e-con-boxed e-con e-parent\" data-id=\"97b1bae\" data-element_type=\"container\" data-e-type=\"container\">\n\t\t\t\t\t<div class=\"e-con-inner\">\n\t\t<div class=\"elementor-element elementor-element-a2d841e e-grid e-con-full e-con e-child\" data-id=\"a2d841e\" data-element_type=\"container\" data-e-type=\"container\">\n\t\t\t\t<div class=\"elementor-element elementor-element-94214a6 elementor-widget elementor-widget-pls-button\" data-id=\"94214a6\" data-element_type=\"widget\" data-e-type=\"widget\" data-widget_type=\"pls-button.default\">\n\t\t\t\t<div class=\"elementor-widget-container\">\n\t\t\t\t\t<div id=\"pls-button-96141\" class=\"pls-element pls-button\">\n\t<a class=\"button btn-style-flat\" href=\"https:\/\/cocos.codes\/es\/base-de-conocimientos\/prestashop\/documentacion-de-prestashop\/feed-xml-de-google-merchant\/\" title=\"DOCUMENTACI\u00d3N\" target=\"_blank\">\n\t\tDOCUMENTACI\u00d3N\t<\/a>\n<\/div>\n\t\t\t\t<\/div>\n\t\t\t\t<\/div>\n\t\t\t\t<div class=\"elementor-element elementor-element-d6183fd elementor-widget elementor-widget-pls-button\" data-id=\"d6183fd\" data-element_type=\"widget\" data-e-type=\"widget\" data-widget_type=\"pls-button.default\">\n\t\t\t\t<div class=\"elementor-widget-container\">\n\t\t\t\t\t<div id=\"pls-button-23850\" class=\"pls-element pls-button\">\n\t<a class=\"button btn-style-flat\" href=\"https:\/\/demo.cocos.codes\/cc_ps_google_merchant\/\" title=\"DEMO\" target=\"_blank\">\n\t\tDEMO\t<\/a>\n<\/div>\n\t\t\t\t<\/div>\n\t\t\t\t<\/div>\n\t\t\t\t<\/div>\n\t\t\t\t\t<\/div>\n\t\t\t\t<\/div>\n\t\t<div class=\"elementor-element elementor-element-4969ea4 e-flex e-con-boxed e-con e-parent\" data-id=\"4969ea4\" data-element_type=\"container\" data-e-type=\"container\">\n\t\t\t\t\t<div class=\"e-con-inner\">\n\t\t\t\t<div class=\"elementor-element elementor-element-bd79232 elementor-widget elementor-widget-spacer\" data-id=\"bd79232\" data-element_type=\"widget\" data-e-type=\"widget\" data-widget_type=\"spacer.default\">\n\t\t\t\t\t\t\t<div class=\"elementor-spacer\">\n\t\t\t<div class=\"elementor-spacer-inner\"><\/div>\n\t\t<\/div>\n\t\t\t\t\t\t<\/div>\n\t\t\t\t<div class=\"elementor-element elementor-element-4d86d78 elementor-widget elementor-widget-text-editor\" data-id=\"4d86d78\" data-element_type=\"widget\" data-e-type=\"widget\" data-widget_type=\"text-editor.default\">\n\t\t\t\t\t\t\t\t\t<h6>Generaci\u00f3n autom\u00e1tica de feeds de comercio electr\u00f3nico<\/h6>\ud83d\udecd\ufe0f <strong>Integraci\u00f3n completa con Google Merchant Center<\/strong><br \/><ul><li>Generaci\u00f3n autom\u00e1tica de feed XML: todos los productos de la tienda en el formato correcto.<\/li><li>Cumplimiento con las especificaciones de Google: el feed contiene todos los campos obligatorios y recomendados.<\/li><li>Soporte para todo tipo de productos: simples y variantes, con GTIN y sin GTIN.<\/li><li>Soporte multiling\u00fce: feed en el idioma seleccionado de la tienda.<\/li><li>Soporte para m\u00faltiples divisas: formato correcto de los precios con el c\u00f3digo de la divisa.<\/li><li>Integraci\u00f3n con Google Merchant Center: enlace listo para importar el feed<\/li><\/ul><strong>\ud83d\udce6 Filtrado avanzado de productos<\/strong><br \/><ul><li>Filtros de categor\u00eda: exporta solo los productos de las categor\u00edas seleccionadas.<\/li><li>Filtros de fabricantes: limita el feed a marcas espec\u00edficas.<\/li><li>Filtro de cantidad en stock: omitir productos con una cantidad inferior a la especificada.<\/li><li>Filtro de promociones: exporta solo productos con descuentos y promociones<\/li><li>L\u00edmite de productos: controla el tama\u00f1o del feed limitando el n\u00famero de art\u00edculos.<\/li><li>Combinaciones inteligentes: combine filtros para obtener una gama precisa de productos.<\/li><\/ul><strong>\ud83d\uddbc\ufe0f Gesti\u00f3n de im\u00e1genes de productos<\/strong><br \/><ul><li>Imagen principal: descarga autom\u00e1tica de la miniatura principal del producto.<\/li><li>Im\u00e1genes adicionales: hasta 10 fotos adicionales por cada producto.<\/li><li>Tama\u00f1os de las im\u00e1genes: elecci\u00f3n entre tama\u00f1o peque\u00f1o, mediano, grande y muy grande.<\/li><li>Validaci\u00f3n de URL: comprueba si todos los enlaces a las fotos son correctos.<\/li><li>Recurso alternativo a la imagen predeterminada: sustituci\u00f3n autom\u00e1tica cuando no hay imagen principal.<\/li><li>Optimizaci\u00f3n para Google: im\u00e1genes con el tama\u00f1o recomendado por Google<\/li><\/ul><strong>\ud83d\udcb0 Gesti\u00f3n avanzada de precios y promociones<\/strong><br \/><ul><li>Precio est\u00e1ndar: descarga autom\u00e1tica del precio actual del producto.<\/li><li>Precio promocional (sale_price): detecci\u00f3n autom\u00e1tica de descuentos y rebajas.<\/li><li>Formato de precios: formato correcto: n\u00famero.dos_d\u00edgitos MONEDA<\/li><li>Servicio fiscal: precios con IVA\/impuestos incluidos<\/li><li>Gesti\u00f3n de descuentos: ajuste autom\u00e1tico del precio en promociones<\/li><li>Estado del producto: disponible\/no disponible\/reserva\/pedido pendiente<\/li><\/ul><strong>\ud83c\udff7\ufe0f Datos completos de los productos<\/strong><br \/><ul><li>ID del producto: identificador \u00fanico (m\u00e1ximo 50 caracteres)<\/li><li>T\u00edtulo: nombre del producto (m\u00e1ximo 150 caracteres, sin HTML)<\/li><li>Descripci\u00f3n: descripci\u00f3n completa del producto (m\u00e1ximo 5000 caracteres, sin HTML).<\/li><li>GTIN\/EAN: c\u00f3digo de barras (si est\u00e1 disponible)<\/li><li>Marca: descarga autom\u00e1tica del fabricante o marca predeterminada.<\/li><li>MPN: n\u00famero de referencia con prefijo (prefijo personalizado)<\/li><li>Validaci\u00f3n de datos: eliminaci\u00f3n de HTML, espacios, formato<\/li><\/ul><strong>\ud83d\udd27 Configuraci\u00f3n flexible<\/strong><br \/><ul><li>Idioma del feed: selecci\u00f3n del idioma para los nombres y descripciones de los productos.<\/li><li>Marca predeterminada: marca para productos sin fabricante asignado.<\/li><li>Prefijo MPN: prefijo personalizado para el n\u00famero de referencia.<\/li><li>Tama\u00f1o de las im\u00e1genes: peque\u00f1o, mediano, grande o muy grande.<\/li><li>Estado del producto: por defecto, nuevo, reacondicionado o usado.<\/li><li>N\u00famero m\u00e1ximo de im\u00e1genes adicionales: control del tama\u00f1o del feed<\/li><li>Panel de administraci\u00f3n intuitivo: configuraci\u00f3n sencilla sin necesidad de codificaci\u00f3n.<\/li><\/ul><strong>\u26a1 Actualizaci\u00f3n autom\u00e1tica del feed<\/strong><br \/><ul><li>Actualizaci\u00f3n manual: haga clic en el bot\u00f3n del panel de administraci\u00f3n.<\/li><li>Actualizaci\u00f3n autom\u00e1tica: regenera el feed cada vez que se llama.<\/li><li>Cach\u00e9 del feed: almacena el feed durante un n\u00famero determinado de horas (2-24 h).<\/li><li>CRON: actualizaci\u00f3n autom\u00e1tica en el servidor a intervalos seleccionados<\/li><li>Integraci\u00f3n con Google Merchant Center: Google descarga autom\u00e1ticamente las actualizaciones.<\/li><li>Seguridad: acceso al feed protegido con token<\/li><\/ul><strong>\ud83d\udd10 Seguridad y tokens<\/strong><br \/><ul><li>Token de seguridad: c\u00f3digo \u00fanico para proteger el feed.<\/li><li>Protecci\u00f3n CRON: requiere un token para iniciar la actualizaci\u00f3n autom\u00e1tica.<\/li><li>Generaci\u00f3n de nuevos tokens: cambio de token en cualquier momento<\/li><li>F\u00e1cil acceso a la URL: enlace seguro al feed en el panel de administraci\u00f3n.<\/li><li>Copiar URL: un solo clic para copiar la direcci\u00f3n completa del feed.<\/li><li>Validaci\u00f3n de datos: comprobaci\u00f3n de la correcci\u00f3n del feed antes de guardarlo.<\/li><\/ul><strong>\ud83d\udcca Normalizaci\u00f3n y validaci\u00f3n de datos<\/strong><br \/><ul><li>Eliminaci\u00f3n de HTML: limpieza autom\u00e1tica de etiquetas HTML de las descripciones.<\/li><li>Recortar espacios: eliminar los espacios al principio y al final de los campos.<\/li><li>Normalizaci\u00f3n de categor\u00edas: primera letra may\u00fascula, formato correcto.<\/li><li>Validaci\u00f3n de URL: comprueba si los enlaces son correctos.<\/li><li>L\u00edmite de caracteres: acortamiento autom\u00e1tico de los campos a los l\u00edmites de Google.<\/li><li>Formato de n\u00fameros: formato correcto para precios (con dos decimales).<\/li><\/ul><strong>\ud83c\udf0d Soporte multiling\u00fce y multidepartamento<\/strong><br \/><ul><li>Feeds multiling\u00fces: selecci\u00f3n del idioma para cada generaci\u00f3n de feeds<\/li><li>Soporte para m\u00faltiples divisas: formato correcto de los precios con el c\u00f3digo de la divisa.<\/li><li>Conversi\u00f3n de precios: gesti\u00f3n de productos con diferentes divisas en la tienda<\/li><li>Nombres de categor\u00edas: traducciones de los nombres de categor\u00edas de la tienda.<\/li><li>Servicio completo de PrestaShop: integraci\u00f3n con el sistema de divisas de la tienda<\/li><\/ul><strong>\ud83d\udcf1 Compatibilidad y rendimiento<\/strong><br \/><ul><li>PrestaShop 1.7.x: totalmente compatible con la versi\u00f3n 1.7.<\/li><li>PrestaShop 8.x: compatible con todas las funciones<\/li><li>PrestaShop 9.x: probado y compatible con la \u00faltima versi\u00f3n.<\/li><li>PHP 7.4+: requiere PHP 7.4 o superior.<\/li><li>Eficiencia: generaci\u00f3n r\u00e1pida de feeds incluso para tiendas grandes.<\/li><li>Cach\u00e9: almacenamiento en cach\u00e9 del feed para reducir la carga del servidor.<\/li><\/ul><strong>\ud83c\udfaf Instrucciones detalladas y asistencia<\/strong><br \/><ul><li>Documentaci\u00f3n completa: gu\u00eda detallada para cada funci\u00f3n.<\/li><li>Instrucciones de Google Merchant Center: paso a paso c\u00f3mo a\u00f1adir un feed<\/li><li>Instrucciones CRON: c\u00f3mo configurar la actualizaci\u00f3n autom\u00e1tica<\/li><li>Resoluci\u00f3n de problemas: secci\u00f3n de preguntas frecuentes con respuestas a las preguntas m\u00e1s habituales.<\/li><li>Enlace de asistencia: acceso al equipo t\u00e9cnico de COCOS<\/li><li>Ejemplos de uso: escenarios pr\u00e1cticos de configuraci\u00f3n<\/li><\/ul>\t\t\t\t\t\t\t\t<\/div>\n\t\t\t\t<div class=\"elementor-element elementor-element-8950a9e elementor-widget elementor-widget-spacer\" data-id=\"8950a9e\" data-element_type=\"widget\" data-e-type=\"widget\" data-widget_type=\"spacer.default\">\n\t\t\t\t\t\t\t<div class=\"elementor-spacer\">\n\t\t\t<div class=\"elementor-spacer-inner\"><\/div>\n\t\t<\/div>\n\t\t\t\t\t\t<\/div>\n\t\t\t\t<div class=\"elementor-element elementor-element-f4451e2 elementor-widget elementor-widget-text-editor\" data-id=\"f4451e2\" data-element_type=\"widget\" data-e-type=\"widget\" data-widget_type=\"text-editor.default\">\n\t\t\t\t\t\t\t\t\t<h6><strong>\u26a1<\/strong>\u00a1Aumenta la visibilidad de tus productos y las ventas en Google Shopping!<\/h6>\nSin una alimentaci\u00f3n adecuada <b>los productos no aparecer\u00e1n en Google Shopping<\/b> o pueden ser <b>subestimadas en los resultados de b\u00fasqueda<\/b>. Est\u00e1s perdiendo <b>clientes potenciales<\/b>, que buscan exactamente los productos que vendes. <b>CC Google Merchant Feed<\/b> garantiza que tus productos siempre estar\u00e1n <b>actualizado y compatible con 100% seg\u00fan las especificaciones de Google<\/b>, lo que aumenta las posibilidades de <b>indexaci\u00f3n y visualizaci\u00f3n en Google Shopping<\/b>.<br \/><br \/>\n\n<b>Generaci\u00f3n autom\u00e1tica de feeds<\/b> ahorra decenas de horas de trabajo manual y elimina <b>errores en los datos de los productos<\/b>. Ya no tendr\u00e1s que exportar los productos manualmente ni preocuparte por las actualizaciones: el m\u00f3dulo lo hace por ti. <b>Filtros avanzados<\/b> permiten crear feeds especializados para diferentes campa\u00f1as y canales de venta, y <b>Acceso seguro mediante tokens<\/b> protege tus datos.<br \/><br \/>\n\nCon la configuraci\u00f3n adecuada del feed, puedes esperar <b>aumento de la visibilidad de los productos hasta en un 30-50%<\/b> i <b>Aumentar las ventas a trav\u00e9s de Google Shopping<\/b>. <b>Actualizaci\u00f3n autom\u00e1tica del feed<\/b> Garantiza que Google siempre tenga los datos m\u00e1s recientes: cuando cambies el precio, a\u00f1adas una promoci\u00f3n o actualices una foto., <b>los cambios aparecer\u00e1n en Google Shopping en unas horas<\/b>.\n\t\t\t\t\t\t\t\t<\/div>\n\t\t\t\t<div class=\"elementor-element elementor-element-7ccb3e3 elementor-widget elementor-widget-spacer\" data-id=\"7ccb3e3\" data-element_type=\"widget\" data-e-type=\"widget\" data-widget_type=\"spacer.default\">\n\t\t\t\t\t\t\t<div class=\"elementor-spacer\">\n\t\t\t<div class=\"elementor-spacer-inner\"><\/div>\n\t\t<\/div>\n\t\t\t\t\t\t<\/div>\n\t\t\t\t<div class=\"elementor-element elementor-element-71598b4 elementor-widget elementor-widget-text-editor\" data-id=\"71598b4\" data-element_type=\"widget\" data-e-type=\"widget\" data-widget_type=\"text-editor.default\">\n\t\t\t\t\t\t\t\t\t<h6>\u00bfPara qui\u00e9n?<\/h6>El m\u00f3dulo es ideal para todos:<br \/><br \/><div style=\"padding-left: 40px;\">\u2714 <a href=\"https:\/\/cocos.codes\/es\/categoria-de-producto\/tiendas-individuales\/\" title=\"Tiendas PrestaShop\">Tiendas PrestaShop<\/a> que venden productos en Google Shopping<\/div><div style=\"padding-left: 40px;\">\u2714 Comercio electr\u00f3nico que necesita una integraci\u00f3n completa con Google Merchant Center.<\/div><div style=\"padding-left: 40px;\">\u2714 Los profesionales del marketing que necesitan un control preciso sobre el feed de productos.<\/div><div style=\"padding-left: 40px;\">\u2714 Propietarios de tiendas que desean aumentar su visibilidad en Google.<\/div><div style=\"padding-left: 40px;\">\u2714 Agencias de marketing que gestionan campa\u00f1as para clientes<\/div><div style=\"padding-left: 40px;\">\u2714 Desarrolladores que buscan una soluci\u00f3n lista para usar en lugar de c\u00f3digo personalizado.<\/div><div style=\"padding-left: 40px;\">\u2714 Tiendas multiling\u00fces que necesitan feeds en diferentes idiomas<\/div><div style=\"padding-left: 40px;\">\u2714 Empresas con un gran n\u00famero de productos que necesitan automatizaci\u00f3n.<\/div><div style=\"padding-left: 40px;\">\u2714 Administradores que valoran la sencilla configuraci\u00f3n del panel PrestaShop.<\/div><div style=\"padding-left: 40px;\">\u2714 Usuarios avanzados de GTM que necesitan controlar los datos de los productos.<\/div>\t\t\t\t\t\t\t\t<\/div>\n\t\t\t\t<div class=\"elementor-element elementor-element-219d1b0 elementor-widget elementor-widget-spacer\" data-id=\"219d1b0\" data-element_type=\"widget\" data-e-type=\"widget\" data-widget_type=\"spacer.default\">\n\t\t\t\t\t\t\t<div class=\"elementor-spacer\">\n\t\t\t<div class=\"elementor-spacer-inner\"><\/div>\n\t\t<\/div>\n\t\t\t\t\t\t<\/div>\n\t\t\t\t<div class=\"elementor-element elementor-element-ae8e57e elementor-widget elementor-widget-text-editor\" data-id=\"ae8e57e\" data-element_type=\"widget\" data-e-type=\"widget\" data-widget_type=\"text-editor.default\">\n\t\t\t\t\t\t\t\t\t<h6>Ahorro de tiempo y dinero<\/h6><strong>La creaci\u00f3n y gesti\u00f3n manual del feed de Google Merchant Center requiere entre 10 y 20 horas de trabajo y debe actualizarse peri\u00f3dicamente.<\/strong> Nuestro m\u00f3dulo genera y actualiza el feed. <b>autom\u00e1ticamente, ahorrando tiempo y dinero<\/b>. <b>Pagas una sola vez y obtienes un seguimiento profesional y actualizaciones autom\u00e1ticas que mantienen tu feed siempre actualizado y conforme a las especificaciones de Google.<\/b>.<br \/><br \/>Ventajas adicionales:<br \/><ul><li><b>No es necesario contratar a un programador para la integraci\u00f3n.<\/b><\/li><li><b>Actualizaciones autom\u00e1ticas del feed sin necesidad de realizar acciones manuales.<\/b><\/li><li><b>Soporte para todas las versiones <a href=\"https:\/\/cocos.codes\/es\/articulos\/demo-prestashop-online-prueba-diferentes-versiones\/\" title=\"PrestaShop (1.7, 8, 9)\">PrestaShop (1.7, 8, 9)<\/a><\/b><\/li><li><b>Documentaci\u00f3n completa y gu\u00edas de configuraci\u00f3n<\/b><\/li><li><b>Asistencia t\u00e9cnica del equipo <a href=\"https:\/\/cocos.codes\/es\/pongase-en-contacto-con\/\" title=\"COCOS\">COCOS<\/a><\/b><\/li><\/ul>\t\t\t\t\t\t\t\t<\/div>\n\t\t\t\t<div class=\"elementor-element elementor-element-fe59f0e elementor-widget elementor-widget-spacer\" data-id=\"fe59f0e\" data-element_type=\"widget\" data-e-type=\"widget\" data-widget_type=\"spacer.default\">\n\t\t\t\t\t\t\t<div class=\"elementor-spacer\">\n\t\t\t<div class=\"elementor-spacer-inner\"><\/div>\n\t\t<\/div>\n\t\t\t\t\t\t<\/div>\n\t\t\t\t<div class=\"elementor-element elementor-element-ef4391d elementor-widget elementor-widget-text-editor\" data-id=\"ef4391d\" data-element_type=\"widget\" data-e-type=\"widget\" data-widget_type=\"text-editor.default\">\n\t\t\t\t\t\t\t\t\t<p><div class=\"pls-block pls-block-3297\">\t\t<div data-elementor-type=\"wp-post\" data-elementor-id=\"3297\" class=\"elementor elementor-3297\">\n\t\t\t\t<div class=\"elementor-element elementor-element-d99440d e-flex e-con-boxed e-con e-parent\" data-id=\"d99440d\" data-element_type=\"container\" data-e-type=\"container\" data-settings=\"{&quot;background_background&quot;:&quot;classic&quot;}\">\n\t\t\t\t\t<div class=\"e-con-inner\">\n\t\t\t\t<div class=\"elementor-element elementor-element-b850409 elementor-widget elementor-widget-text-editor\" data-id=\"b850409\" data-element_type=\"widget\" data-e-type=\"widget\" data-widget_type=\"text-editor.default\">\n\t\t\t\t\t\t\t\t\t<h6><strong>\u00a0Aumente hoy mismo la capacidad de su tienda. <\/strong><strong>\ud83d\ude80<\/strong><\/h6>A\u00f1ada nuevas funciones, mejore la experiencia de usuario y aumente las conversiones con nuestro m\u00f3dulo. F\u00e1cil instalaci\u00f3n, compatibilidad total y actualizaciones peri\u00f3dicas: todo lo que necesitas para que tu tienda funcione a\u00fan mejor.<br \/>\u2705 F\u00e1cil configuraci\u00f3n \u2705 Asistencia profesional \u2705 Integraci\u00f3n perfecta<br \/><br \/><a class=\"button simple\" href=\"#main-content\" title=\"\u00a1Inst\u00e1lalo y empieza a usarlo ya!\">\u00a1Inst\u00e1lalo y empieza a usarlo ya!<\/a>\t\t\t\t\t\t\t\t<\/div>\n\t\t\t\t\t<\/div>\n\t\t\t\t<\/div>\n\t\t\t\t<\/div>\n\t\t<\/div><\/p>\t\t\t\t\t\t\t\t<\/div>\n\t\t\t\t\t<\/div>\n\t\t\t\t<\/div>\n\t\t\t\t<\/div>","protected":false},"excerpt":{"rendered":"Presta Shop Google Merchant Feed: integraci\u00f3n profesional de comercio electr\u00f3nico CC Google Merchant Feed es un m\u00f3dulo avanzado para tiendas Presta Shop que desean integrarse completamente con Google Merchant Center. Autom\u00e1ticamente","protected":false},"featured_media":5846,"comment_status":"open","ping_status":"closed","template":"","meta":{"powered_cache_disable_cache":false,"powered_cache_disable_css_optimization":false,"powered_cache_disable_js_optimization":false},"product_brand":[275],"product_cat":[131],"product_tag":[224,273,225],"class_list":{"0":"post-5840","1":"product","2":"type-product","3":"status-publish","4":"has-post-thumbnail","6":"product_brand-cocos","7":"product_cat-prestashop","8":"product_tag-google-merchant-center","9":"product_tag-modul-prestashop","10":"product_tag-xml","12":"first","13":"instock","14":"downloadable","15":"virtual","16":"taxable","17":"purchasable","18":"product-type-simple"},"_links":{"self":[{"href":"https:\/\/cocos.codes\/es\/wp-json\/wp\/v2\/product\/5840","targetHints":{"allow":["GET"]}}],"collection":[{"href":"https:\/\/cocos.codes\/es\/wp-json\/wp\/v2\/product"}],"about":[{"href":"https:\/\/cocos.codes\/es\/wp-json\/wp\/v2\/types\/product"}],"replies":[{"embeddable":true,"href":"https:\/\/cocos.codes\/es\/wp-json\/wp\/v2\/comments?post=5840"}],"version-history":[{"count":0,"href":"https:\/\/cocos.codes\/es\/wp-json\/wp\/v2\/product\/5840\/revisions"}],"wp:featuredmedia":[{"embeddable":true,"href":"https:\/\/cocos.codes\/es\/wp-json\/wp\/v2\/media\/5846"}],"wp:attachment":[{"href":"https:\/\/cocos.codes\/es\/wp-json\/wp\/v2\/media?parent=5840"}],"wp:term":[{"taxonomy":"product_brand","embeddable":true,"href":"https:\/\/cocos.codes\/es\/wp-json\/wp\/v2\/product_brand?post=5840"},{"taxonomy":"product_cat","embeddable":true,"href":"https:\/\/cocos.codes\/es\/wp-json\/wp\/v2\/product_cat?post=5840"},{"taxonomy":"product_tag","embeddable":true,"href":"https:\/\/cocos.codes\/es\/wp-json\/wp\/v2\/product_tag?post=5840"}],"curies":[{"name":"wp","href":"https:\/\/api.w.org\/{rel}","templated":true}]}}