{"id":5504,"date":"2025-09-29T18:46:52","date_gmt":"2025-09-29T16:46:52","guid":{"rendered":"https:\/\/cocos.codes\/?post_type=product&#038;p=5504"},"modified":"2026-04-09T19:38:33","modified_gmt":"2026-04-09T17:38:33","slug":"prestashop-paynow","status":"publish","type":"product","link":"https:\/\/cocos.codes\/es\/produkt\/prestashop-paynow\/","title":{"rendered":"[DARMOWY] PrestaShop PayNow 1.7.13"},"content":{"rendered":"<div data-elementor-type=\"wp-post\" data-elementor-id=\"5504\" class=\"elementor elementor-5504\">\n\t\t\t\t<div class=\"elementor-element elementor-element-1ede599 e-flex e-con-boxed e-con e-parent\" data-id=\"1ede599\" data-element_type=\"container\" data-e-type=\"container\">\n\t\t\t\t\t<div class=\"e-con-inner\">\n\t\t\t\t<div class=\"elementor-element elementor-element-691a170 elementor-widget elementor-widget-text-editor\" data-id=\"691a170\" data-element_type=\"widget\" data-e-type=\"widget\" data-widget_type=\"text-editor.default\">\n\t\t\t\t\t\t\t\t\t<h6>PrestaShop PayNow - M\u00f3dulo de pago oficial<\/h6>Aumente la conversi\u00f3n y la confianza de los clientes con una pasarela de pago profesional de <a href=\"https:\/\/www.mbank.pl\/\" title=\"MBank\" target=\"_blank\" rel=\"noopener\">mBank<\/a>. <strong><a href=\"https:\/\/paynow.pl\/\" title=\"PayNow\" target=\"_blank\" rel=\"noopener\">PayNow<\/a> para PrestaShop<\/strong> es una soluci\u00f3n de pago completa que acepta pagos BLIK, transferencias r\u00e1pidas y tarjetas de pago, todo en un sistema seguro con la comisi\u00f3n m\u00e1s baja del mercado.\t\t\t\t\t\t\t\t<\/div>\n\t\t\t\t\t<\/div>\n\t\t\t\t<\/div>\n\t\t<div class=\"elementor-element elementor-element-8b15fd2 e-flex e-con-boxed e-con e-parent\" data-id=\"8b15fd2\" data-element_type=\"container\" data-e-type=\"container\">\n\t\t\t\t\t<div class=\"e-con-inner\">\n\t\t\t\t<div class=\"elementor-element elementor-element-afe4a80 elementor-widget elementor-widget-spacer\" data-id=\"afe4a80\" data-element_type=\"widget\" data-e-type=\"widget\" data-widget_type=\"spacer.default\">\n\t\t\t\t\t\t\t<div class=\"elementor-spacer\">\n\t\t\t<div class=\"elementor-spacer-inner\"><\/div>\n\t\t<\/div>\n\t\t\t\t\t\t<\/div>\n\t\t\t\t<div class=\"elementor-element elementor-element-eec8d6e elementor-widget elementor-widget-text-editor\" data-id=\"eec8d6e\" data-element_type=\"widget\" data-e-type=\"widget\" data-widget_type=\"text-editor.default\">\n\t\t\t\t\t\t\t\t\t<h6>Vea lo que obtiene<\/h6><strong>\ud83d\udcb0 La mejor comisi\u00f3n del mercado<\/strong><ul><li>S\u00f3lo <strong>0,95% comisi\u00f3n de transacci\u00f3n<\/strong> - sin costes ocultos<\/li><li>Registro y activaci\u00f3n gratuitos<\/li><li>Sin cuotas de suscripci\u00f3n<\/li><li>No es necesario negociar y declarar el volumen de negocios<\/li><li>Acceso inmediato a los fondos: los ingresos van directamente a su cuenta mBank.<\/li><\/ul><strong>Todos los medios de pago<\/strong><ul><li>Pagos BLIK: el m\u00e9todo m\u00e1s popular en Polonia<\/li><li>Transferencias bancarias r\u00e1pidas: todos los principales bancos de Polonia (PKO BP, ING, Santander, Pekao, Alior, BNP Paribas y muchos otros).<\/li><li>Pagos con tarjeta: compatibilidad con VISA y Mastercard<\/li><li>Google Pay: pagos r\u00e1pidos con el m\u00f3vil<\/li><li>Sistema Pay-by-Link para mayor comodidad<\/li><\/ul><strong>\ud83d\udd12 Seguridad al m\u00e1s alto nivel<\/strong><ul><li>Cifrado de datos seg\u00fan las normas m\u00e1s estrictas<\/li><li>Autorizaci\u00f3n en dos fases para mayor protecci\u00f3n<\/li><li>Certificados de seguridad emitidos por mBank<\/li><li>Protecci\u00f3n de los datos personales y financieros de los clientes<\/li><li>Cumplimiento de la PSD2 y otras normativas europeas<\/li><\/ul><strong>\u2699\ufe0f Instalaci\u00f3n y configuraci\u00f3n sencillas<\/strong><ul><li>Compatibilidad con PrestaShop versi\u00f3n 1.6.0 y superior<\/li><li>Instalaci\u00f3n intuitiva mediante el Gestor de m\u00f3dulos<\/li><li>Configuraci\u00f3n autom\u00e1tica del remite<\/li><li>Entorno de pruebas para la verificaci\u00f3n del rendimiento<\/li><li>Documentaci\u00f3n detallada e instrucciones en v\u00eddeo<\/li><li>Notificaci\u00f3n autom\u00e1tica del estado de las transacciones<\/li><\/ul><strong>\ud83d\ude80 Automatizaci\u00f3n e integraci\u00f3n completas<\/strong><ul><li>Panel integrado con cuenta bancaria en mBank<\/li><li>Actualizaci\u00f3n autom\u00e1tica del estado de los pedidos<\/li><li>Devoluci\u00f3n sencilla del pago directamente desde el servicio de transacciones<\/li><li>Sin necesidad de crear una cuenta aparte: acceso a trav\u00e9s de mBanking<\/li><li>Informes de transacciones en tiempo real<\/li><\/ul>\t\t\t\t\t\t\t\t<\/div>\n\t\t\t\t<div class=\"elementor-element elementor-element-3854b2a elementor-widget elementor-widget-spacer\" data-id=\"3854b2a\" data-element_type=\"widget\" data-e-type=\"widget\" data-widget_type=\"spacer.default\">\n\t\t\t\t\t\t\t<div class=\"elementor-spacer\">\n\t\t\t<div class=\"elementor-spacer-inner\"><\/div>\n\t\t<\/div>\n\t\t\t\t\t\t<\/div>\n\t\t\t\t<div class=\"elementor-element elementor-element-5fd9977 elementor-widget elementor-widget-text-editor\" data-id=\"5fd9977\" data-element_type=\"widget\" data-e-type=\"widget\" data-widget_type=\"text-editor.default\">\n\t\t\t\t\t\t\t\t\t<div class=\"cc-alert cc-alert-tip\"><div class=\"cc-alert-title\">Consejo<\/div><div class=\"cc-alert-content\">Para utilizar PayNow, necesita una cuenta de empresa en mBank. El panel de PayNow est\u00e1 totalmente integrado con la banca online, lo que facilita enormemente la gesti\u00f3n de los pagos.<\/div><\/div>\t\t\t\t\t\t\t\t<\/div>\n\t\t\t\t<div class=\"elementor-element elementor-element-cc629fb elementor-widget elementor-widget-spacer\" data-id=\"cc629fb\" data-element_type=\"widget\" data-e-type=\"widget\" data-widget_type=\"spacer.default\">\n\t\t\t\t\t\t\t<div class=\"elementor-spacer\">\n\t\t\t<div class=\"elementor-spacer-inner\"><\/div>\n\t\t<\/div>\n\t\t\t\t\t\t<\/div>\n\t\t\t\t<div class=\"elementor-element elementor-element-a9941d1 elementor-widget elementor-widget-text-editor\" data-id=\"a9941d1\" data-element_type=\"widget\" data-e-type=\"widget\" data-widget_type=\"text-editor.default\">\n\t\t\t\t\t\t\t\t\t<h6>\ud83d\udcc8 Reciba los pagos de forma m\u00e1s r\u00e1pida y c\u00f3moda<\/h6><p><strong>PayNow es m\u00e1s que una pasarela de pagos<\/strong> - es una soluci\u00f3n integral creada por mBank para satisfacer las necesidades de los empresarios polacos. Gracias a <strong>la comisi\u00f3n m\u00e1s baja del mercado<\/strong> (s\u00f3lo 0,95%), <strong>impacto inmediato<\/strong> a cuenta y <strong>plena integraci\u00f3n<\/strong> con la banca en l\u00ednea, PayNow permite no s\u00f3lo aumentar las conversiones, sino tambi\u00e9n optimizar al m\u00e1ximo los costes operativos. <strong>Cada transacci\u00f3n significa m\u00e1s beneficios para su negocio.<\/strong><\/p>\t\t\t\t\t\t\t\t<\/div>\n\t\t\t\t<div class=\"elementor-element elementor-element-7b9f1d0 elementor-widget elementor-widget-spacer\" data-id=\"7b9f1d0\" data-element_type=\"widget\" data-e-type=\"widget\" data-widget_type=\"spacer.default\">\n\t\t\t\t\t\t\t<div class=\"elementor-spacer\">\n\t\t\t<div class=\"elementor-spacer-inner\"><\/div>\n\t\t<\/div>\n\t\t\t\t\t\t<\/div>\n\t\t\t\t<div class=\"elementor-element elementor-element-3e00cf6 elementor-widget elementor-widget-text-editor\" data-id=\"3e00cf6\" data-element_type=\"widget\" data-e-type=\"widget\" data-widget_type=\"text-editor.default\">\n\t\t\t\t\t\t\t\t\t<h6>\u00bfPara qui\u00e9n?<\/h6><p>El m\u00f3dulo es ideal para todos:<\/p><p><strong>\u2714<\/strong> Propietarios <a href=\"https:\/\/cocos.codes\/es\/categoria-de-producto\/tiendas-individuales\/\" title=\"Tiendas PrestaShop\">tiendas PrestaShop<\/a> querer aumentar la conversi\u00f3n de pagos<br \/><strong>\u2714<\/strong> Los responsables de comercio electr\u00f3nico optimizan los costes de explotaci\u00f3n<br \/><strong>\u2714<\/strong> Administradores de tiendas que buscan soluciones de automatizaci\u00f3n sencillas<br \/><strong>\u2714<\/strong> Empresas que ofrecen distintos m\u00e9todos de pago<br \/><strong>\u2714<\/strong> Empresarios centrados en aumentar la rentabilidad<br \/><strong>\u2714<\/strong> Comercios con una elevada proporci\u00f3n de pagos contra reembolso<br \/><strong>\u2714<\/strong> Cualquiera que quiera motivar a los clientes para que tomen mejores decisiones de pago<\/p>\t\t\t\t\t\t\t\t<\/div>\n\t\t\t\t<div class=\"elementor-element elementor-element-425cc4e elementor-widget elementor-widget-spacer\" data-id=\"425cc4e\" data-element_type=\"widget\" data-e-type=\"widget\" data-widget_type=\"spacer.default\">\n\t\t\t\t\t\t\t<div class=\"elementor-spacer\">\n\t\t\t<div class=\"elementor-spacer-inner\"><\/div>\n\t\t<\/div>\n\t\t\t\t\t\t<\/div>\n\t\t\t\t<div class=\"elementor-element elementor-element-d08237e elementor-widget elementor-widget-text-editor\" data-id=\"d08237e\" data-element_type=\"widget\" data-e-type=\"widget\" data-widget_type=\"text-editor.default\">\n\t\t\t\t\t\t\t\t\t<p><div class=\"pls-block pls-block-3297\">\t\t<div data-elementor-type=\"wp-post\" data-elementor-id=\"3297\" class=\"elementor elementor-3297\">\n\t\t\t\t<div class=\"elementor-element elementor-element-d99440d e-flex e-con-boxed e-con e-parent\" data-id=\"d99440d\" data-element_type=\"container\" data-e-type=\"container\" data-settings=\"{&quot;background_background&quot;:&quot;classic&quot;}\">\n\t\t\t\t\t<div class=\"e-con-inner\">\n\t\t\t\t<div class=\"elementor-element elementor-element-b850409 elementor-widget elementor-widget-text-editor\" data-id=\"b850409\" data-element_type=\"widget\" data-e-type=\"widget\" data-widget_type=\"text-editor.default\">\n\t\t\t\t\t\t\t\t\t<h6><strong>\u00a0Aumente hoy mismo la capacidad de su tienda. <\/strong><strong>\ud83d\ude80<\/strong><\/h6>A\u00f1ada nuevas funciones, mejore la experiencia de usuario y aumente las conversiones con nuestro m\u00f3dulo. F\u00e1cil instalaci\u00f3n, compatibilidad total y actualizaciones peri\u00f3dicas: todo lo que necesitas para que tu tienda funcione a\u00fan mejor.<br \/>\u2705 F\u00e1cil configuraci\u00f3n \u2705 Asistencia profesional \u2705 Integraci\u00f3n perfecta<br \/><br \/><a class=\"button simple\" href=\"#main-content\" title=\"\u00a1Inst\u00e1lalo y empieza a usarlo ya!\">\u00a1Inst\u00e1lalo y empieza a usarlo ya!<\/a>\t\t\t\t\t\t\t\t<\/div>\n\t\t\t\t\t<\/div>\n\t\t\t\t<\/div>\n\t\t\t\t<\/div>\n\t\t<\/div><\/p>\t\t\t\t\t\t\t\t<\/div>\n\t\t\t\t\t<\/div>\n\t\t\t\t<\/div>\n\t\t\t\t<\/div>","protected":false},"excerpt":{"rendered":"Presta Shop Pay Now - M\u00f3dulo de pago oficial Aumente la conversi\u00f3n y la confianza de sus clientes con una pasarela de pago profesional de m Bank. Pay Now para Presta Shop es una soluci\u00f3n de pago completa que","protected":false},"featured_media":5507,"comment_status":"open","ping_status":"closed","template":"","meta":{"powered_cache_disable_cache":false,"powered_cache_disable_css_optimization":false,"powered_cache_disable_js_optimization":false},"product_brand":[],"product_cat":[131],"product_tag":[309,310,244],"class_list":{"0":"post-5504","1":"product","2":"type-product","3":"status-publish","4":"has-post-thumbnail","6":"product_cat-prestashop","7":"product_tag-paynow","8":"product_tag-platnosci","9":"product_tag-prestashop","11":"first","12":"instock","13":"downloadable","14":"virtual","15":"taxable","16":"purchasable","17":"product-type-simple"},"_links":{"self":[{"href":"https:\/\/cocos.codes\/es\/wp-json\/wp\/v2\/product\/5504","targetHints":{"allow":["GET"]}}],"collection":[{"href":"https:\/\/cocos.codes\/es\/wp-json\/wp\/v2\/product"}],"about":[{"href":"https:\/\/cocos.codes\/es\/wp-json\/wp\/v2\/types\/product"}],"replies":[{"embeddable":true,"href":"https:\/\/cocos.codes\/es\/wp-json\/wp\/v2\/comments?post=5504"}],"version-history":[{"count":0,"href":"https:\/\/cocos.codes\/es\/wp-json\/wp\/v2\/product\/5504\/revisions"}],"wp:featuredmedia":[{"embeddable":true,"href":"https:\/\/cocos.codes\/es\/wp-json\/wp\/v2\/media\/5507"}],"wp:attachment":[{"href":"https:\/\/cocos.codes\/es\/wp-json\/wp\/v2\/media?parent=5504"}],"wp:term":[{"taxonomy":"product_brand","embeddable":true,"href":"https:\/\/cocos.codes\/es\/wp-json\/wp\/v2\/product_brand?post=5504"},{"taxonomy":"product_cat","embeddable":true,"href":"https:\/\/cocos.codes\/es\/wp-json\/wp\/v2\/product_cat?post=5504"},{"taxonomy":"product_tag","embeddable":true,"href":"https:\/\/cocos.codes\/es\/wp-json\/wp\/v2\/product_tag?post=5504"}],"curies":[{"name":"wp","href":"https:\/\/api.w.org\/{rel}","templated":true}]}}