{"id":5409,"date":"2025-09-24T13:18:32","date_gmt":"2025-09-24T11:18:32","guid":{"rendered":"https:\/\/cocos.codes\/?post_type=product&#038;p=5409"},"modified":"2026-04-09T19:38:24","modified_gmt":"2026-04-09T17:38:24","slug":"servicios-de-programacion-prestashop-y-wordpress","status":"publish","type":"product","link":"https:\/\/cocos.codes\/es\/produkt\/uslugi-programistyczne-prestashop-i-wordpress\/","title":{"rendered":"Servicios de desarrollo PrestaShop 1.7\/8.x\/9.x y WordPress 6.x"},"content":{"rendered":"<div data-elementor-type=\"wp-post\" data-elementor-id=\"5409\" class=\"elementor elementor-5409\">\n\t\t\t\t<div class=\"elementor-element elementor-element-b07ab12 e-flex e-con-boxed e-con e-parent\" data-id=\"b07ab12\" data-element_type=\"container\" data-e-type=\"container\">\n\t\t\t\t\t<div class=\"e-con-inner\">\n\t\t\t\t<div class=\"elementor-element elementor-element-3534c01 elementor-widget elementor-widget-heading\" data-id=\"3534c01\" data-element_type=\"widget\" data-e-type=\"widget\" data-widget_type=\"heading.default\">\n\t\t\t\t\t<h6 class=\"elementor-heading-title elementor-size-default\">Servicios de programaci\u00f3n PrestaShop y WordPress<\/h6>\t\t\t\t<\/div>\n\t\t\t\t<div class=\"elementor-element elementor-element-f6a8b64 elementor-widget elementor-widget-text-editor\" data-id=\"f6a8b64\" data-element_type=\"widget\" data-e-type=\"widget\" data-widget_type=\"text-editor.default\">\n\t\t\t\t\t\t\t\t\t<p style=\"text-align: left;\">Necesita ayuda r\u00e1pida y flexible para su tienda <a href=\"https:\/\/prestashop.com\/\" title=\"PrestaShop\" target=\"_blank\" rel=\"noopener\">PrestaShop<\/a> \/ <a href=\"https:\/\/wordpress.com\/\" title=\"WordPress\" target=\"_blank\" rel=\"noopener\">WordPress<\/a> \/ <a href=\"https:\/\/woocommerce.com\/\" title=\"WooCommerce\" target=\"_blank\" rel=\"noopener\">WooCommerce<\/a>? Elija nuestros servicios de programador Prestashop \/ programador WordPress y asistencia anal\u00edtica y t\u00e9cnica, facturados por tiempo de trabajo. Ideal para peque\u00f1as correcciones, modificaciones o mantenimiento continuo de la tienda.<br \/><br \/><strong>Aceptamos cualquier tarea, por dif\u00edcil que sea.<br \/><br \/>La tarifa horaria es de $54\/1h ($27\/0,5h), independientemente del n\u00famero de horas. <br \/>La tarifa $27 indicada en el producto equivale a 30 minutos.<br \/><br \/><\/strong><\/p><p style=\"text-align: center;\"><strong>\u26a0\ufe0f Importante: Antes de realizar el pedido <a href=\"https:\/\/cocos.codes\/es\/pongase-en-contacto-con\/\" title=\"P\u00f3ngase en contacto con nosotros\">P\u00f3ngase en contacto con nosotros.<\/a> para discutir los detalles y el alcance del trabajo.<\/strong><\/p>\t\t\t\t\t\t\t\t<\/div>\n\t\t\t\t<div class=\"elementor-element elementor-element-b2ca412 elementor-widget elementor-widget-spacer\" data-id=\"b2ca412\" data-element_type=\"widget\" data-e-type=\"widget\" data-widget_type=\"spacer.default\">\n\t\t\t\t\t\t\t<div class=\"elementor-spacer\">\n\t\t\t<div class=\"elementor-spacer-inner\"><\/div>\n\t\t<\/div>\n\t\t\t\t\t\t<\/div>\n\t\t\t\t\t<\/div>\n\t\t\t\t<\/div>\n\t\t<div class=\"elementor-element elementor-element-aa63b05 e-flex e-con-boxed e-con e-parent\" data-id=\"aa63b05\" data-element_type=\"container\" data-e-type=\"container\">\n\t\t\t\t\t<div class=\"e-con-inner\">\n\t\t\t\t<div class=\"elementor-element elementor-element-6c5b301 elementor-widget elementor-widget-spacer\" data-id=\"6c5b301\" data-element_type=\"widget\" data-e-type=\"widget\" data-widget_type=\"spacer.default\">\n\t\t\t\t\t\t\t<div class=\"elementor-spacer\">\n\t\t\t<div class=\"elementor-spacer-inner\"><\/div>\n\t\t<\/div>\n\t\t\t\t\t\t<\/div>\n\t\t\t\t<div class=\"elementor-element elementor-element-dd4b192 elementor-widget elementor-widget-heading\" data-id=\"dd4b192\" data-element_type=\"widget\" data-e-type=\"widget\" data-widget_type=\"heading.default\">\n\t\t\t\t\t<h6 class=\"elementor-heading-title elementor-size-default\">Descripci\u00f3n detallada<\/h6>\t\t\t\t<\/div>\n\t\t\t\t\t<\/div>\n\t\t\t\t<\/div>\n\t\t<div class=\"elementor-element elementor-element-670073a e-flex e-con-boxed e-con e-parent\" data-id=\"670073a\" data-element_type=\"container\" data-e-type=\"container\">\n\t\t\t\t\t<div class=\"e-con-inner\">\n\t\t<div class=\"elementor-element elementor-element-6e6afde e-con-full e-flex e-con e-child\" data-id=\"6e6afde\" data-element_type=\"container\" data-e-type=\"container\">\n\t\t\t\t<div class=\"elementor-element elementor-element-32f556d elementor-widget elementor-widget-text-editor\" data-id=\"32f556d\" data-element_type=\"widget\" data-e-type=\"widget\" data-widget_type=\"text-editor.default\">\n\t\t\t\t\t\t\t\t\t<h6>\u2b50 \u00bfPor qu\u00e9?<\/h6><strong>\u2705 Cuentas de tiempo de trabajo flexibles<\/strong> - pagar s\u00f3lo las horas acumuladas, sin dejar paquetes sin utilizar.<br \/><strong>\u2705 Apoyo anal\u00edtico y de programaci\u00f3n<\/strong> - no s\u00f3lo c\u00f3digo, sino tambi\u00e9n consulta, an\u00e1lisis, optimizaci\u00f3n y diagn\u00f3stico de fallos.<br \/><strong>\u2705 Respuesta y aplicaci\u00f3n r\u00e1pidas<\/strong> - Las peque\u00f1as modificaciones se realizan en un plazo de 24-72 horas laborables (en funci\u00f3n de la complejidad).<br \/><strong>\u2705 Soporte para PrestaShop versiones 1.6 \/ 1.7 \/ 8.x \/ 9.x<\/strong> - compatibilidad con las instalaciones actuales y antiguas de la tienda.<br \/><strong>\u2705 Compatible con WordPress versiones 4.9 \/ 5.x \/ 6.x<\/strong>\u00a0- compatibilidad con las instalaciones actuales y heredadas de CMS.<br \/><strong>\u2705 Documentaci\u00f3n e informe completos<\/strong> - al final de cada tarea recibir\u00e1s una descripci\u00f3n de las actividades realizadas y los tiempos.<br \/><strong>\u2705 Factura del IVA<\/strong> - transparencia de las liquidaciones, posibilidad de contabilizar el coste dentro de la empresa.\t\t\t\t\t\t\t\t<\/div>\n\t\t\t\t<\/div>\n\t\t\t\t<div class=\"elementor-element elementor-element-cb1eff2 elementor-widget elementor-widget-spacer\" data-id=\"cb1eff2\" data-element_type=\"widget\" data-e-type=\"widget\" data-widget_type=\"spacer.default\">\n\t\t\t\t\t\t\t<div class=\"elementor-spacer\">\n\t\t\t<div class=\"elementor-spacer-inner\"><\/div>\n\t\t<\/div>\n\t\t\t\t\t\t<\/div>\n\t\t<div class=\"elementor-element elementor-element-a0e2864 e-con-full e-flex e-con e-child\" data-id=\"a0e2864\" data-element_type=\"container\" data-e-type=\"container\">\n\t\t\t\t<div class=\"elementor-element elementor-element-4c78578 elementor-widget elementor-widget-text-editor\" data-id=\"4c78578\" data-element_type=\"widget\" data-e-type=\"widget\" data-widget_type=\"text-editor.default\">\n\t\t\t\t\t\t\t\t\t<h6>\ud83d\udee0\ufe0f Alcance de los servicios (ejemplo de tareas)<\/h6><strong>\u2705 <\/strong>Modificaciones de plantillas, ajustes CSS \/ JS<br \/><strong>\u2705 <\/strong>Implantaci\u00f3n de nuevas funciones o integraciones<br \/><strong>\u2705 <\/strong>Correcci\u00f3n de errores y diagn\u00f3stico<br \/><strong>\u2705 <\/strong>Migraci\u00f3n de datos\/actualizaci\u00f3n de versiones<br \/><strong>\u2705 <\/strong>Optimizaci\u00f3n del rendimiento (velocidad de carga, consultas SQL)<br \/><strong>\u2705 <\/strong>An\u00e1lisis e informes (seguimiento, registros, sugerencias de mejora)\t\t\t\t\t\t\t\t<\/div>\n\t\t\t\t<div class=\"elementor-element elementor-element-351023d elementor-widget elementor-widget-spacer\" data-id=\"351023d\" data-element_type=\"widget\" data-e-type=\"widget\" data-widget_type=\"spacer.default\">\n\t\t\t\t\t\t\t<div class=\"elementor-spacer\">\n\t\t\t<div class=\"elementor-spacer-inner\"><\/div>\n\t\t<\/div>\n\t\t\t\t\t\t<\/div>\n\t\t\t\t<div class=\"elementor-element elementor-element-8d9ec7d elementor-widget elementor-widget-text-editor\" data-id=\"8d9ec7d\" data-element_type=\"widget\" data-e-type=\"widget\" data-widget_type=\"text-editor.default\">\n\t\t\t\t\t\t\t\t\t<h6>\ud83d\udcb0 Normas de compensaci\u00f3n<\/h6><strong>Apuesta m\u00ednima:<\/strong> 0,5 horas<br \/><strong>\u2705<\/strong> <strong>Unidad de cuenta:<\/strong> 30 minutos o 1 hora<br \/><strong>Pago:<\/strong> Transferencia bancaria, BLIK, tarjeta, Google Pay - Factura del IVA emitida inmediatamente despu\u00e9s del env\u00edo\t\t\t\t\t\t\t\t<\/div>\n\t\t\t\t<\/div>\n\t\t\t\t\t<\/div>\n\t\t\t\t<\/div>\n\t\t<div class=\"elementor-element elementor-element-423a629 e-flex e-con-boxed e-con e-parent\" data-id=\"423a629\" data-element_type=\"container\" data-e-type=\"container\">\n\t\t\t\t\t<div class=\"e-con-inner\">\n\t\t\t\t<div class=\"elementor-element elementor-element-0e67222 elementor-widget elementor-widget-spacer\" data-id=\"0e67222\" data-element_type=\"widget\" data-e-type=\"widget\" data-widget_type=\"spacer.default\">\n\t\t\t\t\t\t\t<div class=\"elementor-spacer\">\n\t\t\t<div class=\"elementor-spacer-inner\"><\/div>\n\t\t<\/div>\n\t\t\t\t\t\t<\/div>\n\t\t\t\t\t<\/div>\n\t\t\t\t<\/div>\n\t\t<div class=\"elementor-element elementor-element-5e3f77b e-flex e-con-boxed e-con e-parent\" data-id=\"5e3f77b\" data-element_type=\"container\" data-e-type=\"container\">\n\t\t\t\t\t<div class=\"e-con-inner\">\n\t\t\t\t\t<\/div>\n\t\t\t\t<\/div>\n\t\t\t\t<\/div>","protected":false},"excerpt":{"rendered":"Us\u0142ugi programistyczne Presta Shop &amp; Word Press Potrzebujesz szybkiej, elastycznej pomocy przy swoim sklepie Presta Shop \/ Word Press \/ Woo Commerce? Wybierz nasze us\u0142ugi programisty Prestashop \/ programisty Word","protected":false},"featured_media":5410,"comment_status":"open","ping_status":"closed","template":"","meta":{"powered_cache_disable_cache":false,"powered_cache_disable_css_optimization":false,"powered_cache_disable_js_optimization":false},"product_brand":[275],"product_cat":[129],"product_tag":[305,244,304,198],"class_list":{"0":"post-5409","1":"product","2":"type-product","3":"status-publish","4":"has-post-thumbnail","6":"product_brand-cocos","7":"product_cat-uslugi","8":"product_tag-kodowanie","9":"product_tag-prestashop","10":"product_tag-programista","11":"product_tag-wordpress","13":"first","14":"instock","15":"featured","16":"taxable","17":"shipping-taxable","18":"purchasable","19":"product-type-simple"},"_links":{"self":[{"href":"https:\/\/cocos.codes\/es\/wp-json\/wp\/v2\/product\/5409","targetHints":{"allow":["GET"]}}],"collection":[{"href":"https:\/\/cocos.codes\/es\/wp-json\/wp\/v2\/product"}],"about":[{"href":"https:\/\/cocos.codes\/es\/wp-json\/wp\/v2\/types\/product"}],"replies":[{"embeddable":true,"href":"https:\/\/cocos.codes\/es\/wp-json\/wp\/v2\/comments?post=5409"}],"version-history":[{"count":0,"href":"https:\/\/cocos.codes\/es\/wp-json\/wp\/v2\/product\/5409\/revisions"}],"wp:featuredmedia":[{"embeddable":true,"href":"https:\/\/cocos.codes\/es\/wp-json\/wp\/v2\/media\/5410"}],"wp:attachment":[{"href":"https:\/\/cocos.codes\/es\/wp-json\/wp\/v2\/media?parent=5409"}],"wp:term":[{"taxonomy":"product_brand","embeddable":true,"href":"https:\/\/cocos.codes\/es\/wp-json\/wp\/v2\/product_brand?post=5409"},{"taxonomy":"product_cat","embeddable":true,"href":"https:\/\/cocos.codes\/es\/wp-json\/wp\/v2\/product_cat?post=5409"},{"taxonomy":"product_tag","embeddable":true,"href":"https:\/\/cocos.codes\/es\/wp-json\/wp\/v2\/product_tag?post=5409"}],"curies":[{"name":"wp","href":"https:\/\/api.w.org\/{rel}","templated":true}]}}