{"id":5135,"date":"2025-08-30T16:24:08","date_gmt":"2025-08-30T14:24:08","guid":{"rendered":"https:\/\/cocos.codes\/?post_type=product&#038;p=5135"},"modified":"2025-12-10T21:49:38","modified_gmt":"2025-12-10T20:49:38","slug":"maquinas-de-paqueteria-prestashop-inpost","status":"publish","type":"product","link":"https:\/\/cocos.codes\/es\/produkt\/prestashop-paczkomaty-inpost\/","title":{"rendered":"PrestaShop Parcel Lockers InPost 1.0.1"},"content":{"rendered":"<div data-elementor-type=\"wp-post\" data-elementor-id=\"5135\" class=\"elementor elementor-5135\">\n\t\t\t\t<div class=\"elementor-element elementor-element-2b3711e e-flex e-con-boxed e-con e-parent\" data-id=\"2b3711e\" data-element_type=\"container\" data-e-type=\"container\">\n\t\t\t\t\t<div class=\"e-con-inner\">\n\t\t\t\t<div class=\"elementor-element elementor-element-358e8db elementor-widget elementor-widget-text-editor\" data-id=\"358e8db\" data-element_type=\"widget\" data-e-type=\"widget\" data-widget_type=\"text-editor.default\">\n\t\t\t\t\t\t\t\t\t<h6>PrestaShop Paczkomaty InPost - Integraci\u00f3n completa con el sistema InPost<\/h6>Aumente la satisfacci\u00f3n de sus clientes y agilice el proceso de entrega con la plena integraci\u00f3n de su tienda PrestaShop con el sistema InPost Paczkomaty. CC <a href=\"https:\/\/inpost.pl\/\" title=\"InPost\" target=\"_blank\" rel=\"noopener\">InPost<\/a> Parcel Machines es un m\u00f3dulo profesional que automatiza todo el proceso de gesti\u00f3n de paquetes, desde la elecci\u00f3n de la m\u00e1quina de paqueter\u00eda por parte del cliente hasta la generaci\u00f3n de etiquetas y el seguimiento de las entregas.\t\t\t\t\t\t\t\t<\/div>\n\t\t\t\t<div class=\"elementor-element elementor-element-feceb44 elementor-widget elementor-widget-spacer\" data-id=\"feceb44\" data-element_type=\"widget\" data-e-type=\"widget\" data-widget_type=\"spacer.default\">\n\t\t\t\t\t\t\t<div class=\"elementor-spacer\">\n\t\t\t<div class=\"elementor-spacer-inner\"><\/div>\n\t\t<\/div>\n\t\t\t\t\t\t<\/div>\n\t\t\t\t\t<\/div>\n\t\t\t\t<\/div>\n\t\t<div class=\"elementor-element elementor-element-e10236d e-flex e-con-boxed e-con e-parent\" data-id=\"e10236d\" data-element_type=\"container\" data-e-type=\"container\">\n\t\t\t\t\t<div class=\"e-con-inner\">\n\t\t<div class=\"elementor-element elementor-element-0700d29 e-grid e-con-full e-con e-child\" data-id=\"0700d29\" data-element_type=\"container\" data-e-type=\"container\">\n\t\t\t\t<div class=\"elementor-element elementor-element-b327911 elementor-widget elementor-widget-pls-button\" data-id=\"b327911\" data-element_type=\"widget\" data-e-type=\"widget\" data-widget_type=\"pls-button.default\">\n\t\t\t\t<div class=\"elementor-widget-container\">\n\t\t\t\t\t<div id=\"pls-button-55967\" class=\"pls-element pls-button\">\n\t<a class=\"button btn-style-flat\" href=\"https:\/\/cocos.codes\/es\/base-de-conocimientos\/prestashop\/documentacion-de-prestashop\/maquinas-de-paqueteria-prestashop-inpost\/\" title=\"DOCUMENTACI\u00d3N\" target=\"_blank\">\n\t\tDOCUMENTACI\u00d3N\t<\/a>\n<\/div>\n\t\t\t\t<\/div>\n\t\t\t\t<\/div>\n\t\t\t\t<div class=\"elementor-element elementor-element-f597fd7 elementor-widget elementor-widget-pls-button\" data-id=\"f597fd7\" data-element_type=\"widget\" data-e-type=\"widget\" data-widget_type=\"pls-button.default\">\n\t\t\t\t<div class=\"elementor-widget-container\">\n\t\t\t\t\t<div id=\"pls-button-52893\" class=\"pls-element pls-button\">\n\t<a class=\"button btn-style-flat\" href=\"https:\/\/demo.cocos.codes\/cc_ps_paczkomaty\/\" title=\"DEMO\" target=\"_blank\">\n\t\tDEMO\t<\/a>\n<\/div>\n\t\t\t\t<\/div>\n\t\t\t\t<\/div>\n\t\t\t\t<\/div>\n\t\t\t\t\t<\/div>\n\t\t\t\t<\/div>\n\t\t<div class=\"elementor-element elementor-element-85239f4 e-flex e-con-boxed e-con e-parent\" data-id=\"85239f4\" data-element_type=\"container\" data-e-type=\"container\">\n\t\t\t\t\t<div class=\"e-con-inner\">\n\t\t\t\t<div class=\"elementor-element elementor-element-a458d96 elementor-widget elementor-widget-spacer\" data-id=\"a458d96\" data-element_type=\"widget\" data-e-type=\"widget\" data-widget_type=\"spacer.default\">\n\t\t\t\t\t\t\t<div class=\"elementor-spacer\">\n\t\t\t<div class=\"elementor-spacer-inner\"><\/div>\n\t\t<\/div>\n\t\t\t\t\t\t<\/div>\n\t\t\t\t<div class=\"elementor-element elementor-element-c4ba02f elementor-widget elementor-widget-text-editor\" data-id=\"c4ba02f\" data-element_type=\"widget\" data-e-type=\"widget\" data-widget_type=\"text-editor.default\">\n\t\t\t\t\t\t\t\t\t<h6>Vea lo que obtiene<\/h6><strong>\ud83d\udcbc Gesti\u00f3n avanzada de env\u00edos<\/strong><br \/><ul><li>Creaci\u00f3n autom\u00e1tica de env\u00edos InPost tras la confirmaci\u00f3n del pedido<\/li><li>Generaci\u00f3n y descarga de etiquetas de env\u00edo (PDF, EPL, ZPL)<\/li><li>Seguimiento del estado de los env\u00edos en tiempo real<\/li><li>Actualizaci\u00f3n autom\u00e1tica del estado de los pedidos en funci\u00f3n del estado de las entregas<\/li><li>Panel de administraci\u00f3n para gestionar todos los env\u00edos<\/li><\/ul><strong>\ud83d\uddfa\ufe0f Selecci\u00f3n interactiva de m\u00e1quinas de paqueter\u00eda<\/strong><br \/><ul><li>Geowidget InPost con un mapa de todas las m\u00e1quinas de paqueter\u00eda de Polonia<\/li><li>B\u00fasqueda de m\u00e1quinas de parcelas por c\u00f3digo, ciudad o ubicaci\u00f3n GPS<\/li><li>Posicionamiento flexible del widget en la p\u00e1gina de pago<\/li><li>Validaci\u00f3n de la elecci\u00f3n de la m\u00e1quina de paqueter\u00eda antes de finalizar el pedido<\/li><li>Guardar el punto seleccionado en la sesi\u00f3n y en la base de datos<\/li><\/ul><strong>\ud83d\ude9a Compatibilidad total con los tipos de entrega<\/strong><br \/><ul><li>InPost Paczkomaty est\u00e1ndar (prepago)<\/li><li>M\u00e1quinas de paqueter\u00eda InPost contra reembolso<\/li><li>InPost Paczkomaty Fin de semana (entregas los s\u00e1bados y domingos)<\/li><li>M\u00e1quinas de paqueter\u00eda InPost Fin de semana<\/li><li>Gesti\u00f3n autom\u00e1tica de la disponibilidad de entregas en fin de semana<\/li><\/ul><strong>\u2699\ufe0f Configuraci\u00f3n avanzada<\/strong><br \/><ul><li>Configuraci\u00f3n completa de las API InPost ShipX y Geowidget<\/li><li>Datos del remitente y configuraci\u00f3n de los par\u00e1metros de env\u00edo<\/li><li>Configuraci\u00f3n de tama\u00f1os de parcela (peque\u00f1a, mediana, grande)<\/li><li>Opciones de seguro para los env\u00edos<\/li><li>Personalizaci\u00f3n de los c\u00f3digos de referencia de los env\u00edos<\/li><\/ul><strong>\ud83e\udd16 Automatizaci\u00f3n CRON<\/strong><br \/><ul><li>Actualizaci\u00f3n autom\u00e1tica del estado de los env\u00edos<\/li><li>Cambio del estado de los pedidos en funci\u00f3n del progreso de las entregas<\/li><li>Tramitaci\u00f3n de los pedidos entregados<\/li><li>Limpieza de datos y registros antiguos<\/li><li>Clave de acceso seguro para tareas CRON<\/li><\/ul><strong>\ud83d\udd12 Seguridad y fiabilidad<\/strong><br \/><ul style=\"margin-bottom:0;padding-bottom:0;\"><li>Conexiones cifradas a la API de InPost a trav\u00e9s de HTTPS<\/li><li>Validaci\u00f3n de todos los datos antes de enviarlos a la API<\/li><li>Tratamiento de errores y registro detallado<\/li><li>Seguridad contra la duplicaci\u00f3n de env\u00edos<\/li><li>Sistema de licencias con activaci\u00f3n en l\u00ednea<\/li><\/ul>\t\t\t\t\t\t\t\t<\/div>\n\t\t\t\t<div class=\"elementor-element elementor-element-7407a83 elementor-widget elementor-widget-spacer\" data-id=\"7407a83\" data-element_type=\"widget\" data-e-type=\"widget\" data-widget_type=\"spacer.default\">\n\t\t\t\t\t\t\t<div class=\"elementor-spacer\">\n\t\t\t<div class=\"elementor-spacer-inner\"><\/div>\n\t\t<\/div>\n\t\t\t\t\t\t<\/div>\n\t\t\t\t<div class=\"elementor-element elementor-element-5b7dd7c elementor-widget elementor-widget-text-editor\" data-id=\"5b7dd7c\" data-element_type=\"widget\" data-e-type=\"widget\" data-widget_type=\"text-editor.default\">\n\t\t\t\t\t\t\t\t\t<h6>Infinitas posibilidades de aplicaci\u00f3n<\/h6>El m\u00f3dulo PrestaShop InPost Parcel Machines es perfecto para:<br \/><br \/><strong>Comercio electr\u00f3nico de todos los tama\u00f1os<\/strong><br \/><strong>\u2705 <\/strong>Peque\u00f1os comercios: sencillez de uso y bajos costes de entrega<br \/><strong>\u2705 <\/strong>Medianas empresas: automatizaci\u00f3n de los procesos log\u00edsticos<br \/><strong>\u2705 <\/strong>Grandes cadenas minoristas: una soluci\u00f3n escalable para miles de pedidos<br \/><strong>\u2705 <\/strong>Tiendas B2B: servicio de entrega profesional para empresas<br \/><br \/><strong>Aumentar la satisfacci\u00f3n del cliente<\/strong><br \/><strong>\u2705 <\/strong>C\u00f3moda recogida de paquetes 24 horas al d\u00eda, 7 d\u00edas a la semana, en m\u00e1s de 20.000 m\u00e1quinas de paqueter\u00eda<br \/><strong>\u2705 <\/strong>Entrega r\u00e1pida: a menudo al siguiente d\u00eda laborable<br \/><strong>\u2705 <\/strong>Gastos de env\u00edo reducidos en comparaci\u00f3n con las empresas de mensajer\u00eda<br \/><strong>\u2705 <\/strong>Trazabilidad del env\u00edo en cada etapa<br \/><br \/><strong>Optimizaci\u00f3n de los procesos empresariales<\/strong><br \/><strong>\u2705 <\/strong>Reducci\u00f3n del tiempo de tramitaci\u00f3n de los pedidos mediante la automatizaci\u00f3n<br \/><strong>\u2705 <\/strong>Eliminaci\u00f3n del error humano en el proceso de expedici\u00f3n<br \/><strong>\u2705 <\/strong>Gesti\u00f3n centralizada de todos los env\u00edos<br \/><strong>\u2705 <\/strong>Informes detallados y an\u00e1lisis de las entregas\t\t\t\t\t\t\t\t<\/div>\n\t\t\t\t<div class=\"elementor-element elementor-element-e5cb99b elementor-widget elementor-widget-spacer\" data-id=\"e5cb99b\" data-element_type=\"widget\" data-e-type=\"widget\" data-widget_type=\"spacer.default\">\n\t\t\t\t\t\t\t<div class=\"elementor-spacer\">\n\t\t\t<div class=\"elementor-spacer-inner\"><\/div>\n\t\t<\/div>\n\t\t\t\t\t\t<\/div>\n\t\t\t\t<div class=\"elementor-element elementor-element-6cf64ae elementor-widget elementor-widget-text-editor\" data-id=\"6cf64ae\" data-element_type=\"widget\" data-e-type=\"widget\" data-widget_type=\"text-editor.default\">\n\t\t\t\t\t\t\t\t\t<h6>\ud83d\udcc8 Gana clientes ofreciendo una entrega r\u00e1pida InPost Parcel Post<\/h6><strong>Servicio de entrega profesional<\/strong> es <strong>fundaci\u00f3n<\/strong> \u00e9xito en el comercio electr\u00f3nico. Gracias a <strong>integraci\u00f3n con InPost<\/strong>la red de m\u00e1s r\u00e1pido crecimiento <strong>m\u00e1quinas de paqueter\u00eda<\/strong> en Polonia, proporcionar\u00e1 comodidad a sus clientes y tranquilidad a usted mismo en cuanto a la puntualidad de las entregas. <strong>Cada env\u00edo entregado sin problemas significa un cliente satisfecho y una rese\u00f1a positiva.<\/strong>\t\t\t\t\t\t\t\t<\/div>\n\t\t\t\t<div class=\"elementor-element elementor-element-5f161ad elementor-widget elementor-widget-spacer\" data-id=\"5f161ad\" data-element_type=\"widget\" data-e-type=\"widget\" data-widget_type=\"spacer.default\">\n\t\t\t\t\t\t\t<div class=\"elementor-spacer\">\n\t\t\t<div class=\"elementor-spacer-inner\"><\/div>\n\t\t<\/div>\n\t\t\t\t\t\t<\/div>\n\t\t\t\t<div class=\"elementor-element elementor-element-45c28c9 elementor-widget elementor-widget-text-editor\" data-id=\"45c28c9\" data-element_type=\"widget\" data-e-type=\"widget\" data-widget_type=\"text-editor.default\">\n\t\t\t\t\t\t\t\t\t<h6>\u00bfPara qui\u00e9n?<\/h6>El m\u00f3dulo es ideal para todos:<br \/><strong>\u2714 <\/strong>Propietarios de tiendas PrestaShop que env\u00edan paquetes en Polonia<br \/><strong>\u2714 <\/strong>Los responsables de comercio electr\u00f3nico buscan soluciones log\u00edsticas modernas<br \/><strong> \u2714 <\/strong>Administradores de tiendas que deseen automatizar los procesos de env\u00edo<br \/><strong>\u2714 <\/strong>Empresas que venden productos f\u00edsicos que requieren entrega<br \/><strong>\u2714 <\/strong>Empresarios centrados en la comodidad y la satisfacci\u00f3n del cliente<br \/><strong>\u2714 <\/strong>Tiendas que ofrecen pago contra reembolso<br \/><strong>\u2714 <\/strong>Empresas de env\u00edo directo que requieren una log\u00edstica fiable\t\t\t\t\t\t\t\t<\/div>\n\t\t\t\t<div class=\"elementor-element elementor-element-4d3b64b elementor-widget elementor-widget-spacer\" data-id=\"4d3b64b\" data-element_type=\"widget\" data-e-type=\"widget\" data-widget_type=\"spacer.default\">\n\t\t\t\t\t\t\t<div class=\"elementor-spacer\">\n\t\t\t<div class=\"elementor-spacer-inner\"><\/div>\n\t\t<\/div>\n\t\t\t\t\t\t<\/div>\n\t\t\t\t<div class=\"elementor-element elementor-element-528eb27 elementor-widget elementor-widget-text-editor\" data-id=\"528eb27\" data-element_type=\"widget\" data-e-type=\"widget\" data-widget_type=\"text-editor.default\">\n\t\t\t\t\t\t\t\t\t<p><div class=\"pls-block pls-block-3297\">\t\t<div data-elementor-type=\"wp-post\" data-elementor-id=\"3297\" class=\"elementor elementor-3297\">\n\t\t\t\t<div class=\"elementor-element elementor-element-d99440d e-flex e-con-boxed e-con e-parent\" data-id=\"d99440d\" data-element_type=\"container\" data-e-type=\"container\" data-settings=\"{&quot;background_background&quot;:&quot;classic&quot;}\">\n\t\t\t\t\t<div class=\"e-con-inner\">\n\t\t\t\t<div class=\"elementor-element elementor-element-b850409 elementor-widget elementor-widget-text-editor\" data-id=\"b850409\" data-element_type=\"widget\" data-e-type=\"widget\" data-widget_type=\"text-editor.default\">\n\t\t\t\t\t\t\t\t\t<h6><strong>\u00a0Aumente hoy mismo la capacidad de su tienda. <\/strong><strong>\ud83d\ude80<\/strong><\/h6>A\u00f1ada nuevas funciones, mejore la experiencia de usuario y aumente las conversiones con nuestro m\u00f3dulo. F\u00e1cil instalaci\u00f3n, compatibilidad total y actualizaciones peri\u00f3dicas: todo lo que necesitas para que tu tienda funcione a\u00fan mejor.<br \/>\u2705 F\u00e1cil configuraci\u00f3n \u2705 Asistencia profesional \u2705 Integraci\u00f3n perfecta<br \/><br \/><a class=\"button simple\" href=\"#main-content\" title=\"\u00a1Inst\u00e1lalo y empieza a usarlo ya!\">\u00a1Inst\u00e1lalo y empieza a usarlo ya!<\/a>\t\t\t\t\t\t\t\t<\/div>\n\t\t\t\t\t<\/div>\n\t\t\t\t<\/div>\n\t\t\t\t<\/div>\n\t\t<\/div><\/p>\t\t\t\t\t\t\t\t<\/div>\n\t\t\t\t\t<\/div>\n\t\t\t\t<\/div>\n\t\t\t\t<\/div>","protected":false},"excerpt":{"rendered":"M\u00e1quinas de paqueter\u00eda In Post de Presta Shop - Integraci\u00f3n completa con In Post Aumente la satisfacci\u00f3n del cliente y agilice el proceso de entrega con la integraci\u00f3n completa de Presta Shop con las m\u00e1quinas de paqueter\u00eda In Post.","protected":false},"featured_media":5149,"comment_status":"open","ping_status":"closed","template":"","meta":{"powered_cache_disable_cache":false,"powered_cache_disable_css_optimization":false,"powered_cache_disable_js_optimization":false},"product_brand":[275],"product_cat":[128,131],"product_tag":[292,228,273,291],"class_list":{"0":"post-5135","1":"product","2":"type-product","3":"status-publish","4":"has-post-thumbnail","6":"product_brand-cocos","7":"product_cat-moduly","8":"product_cat-prestashop","9":"product_tag-inpost","10":"product_tag-integracja","11":"product_tag-modul-prestashop","12":"product_tag-paczkomaty","14":"first","15":"instock","16":"downloadable","17":"virtual","18":"taxable","19":"purchasable","20":"product-type-simple"},"_links":{"self":[{"href":"https:\/\/cocos.codes\/es\/wp-json\/wp\/v2\/product\/5135","targetHints":{"allow":["GET"]}}],"collection":[{"href":"https:\/\/cocos.codes\/es\/wp-json\/wp\/v2\/product"}],"about":[{"href":"https:\/\/cocos.codes\/es\/wp-json\/wp\/v2\/types\/product"}],"replies":[{"embeddable":true,"href":"https:\/\/cocos.codes\/es\/wp-json\/wp\/v2\/comments?post=5135"}],"version-history":[{"count":0,"href":"https:\/\/cocos.codes\/es\/wp-json\/wp\/v2\/product\/5135\/revisions"}],"wp:featuredmedia":[{"embeddable":true,"href":"https:\/\/cocos.codes\/es\/wp-json\/wp\/v2\/media\/5149"}],"wp:attachment":[{"href":"https:\/\/cocos.codes\/es\/wp-json\/wp\/v2\/media?parent=5135"}],"wp:term":[{"taxonomy":"product_brand","embeddable":true,"href":"https:\/\/cocos.codes\/es\/wp-json\/wp\/v2\/product_brand?post=5135"},{"taxonomy":"product_cat","embeddable":true,"href":"https:\/\/cocos.codes\/es\/wp-json\/wp\/v2\/product_cat?post=5135"},{"taxonomy":"product_tag","embeddable":true,"href":"https:\/\/cocos.codes\/es\/wp-json\/wp\/v2\/product_tag?post=5135"}],"curies":[{"name":"wp","href":"https:\/\/api.w.org\/{rel}","templated":true}]}}