{"id":5083,"date":"2025-08-20T23:01:15","date_gmt":"2025-08-20T21:01:15","guid":{"rendered":"https:\/\/cocos.codes\/?post_type=product&#038;p=5083"},"modified":"2025-12-10T21:57:00","modified_gmt":"2025-12-10T20:57:00","slug":"actualizacion-de-prestashop-a-la-ultima-version","status":"publish","type":"product","link":"https:\/\/cocos.codes\/es\/produkt\/aktualizacja-prestashop-do-najnowszej-wersji\/","title":{"rendered":"Actualizaci\u00f3n de PrestaShop a la \u00faltima versi\u00f3n 8\/9"},"content":{"rendered":"<div data-elementor-type=\"wp-post\" data-elementor-id=\"5083\" class=\"elementor elementor-5083\">\n\t\t\t\t<div class=\"elementor-element elementor-element-5b0dbe1 e-flex e-con-boxed e-con e-parent\" data-id=\"5b0dbe1\" data-element_type=\"container\" data-e-type=\"container\">\n\t\t\t\t\t<div class=\"e-con-inner\">\n\t\t\t\t<div class=\"elementor-element elementor-element-15180f6 elementor-widget elementor-widget-heading\" data-id=\"15180f6\" data-element_type=\"widget\" data-e-type=\"widget\" data-widget_type=\"heading.default\">\n\t\t\t\t\t<h6 class=\"elementor-heading-title elementor-size-default\">Actualizaci\u00f3n de Prestashop: \u00bfpor qu\u00e9 actualizar su tienda?<\/h6>\t\t\t\t<\/div>\n\t\t\t\t<div class=\"elementor-element elementor-element-a69c0c1 elementor-widget elementor-widget-text-editor\" data-id=\"a69c0c1\" data-element_type=\"widget\" data-e-type=\"widget\" data-widget_type=\"text-editor.default\">\n\t\t\t\t\t\t\t\t\t<p style=\"text-align: left;\">Actualizaci\u00f3n de la tienda <a href=\"https:\/\/prestashop.com\/\" title=\"PrestaShop\" target=\"_blank\" rel=\"noopener\">PrestaShop<\/a> garantiza una mayor seguridad, protegiendo contra vulnerabilidades y ataques. Las nuevas versiones tambi\u00e9n ofrecen un mejor rendimiento, compatibilidad con las tecnolog\u00edas actuales y funciones adicionales que pueden aumentar las ventas y la comodidad de uso. Gracias a ello, la tienda funciona de forma m\u00e1s estable y resulta m\u00e1s atractiva para los clientes.<br \/>\u00bfTu tienda online funciona con una versi\u00f3n antigua de PrestaShop? Entonces ha llegado el momento de una actualizaci\u00f3n profesional que aportar\u00e1 beneficios tangibles y mayor seguridad a su negocio.<\/p><p style=\"text-align: center;\"><strong>\u26a0\ufe0f Importante: Antes de realizar el pedido <a href=\"https:\/\/cocos.codes\/es\/pongase-en-contacto-con\/\" title=\"P\u00f3ngase en contacto con nosotros\">P\u00f3ngase en contacto con nosotros.<\/a> para discutir los detalles y el alcance del trabajo.<\/strong><\/p>\t\t\t\t\t\t\t\t<\/div>\n\t\t\t\t<div class=\"elementor-element elementor-element-54c6820 elementor-widget elementor-widget-spacer\" data-id=\"54c6820\" data-element_type=\"widget\" data-e-type=\"widget\" data-widget_type=\"spacer.default\">\n\t\t\t\t\t\t\t<div class=\"elementor-spacer\">\n\t\t\t<div class=\"elementor-spacer-inner\"><\/div>\n\t\t<\/div>\n\t\t\t\t\t\t<\/div>\n\t\t\t\t\t<\/div>\n\t\t\t\t<\/div>\n\t\t<div class=\"elementor-element elementor-element-3d7a7aa e-flex e-con-boxed e-con e-parent\" data-id=\"3d7a7aa\" data-element_type=\"container\" data-e-type=\"container\">\n\t\t\t\t\t<div class=\"e-con-inner\">\n\t\t\t\t<div class=\"elementor-element elementor-element-31c5e32 elementor-widget elementor-widget-spacer\" data-id=\"31c5e32\" data-element_type=\"widget\" data-e-type=\"widget\" data-widget_type=\"spacer.default\">\n\t\t\t\t\t\t\t<div class=\"elementor-spacer\">\n\t\t\t<div class=\"elementor-spacer-inner\"><\/div>\n\t\t<\/div>\n\t\t\t\t\t\t<\/div>\n\t\t\t\t<div class=\"elementor-element elementor-element-08179d9 elementor-widget elementor-widget-heading\" data-id=\"08179d9\" data-element_type=\"widget\" data-e-type=\"widget\" data-widget_type=\"heading.default\">\n\t\t\t\t\t<h6 class=\"elementor-heading-title elementor-size-default\">Tipos de actualizaciones<\/h6>\t\t\t\t<\/div>\n\t\t\t\t\t<\/div>\n\t\t\t\t<\/div>\n\t\t<div class=\"elementor-element elementor-element-c31611b e-flex e-con-boxed e-con e-parent\" data-id=\"c31611b\" data-element_type=\"container\" data-e-type=\"container\">\n\t\t\t\t\t<div class=\"e-con-inner\">\n\t\t<div class=\"elementor-element elementor-element-c3eb1e4 e-con-full e-flex e-con e-child\" data-id=\"c3eb1e4\" data-element_type=\"container\" data-e-type=\"container\">\n\t\t\t\t<div class=\"elementor-element elementor-element-1ce477c elementor-widget elementor-widget-text-editor\" data-id=\"1ce477c\" data-element_type=\"widget\" data-e-type=\"widget\" data-widget_type=\"text-editor.default\">\n\t\t\t\t\t\t\t\t\t<h6 style=\"text-align: center;\"><strong>\ud83d\udd04 Actualizaci\u00f3n de la misma versi\u00f3n principal.<\/strong><\/h6><em>Ejemplo: 1.7.5 \u2192 1.7.8.11 u 8.0.1 \u2192 8.1.7<br \/><\/em><br \/><strong>Pros:<\/strong><br \/>\u2705 <strong>Mantenimiento de toda la estructura y aspecto de la tienda<\/strong><br \/>\u2705 Compatibilidad con los m\u00f3dulos actualmente instalados<br \/>\u2705 <strong>Aumentar el nivel de seguridad<\/strong><br \/>\u2705 Mejora de la estabilidad operativa<br \/>\u2705 Eliminaci\u00f3n de errores y lagunas conocidos.\t\t\t\t\t\t\t\t<\/div>\n\t\t\t\t<\/div>\n\t\t\t\t<div class=\"elementor-element elementor-element-bd55802 elementor-widget elementor-widget-spacer\" data-id=\"bd55802\" data-element_type=\"widget\" data-e-type=\"widget\" data-widget_type=\"spacer.default\">\n\t\t\t\t\t\t\t<div class=\"elementor-spacer\">\n\t\t\t<div class=\"elementor-spacer-inner\"><\/div>\n\t\t<\/div>\n\t\t\t\t\t\t<\/div>\n\t\t<div class=\"elementor-element elementor-element-acb2a15 e-con-full e-flex e-con e-child\" data-id=\"acb2a15\" data-element_type=\"container\" data-e-type=\"container\">\n\t\t\t\t<div class=\"elementor-element elementor-element-3df3a5b elementor-widget elementor-widget-text-editor\" data-id=\"3df3a5b\" data-element_type=\"widget\" data-e-type=\"widget\" data-widget_type=\"text-editor.default\">\n\t\t\t\t\t\t\t\t\t<h6 style=\"text-align: center;\">\ud83d\ude80 Migraci\u00f3n a una versi\u00f3n principal m\u00e1s reciente.<\/h6><p><em>Ejemplo: 1.6.x \u2192 8.x o 1.7.x \u2192 8.x<br \/><\/em><br \/><strong>Pros:<\/strong><br \/>\u2705 Acceso a <strong>\u00faltima<\/strong> funciones de comercio electr\u00f3nico<br \/>\u2705 Puede requerir la adaptaci\u00f3n de la plantilla gr\u00e1fica<br \/>\u2705 <strong>Necesidad<\/strong> verificaci\u00f3n de la compatibilidad de los m\u00f3dulos<br \/>\u2705 <strong>Mejoras significativas en eficiencia y seguridad<\/strong><br \/><strong>\u2705 Requiere un an\u00e1lisis y una evaluaci\u00f3n individuales<\/strong><\/p>\t\t\t\t\t\t\t\t<\/div>\n\t\t\t\t<\/div>\n\t\t\t\t\t<\/div>\n\t\t\t\t<\/div>\n\t\t<div class=\"elementor-element elementor-element-3df299d e-flex e-con-boxed e-con e-parent\" data-id=\"3df299d\" data-element_type=\"container\" data-e-type=\"container\">\n\t\t\t\t\t<div class=\"e-con-inner\">\n\t\t\t\t<div class=\"elementor-element elementor-element-7845f0d elementor-widget elementor-widget-spacer\" data-id=\"7845f0d\" data-element_type=\"widget\" data-e-type=\"widget\" data-widget_type=\"spacer.default\">\n\t\t\t\t\t\t\t<div class=\"elementor-spacer\">\n\t\t\t<div class=\"elementor-spacer-inner\"><\/div>\n\t\t<\/div>\n\t\t\t\t\t\t<\/div>\n\t\t\t\t\t<\/div>\n\t\t\t\t<\/div>\n\t\t<div class=\"elementor-element elementor-element-4a822b5 e-flex e-con-boxed e-con e-parent\" data-id=\"4a822b5\" data-element_type=\"container\" data-e-type=\"container\">\n\t\t\t\t\t<div class=\"e-con-inner\">\n\t\t\t\t<div class=\"elementor-element elementor-element-9470d9e elementor-widget elementor-widget-spacer\" data-id=\"9470d9e\" data-element_type=\"widget\" data-e-type=\"widget\" data-widget_type=\"spacer.default\">\n\t\t\t\t\t\t\t<div class=\"elementor-spacer\">\n\t\t\t<div class=\"elementor-spacer-inner\"><\/div>\n\t\t<\/div>\n\t\t\t\t\t\t<\/div>\n\t\t\t\t<div class=\"elementor-element elementor-element-c8ebd1f elementor-widget elementor-widget-heading\" data-id=\"c8ebd1f\" data-element_type=\"widget\" data-e-type=\"widget\" data-widget_type=\"heading.default\">\n\t\t\t\t\t<h6 class=\"elementor-heading-title elementor-size-default\">Nuestro proceso de actualizaci\u00f3n: 6 pasos hacia el \u00e9xito<\/h6>\t\t\t\t<\/div>\n\t\t\t\t<div class=\"elementor-element elementor-element-3b85c89 elementor-widget elementor-widget-text-editor\" data-id=\"3b85c89\" data-element_type=\"widget\" data-e-type=\"widget\" data-widget_type=\"text-editor.default\">\n\t\t\t\t\t\t\t\t\t<p><strong>1\ufe0f\u20e3 Seguridad de los datos<\/strong><br \/>Hacemos <strong>copia de seguridad completa<\/strong> base de datos y todos los archivos de la tienda, eliminando el riesgo de perder cualquier informaci\u00f3n.<br \/><br \/><strong>2\ufe0f\u20e3 Entorno de pruebas<\/strong><br \/>Creamos una copia id\u00e9ntica de su tienda en el servidor de desarrollo, para que el <strong>el taller de producci\u00f3n funciona a la perfecci\u00f3n<\/strong>.<br \/><br \/><strong>3\ufe0f\u20e3 Actualizaci\u00f3n de las pruebas<\/strong><br \/>Llevamos a cabo <strong>proceso de actualizaci\u00f3n en un entorno seguro<\/strong>identificar y resolver posibles problemas.<br \/><br \/><strong>4\ufe0f\u20e3 Resoluci\u00f3n de conflictos<\/strong><br \/><strong>Eliminamos posibles incompatibilidades<\/strong> entre los m\u00f3dulos, la plantilla y la nueva versi\u00f3n de PrestaShop.<br \/><br \/><strong>5\ufe0f\u20e3 Pruebas exhaustivas<\/strong><br \/><strong>Juntos verificamos el funcionamiento de<\/strong> de todas las funciones de la tienda hasta que se acepten plenamente los resultados.<br \/><br \/><strong>6\ufe0f\u20e3 Implantaci\u00f3n de la producci\u00f3n<\/strong><br \/>En movimiento <strong>actualizaci\u00f3n verificada<\/strong> para un taller de producci\u00f3n en <strong>fecha acordada<\/strong>.<\/p>\t\t\t\t\t\t\t\t<\/div>\n\t\t\t\t<div class=\"elementor-element elementor-element-b0994ae elementor-widget elementor-widget-spacer\" data-id=\"b0994ae\" data-element_type=\"widget\" data-e-type=\"widget\" data-widget_type=\"spacer.default\">\n\t\t\t\t\t\t\t<div class=\"elementor-spacer\">\n\t\t\t<div class=\"elementor-spacer-inner\"><\/div>\n\t\t<\/div>\n\t\t\t\t\t\t<\/div>\n\t\t\t\t\t<\/div>\n\t\t\t\t<\/div>\n\t\t<div class=\"elementor-element elementor-element-9a8c418 e-flex e-con-boxed e-con e-parent\" data-id=\"9a8c418\" data-element_type=\"container\" data-e-type=\"container\">\n\t\t\t\t\t<div class=\"e-con-inner\">\n\t\t\t\t<div class=\"elementor-element elementor-element-38728bc elementor-widget elementor-widget-spacer\" data-id=\"38728bc\" data-element_type=\"widget\" data-e-type=\"widget\" data-widget_type=\"spacer.default\">\n\t\t\t\t\t\t\t<div class=\"elementor-spacer\">\n\t\t\t<div class=\"elementor-spacer-inner\"><\/div>\n\t\t<\/div>\n\t\t\t\t\t\t<\/div>\n\t\t\t\t<div class=\"elementor-element elementor-element-948df8f elementor-widget elementor-widget-heading\" data-id=\"948df8f\" data-element_type=\"widget\" data-e-type=\"widget\" data-widget_type=\"heading.default\">\n\t\t\t\t\t<h6 class=\"elementor-heading-title elementor-size-default\">Ventajas de la actualizaci\u00f3n<\/h6>\t\t\t\t<\/div>\n\t\t\t\t\t<\/div>\n\t\t\t\t<\/div>\n\t\t<div class=\"elementor-element elementor-element-3ff8a0b e-flex e-con-boxed e-con e-parent\" data-id=\"3ff8a0b\" data-element_type=\"container\" data-e-type=\"container\">\n\t\t\t\t\t<div class=\"e-con-inner\">\n\t\t<div class=\"elementor-element elementor-element-a4d9677 e-con-full e-flex e-con e-child\" data-id=\"a4d9677\" data-element_type=\"container\" data-e-type=\"container\">\n\t\t\t\t<div class=\"elementor-element elementor-element-2678d1a elementor-widget elementor-widget-text-editor\" data-id=\"2678d1a\" data-element_type=\"widget\" data-e-type=\"widget\" data-widget_type=\"text-editor.default\">\n\t\t\t\t\t\t\t\t\t<strong>\ud83d\udee1\ufe0f Seguridad al m\u00e1s alto nivel<\/strong><br \/>\u00daltimas versiones de PrestaShop <strong>incluyen parches de seguridad<\/strong> contra las lagunas y los riesgos conocidos.\t\t\t\t\t\t\t\t<\/div>\n\t\t\t\t<\/div>\n\t\t<div class=\"elementor-element elementor-element-cd332a4 e-con-full e-flex e-con e-child\" data-id=\"cd332a4\" data-element_type=\"container\" data-e-type=\"container\">\n\t\t\t\t<div class=\"elementor-element elementor-element-f5948e3 elementor-widget elementor-widget-text-editor\" data-id=\"f5948e3\" data-element_type=\"widget\" data-e-type=\"widget\" data-widget_type=\"text-editor.default\">\n\t\t\t\t\t\t\t\t\t<strong>\u26a1 Aumento de la productividad<\/strong><br \/>Las optimizaciones del c\u00f3digo se traducen en <strong>carga m\u00e1s r\u00e1pida de las p\u00e1ginas<\/strong> y una mejor experiencia de usuario.\t\t\t\t\t\t\t\t<\/div>\n\t\t\t\t<\/div>\n\t\t<div class=\"elementor-element elementor-element-eb24874 e-con-full e-flex e-con e-child\" data-id=\"eb24874\" data-element_type=\"container\" data-e-type=\"container\">\n\t\t\t\t<div class=\"elementor-element elementor-element-12312cc elementor-widget elementor-widget-text-editor\" data-id=\"12312cc\" data-element_type=\"widget\" data-e-type=\"widget\" data-widget_type=\"text-editor.default\">\n\t\t\t\t\t\t\t\t\t<strong>\ud83c\udfaf Mejor posicionamiento en buscadores<\/strong><br \/>El c\u00f3digo moderno admite <strong>Optimizaci\u00f3n SEO<\/strong> i <strong>mejora los resultados en Google<\/strong>.\t\t\t\t\t\t\t\t<\/div>\n\t\t\t\t<\/div>\n\t\t<div class=\"elementor-element elementor-element-457f1bd e-con-full e-flex e-con e-child\" data-id=\"457f1bd\" data-element_type=\"container\" data-e-type=\"container\">\n\t\t\t\t<div class=\"elementor-element elementor-element-fd77cdc elementor-widget elementor-widget-text-editor\" data-id=\"fd77cdc\" data-element_type=\"widget\" data-e-type=\"widget\" data-widget_type=\"text-editor.default\">\n\t\t\t\t\t\t\t\t\t<strong>\ud83d\udd27 Nuevas oportunidades<\/strong><br \/>Acceso a <strong>los \u00faltimos m\u00f3dulos, integraci\u00f3n<\/strong> i <strong>funcionalidades<\/strong> comercio electr\u00f3nico.<br \/>\t\t\t\t\t\t\t\t<\/div>\n\t\t\t\t<\/div>\n\t\t\t\t\t<\/div>\n\t\t\t\t<\/div>\n\t\t<div class=\"elementor-element elementor-element-94e50c7 e-flex e-con-boxed e-con e-parent\" data-id=\"94e50c7\" data-element_type=\"container\" data-e-type=\"container\">\n\t\t\t\t\t<div class=\"e-con-inner\">\n\t\t\t\t<div class=\"elementor-element elementor-element-f6eaea9 elementor-widget elementor-widget-spacer\" data-id=\"f6eaea9\" data-element_type=\"widget\" data-e-type=\"widget\" data-widget_type=\"spacer.default\">\n\t\t\t\t\t\t\t<div class=\"elementor-spacer\">\n\t\t\t<div class=\"elementor-spacer-inner\"><\/div>\n\t\t<\/div>\n\t\t\t\t\t\t<\/div>\n\t\t\t\t\t<\/div>\n\t\t\t\t<\/div>\n\t\t<div class=\"elementor-element elementor-element-667e20c e-flex e-con-boxed e-con e-parent\" data-id=\"667e20c\" data-element_type=\"container\" data-e-type=\"container\">\n\t\t\t\t\t<div class=\"e-con-inner\">\n\t\t\t\t<div class=\"elementor-element elementor-element-2c08653 elementor-widget elementor-widget-spacer\" data-id=\"2c08653\" data-element_type=\"widget\" data-e-type=\"widget\" data-widget_type=\"spacer.default\">\n\t\t\t\t\t\t\t<div class=\"elementor-spacer\">\n\t\t\t<div class=\"elementor-spacer-inner\"><\/div>\n\t\t<\/div>\n\t\t\t\t\t\t<\/div>\n\t\t\t\t<div class=\"elementor-element elementor-element-259dbf7 elementor-widget elementor-widget-heading\" data-id=\"259dbf7\" data-element_type=\"widget\" data-e-type=\"widget\" data-widget_type=\"heading.default\">\n\t\t\t\t\t<h6 class=\"elementor-heading-title elementor-size-default\">Detalles de la aplicaci\u00f3n<\/h6>\t\t\t\t<\/div>\n\t\t\t\t<div class=\"elementor-element elementor-element-6905e56 elementor-widget elementor-widget-text-editor\" data-id=\"6905e56\" data-element_type=\"widget\" data-e-type=\"widget\" data-widget_type=\"text-editor.default\">\n\t\t\t\t\t\t\t\t\t<ul><li><strong>Tiempo de ejecuci\u00f3n:<\/strong> 7-14 d\u00edas laborables (dependiendo de la complejidad)<\/li><li><strong>Disponibilidad de la tienda:<\/strong> 100% - el taller funciona continuamente durante todo el proceso<\/li><li><strong>Garant\u00eda:<\/strong> Asistencia t\u00e9cnica completa durante 30 d\u00edas tras la actualizaci\u00f3n<\/li><li><strong>Trabajo adicional:<\/strong> Actualizaci\u00f3n de m\u00f3dulos, cambio de plantilla, actualizaci\u00f3n de la versi\u00f3n de PHP - precio individual<\/li><\/ul>\t\t\t\t\t\t\t\t<\/div>\n\t\t\t\t<div class=\"elementor-element elementor-element-5a517ec elementor-widget elementor-widget-text-editor\" data-id=\"5a517ec\" data-element_type=\"widget\" data-e-type=\"widget\" data-widget_type=\"text-editor.default\">\n\t\t\t\t\t\t\t\t\t<p style=\"text-align: left;\"><strong>Observaciones adicionales<\/strong><br \/>Actualizaci\u00f3n <a href=\"https:\/\/prestashop.com\/\" title=\"PrestaShop\" target=\"_blank\" rel=\"noopener\">PrestaShop<\/a> se centra en el sistema de la tienda y su funcionalidad. Si tu tienda tambi\u00e9n necesita optimizar su rendimiento, velocidad de carga o SEO, te recomendamos que consideres servicios de optimizaci\u00f3n adicionales.<br \/><br \/><em>Una actualizaci\u00f3n profesional de PrestaShop es una inversi\u00f3n en el futuro de su tienda online. Ofrecemos un proceso seguro, asistencia completa y garant\u00eda de satisfacci\u00f3n.<\/em><\/p>\t\t\t\t\t\t\t\t<\/div>\n\t\t\t\t\t<\/div>\n\t\t\t\t<\/div>\n\t\t\t\t<\/div>","protected":false},"excerpt":{"rendered":"Aktualizacja Prestashop &#8211; dlaczego warto zaktualizowa\u0107 sw\u00f3j sklep? Aktualizacja sklepu Presta Shop zapewnia wi\u0119ksze bezpiecze\u0144stwo, chroni\u0105c przed lukami i atakami. Nowe wersje oferuj\u0105 te\u017c lepsz\u0105 wydajno\u015b\u0107, zgodno\u015b\u0107 z aktualnymi technologiami","protected":false},"featured_media":5086,"comment_status":"open","ping_status":"closed","template":"","meta":{"powered_cache_disable_cache":false,"powered_cache_disable_css_optimization":false,"powered_cache_disable_js_optimization":false},"product_brand":[275],"product_cat":[129],"product_tag":[284,285,244],"class_list":{"0":"post-5083","1":"product","2":"type-product","3":"status-publish","4":"has-post-thumbnail","6":"product_brand-cocos","7":"product_cat-uslugi","8":"product_tag-aktualizacja","9":"product_tag-najnowsza-wersja-prestashop","10":"product_tag-prestashop","12":"first","13":"instock","14":"taxable","15":"shipping-taxable","16":"purchasable","17":"product-type-simple"},"_links":{"self":[{"href":"https:\/\/cocos.codes\/es\/wp-json\/wp\/v2\/product\/5083","targetHints":{"allow":["GET"]}}],"collection":[{"href":"https:\/\/cocos.codes\/es\/wp-json\/wp\/v2\/product"}],"about":[{"href":"https:\/\/cocos.codes\/es\/wp-json\/wp\/v2\/types\/product"}],"replies":[{"embeddable":true,"href":"https:\/\/cocos.codes\/es\/wp-json\/wp\/v2\/comments?post=5083"}],"version-history":[{"count":0,"href":"https:\/\/cocos.codes\/es\/wp-json\/wp\/v2\/product\/5083\/revisions"}],"wp:featuredmedia":[{"embeddable":true,"href":"https:\/\/cocos.codes\/es\/wp-json\/wp\/v2\/media\/5086"}],"wp:attachment":[{"href":"https:\/\/cocos.codes\/es\/wp-json\/wp\/v2\/media?parent=5083"}],"wp:term":[{"taxonomy":"product_brand","embeddable":true,"href":"https:\/\/cocos.codes\/es\/wp-json\/wp\/v2\/product_brand?post=5083"},{"taxonomy":"product_cat","embeddable":true,"href":"https:\/\/cocos.codes\/es\/wp-json\/wp\/v2\/product_cat?post=5083"},{"taxonomy":"product_tag","embeddable":true,"href":"https:\/\/cocos.codes\/es\/wp-json\/wp\/v2\/product_tag?post=5083"}],"curies":[{"name":"wp","href":"https:\/\/api.w.org\/{rel}","templated":true}]}}