{"id":4985,"date":"2025-08-19T18:48:45","date_gmt":"2025-08-19T16:48:45","guid":{"rendered":"https:\/\/cocos.codes\/?post_type=product&#038;p=4985"},"modified":"2026-04-17T11:13:46","modified_gmt":"2026-04-17T09:13:46","slug":"marca-de-agua-prestashop","status":"publish","type":"product","link":"https:\/\/cocos.codes\/es\/produkt\/prestashop-znak-wodny\/","title":{"rendered":"PrestaShop Marca de Agua 1.0.3"},"content":{"rendered":"<div data-elementor-type=\"wp-post\" data-elementor-id=\"4985\" class=\"elementor elementor-4985\">\n\t\t\t\t<div class=\"elementor-element elementor-element-13fae9d e-flex e-con-boxed e-con e-parent\" data-id=\"13fae9d\" data-element_type=\"container\" data-e-type=\"container\">\n\t\t\t\t\t<div class=\"e-con-inner\">\n\t\t\t\t<div class=\"elementor-element elementor-element-c5ee1f2 elementor-widget elementor-widget-text-editor\" data-id=\"c5ee1f2\" data-element_type=\"widget\" data-e-type=\"widget\" data-widget_type=\"text-editor.default\">\n\t\t\t\t\t\t\t\t\t<h6>PrestaShop Watermark: protecci\u00f3n profesional de las im\u00e1genes de los productos con un sistema de copias de seguridad<\/h6>\n\nProteja las im\u00e1genes de sus productos contra robos y usos no autorizados. <strong>CC <a href=\"https:\/\/prestashop.com\/\" title=\"PrestaShop\" target=\"_blank\" rel=\"noopener\">PrestaShop<\/a> Marca de agua<\/strong> este es un m\u00f3dulo avanzado que a\u00f1ade autom\u00e1ticamente marcas de agua a todas las miniaturas de productos de su tienda. Independientemente del tama\u00f1o del cat\u00e1logo o de las capacidades del servidor, el sistema <strong>colas de procesamiento<\/strong> CRON permite etiquetar sin esfuerzo cualquier n\u00famero de fotos en cualquier servidor. Utiliza un sistema de copias de seguridad inteligente, regeneraci\u00f3n autom\u00e1tica y control total del proceso para proteger tus im\u00e1genes sin riesgo de perder las versiones originales.\t\t\t\t\t\t\t\t<\/div>\n\t\t\t\t<div class=\"elementor-element elementor-element-c641bb3 elementor-widget elementor-widget-spacer\" data-id=\"c641bb3\" data-element_type=\"widget\" data-e-type=\"widget\" data-widget_type=\"spacer.default\">\n\t\t\t\t\t\t\t<div class=\"elementor-spacer\">\n\t\t\t<div class=\"elementor-spacer-inner\"><\/div>\n\t\t<\/div>\n\t\t\t\t\t\t<\/div>\n\t\t\t\t\t<\/div>\n\t\t\t\t<\/div>\n\t\t<div class=\"elementor-element elementor-element-12684c7 e-flex e-con-boxed e-con e-parent\" data-id=\"12684c7\" data-element_type=\"container\" data-e-type=\"container\">\n\t\t\t\t\t<div class=\"e-con-inner\">\n\t\t<div class=\"elementor-element elementor-element-d988a7d e-grid e-con-full e-con e-child\" data-id=\"d988a7d\" data-element_type=\"container\" data-e-type=\"container\">\n\t\t\t\t<div class=\"elementor-element elementor-element-8b12174 elementor-widget elementor-widget-pls-button\" data-id=\"8b12174\" data-element_type=\"widget\" data-e-type=\"widget\" data-widget_type=\"pls-button.default\">\n\t\t\t\t<div class=\"elementor-widget-container\">\n\t\t\t\t\t<div id=\"pls-button-77195\" class=\"pls-element pls-button\">\n\t<a class=\"button btn-style-flat\" href=\"https:\/\/cocos.codes\/es\/base-de-conocimientos\/prestashop\/documentacion-de-prestashop\/marca-de-agua-prestashop-2\/\" title=\"DOCUMENTACI\u00d3N\" target=\"_blank\">\n\t\tDOCUMENTACI\u00d3N\t<\/a>\n<\/div>\n\t\t\t\t<\/div>\n\t\t\t\t<\/div>\n\t\t\t\t<div class=\"elementor-element elementor-element-9e29636 elementor-widget elementor-widget-pls-button\" data-id=\"9e29636\" data-element_type=\"widget\" data-e-type=\"widget\" data-widget_type=\"pls-button.default\">\n\t\t\t\t<div class=\"elementor-widget-container\">\n\t\t\t\t\t<div id=\"pls-button-6422\" class=\"pls-element pls-button\">\n\t<a class=\"button btn-style-flat\" href=\"https:\/\/demo.cocos.codes\/cc_ps_watermark\/\" title=\"DEMO\" target=\"_blank\">\n\t\tDEMO\t<\/a>\n<\/div>\n\t\t\t\t<\/div>\n\t\t\t\t<\/div>\n\t\t\t\t<\/div>\n\t\t\t\t\t<\/div>\n\t\t\t\t<\/div>\n\t\t<div class=\"elementor-element elementor-element-82e69c9 e-flex e-con-boxed e-con e-parent\" data-id=\"82e69c9\" data-element_type=\"container\" data-e-type=\"container\">\n\t\t\t\t\t<div class=\"e-con-inner\">\n\t\t\t\t<div class=\"elementor-element elementor-element-7b3d050 elementor-widget elementor-widget-spacer\" data-id=\"7b3d050\" data-element_type=\"widget\" data-e-type=\"widget\" data-widget_type=\"spacer.default\">\n\t\t\t\t\t\t\t<div class=\"elementor-spacer\">\n\t\t\t<div class=\"elementor-spacer-inner\"><\/div>\n\t\t<\/div>\n\t\t\t\t\t\t<\/div>\n\t\t\t\t<div class=\"elementor-element elementor-element-43511a8 elementor-widget elementor-widget-text-editor\" data-id=\"43511a8\" data-element_type=\"widget\" data-e-type=\"widget\" data-widget_type=\"text-editor.default\">\n\t\t\t\t\t\t\t\t\t<h6>Multitud de funciones y posibilidades<\/h6><strong>\ud83c\udfa8 Opciones avanzadas de marca de agua<br \/>\u2705 Dos tipos de se\u00f1ales<\/strong> - texto con fuentes TTF o im\u00e1genes PNG\/JPG\/GIF<br \/><strong>\u2705 Personalizaci\u00f3n completa del texto<\/strong> - tama\u00f1o 8-200px, cualquier color, fuentes personalizadas<br \/><strong>\u2705 Posicionamiento inteligente<\/strong> - 9 posiciones de colocaci\u00f3n m\u00e1s repetici\u00f3n en toda la imagen<br \/><strong>\u2705 Control de transparencia<\/strong> - Visibilidad de la marca de agua de 0% a 100%<br \/><strong>\u2705 Vista previa de los resultados<\/strong> - verificaci\u00f3n de los efectos antes de aplicar los cambios<br \/><br \/><strong>\ud83c\udfaf Tratamiento selectivo de im\u00e1genes<\/strong><br \/><strong>\u2705 Filtros de tipo miniatura<\/strong> - selecci\u00f3n de tama\u00f1os espec\u00edficos para el marcado<br \/><strong>Detecci\u00f3n autom\u00e1tica<\/strong> - el sistema no duplica caracteres en im\u00e1genes ya marcadas<br \/><strong>\u2705 Manipulaci\u00f3n de nuevos productos<\/strong> - marcado autom\u00e1tico al a\u00f1adir\/actualizar<br \/><strong>\u2705 Tratamiento en masa<\/strong> - regeneraci\u00f3n de todas las miniaturas existentes<br \/><strong>\u2705 Enganche inteligente<\/strong> - procesamiento autom\u00e1tico en segundo plano<br \/><br \/><strong>\ud83d\udcbe Sistema avanzado de copias de seguridad<\/strong><br \/><strong>Copias de seguridad autom\u00e1ticas<\/strong> - una copia del original antes de cada adici\u00f3n de la marca de agua<br \/><strong>\u2705 Restauraci\u00f3n selectiva<\/strong> - deshacer cambios en los productos seleccionados<br \/><strong>\u2705 Restauraci\u00f3n global<\/strong> - Elimina todas las marcas de agua con un solo clic<br \/><strong>\u2705 Gesti\u00f3n del sitio<\/strong> - control sobre el tama\u00f1o y el n\u00famero de copias de seguridad<br \/><strong>\u2705 Estad\u00edsticas de copia de seguridad<\/strong> - vista completa del uso del disco y del historial de copias<br \/><br \/><strong>\ud83d\udcca Registro y supervisi\u00f3n detallados<\/strong><br \/><strong>\u2705 Historial de todas las operaciones<\/strong> - registro completo de las actividades del m\u00f3dulo<br \/><strong>\u2705 Estado de los colores<\/strong> - \u00e9xito, advertencia, error, informaci\u00f3n con indicaci\u00f3n visual<br \/><strong>\u2705 Detalles del producto<\/strong> - informaci\u00f3n sobre im\u00e1genes y pistas procesadas<br \/><strong>Rotaci\u00f3n autom\u00e1tica<\/strong> - M\u00e1ximo de 5000 entradas con limpieza autom\u00e1tica<br \/><strong>\u2705 Paginaci\u00f3n de los registros<\/strong> - visi\u00f3n general eficaz del historial de actividades<br \/><br \/><strong>\u2699\ufe0f Configuraci\u00f3n flexible y automatizaci\u00f3n<\/strong><br \/><strong>\u2705 CRON avanzado<\/strong> - procesamiento autom\u00e1tico a horas programadas<br \/><strong>\u2705 Optimizaci\u00f3n del rendimiento<\/strong> - gesti\u00f3n inteligente de la memoria y el tiempo de ejecuci\u00f3n<br \/><strong>Interfaz multiling\u00fce<\/strong> - Compatibilidad con todos los idiomas de PrestaShop<br \/><strong>\u2705 Panel responsivo<\/strong> - gesti\u00f3n c\u00f3moda desde cualquier dispositivo<br \/><strong>\u2705 R\u00e9gimen de licencias<\/strong> - activaci\u00f3n segura con todas las funciones<br \/><br \/><strong>\ud83d\udd27 Funciones t\u00e9cnicas e integraci\u00f3n<\/strong><br \/><strong>Compatibilidad total<\/strong> - funciona con PrestaShop 1.7.0.0 y versiones posteriores<br \/><strong>\u2705 Compatibilidad con fuentes TTF<\/strong> - detecci\u00f3n y gesti\u00f3n autom\u00e1tica de fuentes<br \/><strong>\u2705 Extensi\u00f3n GD<\/strong> - compatibilidad con todos los formatos de imagen (JPG, PNG, GIF)<br \/><strong>\u2705 Sistema de retroceso<\/strong> - funciona incluso sin fuentes TTF ni funciones avanzadas<br \/><strong>\u2705 Documentaci\u00f3n detallada<\/strong> - instrucciones completas de instalaci\u00f3n y uso<div class=\"notranslate\" style=\"all: initial;\">\u00a0<\/div>\t\t\t\t\t\t\t\t<\/div>\n\t\t\t\t<div class=\"elementor-element elementor-element-46022c8 elementor-widget elementor-widget-spacer\" data-id=\"46022c8\" data-element_type=\"widget\" data-e-type=\"widget\" data-widget_type=\"spacer.default\">\n\t\t\t\t\t\t\t<div class=\"elementor-spacer\">\n\t\t\t<div class=\"elementor-spacer-inner\"><\/div>\n\t\t<\/div>\n\t\t\t\t\t\t<\/div>\n\t\t\t\t<div class=\"elementor-element elementor-element-caf68cb elementor-widget elementor-widget-text-editor\" data-id=\"caf68cb\" data-element_type=\"widget\" data-e-type=\"widget\" data-widget_type=\"text-editor.default\">\n\t\t\t\t\t\t\t\t\t<h6>Infinitas posibilidades de aplicaci\u00f3n<\/h6>M\u00f3dulo <strong>CC PrestaShop Marca de agua<\/strong> es perfecto para:<br \/><br \/><strong>Protecci\u00f3n de la propiedad intelectual<\/strong><br \/><strong>\u2705 Seguridad de las im\u00e1genes<\/strong> - protecci\u00f3n contra el robo y el uso no autorizado<br \/><strong>Marca del producto<\/strong> - etiquetar cada imagen con el nombre o el logotipo de la tienda<br \/><strong>\u2705 Protecci\u00f3n jur\u00eddica<\/strong> - documentar la propiedad de las im\u00e1genes<br \/><strong>\u2705 Disuasi\u00f3n de la competencia<\/strong> - dificultar la copia de material visual<br \/><br \/><strong>Marketing profesional<\/strong><br \/><strong>\u2705 Reconocimiento de marca<\/strong> - promoci\u00f3n del nombre de la tienda en cada foto<br \/><strong>Coherencia visual<\/strong> - identificaci\u00f3n coherente en todas las im\u00e1genes<br \/><strong>Campa\u00f1as estacionales<\/strong> - f\u00e1cil cambio de marcas de agua para promoci\u00f3n<br \/><strong>\u2705 Diferentes l\u00edneas de productos<\/strong> - denominaciones separadas para las distintas marcas<br \/><br \/><strong>Gesti\u00f3n de grandes comercios<\/strong><br \/><strong>\u2705 Tratamiento en masa<\/strong> - marcado autom\u00e1tico de miles de productos<br \/><strong>\u2705 Gesti\u00f3n de equipos<\/strong> - control sobre qui\u00e9n hizo los cambios y cu\u00e1ndo<br \/><strong>\u2705 Copia de seguridad y restauraci\u00f3n<\/strong> - pruebas seguras de diferentes estrategias de marca<br \/><strong>Automatizaci\u00f3n CRON<\/strong> - tratamiento durante las horas de menor tr\u00e1fico<div class=\"notranslate\" style=\"all: initial;\">\u00a0<\/div>\t\t\t\t\t\t\t\t<\/div>\n\t\t\t\t<div class=\"elementor-element elementor-element-3c1daa0 elementor-widget elementor-widget-spacer\" data-id=\"3c1daa0\" data-element_type=\"widget\" data-e-type=\"widget\" data-widget_type=\"spacer.default\">\n\t\t\t\t\t\t\t<div class=\"elementor-spacer\">\n\t\t\t<div class=\"elementor-spacer-inner\"><\/div>\n\t\t<\/div>\n\t\t\t\t\t\t<\/div>\n\t\t\t\t<div class=\"elementor-element elementor-element-8cbf653 elementor-widget elementor-widget-text-editor\" data-id=\"8cbf653\" data-element_type=\"widget\" data-e-type=\"widget\" data-widget_type=\"text-editor.default\">\n\t\t\t\t\t\t\t\t\t<h6>\ud83d\udcc8 \u00a1Aumenta la seguridad!<\/h6><strong>Protecci\u00f3n profesional de la imagen<\/strong> es una inversi\u00f3n en el futuro de su negocio en l\u00ednea. Gracias a <strong>automatizaci\u00f3n de procesos<\/strong>, <strong>copias de seguridad seguras<\/strong> i <strong>seguimiento detallado<\/strong>, se asegurar\u00e1<strong> miles de im\u00e1genes de productos<\/strong> sin riesgo de perderlos y tendr\u00e1 un control total sobre su imagen de marca. Opte por una herramienta que realmente<strong> protege su negocio<\/strong>!<br \/><div class=\"notranslate\" style=\"all: initial;\">\u00a0<\/div>\t\t\t\t\t\t\t\t<\/div>\n\t\t\t\t<div class=\"elementor-element elementor-element-2392804 elementor-widget elementor-widget-spacer\" data-id=\"2392804\" data-element_type=\"widget\" data-e-type=\"widget\" data-widget_type=\"spacer.default\">\n\t\t\t\t\t\t\t<div class=\"elementor-spacer\">\n\t\t\t<div class=\"elementor-spacer-inner\"><\/div>\n\t\t<\/div>\n\t\t\t\t\t\t<\/div>\n\t\t\t\t<div class=\"elementor-element elementor-element-2f487a4 elementor-widget elementor-widget-text-editor\" data-id=\"2f487a4\" data-element_type=\"widget\" data-e-type=\"widget\" data-widget_type=\"text-editor.default\">\n\t\t\t\t\t\t\t\t\t<h6>\u00bfPara qui\u00e9n?<\/h6>El m\u00f3dulo es ideal para todos:<br \/><strong>\u2714 <a href=\"https:\/\/cocos.codes\/es\/categoria-de-producto\/tiendas-individuales\/\" title=\"Tiendas PrestaShop\">Tiendas PrestaShop<\/a><\/strong> con im\u00e1genes de productos \u00fanicos dignos de protecci\u00f3n<br \/><strong>\u2714 Propietarios de marcas<\/strong> garantizar la coherencia visual y el reconocimiento de la marca<br \/><strong>\u2714 Fot\u00f3grafos y dise\u00f1adores<\/strong> vender su obra en formato digital<br \/><strong>\u2714 Grandes comercios<\/strong> con miles de productos que requieren un marcado masivo<br \/><strong>\u2714 Empresas de dropshipping<\/strong> que deseen etiquetar las im\u00e1genes facilitadas por los proveedores<br \/><strong>\u2714 Vendedores exclusivos<\/strong> productos expuestos a la copia<br \/><strong>\u2714 Administradores<\/strong> gesti\u00f3n de varias tiendas o l\u00edneas de productos<div class=\"notranslate\" style=\"all: initial;\">\u00a0<\/div>\t\t\t\t\t\t\t\t<\/div>\n\t\t\t\t<div class=\"elementor-element elementor-element-e5726cd elementor-widget elementor-widget-spacer\" data-id=\"e5726cd\" data-element_type=\"widget\" data-e-type=\"widget\" data-widget_type=\"spacer.default\">\n\t\t\t\t\t\t\t<div class=\"elementor-spacer\">\n\t\t\t<div class=\"elementor-spacer-inner\"><\/div>\n\t\t<\/div>\n\t\t\t\t\t\t<\/div>\n\t\t\t\t<div class=\"elementor-element elementor-element-9603ee5 elementor-widget elementor-widget-text-editor\" data-id=\"9603ee5\" data-element_type=\"widget\" data-e-type=\"widget\" data-widget_type=\"text-editor.default\">\n\t\t\t\t\t\t\t\t\t<p><div class=\"pls-block pls-block-3297\">\t\t<div data-elementor-type=\"wp-post\" data-elementor-id=\"3297\" class=\"elementor elementor-3297\">\n\t\t\t\t<div class=\"elementor-element elementor-element-d99440d e-flex e-con-boxed e-con e-parent\" data-id=\"d99440d\" data-element_type=\"container\" data-e-type=\"container\" data-settings=\"{&quot;background_background&quot;:&quot;classic&quot;}\">\n\t\t\t\t\t<div class=\"e-con-inner\">\n\t\t\t\t<div class=\"elementor-element elementor-element-b850409 elementor-widget elementor-widget-text-editor\" data-id=\"b850409\" data-element_type=\"widget\" data-e-type=\"widget\" data-widget_type=\"text-editor.default\">\n\t\t\t\t\t\t\t\t\t<h6><strong>\u00a0Aumente hoy mismo la capacidad de su tienda. <\/strong><strong>\ud83d\ude80<\/strong><\/h6>A\u00f1ada nuevas funciones, mejore la experiencia de usuario y aumente las conversiones con nuestro m\u00f3dulo. F\u00e1cil instalaci\u00f3n, compatibilidad total y actualizaciones peri\u00f3dicas: todo lo que necesitas para que tu tienda funcione a\u00fan mejor.<br \/>\u2705 F\u00e1cil configuraci\u00f3n \u2705 Asistencia profesional \u2705 Integraci\u00f3n perfecta<br \/><br \/><a class=\"button simple\" href=\"#main-content\" title=\"\u00a1Inst\u00e1lalo y empieza a usarlo ya!\">\u00a1Inst\u00e1lalo y empieza a usarlo ya!<\/a>\t\t\t\t\t\t\t\t<\/div>\n\t\t\t\t\t<\/div>\n\t\t\t\t<\/div>\n\t\t\t\t<\/div>\n\t\t<\/div><\/p>\t\t\t\t\t\t\t\t<\/div>\n\t\t\t\t\t<\/div>\n\t\t\t\t<\/div>\n\t\t\t\t<\/div>","protected":false},"excerpt":{"rendered":"Presta Shop Znak Wodny \u2013 Profesjonalna ochrona zdj\u0119\u0107 produkt\u00f3w z systemem kopii zapasowych Chro\u0144 swoje zdj\u0119cia produkt\u00f3w przed kradzie\u017c\u0105 i nieautoryzowanym u\u017cyciem! CC Presta Shop Znak Wodny to zaawansowany modu\u0142,","protected":false},"featured_media":4991,"comment_status":"open","ping_status":"closed","template":"","meta":{"powered_cache_disable_cache":false,"powered_cache_disable_css_optimization":false,"powered_cache_disable_js_optimization":false},"product_brand":[275],"product_cat":[128,131],"product_tag":[273,244,279,278],"class_list":{"0":"post-4985","1":"product","2":"type-product","3":"status-publish","4":"has-post-thumbnail","6":"product_brand-cocos","7":"product_cat-moduly","8":"product_cat-prestashop","9":"product_tag-modul-prestashop","10":"product_tag-prestashop","11":"product_tag-zabezpieczenie-zdjec","12":"product_tag-znak-wodny","14":"first","15":"instock","16":"downloadable","17":"virtual","18":"taxable","19":"purchasable","20":"product-type-simple"},"_links":{"self":[{"href":"https:\/\/cocos.codes\/es\/wp-json\/wp\/v2\/product\/4985","targetHints":{"allow":["GET"]}}],"collection":[{"href":"https:\/\/cocos.codes\/es\/wp-json\/wp\/v2\/product"}],"about":[{"href":"https:\/\/cocos.codes\/es\/wp-json\/wp\/v2\/types\/product"}],"replies":[{"embeddable":true,"href":"https:\/\/cocos.codes\/es\/wp-json\/wp\/v2\/comments?post=4985"}],"version-history":[{"count":1,"href":"https:\/\/cocos.codes\/es\/wp-json\/wp\/v2\/product\/4985\/revisions"}],"predecessor-version":[{"id":6269,"href":"https:\/\/cocos.codes\/es\/wp-json\/wp\/v2\/product\/4985\/revisions\/6269"}],"wp:featuredmedia":[{"embeddable":true,"href":"https:\/\/cocos.codes\/es\/wp-json\/wp\/v2\/media\/4991"}],"wp:attachment":[{"href":"https:\/\/cocos.codes\/es\/wp-json\/wp\/v2\/media?parent=4985"}],"wp:term":[{"taxonomy":"product_brand","embeddable":true,"href":"https:\/\/cocos.codes\/es\/wp-json\/wp\/v2\/product_brand?post=4985"},{"taxonomy":"product_cat","embeddable":true,"href":"https:\/\/cocos.codes\/es\/wp-json\/wp\/v2\/product_cat?post=4985"},{"taxonomy":"product_tag","embeddable":true,"href":"https:\/\/cocos.codes\/es\/wp-json\/wp\/v2\/product_tag?post=4985"}],"curies":[{"name":"wp","href":"https:\/\/api.w.org\/{rel}","templated":true}]}}