{"id":3980,"date":"2025-05-28T10:57:27","date_gmt":"2025-05-28T08:57:27","guid":{"rendered":"https:\/\/cocos.codes\/?post_type=product&#038;p=3980"},"modified":"2025-12-12T00:19:43","modified_gmt":"2025-12-11T23:19:43","slug":"banner-prestashop","status":"publish","type":"product","link":"https:\/\/cocos.codes\/es\/produkt\/prestashop-banner\/","title":{"rendered":"PrestaShop Banner 1.0.1"},"content":{"rendered":"<div data-elementor-type=\"wp-post\" data-elementor-id=\"3980\" class=\"elementor elementor-3980\">\n\t\t\t\t<div class=\"elementor-element elementor-element-678509c e-flex e-con-boxed e-con e-parent\" data-id=\"678509c\" data-element_type=\"container\" data-e-type=\"container\">\n\t\t\t\t\t<div class=\"e-con-inner\">\n\t\t\t\t<div class=\"elementor-element elementor-element-f528573 elementor-widget elementor-widget-text-editor\" data-id=\"f528573\" data-element_type=\"widget\" data-e-type=\"widget\" data-widget_type=\"text-editor.default\">\n\t\t\t\t\t\t\t\t\t<h6>PrestaShop Banner: banners modernos que venden<\/h6>Aumente la eficacia de las promociones de su tienda con llamativos banners. <strong>CC <a href=\"https:\/\/prestashop.com\/\" title=\"PrestaShop\" target=\"_blank\" rel=\"noopener\">PrestaShop<\/a> Banner<\/strong> es un m\u00f3dulo intuitivo que le permite crear atractivos banners con animaciones, fondos de v\u00eddeo y plantillas ya preparadas, sin necesidad de codificaci\u00f3n. Adapta f\u00e1cilmente el aspecto a tu tienda, atrae la atenci\u00f3n de los clientes y mejora los resultados de ventas.\t\t\t\t\t\t\t\t<\/div>\n\t\t\t\t<div class=\"elementor-element elementor-element-15118ad elementor-widget elementor-widget-spacer\" data-id=\"15118ad\" data-element_type=\"widget\" data-e-type=\"widget\" data-widget_type=\"spacer.default\">\n\t\t\t\t\t\t\t<div class=\"elementor-spacer\">\n\t\t\t<div class=\"elementor-spacer-inner\"><\/div>\n\t\t<\/div>\n\t\t\t\t\t\t<\/div>\n\t\t\t\t\t<\/div>\n\t\t\t\t<\/div>\n\t\t<div class=\"elementor-element elementor-element-b97cfd6 e-grid e-con-boxed e-con e-parent\" data-id=\"b97cfd6\" data-element_type=\"container\" data-e-type=\"container\">\n\t\t\t\t\t<div class=\"e-con-inner\">\n\t\t\t\t<div class=\"elementor-element elementor-element-f862ee6 elementor-widget elementor-widget-pls-button\" data-id=\"f862ee6\" data-element_type=\"widget\" data-e-type=\"widget\" data-widget_type=\"pls-button.default\">\n\t\t\t\t<div class=\"elementor-widget-container\">\n\t\t\t\t\t<div id=\"pls-button-41292\" class=\"pls-element pls-button\">\n\t<a class=\"button btn-style-flat\" href=\"https:\/\/cocos.codes\/es\/base-de-conocimientos\/prestashop\/documentacion-de-prestashop\/banner-prestashop\/\" title=\"DOCUMENTACI\u00d3N\" target=\"_blank\">\n\t\tDOCUMENTACI\u00d3N\t<\/a>\n<\/div>\n\t\t\t\t<\/div>\n\t\t\t\t<\/div>\n\t\t\t\t<div class=\"elementor-element elementor-element-a19f8db elementor-widget elementor-widget-pls-button\" data-id=\"a19f8db\" data-element_type=\"widget\" data-e-type=\"widget\" data-widget_type=\"pls-button.default\">\n\t\t\t\t<div class=\"elementor-widget-container\">\n\t\t\t\t\t<div id=\"pls-button-79099\" class=\"pls-element pls-button\">\n\t<a class=\"button btn-style-flat\" href=\"https:\/\/demo.cocos.codes\/cc_ps_banner\/\" title=\"DEMO\" target=\"_blank\">\n\t\tDEMO\t<\/a>\n<\/div>\n\t\t\t\t<\/div>\n\t\t\t\t<\/div>\n\t\t\t\t\t<\/div>\n\t\t\t\t<\/div>\n\t\t<div class=\"elementor-element elementor-element-13247fd5 e-flex e-con-boxed e-con e-parent\" data-id=\"13247fd5\" data-element_type=\"container\" data-e-type=\"container\">\n\t\t\t\t\t<div class=\"e-con-inner\">\n\t\t\t\t<div class=\"elementor-element elementor-element-13f6c56 elementor-widget elementor-widget-spacer\" data-id=\"13f6c56\" data-element_type=\"widget\" data-e-type=\"widget\" data-widget_type=\"spacer.default\">\n\t\t\t\t\t\t\t<div class=\"elementor-spacer\">\n\t\t\t<div class=\"elementor-spacer-inner\"><\/div>\n\t\t<\/div>\n\t\t\t\t\t\t<\/div>\n\t\t\t\t<div class=\"elementor-element elementor-element-7462de8 elementor-widget elementor-widget-text-editor\" data-id=\"7462de8\" data-element_type=\"widget\" data-e-type=\"widget\" data-widget_type=\"text-editor.default\">\n\t\t\t\t\t\t\t\t\t<h6>Amplio conjunto de herramientas y opciones<\/h6><strong>\ud83c\udfac Opciones avanzadas de fondo<br \/>\u2705<\/strong>V\u00eddeo de fondo: YouTube, Vimeo o su propio archivo MP4<br \/>\u2705 Fotos - posibilidad de subir tus propias im\u00e1genes en alta calidad.<br \/>\u2705 Color: paleta de colores completa compatible con transparencias.<br \/>\u2705 Reproducci\u00f3n autom\u00e1tica - configuraci\u00f3n de la reproducci\u00f3n de v\u00eddeo<br \/>\u2705 Controles de v\u00eddeo: botones de control personalizados<br \/><br \/><strong>\ud83c\udfa8 Plantillas de contenido listas para usar<br \/>\u2705 <\/strong>9 preajustes profesionales: dise\u00f1os listos para su uso inmediato<br \/>\u2705 T\u00edtulos centrales: titulares llamativos.<br \/>\u2705 Disposici\u00f3n en columnas: distribuci\u00f3n flexible del contenido<br \/>Botones CTA: botones de llamada a la acci\u00f3n totalmente personalizables.<br \/>\u2705 Personalizaci\u00f3n en color: a juego con la identidad corporativa de la tienda.<br \/><br \/><strong>\u2728 Efectos visuales y animaci\u00f3n<br \/>\u2705 <\/strong>Superposici\u00f3n de colores y gr\u00e1ficos: aumenta la legibilidad del texto<br \/>\u2705 Animaciones de entrada: apariencia suave, efectos de desplazamiento y escala.<br \/>\u2705 Esquinas redondeadas: dise\u00f1o moderno para pancartas<br \/>\u2705 Ajuste de transparencia: control total de las capas<br \/>\u2705 CSS personalizado: posibilidad de a\u00f1adir estilos personalizados.<br \/><br \/><strong>\u2699\ufe0f Configuraci\u00f3n flexible<br \/><\/strong>\u2705 Elecci\u00f3n del lugar de visualizaci\u00f3n: m\u00e1s de 25 ganchos PrestaShop diferentes.<br \/>\u2705 Horario de visualizaci\u00f3n: activaci\u00f3n y desactivaci\u00f3n autom\u00e1ticas.<br \/>\u2705 Capacidad de respuesta: se adapta perfectamente a cualquier dispositivo.<br \/>\u2705 Gesti\u00f3n de la posici\u00f3n: control del orden de visualizaci\u00f3n de varios banners.<br \/>\u2705 Multiling\u00fcismo: compatibilidad con todos los idiomas de la tienda.<br \/><br \/><strong>Caracter\u00edsticas t\u00e9cnicas<br \/>\u2705 <\/strong>Interfaz administrativa intuitiva: gesti\u00f3n sencilla de las pancartas<br \/>\u2705 Sistema de gesti\u00f3n de licencias: activaci\u00f3n y gesti\u00f3n c\u00f3modas<br \/>\u2705 Optimizaci\u00f3n del rendimiento: carga r\u00e1pida a pesar de las funciones avanzadas.<br \/>\u2705 Compatibilidad: funciona con PrestaShop 1.7 y versiones posteriores.<br \/>\u2705 Documentaci\u00f3n: instrucciones detalladas y ejemplos.\t\t\t\t\t\t\t\t<\/div>\n\t\t\t\t<div class=\"elementor-element elementor-element-40d990c elementor-widget elementor-widget-spacer\" data-id=\"40d990c\" data-element_type=\"widget\" data-e-type=\"widget\" data-widget_type=\"spacer.default\">\n\t\t\t\t\t\t\t<div class=\"elementor-spacer\">\n\t\t\t<div class=\"elementor-spacer-inner\"><\/div>\n\t\t<\/div>\n\t\t\t\t\t\t<\/div>\n\t\t\t\t<div class=\"elementor-element elementor-element-eddeaac elementor-widget elementor-widget-text-editor\" data-id=\"eddeaac\" data-element_type=\"widget\" data-e-type=\"widget\" data-widget_type=\"text-editor.default\">\n\t\t\t\t\t\t\t\t\t<h6>Una herramienta, cientos de aplicaciones<\/h6>El m\u00f3dulo CC PrestaShop Banner es perfecto para:<br \/><strong>Campa\u00f1as de promoci\u00f3n<br \/>\u2705 <\/strong>Promociones temporales y ventas de temporada<br \/>\u2705 Ofertas especiales y c\u00f3digos de descuento<br \/>\u2705 Nuevos productos y colecciones<br \/>\u2705 Black Friday y otros eventos de compras<br \/><br \/><strong>Comunicaci\u00f3n con los clientes<br \/>\u2705 <\/strong>Informaci\u00f3n importante sobre la tienda<br \/>\u2705 Horario de trabajo y datos de contacto<br \/>\u2705 Informaci\u00f3n sobre env\u00edos y devoluciones<br \/>\u2705 Garant\u00edas y seguros de seguridad\t\t\t\t\t\t\t\t<\/div>\n\t\t\t\t<div class=\"elementor-element elementor-element-7e87940 elementor-widget elementor-widget-spacer\" data-id=\"7e87940\" data-element_type=\"widget\" data-e-type=\"widget\" data-widget_type=\"spacer.default\">\n\t\t\t\t\t\t\t<div class=\"elementor-spacer\">\n\t\t\t<div class=\"elementor-spacer-inner\"><\/div>\n\t\t<\/div>\n\t\t\t\t\t\t<\/div>\n\t\t\t\t<div class=\"elementor-element elementor-element-b1b21fa elementor-widget elementor-widget-text-editor\" data-id=\"b1b21fa\" data-element_type=\"widget\" data-e-type=\"widget\" data-widget_type=\"text-editor.default\">\n\t\t\t\t\t\t\t\t\t<h6>\ud83d\udcc8 \u00a1Aumenta la conversi\u00f3n!<\/h6><strong>Banners profesionales<\/strong> atraer eficazmente la atenci\u00f3n e incitar a la acci\u00f3n. Gracias a <strong>animaciones<\/strong>, <strong>Botones CTA<\/strong> i <strong>dise\u00f1o moderno<\/strong>aumentar\u00e1 <strong>participaci\u00f3n del cliente<\/strong> y mejorar\u00e1s <strong>resultados de ventas<\/strong>. Opte por banners que realmente <strong>vender<\/strong>!\t\t\t\t\t\t\t\t<\/div>\n\t\t\t\t<div class=\"elementor-element elementor-element-b6fc75f elementor-widget elementor-widget-spacer\" data-id=\"b6fc75f\" data-element_type=\"widget\" data-e-type=\"widget\" data-widget_type=\"spacer.default\">\n\t\t\t\t\t\t\t<div class=\"elementor-spacer\">\n\t\t\t<div class=\"elementor-spacer-inner\"><\/div>\n\t\t<\/div>\n\t\t\t\t\t\t<\/div>\n\t\t\t\t<div class=\"elementor-element elementor-element-b5e9905 elementor-widget elementor-widget-text-editor\" data-id=\"b5e9905\" data-element_type=\"widget\" data-e-type=\"widget\" data-widget_type=\"text-editor.default\">\n\t\t\t\t\t\t\t\t\t<strong>\u00bfPara qui\u00e9n?<br \/><\/strong> <br \/>El m\u00f3dulo es ideal para todos:<br \/>\u2714 <a href=\"https:\/\/cocos.codes\/es\/producto-categoria\/tiendas-individuales\/\" title=\"Tiendas PrestaShop\">Tiendas PrestaShop<\/a> que buscan una soluci\u00f3n profesional para crear banners<br \/>\u2714 Los profesionales del marketing que deseen aumentar la eficacia de las campa\u00f1as promocionales.<br \/>\u2714 Propietarios de tiendas sin conocimientos de HTML\/CSS que deseen crear banners atractivos.<br \/>\u2714 Comercio electr\u00f3nico centrado en un dise\u00f1o moderno y una apariencia llamativa.<br \/>\u2714 Tiendas que organizan promociones peri\u00f3dicas y campa\u00f1as de marketing<br \/>\u2714 Empresas que quieren diferenciarse de la competencia\t\t\t\t\t\t\t\t<\/div>\n\t\t\t\t<div class=\"elementor-element elementor-element-8074c8c elementor-widget elementor-widget-spacer\" data-id=\"8074c8c\" data-element_type=\"widget\" data-e-type=\"widget\" data-widget_type=\"spacer.default\">\n\t\t\t\t\t\t\t<div class=\"elementor-spacer\">\n\t\t\t<div class=\"elementor-spacer-inner\"><\/div>\n\t\t<\/div>\n\t\t\t\t\t\t<\/div>\n\t\t\t\t<div class=\"elementor-element elementor-element-54c98af elementor-widget elementor-widget-text-editor\" data-id=\"54c98af\" data-element_type=\"widget\" data-e-type=\"widget\" data-widget_type=\"text-editor.default\">\n\t\t\t\t\t\t\t\t\t<p><div class=\"pls-block pls-block-3297\">\t\t<div data-elementor-type=\"wp-post\" data-elementor-id=\"3297\" class=\"elementor elementor-3297\">\n\t\t\t\t<div class=\"elementor-element elementor-element-d99440d e-flex e-con-boxed e-con e-parent\" data-id=\"d99440d\" data-element_type=\"container\" data-e-type=\"container\" data-settings=\"{&quot;background_background&quot;:&quot;classic&quot;}\">\n\t\t\t\t\t<div class=\"e-con-inner\">\n\t\t\t\t<div class=\"elementor-element elementor-element-b850409 elementor-widget elementor-widget-text-editor\" data-id=\"b850409\" data-element_type=\"widget\" data-e-type=\"widget\" data-widget_type=\"text-editor.default\">\n\t\t\t\t\t\t\t\t\t<h6><strong>\u00a0Aumente hoy mismo la capacidad de su tienda. <\/strong><strong>\ud83d\ude80<\/strong><\/h6>A\u00f1ada nuevas funciones, mejore la experiencia de usuario y aumente las conversiones con nuestro m\u00f3dulo. F\u00e1cil instalaci\u00f3n, compatibilidad total y actualizaciones peri\u00f3dicas: todo lo que necesitas para que tu tienda funcione a\u00fan mejor.<br \/>\u2705 F\u00e1cil configuraci\u00f3n \u2705 Asistencia profesional \u2705 Integraci\u00f3n perfecta<br \/><br \/><a class=\"button simple\" href=\"#main-content\" title=\"\u00a1Inst\u00e1lalo y empieza a usarlo ya!\">\u00a1Inst\u00e1lalo y empieza a usarlo ya!<\/a>\t\t\t\t\t\t\t\t<\/div>\n\t\t\t\t\t<\/div>\n\t\t\t\t<\/div>\n\t\t\t\t<\/div>\n\t\t<\/div><\/p>\t\t\t\t\t\t\t\t<\/div>\n\t\t\t\t\t<\/div>\n\t\t\t\t<\/div>\n\t\t\t\t<\/div>","protected":false},"excerpt":{"rendered":"Presta Shop Banner \u2013 Nowoczesne banery, kt\u00f3re sprzedaj\u0105Zwi\u0119ksz skuteczno\u015b\u0107 promocji w swoim sklepie dzi\u0119ki efektownym banerom. CC Presta Shop Banner to intuicyjny modu\u0142, kt\u00f3ry pozwala tworzy\u0107 atrakcyjne banery z animacjami,","protected":false},"featured_media":3988,"comment_status":"open","ping_status":"closed","template":"","meta":{"powered_cache_disable_cache":false,"powered_cache_disable_css_optimization":false,"powered_cache_disable_js_optimization":false},"product_brand":[275],"product_cat":[128,131],"product_tag":[253,252,244,254],"class_list":{"0":"post-3980","1":"product","2":"type-product","3":"status-publish","4":"has-post-thumbnail","6":"product_brand-cocos","7":"product_cat-moduly","8":"product_cat-prestashop","9":"product_tag-banner","10":"product_tag-modul","11":"product_tag-prestashop","12":"product_tag-reklama","14":"first","15":"instock","16":"downloadable","17":"virtual","18":"taxable","19":"purchasable","20":"product-type-simple"},"_links":{"self":[{"href":"https:\/\/cocos.codes\/es\/wp-json\/wp\/v2\/product\/3980","targetHints":{"allow":["GET"]}}],"collection":[{"href":"https:\/\/cocos.codes\/es\/wp-json\/wp\/v2\/product"}],"about":[{"href":"https:\/\/cocos.codes\/es\/wp-json\/wp\/v2\/types\/product"}],"replies":[{"embeddable":true,"href":"https:\/\/cocos.codes\/es\/wp-json\/wp\/v2\/comments?post=3980"}],"version-history":[{"count":0,"href":"https:\/\/cocos.codes\/es\/wp-json\/wp\/v2\/product\/3980\/revisions"}],"wp:featuredmedia":[{"embeddable":true,"href":"https:\/\/cocos.codes\/es\/wp-json\/wp\/v2\/media\/3988"}],"wp:attachment":[{"href":"https:\/\/cocos.codes\/es\/wp-json\/wp\/v2\/media?parent=3980"}],"wp:term":[{"taxonomy":"product_brand","embeddable":true,"href":"https:\/\/cocos.codes\/es\/wp-json\/wp\/v2\/product_brand?post=3980"},{"taxonomy":"product_cat","embeddable":true,"href":"https:\/\/cocos.codes\/es\/wp-json\/wp\/v2\/product_cat?post=3980"},{"taxonomy":"product_tag","embeddable":true,"href":"https:\/\/cocos.codes\/es\/wp-json\/wp\/v2\/product_tag?post=3980"}],"curies":[{"name":"wp","href":"https:\/\/api.w.org\/{rel}","templated":true}]}}