{"id":3869,"date":"2025-05-12T10:22:58","date_gmt":"2025-05-12T08:22:58","guid":{"rendered":"https:\/\/cocos.codes\/?post_type=product&#038;p=3869"},"modified":"2026-03-04T22:10:09","modified_gmt":"2026-03-04T21:10:09","slug":"prestashop-cookies-rgo-google-consent-mode","status":"publish","type":"product","link":"https:\/\/cocos.codes\/es\/produkt\/prestashop-cookies-rodo-google-consent-mode\/","title":{"rendered":"PrestaShop Cookies EU (compatible con Google Consent Mode 2.0)"},"content":{"rendered":"<div data-elementor-type=\"wp-post\" data-elementor-id=\"3869\" class=\"elementor elementor-3869\">\n\t\t\t\t<div class=\"elementor-element elementor-element-7cd90aa e-flex e-con-boxed e-con e-parent\" data-id=\"7cd90aa\" data-element_type=\"container\" data-e-type=\"container\">\n\t\t\t\t\t<div class=\"e-con-inner\">\n\t\t\t\t<div class=\"elementor-element elementor-element-f2f9043 elementor-widget elementor-widget-text-editor\" data-id=\"f2f9043\" data-element_type=\"widget\" data-e-type=\"widget\" data-widget_type=\"text-editor.default\">\n\t\t\t\t\t\t\t\t\t<h6><strong>Cookies de PrestaShop: conformidad total con RODO y ePrivacy<br \/><\/strong><\/h6><strong>Cookies de PrestaShop<\/strong> es un m\u00f3dulo esencial para las tiendas preocupadas por el cumplimiento de la normativa. <strong>CC PrestaShop Cookies de la UE<\/strong> permite una gesti\u00f3n profesional del consentimiento de cookies de acuerdo con <a href=\"https:\/\/uodo.gov.pl\/pl\/131\/224\" title=\"RODO\" target=\"_blank\" rel=\"noopener\">RODO<\/a>, <a href=\"https:\/\/digital-strategy.ec.europa.eu\/pl\/policies\/eprivacy-regulation\" title=\"EPrivacidad\" target=\"_blank\" rel=\"noopener\">ePrivacidad<\/a> y <a href=\"https:\/\/support.google.com\/google-ads\/answer\/10000067?hl=en\" title=\"Modo Consentimiento Google 2.0.\" target=\"_blank\" rel=\"noopener\">Modo Consentimiento Google 2.0.<\/a> Garantice la transparencia, fomente la confianza de sus clientes y evite sanciones econ\u00f3micas. Los banners de consentimiento personalizables y est\u00e9ticamente agradables encajar\u00e1n perfectamente en su tienda, aumentando la credibilidad de su negocio.\t\t\t\t\t\t\t\t<\/div>\n\t\t\t\t<div class=\"elementor-element elementor-element-5eeddb5 elementor-widget elementor-widget-spacer\" data-id=\"5eeddb5\" data-element_type=\"widget\" data-e-type=\"widget\" data-widget_type=\"spacer.default\">\n\t\t\t\t\t\t\t<div class=\"elementor-spacer\">\n\t\t\t<div class=\"elementor-spacer-inner\"><\/div>\n\t\t<\/div>\n\t\t\t\t\t\t<\/div>\n\t\t\t\t\t<\/div>\n\t\t\t\t<\/div>\n\t\t<div class=\"elementor-element elementor-element-7111019 e-grid e-con-boxed e-con e-parent\" data-id=\"7111019\" data-element_type=\"container\" data-e-type=\"container\">\n\t\t\t\t\t<div class=\"e-con-inner\">\n\t\t\t\t<div class=\"elementor-element elementor-element-1a1e4af elementor-widget elementor-widget-pls-button\" data-id=\"1a1e4af\" data-element_type=\"widget\" data-e-type=\"widget\" data-widget_type=\"pls-button.default\">\n\t\t\t\t<div class=\"elementor-widget-container\">\n\t\t\t\t\t<div id=\"pls-button-36549\" class=\"pls-element pls-button\">\n\t<a class=\"button btn-style-flat\" href=\"https:\/\/cocos.codes\/es\/base-de-conocimientos\/prestashop\/documentacion-de-prestashop\/prestashop-eu-cookies-compatible-con-google-consent-modo-2-0\/\" title=\"DOCUMENTACI\u00d3N\" target=\"_blank\">\n\t\tDOCUMENTACI\u00d3N\t<\/a>\n<\/div>\n\t\t\t\t<\/div>\n\t\t\t\t<\/div>\n\t\t\t\t<div class=\"elementor-element elementor-element-e0ee223 elementor-widget elementor-widget-pls-button\" data-id=\"e0ee223\" data-element_type=\"widget\" data-e-type=\"widget\" data-widget_type=\"pls-button.default\">\n\t\t\t\t<div class=\"elementor-widget-container\">\n\t\t\t\t\t<div id=\"pls-button-52326\" class=\"pls-element pls-button\">\n\t<a class=\"button btn-style-flat\" href=\"https:\/\/demo.cocos.codes\/cc_ps_cookies\/\" title=\"DEMO\" target=\"_blank\">\n\t\tDEMO\t<\/a>\n<\/div>\n\t\t\t\t<\/div>\n\t\t\t\t<\/div>\n\t\t\t\t\t<\/div>\n\t\t\t\t<\/div>\n\t\t<div class=\"elementor-element elementor-element-df32d8d e-flex e-con-boxed e-con e-parent\" data-id=\"df32d8d\" data-element_type=\"container\" data-e-type=\"container\">\n\t\t\t\t\t<div class=\"e-con-inner\">\n\t\t\t\t<div class=\"elementor-element elementor-element-23455a1 elementor-widget elementor-widget-spacer\" data-id=\"23455a1\" data-element_type=\"widget\" data-e-type=\"widget\" data-widget_type=\"spacer.default\">\n\t\t\t\t\t\t\t<div class=\"elementor-spacer\">\n\t\t\t<div class=\"elementor-spacer-inner\"><\/div>\n\t\t<\/div>\n\t\t\t\t\t\t<\/div>\n\t\t\t\t<div class=\"elementor-element elementor-element-0c4a7d6 elementor-widget elementor-widget-text-editor\" data-id=\"0c4a7d6\" data-element_type=\"widget\" data-e-type=\"widget\" data-widget_type=\"text-editor.default\">\n\t\t\t\t\t\t\t\t\t<h6>Amplias opciones de configuraci\u00f3n<\/h6>\ud83d\udee1\ufe0f <strong>Pleno cumplimiento de la normativa<\/strong> <br \/>\u2705 Cumplimiento de RODO y ePrivacy: cumple la normativa europea sobre privacidad. <br \/>\u2705 Integraci\u00f3n con Google Consent Mode 2.0: transmite las preferencias del usuario a Google Analytics y Google Ads. <br \/>\u2705 Bloqueo de cookies: bloqueo autom\u00e1tico de cookies sin el consentimiento del usuario. <br \/>\u2705 Multiling\u00fcismo: compatibilidad total con todos los idiomas de la tienda.<br \/><br \/>\ud83d\udcca <strong>Gesti\u00f3n avanzada de cookies<\/strong> <br \/>\u2705 Detecci\u00f3n autom\u00e1tica - detecci\u00f3n de cookies utilizadas en la tienda. <br \/>\u2705 Agrupaci\u00f3n de cookies: organizaci\u00f3n de las cookies en categor\u00edas (esenciales, funcionales, anal\u00edticas, de marketing).<br \/>\u2705 Agrupaci\u00f3n autom\u00e1tica de tipos de cookies comunes.<br \/>\u2705 Edici\u00f3n y bloqueo: control total sobre cada cookie. <br \/>\u2705 Seguimiento del consentimiento: registro de las preferencias del usuario <br \/><br \/>\ud83c\udfa8 <strong>Personalizaci\u00f3n de la apariencia<\/strong> <br \/>\u2705 Varios estilos de banner - elige entre: barra, ventana, nube <br \/>\u2705 Posiciones configurables: ajustes horizontales y verticales para un ajuste perfecto. <br \/>Personalizaci\u00f3n de colores: control total sobre los colores de los banners y los botones. <br \/>\u2705 Minibanner: elegante bot\u00f3n para volver a abrir la configuraci\u00f3n.<br \/>Editor visual<br \/><br \/>\u2699\ufe0f <strong>Opciones de configuraci\u00f3n flexibles<\/strong> <br \/>\u2705 Ajustes por defecto: configuraci\u00f3n de los valores por defecto de los banners. <br \/>\u2705 API para plantillas - comprobaci\u00f3n de los consentimientos de los usuarios en las plantillas Smarty. <br \/>\u2705 Enganche al bot\u00f3n de preferencias: colocaci\u00f3n del bot\u00f3n de gesti\u00f3n del consentimiento en cualquier lugar. <br \/>\u2705 CSS personalizado: control total sobre la apariencia del banner. <br \/><br \/>\ud83d\udd27 <strong>Caracter\u00edsticas t\u00e9cnicas<\/strong> <br \/>\u2705 Sistema de gesti\u00f3n de licencias: activaci\u00f3n y gesti\u00f3n de licencias c\u00f3modas. <br \/>\u2705 Soporte para la revisi\u00f3n de consentimientos - forzar la redistribuci\u00f3n del banner despu\u00e9s de los cambios.<br \/>\u2705 Detecci\u00f3n de bots - posibilidad de ocultar el banner a los robots. <br \/>\u2705 Comprobaci\u00f3n de integridad: protecci\u00f3n contra modificaciones no autorizadas.\t\t\t\t\t\t\t\t<\/div>\n\t\t\t\t<div class=\"elementor-element elementor-element-b1a633a elementor-widget elementor-widget-spacer\" data-id=\"b1a633a\" data-element_type=\"widget\" data-e-type=\"widget\" data-widget_type=\"spacer.default\">\n\t\t\t\t\t\t\t<div class=\"elementor-spacer\">\n\t\t\t<div class=\"elementor-spacer-inner\"><\/div>\n\t\t<\/div>\n\t\t\t\t\t\t<\/div>\n\t\t\t\t<div class=\"elementor-element elementor-element-ff54c30 elementor-widget elementor-widget-text-editor\" data-id=\"ff54c30\" data-element_type=\"widget\" data-e-type=\"widget\" data-widget_type=\"text-editor.default\">\n\t\t\t\t\t\t\t\t\t<h6>Funciones del Modo Consentimiento de Google<\/h6>El m\u00f3dulo proporciona una integraci\u00f3n completa con Google Consent Mode 2.0, permitiendo:<br \/><strong>Configuraci\u00f3n avanzada del consentimiento<\/strong> <br \/>\u2705 Asignaci\u00f3n de grupos de cookies: asignaci\u00f3n de categor\u00edas del Modo Consentimiento de Google a grupos de cookies. <br \/>\u2705 URL Passthrough - transferencia de par\u00e1metros de campa\u00f1a a pesar de la falta de consentimiento. <br \/>\u2705 Redacci\u00f3n de datos publicitarios: supresi\u00f3n de la informaci\u00f3n de las conversiones cuando no hay consentimiento. <br \/>\u2705 Configuraci\u00f3n de los retrasos - ajustes del tiempo de espera seg\u00fan las preferencias del usuario. <br \/><br \/><strong>Tratamiento de los tipos de consentimiento<\/strong> <br \/>\u2705 ad_storage - consentimiento para almacenar datos publicitarios. <br \/>\u2705 ad_user_data - consentimiento para utilizar los datos del usuario con fines publicitarios. <br \/>\u2705 ad_personalization - consentimiento para la personalizaci\u00f3n de anuncios <br \/>\u2705 analytics_storage - consentimiento para almacenar datos anal\u00edticos. <br \/>\u2705 functionality_storage - consentimiento para el almacenamiento de datos funcionales. <br \/>\u2705 personalization_storage - consentimiento para almacenar datos de personalizaci\u00f3n.<br \/>\u2705 security_storage - consentimiento para almacenar datos de seguridad.\t\t\t\t\t\t\t\t<\/div>\n\t\t\t\t<div class=\"elementor-element elementor-element-0352820 elementor-widget elementor-widget-spacer\" data-id=\"0352820\" data-element_type=\"widget\" data-e-type=\"widget\" data-widget_type=\"spacer.default\">\n\t\t\t\t\t\t\t<div class=\"elementor-spacer\">\n\t\t\t<div class=\"elementor-spacer-inner\"><\/div>\n\t\t<\/div>\n\t\t\t\t\t\t<\/div>\n\t\t\t\t<div class=\"elementor-element elementor-element-9959b1d elementor-widget elementor-widget-text-editor\" data-id=\"9959b1d\" data-element_type=\"widget\" data-e-type=\"widget\" data-widget_type=\"text-editor.default\">\n\t\t\t\t\t\t\t\t\t<h6>\u00a1\ud83d\udcc8 Garantice la seguridad de los datos de sus clientes y evite sanciones por incumplimiento con RODO!<\/h6><strong>Incumplimiento de las normativas RODO y ePrivacy<\/strong> puede dar lugar a <strong>sanciones econ\u00f3micas<\/strong> llegando a <strong>millones de euros<\/strong>. Gracias a <strong>CC PrestaShop Cookies de la UE<\/strong> puede en <strong>simple<\/strong> manera de adaptar la tienda a <strong>requisitos legales<\/strong>garantizar la transparencia en el uso de los datos y construir <strong>confianza del cliente<\/strong>. Gestione todo desde el panel de administraci\u00f3n de PrestaShop, desde el <strong>intuitivo<\/strong> interfaz y <strong>amplia<\/strong> opciones de configuraci\u00f3n.\t\t\t\t\t\t\t\t<\/div>\n\t\t\t\t<div class=\"elementor-element elementor-element-0e1fe27 elementor-widget elementor-widget-spacer\" data-id=\"0e1fe27\" data-element_type=\"widget\" data-e-type=\"widget\" data-widget_type=\"spacer.default\">\n\t\t\t\t\t\t\t<div class=\"elementor-spacer\">\n\t\t\t<div class=\"elementor-spacer-inner\"><\/div>\n\t\t<\/div>\n\t\t\t\t\t\t<\/div>\n\t\t\t\t<div class=\"elementor-element elementor-element-cb53677 elementor-widget elementor-widget-text-editor\" data-id=\"cb53677\" data-element_type=\"widget\" data-e-type=\"widget\" data-widget_type=\"text-editor.default\">\n\t\t\t\t\t\t\t\t\t<strong>\u00bfPara qui\u00e9n?<\/strong> <br \/>El plugin es ideal para todo el mundo: <br \/>\u2714 Tiendas PrestaShop que necesitan cumplir las normativas RODO y ePrivacy. <br \/>Comercio electr\u00f3nico mediante Google Analytics y Google Ads <br \/>\u2714 Empresas que se preocupan por la privacidad de los clientes y la transparencia en el uso de los datos. <br \/>\u2714 Tiendas que quieren aumentar la confianza de sus clientes con banners de consentimiento profesionales. <br \/>\u2714 Administradores que buscan una soluci\u00f3n flexible y f\u00e1cilmente configurable. <br \/>\u2714 Desarrolladores que necesiten una API avanzada para integrarse con plantillas personalizadas.\t\t\t\t\t\t\t\t<\/div>\n\t\t\t\t<div class=\"elementor-element elementor-element-1d24aa4 elementor-widget elementor-widget-spacer\" data-id=\"1d24aa4\" data-element_type=\"widget\" data-e-type=\"widget\" data-widget_type=\"spacer.default\">\n\t\t\t\t\t\t\t<div class=\"elementor-spacer\">\n\t\t\t<div class=\"elementor-spacer-inner\"><\/div>\n\t\t<\/div>\n\t\t\t\t\t\t<\/div>\n\t\t\t\t<div class=\"elementor-element elementor-element-db90fe6 elementor-widget elementor-widget-text-editor\" data-id=\"db90fe6\" data-element_type=\"widget\" data-e-type=\"widget\" data-widget_type=\"text-editor.default\">\n\t\t\t\t\t\t\t\t\t<p><div class=\"pls-block pls-block-3297\">\t\t<div data-elementor-type=\"wp-post\" data-elementor-id=\"3297\" class=\"elementor elementor-3297\">\n\t\t\t\t<div class=\"elementor-element elementor-element-d99440d e-flex e-con-boxed e-con e-parent\" data-id=\"d99440d\" data-element_type=\"container\" data-e-type=\"container\" data-settings=\"{&quot;background_background&quot;:&quot;classic&quot;}\">\n\t\t\t\t\t<div class=\"e-con-inner\">\n\t\t\t\t<div class=\"elementor-element elementor-element-b850409 elementor-widget elementor-widget-text-editor\" data-id=\"b850409\" data-element_type=\"widget\" data-e-type=\"widget\" data-widget_type=\"text-editor.default\">\n\t\t\t\t\t\t\t\t\t<h6><strong>\u00a0Aumente hoy mismo la capacidad de su tienda. <\/strong><strong>\ud83d\ude80<\/strong><\/h6>A\u00f1ada nuevas funciones, mejore la experiencia de usuario y aumente las conversiones con nuestro m\u00f3dulo. F\u00e1cil instalaci\u00f3n, compatibilidad total y actualizaciones peri\u00f3dicas: todo lo que necesitas para que tu tienda funcione a\u00fan mejor.<br \/>\u2705 F\u00e1cil configuraci\u00f3n \u2705 Asistencia profesional \u2705 Integraci\u00f3n perfecta<br \/><br \/><a class=\"button simple\" href=\"#main-content\" title=\"\u00a1Inst\u00e1lalo y empieza a usarlo ya!\">\u00a1Inst\u00e1lalo y empieza a usarlo ya!<\/a>\t\t\t\t\t\t\t\t<\/div>\n\t\t\t\t\t<\/div>\n\t\t\t\t<\/div>\n\t\t\t\t<\/div>\n\t\t<\/div><\/p>\t\t\t\t\t\t\t\t<\/div>\n\t\t\t\t\t<\/div>\n\t\t\t\t<\/div>\n\t\t\t\t<\/div>","protected":false},"excerpt":{"rendered":"Presta Shop cookies \u2013 pe\u0142na zgodno\u015b\u0107 z RODO i e Privacy Presta Shop cookies to niezb\u0119dny modu\u0142 dla sklep\u00f3w dbaj\u0105cych o zgodno\u015b\u0107 z przepisami. CC Presta Shop EU Cookies umo\u017cliwia","protected":false},"featured_media":3922,"comment_status":"open","ping_status":"closed","template":"","meta":{"powered_cache_disable_cache":false,"powered_cache_disable_css_optimization":false,"powered_cache_disable_js_optimization":false},"product_brand":[275],"product_cat":[128,131],"product_tag":[245,248,246,244,247],"class_list":{"0":"post-3869","1":"product","2":"type-product","3":"status-publish","4":"has-post-thumbnail","6":"product_brand-cocos","7":"product_cat-moduly","8":"product_cat-prestashop","9":"product_tag-cookie","10":"product_tag-eprivacy","11":"product_tag-google-consent-mode","12":"product_tag-prestashop","13":"product_tag-rodo","15":"first","16":"instock","17":"featured","18":"downloadable","19":"virtual","20":"taxable","21":"purchasable","22":"product-type-simple"},"_links":{"self":[{"href":"https:\/\/cocos.codes\/es\/wp-json\/wp\/v2\/product\/3869","targetHints":{"allow":["GET"]}}],"collection":[{"href":"https:\/\/cocos.codes\/es\/wp-json\/wp\/v2\/product"}],"about":[{"href":"https:\/\/cocos.codes\/es\/wp-json\/wp\/v2\/types\/product"}],"replies":[{"embeddable":true,"href":"https:\/\/cocos.codes\/es\/wp-json\/wp\/v2\/comments?post=3869"}],"version-history":[{"count":0,"href":"https:\/\/cocos.codes\/es\/wp-json\/wp\/v2\/product\/3869\/revisions"}],"wp:featuredmedia":[{"embeddable":true,"href":"https:\/\/cocos.codes\/es\/wp-json\/wp\/v2\/media\/3922"}],"wp:attachment":[{"href":"https:\/\/cocos.codes\/es\/wp-json\/wp\/v2\/media?parent=3869"}],"wp:term":[{"taxonomy":"product_brand","embeddable":true,"href":"https:\/\/cocos.codes\/es\/wp-json\/wp\/v2\/product_brand?post=3869"},{"taxonomy":"product_cat","embeddable":true,"href":"https:\/\/cocos.codes\/es\/wp-json\/wp\/v2\/product_cat?post=3869"},{"taxonomy":"product_tag","embeddable":true,"href":"https:\/\/cocos.codes\/es\/wp-json\/wp\/v2\/product_tag?post=3869"}],"curies":[{"name":"wp","href":"https:\/\/api.w.org\/{rel}","templated":true}]}}