{"id":3682,"date":"2025-04-17T20:04:45","date_gmt":"2025-04-17T18:04:45","guid":{"rendered":"https:\/\/cocos.codes\/?post_type=product&#038;p=3682"},"modified":"2026-03-03T19:28:53","modified_gmt":"2026-03-03T18:28:53","slug":"wordpress-google-merchant-centre","status":"publish","type":"product","link":"https:\/\/cocos.codes\/es\/product\/wordpress-google-merchant-centre\/","title":{"rendered":"WordPress Google Merchant Center 1.0.3"},"content":{"rendered":"<div data-elementor-type=\"wp-post\" data-elementor-id=\"3682\" class=\"elementor elementor-3682\">\n\t\t\t\t<div class=\"elementor-element elementor-element-e799f38 e-flex e-con-boxed e-con e-parent\" data-id=\"e799f38\" data-element_type=\"container\" data-e-type=\"container\">\n\t\t\t\t\t<div class=\"e-con-inner\">\n\t\t\t\t<div class=\"elementor-element elementor-element-959c3f7 elementor-widget elementor-widget-text-editor\" data-id=\"959c3f7\" data-element_type=\"widget\" data-e-type=\"widget\" data-widget_type=\"text-editor.default\">\n\t\t\t\t\t\t\t\t\t<h6>WordPress Google Merchant Center<\/h6><strong>WordPress Google Merchant Center<\/strong> es una herramienta indispensable para las tiendas WooCommerce que quieren promocionar eficazmente los productos en el <a href=\"https:\/\/merchants.google.com\/\" title=\"Google Shopping\" target=\"_blank\" rel=\"noopener\">Google Shopping<\/a>. Enchufe <strong>CC Google Merchant Center<\/strong> automatiza la sincronizaci\u00f3n del cat\u00e1logo con Google, le permite presentar su oferta en el buscador y llegar a millones de clientes. Ofrece generaci\u00f3n autom\u00e1tica de archivos XML, asignaci\u00f3n de categor\u00edas y gesti\u00f3n de campa\u00f1as de productos, lo que garantiza la m\u00e1xima eficacia de sus actividades de Google Shopping.\t\t\t\t\t\t\t\t<\/div>\n\t\t\t\t<div class=\"elementor-element elementor-element-98b7f49 elementor-widget elementor-widget-spacer\" data-id=\"98b7f49\" data-element_type=\"widget\" data-e-type=\"widget\" data-widget_type=\"spacer.default\">\n\t\t\t\t\t\t\t<div class=\"elementor-spacer\">\n\t\t\t<div class=\"elementor-spacer-inner\"><\/div>\n\t\t<\/div>\n\t\t\t\t\t\t<\/div>\n\t\t\t\t\t<\/div>\n\t\t\t\t<\/div>\n\t\t<div class=\"elementor-element elementor-element-97ae8e8 e-grid e-con-boxed e-con e-parent\" data-id=\"97ae8e8\" data-element_type=\"container\" data-e-type=\"container\">\n\t\t\t\t\t<div class=\"e-con-inner\">\n\t\t\t\t<div class=\"elementor-element elementor-element-fbd6b65 elementor-widget elementor-widget-pls-button\" data-id=\"fbd6b65\" data-element_type=\"widget\" data-e-type=\"widget\" data-widget_type=\"pls-button.default\">\n\t\t\t\t<div class=\"elementor-widget-container\">\n\t\t\t\t\t<div id=\"pls-button-50944\" class=\"pls-element pls-button\">\n\t<a class=\"button btn-style-flat\" href=\"https:\/\/cocos.codes\/es\/base-de-conocimientos\/wordpress\/documentacion-2\/centro-comercial-de-google\/\" title=\"DOCUMENTACI\u00d3N\" target=\"_blank\">\n\t\tDOCUMENTACI\u00d3N\t<\/a>\n<\/div>\n\t\t\t\t<\/div>\n\t\t\t\t<\/div>\n\t\t\t\t<div class=\"elementor-element elementor-element-5f71e4f elementor-widget elementor-widget-pls-button\" data-id=\"5f71e4f\" data-element_type=\"widget\" data-e-type=\"widget\" data-widget_type=\"pls-button.default\">\n\t\t\t\t<div class=\"elementor-widget-container\">\n\t\t\t\t\t<div id=\"pls-button-74208\" class=\"pls-element pls-button\">\n\t<a class=\"button btn-style-flat\" href=\"https:\/\/demo.cocos.codes\/cc_google_merchant_center\/\" title=\"DEMO\" target=\"_blank\">\n\t\tDEMO\t<\/a>\n<\/div>\n\t\t\t\t<\/div>\n\t\t\t\t<\/div>\n\t\t\t\t\t<\/div>\n\t\t\t\t<\/div>\n\t\t<div class=\"elementor-element elementor-element-33e2e77 e-flex e-con-boxed e-con e-parent\" data-id=\"33e2e77\" data-element_type=\"container\" data-e-type=\"container\">\n\t\t\t\t\t<div class=\"e-con-inner\">\n\t\t\t\t<div class=\"elementor-element elementor-element-8f9a4f9 elementor-widget elementor-widget-spacer\" data-id=\"8f9a4f9\" data-element_type=\"widget\" data-e-type=\"widget\" data-widget_type=\"spacer.default\">\n\t\t\t\t\t\t\t<div class=\"elementor-spacer\">\n\t\t\t<div class=\"elementor-spacer-inner\"><\/div>\n\t\t<\/div>\n\t\t\t\t\t\t<\/div>\n\t\t\t\t<div class=\"elementor-element elementor-element-b5b83e0 elementor-widget elementor-widget-text-editor\" data-id=\"b5b83e0\" data-element_type=\"widget\" data-e-type=\"widget\" data-widget_type=\"text-editor.default\">\n\t\t\t\t\t\t\t\t\t<h6>Amplias opciones de configuraci\u00f3n<\/h6><p class=\"whitespace-pre-wrap break-words\"><strong>\ud83d\udecd\ufe0f Integraci\u00f3n completa con Google Merchant Center<br \/><\/strong> \u2705 Sincronizaci\u00f3n autom\u00e1tica: actualizaci\u00f3n peri\u00f3dica de la alimentaci\u00f3n de productos sin intervenci\u00f3n manual. <br \/>\u2705 Mapeo de categor\u00edas: asignaci\u00f3n intuitiva de las categor\u00edas de WooCommerce a la taxonom\u00eda oficial de Google. <br \/>\u2705 Formatos XML: generaci\u00f3n de archivos XML compatibles con los requisitos m\u00e1s recientes de Google Merchant Center. <br \/>\u2705 Modo de depuraci\u00f3n: c\u00f3moda integraci\u00f3n de pruebas con mensajes de diagn\u00f3stico.<\/p><p class=\"whitespace-pre-wrap break-words\"><strong>\ud83d\udcca Gesti\u00f3n avanzada de productos<\/strong> <br \/>\u2705 M\u00faltiples canales: cree diferentes feeds para distintas categor\u00edas de productos o mercados objetivo. <br \/>\u2705 Asignaci\u00f3n de campos personalizada: control preciso de los datos enviados a Google. <br \/>\u2705 Identificadores de producto: compatibilidad con GTIN, MPN y Marca exigida por Google. <br \/>\u2705 Atributos ampliados: enriquecimiento de los productos por color, tama\u00f1o, sexo y dimensiones.<\/p><p class=\"whitespace-pre-wrap break-words\"><strong>Automatizaci\u00f3n de procesos<\/strong> <br \/>\u2705 Programas de generaci\u00f3n: actualizaci\u00f3n autom\u00e1tica de la alimentaci\u00f3n a intervalos seleccionados. <br \/>\u2705 Filtros inteligentes: selecci\u00f3n precisa de los productos que se incluir\u00e1n en el canal. <br \/>\u2705 Exclusi\u00f3n de productos: posibilidad de omitir productos o gamas de precios seleccionados. <br \/>\u2705 Gesti\u00f3n de la disponibilidad: actualizaci\u00f3n autom\u00e1tica del estado de disponibilidad de los productos.<\/p><p class=\"whitespace-pre-wrap break-words\"><strong>\u2699\ufe0f Opciones de configuraci\u00f3n flexibles<\/strong> <br \/>\u2705 Asignaci\u00f3n de precios: elecci\u00f3n entre precios brutos y netos para distintos mercados. <br \/>\u2705 Control de medios: especificaci\u00f3n del n\u00famero de im\u00e1genes de productos que se exportar\u00e1n a Google. <br \/>\u2705 Filtrado de precios: cree canales de productos en rangos de precios espec\u00edficos. <br \/>\u2705 Tratamiento de variantes: exportaci\u00f3n de todas las variantes de productos como entradas independientes.<\/p><p class=\"whitespace-pre-wrap break-words\"><strong>Caracter\u00edsticas t\u00e9cnicas<\/strong> <br \/>\u2705 Compatibilidad con HPOS: compatibilidad total con el almacenamiento de pedidos de alto rendimiento de WooCommerce. <br \/>\u2705 Sistema de gesti\u00f3n de licencias: c\u00f3moda activaci\u00f3n y gesti\u00f3n de la licencia en el panel de administraci\u00f3n. <br \/>\u2705 Optimizaci\u00f3n del rendimiento: puesta en cola de eventos para un impacto m\u00ednimo en la velocidad de la p\u00e1gina. <br \/>\u2705 Compatibilidad con diferentes temas - funciona independientemente del tema WooCommerce utilizado. <br \/>\u2705 Actualizaciones peri\u00f3dicas: adaptaci\u00f3n continua a los \u00faltimos requisitos de Google Merchant Center.<\/p>\t\t\t\t\t\t\t\t<\/div>\n\t\t\t\t<div class=\"elementor-element elementor-element-85154fc elementor-widget elementor-widget-spacer\" data-id=\"85154fc\" data-element_type=\"widget\" data-e-type=\"widget\" data-widget_type=\"spacer.default\">\n\t\t\t\t\t\t\t<div class=\"elementor-spacer\">\n\t\t\t<div class=\"elementor-spacer-inner\"><\/div>\n\t\t<\/div>\n\t\t\t\t\t\t<\/div>\n\t\t\t\t<div class=\"elementor-element elementor-element-cef436c elementor-widget elementor-widget-text-editor\" data-id=\"cef436c\" data-element_type=\"widget\" data-e-type=\"widget\" data-widget_type=\"text-editor.default\">\n\t\t\t\t\t\t\t\t\t<h6>Atributos de producto en un archivo XML<\/h6>El complemento genera archivos XML avanzados que contienen todos los atributos necesarios y opcionales requeridos por Google:<br \/><p class=\"whitespace-pre-wrap break-words\"><strong>Atributos b\u00e1sicos (obligatorios)<\/strong><br \/>\u2705 g:id - identificador \u00fanico del producto.<br \/>\u2705 g:title - nombre del producto (hasta 150 caracteres)<br \/>\u2705 g:description - descripci\u00f3n completa del producto (hasta 5000 caracteres).<br \/>\u2705 g:link - URL a la p\u00e1gina del producto<br \/>\u2705 g:image_link - URL a la imagen principal del producto.<br \/>\u2705 g:availability - estado de disponibilidad (en_stock, fuera_de_stock, pedido anticipado).<br \/>\u2705 g:price - precio actual del producto con divisa.<br \/>\u2705 g:google_product_category - categor\u00eda oficial de Google<br \/><br \/><strong>Atributos de identificaci\u00f3n<\/strong><br \/>\u2705 g:marca - marca o fabricante del producto.<br \/>\u2705 g:gtin - Global Trade Unit Number (EAN, UPC, ISBN)<br \/>\u2705 g:mpn - N\u00famero de cat\u00e1logo del fabricante (NCP)<br \/><br \/><strong>Atributos de precio<\/strong><br \/>\u2705 g:sale_price - precio promocional del producto.<br \/>\u2705 g:sale_price_effective_date - fecha de entrada en vigor de la promoci\u00f3n.<br \/><br \/><strong>Atributos adicionales<\/strong><br \/>\u2705 g:additional_image_link - im\u00e1genes adicionales del producto.<br \/>\u2705 g:color - color del producto<br \/>\u2705 g:size - tama\u00f1o del producto<br \/>\u2705 g:gender - sexo de destino (masculino, femenino, unisex)<br \/>\u2705 g:condition - estado del producto (nuevo, reacondicionado, usado).<br \/>\u2705 g:product_type - categor\u00eda de producto de la tienda (hasta 750 caracteres).<br \/>\u2705 g:longitud - longitud del producto con unidad.<br \/>\u2705 g:width - anchura del producto con unidad.<br \/>\u2705 g:altura - altura del producto con unidad.<br \/>\u2705 g:weight - peso del producto con unidad<\/p>\t\t\t\t\t\t\t\t<\/div>\n\t\t\t\t<div class=\"elementor-element elementor-element-b775f8f elementor-widget elementor-widget-spacer\" data-id=\"b775f8f\" data-element_type=\"widget\" data-e-type=\"widget\" data-widget_type=\"spacer.default\">\n\t\t\t\t\t\t\t<div class=\"elementor-spacer\">\n\t\t\t<div class=\"elementor-spacer-inner\"><\/div>\n\t\t<\/div>\n\t\t\t\t\t\t<\/div>\n\t\t\t\t<div class=\"elementor-element elementor-element-5b93729 elementor-widget elementor-widget-text-editor\" data-id=\"5b93729\" data-element_type=\"widget\" data-e-type=\"widget\" data-widget_type=\"text-editor.default\">\n\t\t\t\t\t\t\t\t\t<h6><strong>\ud83d\udcc8 \u00a1Aumenta la visibilidad de tus productos en Google en 200-300%!<\/strong><\/h6>Los estudios demuestran que un canal de productos configurado profesionalmente es un <strong>la clave del \u00e9xito en Google Shopping<\/strong>. Gracias al CC Google Merchant Centre <strong>Sus productos estar\u00e1n visibles en los resultados de b\u00fasqueda de Google<\/strong>y la configuraci\u00f3n precisa de los atributos le permitir\u00e1 <strong>aumentar la eficacia de las campa\u00f1as de Google Shopping y el n\u00famero de conversiones<\/strong>.\t\t\t\t\t\t\t\t<\/div>\n\t\t\t\t<div class=\"elementor-element elementor-element-34851c5 elementor-widget elementor-widget-spacer\" data-id=\"34851c5\" data-element_type=\"widget\" data-e-type=\"widget\" data-widget_type=\"spacer.default\">\n\t\t\t\t\t\t\t<div class=\"elementor-spacer\">\n\t\t\t<div class=\"elementor-spacer-inner\"><\/div>\n\t\t<\/div>\n\t\t\t\t\t\t<\/div>\n\t\t\t\t<div class=\"elementor-element elementor-element-032243e elementor-widget elementor-widget-text-editor\" data-id=\"032243e\" data-element_type=\"widget\" data-e-type=\"widget\" data-widget_type=\"text-editor.default\">\n\t\t\t\t\t\t\t\t\t<p><strong>\u00bfPara qui\u00e9n?<\/strong> <br \/>El plugin es ideal para todo el mundo: <br \/>\u2714 Tiendas WooCommerce que quieran aumentar el alcance y la visibilidad de sus productos en Google. <br \/>\u2714 Propietarios de comercio electr\u00f3nico que invierten en campa\u00f1as de Google Shopping <br \/>Los profesionales del marketing buscan formas eficaces de llegar a nuevos clientes. <br \/>\u2714 Comerciantes que deseen sincronizar autom\u00e1ticamente los datos de los productos con Google. <br \/>\u2714 Empresas que buscan aumentar sus ventas a trav\u00e9s de la exposici\u00f3n a Google Shopping<\/p>\t\t\t\t\t\t\t\t<\/div>\n\t\t\t\t<div class=\"elementor-element elementor-element-815079d elementor-widget elementor-widget-spacer\" data-id=\"815079d\" data-element_type=\"widget\" data-e-type=\"widget\" data-widget_type=\"spacer.default\">\n\t\t\t\t\t\t\t<div class=\"elementor-spacer\">\n\t\t\t<div class=\"elementor-spacer-inner\"><\/div>\n\t\t<\/div>\n\t\t\t\t\t\t<\/div>\n\t\t\t\t<div class=\"elementor-element elementor-element-172bfff elementor-widget elementor-widget-text-editor\" data-id=\"172bfff\" data-element_type=\"widget\" data-e-type=\"widget\" data-widget_type=\"text-editor.default\">\n\t\t\t\t\t\t\t\t\t<p><div class=\"pls-block pls-block-3297\">\t\t<div data-elementor-type=\"wp-post\" data-elementor-id=\"3297\" class=\"elementor elementor-3297\">\n\t\t\t\t<div class=\"elementor-element elementor-element-d99440d e-flex e-con-boxed e-con e-parent\" data-id=\"d99440d\" data-element_type=\"container\" data-e-type=\"container\" data-settings=\"{&quot;background_background&quot;:&quot;classic&quot;}\">\n\t\t\t\t\t<div class=\"e-con-inner\">\n\t\t\t\t<div class=\"elementor-element elementor-element-b850409 elementor-widget elementor-widget-text-editor\" data-id=\"b850409\" data-element_type=\"widget\" data-e-type=\"widget\" data-widget_type=\"text-editor.default\">\n\t\t\t\t\t\t\t\t\t<h6><strong>\u00a0Aumente hoy mismo la capacidad de su tienda. <\/strong><strong>\ud83d\ude80<\/strong><\/h6>A\u00f1ada nuevas funciones, mejore la experiencia de usuario y aumente las conversiones con nuestro m\u00f3dulo. F\u00e1cil instalaci\u00f3n, compatibilidad total y actualizaciones peri\u00f3dicas: todo lo que necesitas para que tu tienda funcione a\u00fan mejor.<br \/>\u2705 F\u00e1cil configuraci\u00f3n \u2705 Asistencia profesional \u2705 Integraci\u00f3n perfecta<br \/><br \/><a class=\"button simple\" href=\"#main-content\" title=\"\u00a1Inst\u00e1lalo y empieza a usarlo ya!\">\u00a1Inst\u00e1lalo y empieza a usarlo ya!<\/a>\t\t\t\t\t\t\t\t<\/div>\n\t\t\t\t\t<\/div>\n\t\t\t\t<\/div>\n\t\t\t\t<\/div>\n\t\t<\/div><\/p>\t\t\t\t\t\t\t\t<\/div>\n\t\t\t\t\t<\/div>\n\t\t\t\t<\/div>\n\t\t\t\t<\/div>","protected":false},"excerpt":{"rendered":"Google Merchant Center de Word Press es una herramienta esencial para las tiendas de Woo Commerce que desean promocionar sus productos de manera efectiva en Google Shopping. El plugin CC Google Merchant Center","protected":false},"featured_media":3814,"comment_status":"open","ping_status":"closed","template":"","meta":{"powered_cache_disable_cache":false,"powered_cache_disable_css_optimization":false,"powered_cache_disable_js_optimization":false},"product_brand":[275],"product_cat":[128,132],"product_tag":[224,199,198,225],"class_list":{"0":"post-3682","1":"product","2":"type-product","3":"status-publish","4":"has-post-thumbnail","6":"product_brand-cocos","7":"product_cat-moduly","8":"product_cat-wordpress","9":"product_tag-google-merchant-center","10":"product_tag-woocommerce","11":"product_tag-wordpress","12":"product_tag-xml","14":"first","15":"instock","16":"downloadable","17":"virtual","18":"taxable","19":"purchasable","20":"product-type-simple"},"_links":{"self":[{"href":"https:\/\/cocos.codes\/es\/wp-json\/wp\/v2\/product\/3682","targetHints":{"allow":["GET"]}}],"collection":[{"href":"https:\/\/cocos.codes\/es\/wp-json\/wp\/v2\/product"}],"about":[{"href":"https:\/\/cocos.codes\/es\/wp-json\/wp\/v2\/types\/product"}],"replies":[{"embeddable":true,"href":"https:\/\/cocos.codes\/es\/wp-json\/wp\/v2\/comments?post=3682"}],"version-history":[{"count":0,"href":"https:\/\/cocos.codes\/es\/wp-json\/wp\/v2\/product\/3682\/revisions"}],"wp:featuredmedia":[{"embeddable":true,"href":"https:\/\/cocos.codes\/es\/wp-json\/wp\/v2\/media\/3814"}],"wp:attachment":[{"href":"https:\/\/cocos.codes\/es\/wp-json\/wp\/v2\/media?parent=3682"}],"wp:term":[{"taxonomy":"product_brand","embeddable":true,"href":"https:\/\/cocos.codes\/es\/wp-json\/wp\/v2\/product_brand?post=3682"},{"taxonomy":"product_cat","embeddable":true,"href":"https:\/\/cocos.codes\/es\/wp-json\/wp\/v2\/product_cat?post=3682"},{"taxonomy":"product_tag","embeddable":true,"href":"https:\/\/cocos.codes\/es\/wp-json\/wp\/v2\/product_tag?post=3682"}],"curies":[{"name":"wp","href":"https:\/\/api.w.org\/{rel}","templated":true}]}}