{"id":3620,"date":"2025-05-03T16:51:59","date_gmt":"2025-05-03T14:51:59","guid":{"rendered":"https:\/\/cocos.codes\/?post_type=product&#038;p=3620"},"modified":"2025-12-11T23:44:31","modified_gmt":"2025-12-11T22:44:31","slug":"integracion-de-wordpress-olx","status":"publish","type":"product","link":"https:\/\/cocos.codes\/es\/produkt\/integracja-wordpress-olx\/","title":{"rendered":"Integraci\u00f3n de WordPress OLX 1.0.0"},"content":{"rendered":"<div data-elementor-type=\"wp-post\" data-elementor-id=\"3620\" class=\"elementor elementor-3620\">\n\t\t\t\t<div class=\"elementor-element elementor-element-8e6e3b0 e-flex e-con-boxed e-con e-parent\" data-id=\"8e6e3b0\" data-element_type=\"container\" data-e-type=\"container\">\n\t\t\t\t\t<div class=\"e-con-inner\">\n\t\t\t\t<div class=\"elementor-element elementor-element-2048faa elementor-widget elementor-widget-text-editor\" data-id=\"2048faa\" data-element_type=\"widget\" data-e-type=\"widget\" data-widget_type=\"text-editor.default\">\n\t\t\t\t\t\t\t\t\t<h6><strong>WordPress OLX integraci\u00f3n WooCommerce - aumentar efectivamente el alcance de su tienda<\/strong><\/h6>Gracias a <strong>WordPress OLX integraci\u00f3n WooCommerce<\/strong> puede mostrar f\u00e1cil y autom\u00e1ticamente productos de WooCommerce en la p\u00e1gina <a href=\"https:\/\/olx.pl\/\" title=\"OLX\" target=\"_blank\" rel=\"noopener\">OLX<\/a>. Enchufe <strong>CC WordPress Integraci\u00f3n OLX<\/strong> te permite administrar tus anuncios directamente desde tu panel de WordPress, eliminando la adici\u00f3n manual de listados. Expande tus ventas llegando a millones de usuarios de OLX y consigue m\u00e1s clientes sin esfuerzo extra. La integraci\u00f3n profesional ahorra tiempo y hace que tu tienda online sea m\u00e1s eficiente.\t\t\t\t\t\t\t\t<\/div>\n\t\t\t\t<div class=\"elementor-element elementor-element-8b82cc1 elementor-widget elementor-widget-spacer\" data-id=\"8b82cc1\" data-element_type=\"widget\" data-e-type=\"widget\" data-widget_type=\"spacer.default\">\n\t\t\t\t\t\t\t<div class=\"elementor-spacer\">\n\t\t\t<div class=\"elementor-spacer-inner\"><\/div>\n\t\t<\/div>\n\t\t\t\t\t\t<\/div>\n\t\t\t\t\t<\/div>\n\t\t\t\t<\/div>\n\t\t<div class=\"elementor-element elementor-element-b5162ed e-grid e-con-boxed e-con e-parent\" data-id=\"b5162ed\" data-element_type=\"container\" data-e-type=\"container\">\n\t\t\t\t\t<div class=\"e-con-inner\">\n\t\t\t\t<div class=\"elementor-element elementor-element-30bc29e elementor-widget elementor-widget-pls-button\" data-id=\"30bc29e\" data-element_type=\"widget\" data-e-type=\"widget\" data-widget_type=\"pls-button.default\">\n\t\t\t\t<div class=\"elementor-widget-container\">\n\t\t\t\t\t<div id=\"pls-button-9237\" class=\"pls-element pls-button\">\n\t<a class=\"button btn-style-flat\" href=\"https:\/\/cocos.codes\/es\/base-de-conocimientos\/wordpress\/documentacion-2\/integracion-de-wordpress-olx\/\" title=\"DOCUMENTACI\u00d3N\" target=\"_blank\">\n\t\tDOCUMENTACI\u00d3N\t<\/a>\n<\/div>\n\t\t\t\t<\/div>\n\t\t\t\t<\/div>\n\t\t\t\t<div class=\"elementor-element elementor-element-7456fec elementor-widget elementor-widget-pls-button\" data-id=\"7456fec\" data-element_type=\"widget\" data-e-type=\"widget\" data-widget_type=\"pls-button.default\">\n\t\t\t\t<div class=\"elementor-widget-container\">\n\t\t\t\t\t<div id=\"pls-button-49945\" class=\"pls-element pls-button\">\n\t<a class=\"button btn-style-flat\" href=\"https:\/\/demo.cocos.codes\/cc_wordpress_olx_integration\/\" title=\"DEMO\" target=\"_blank\">\n\t\tDEMO\t<\/a>\n<\/div>\n\t\t\t\t<\/div>\n\t\t\t\t<\/div>\n\t\t\t\t\t<\/div>\n\t\t\t\t<\/div>\n\t\t<div class=\"elementor-element elementor-element-56e8bc0 e-flex e-con-boxed e-con e-parent\" data-id=\"56e8bc0\" data-element_type=\"container\" data-e-type=\"container\">\n\t\t\t\t\t<div class=\"e-con-inner\">\n\t\t\t\t<div class=\"elementor-element elementor-element-0748917 elementor-widget elementor-widget-spacer\" data-id=\"0748917\" data-element_type=\"widget\" data-e-type=\"widget\" data-widget_type=\"spacer.default\">\n\t\t\t\t\t\t\t<div class=\"elementor-spacer\">\n\t\t\t<div class=\"elementor-spacer-inner\"><\/div>\n\t\t<\/div>\n\t\t\t\t\t\t<\/div>\n\t\t\t\t<div class=\"elementor-element elementor-element-2cf538b elementor-widget elementor-widget-text-editor\" data-id=\"2cf538b\" data-element_type=\"widget\" data-e-type=\"widget\" data-widget_type=\"text-editor.default\">\n\t\t\t\t\t\t\t\t\t<h6>Amplias opciones de configuraci\u00f3n<\/h6>\ud83d\udecd\ufe0f <strong>Integraci\u00f3n completa en la plataforma OLX<br \/><\/strong>\u2705 Panel de gesti\u00f3n de anuncios: c\u00f3moda publicaci\u00f3n y supervisi\u00f3n del estado de los anuncios.<br \/>\u2705 Estad\u00edsticas de anuncios: interfaz clara con an\u00e1lisis de anuncios activos, pendientes e inactivos.<br \/>\u2705 Mapeo de categor\u00edas - asignaci\u00f3n intuitiva de categor\u00edas de WooCommerce a categor\u00edas oficiales de OLX.<br \/>\u2705 Sincronizaci\u00f3n con la API de OLX - integraci\u00f3n completa con la \u00faltima interfaz de desarrollo de OLX.<br \/><br \/>\ud83d\udcca <strong>Gesti\u00f3n avanzada de anuncios<br \/><\/strong>\u2705 Descripciones personalizadas: t\u00edtulos y descripciones personalizables para los anuncios.<br \/>\u2705 Fotos autom\u00e1ticas - uso de la galer\u00eda de productos para anuncios en OLX<br \/>\u2705 Gesti\u00f3n de la localizaci\u00f3n: sincronizaci\u00f3n de las bases de datos de ciudades y distritos para localizar con precisi\u00f3n los anuncios.<br \/>\u2705 Atributos espec\u00edficos de categor\u00eda - soporte para campos adicionales requeridos por OLX<br \/><br \/>\ud83d\udd04 <strong>Automatizaci\u00f3n de procesos<br \/><\/strong>\u2705 Estados de los anuncios - actualizaci\u00f3n autom\u00e1tica de los estados desde la plataforma OLX<br \/>\u2705 Actualizar anuncios: posibilidad de actualizar r\u00e1pidamente los datos de los anuncios.<br \/>\u2705 Panel de productos - integraci\u00f3n con la edici\u00f3n de productos WooCommerce.<br \/>\u2705 Gesti\u00f3n de la disponibilidad: control de las existencias de anuncios<br \/><br \/>\u2699\ufe0f <strong>Opciones de configuraci\u00f3n flexibles<br \/><\/strong>\u2705 Ajustes por defecto: configuraci\u00f3n de los valores por defecto de las notificaciones.<br \/>\u2705 Encabezados y pies de p\u00e1gina: adici\u00f3n autom\u00e1tica de texto a las descripciones de los anuncios.<br \/>\u2705 Opciones de precio: compatibilidad con distintas monedas y opciones \"negociables\".<br \/>\u2705 Datos de contacto: configuraci\u00f3n de los datos de contacto para las notificaciones.<br \/><br \/>\ud83d\udd27 <strong>Caracter\u00edsticas t\u00e9cnicas<br \/><\/strong>\u2705 Compatibilidad con HPOS: compatibilidad total con el almacenamiento de pedidos de alto rendimiento de WooCommerce.<br \/>\u2705 Sistema de gesti\u00f3n de licencias: c\u00f3moda activaci\u00f3n y gesti\u00f3n de la licencia en el panel de administraci\u00f3n.<br \/>\u2705 Optimizaci\u00f3n del rendimiento: almacenamiento local de los datos de localizaci\u00f3n para un funcionamiento m\u00e1s r\u00e1pido.<br \/>\u2705 Compatibilidad con diferentes temas - funciona independientemente del tema WooCommerce utilizado.\t\t\t\t\t\t\t\t<\/div>\n\t\t\t\t<div class=\"elementor-element elementor-element-056dbb4 elementor-widget elementor-widget-spacer\" data-id=\"056dbb4\" data-element_type=\"widget\" data-e-type=\"widget\" data-widget_type=\"spacer.default\">\n\t\t\t\t\t\t\t<div class=\"elementor-spacer\">\n\t\t\t<div class=\"elementor-spacer-inner\"><\/div>\n\t\t<\/div>\n\t\t\t\t\t\t<\/div>\n\t\t\t\t<div class=\"elementor-element elementor-element-55f79df elementor-widget elementor-widget-text-editor\" data-id=\"55f79df\" data-element_type=\"widget\" data-e-type=\"widget\" data-widget_type=\"text-editor.default\">\n\t\t\t\t\t\t\t\t\t<h6>Caracter\u00edsticas de la publicidad en OLX<\/h6>El plug-in soporta todos los elementos publicitarios necesarios requeridos por la plataforma OLX:<br \/><strong>Informaci\u00f3n b\u00e1sica<br \/><\/strong>\u2705 T\u00edtulo del anuncio - t\u00edtulo atractivo de acuerdo con las especificaciones de OLX.<br \/>\u2705 Descripci\u00f3n del anuncio: descripci\u00f3n completa del producto con encabezado y pie de p\u00e1gina opcionales.<br \/>\u2705 Categor\u00eda OLX - selecci\u00f3n precisa de la categor\u00eda final OLX.<br \/>\u2705 Im\u00e1genes de productos: sincronizaci\u00f3n autom\u00e1tica de las im\u00e1genes de la galer\u00eda de productos.<br \/><br \/><strong>Datos de localizaci\u00f3n<br \/><\/strong>\u2705 Ciudad: selecci\u00f3n de la base de datos de ciudades sincronizada.<br \/>\u2705 Distrito: selecci\u00f3n opcional del distrito.<br \/>\u2705 Sincronizaci\u00f3n de localizaci\u00f3n - actualizaci\u00f3n de la base de datos de ciudades y distritos desde el sistema OLX<br \/><br \/><strong>Datos de contacto y anuncios<br \/><\/strong>\u2705 Tipo de cuenta: elecci\u00f3n entre cuenta privada y cuenta de empresa.<br \/>\u2705 Datos de contacto - configuraci\u00f3n de nombre de pila\/nombre de la empresa y n\u00famero de tel\u00e9fono.<br \/>\u2705 Precio: configuraci\u00f3n del valor, la moneda y la opci\u00f3n \"negociable\".<br \/>\u2705 Atributos de categor\u00eda: compatibilidad con campos adicionales necesarios por categor\u00eda.\t\t\t\t\t\t\t\t<\/div>\n\t\t\t\t<div class=\"elementor-element elementor-element-b96d23a elementor-widget elementor-widget-spacer\" data-id=\"b96d23a\" data-element_type=\"widget\" data-e-type=\"widget\" data-widget_type=\"spacer.default\">\n\t\t\t\t\t\t\t<div class=\"elementor-spacer\">\n\t\t\t<div class=\"elementor-spacer-inner\"><\/div>\n\t\t<\/div>\n\t\t\t\t\t\t<\/div>\n\t\t\t\t<div class=\"elementor-element elementor-element-5cd6cee elementor-widget elementor-widget-text-editor\" data-id=\"5cd6cee\" data-element_type=\"widget\" data-e-type=\"widget\" data-widget_type=\"text-editor.default\">\n\t\t\t\t\t\t\t\t\t<h6>\ud83d\udcc8 \u00a1Aumenta el alcance de tus productos y llega a nuevos clientes!<\/h6><strong>La plataforma OLX es uno de los mayores servicios de publicidad<\/strong> en Polonia con <strong>millones<\/strong> usuarios activos al mes. Gracias a <strong>CC WordPress Integraci\u00f3n OLX<\/strong> puedes f\u00e1cilmente <strong>llegar a nuevos clientes, aumentar la visibilidad de sus productos<\/strong> i <strong>automatizar la publicaci\u00f3n de anuncios<\/strong>. Administre todo desde el panel de WordPress con el que est\u00e1 familiarizado, sin tener que iniciar sesi\u00f3n en el sistema OLX.\t\t\t\t\t\t\t\t<\/div>\n\t\t\t\t<div class=\"elementor-element elementor-element-fedf0c9 elementor-widget elementor-widget-spacer\" data-id=\"fedf0c9\" data-element_type=\"widget\" data-e-type=\"widget\" data-widget_type=\"spacer.default\">\n\t\t\t\t\t\t\t<div class=\"elementor-spacer\">\n\t\t\t<div class=\"elementor-spacer-inner\"><\/div>\n\t\t<\/div>\n\t\t\t\t\t\t<\/div>\n\t\t\t\t<div class=\"elementor-element elementor-element-abe0360 elementor-widget elementor-widget-text-editor\" data-id=\"abe0360\" data-element_type=\"widget\" data-e-type=\"widget\" data-widget_type=\"text-editor.default\">\n\t\t\t\t\t\t\t\t\t<strong>\u00bfPara qui\u00e9n?<\/strong> <br \/>El plugin es ideal para todo el mundo:<br \/>\u2714 Tiendas WooCommerce que quieran aumentar su alcance y ventas a trav\u00e9s de OLX.<br \/>\u2714 Vendedores que desean ahorrar tiempo en la publicaci\u00f3n manual de anuncios.<br \/>\u2714 Empresas que necesitan gestionar un gran n\u00famero de anuncios de forma eficiente.<br \/>\u2714 El comercio electr\u00f3nico busca canales de venta adicionales m\u00e1s all\u00e1 de su propia tienda<br \/>\u2714 Empresas que quieren llegar a clientes locales gracias a la precisa geolocalizaci\u00f3n de OLX.\t\t\t\t\t\t\t\t<\/div>\n\t\t\t\t<div class=\"elementor-element elementor-element-75f86c2 elementor-widget elementor-widget-spacer\" data-id=\"75f86c2\" data-element_type=\"widget\" data-e-type=\"widget\" data-widget_type=\"spacer.default\">\n\t\t\t\t\t\t\t<div class=\"elementor-spacer\">\n\t\t\t<div class=\"elementor-spacer-inner\"><\/div>\n\t\t<\/div>\n\t\t\t\t\t\t<\/div>\n\t\t\t\t<div class=\"elementor-element elementor-element-7d8fb47 elementor-widget elementor-widget-text-editor\" data-id=\"7d8fb47\" data-element_type=\"widget\" data-e-type=\"widget\" data-widget_type=\"text-editor.default\">\n\t\t\t\t\t\t\t\t\t<p><div class=\"pls-block pls-block-3297\">\t\t<div data-elementor-type=\"wp-post\" data-elementor-id=\"3297\" class=\"elementor elementor-3297\">\n\t\t\t\t<div class=\"elementor-element elementor-element-d99440d e-flex e-con-boxed e-con e-parent\" data-id=\"d99440d\" data-element_type=\"container\" data-e-type=\"container\" data-settings=\"{&quot;background_background&quot;:&quot;classic&quot;}\">\n\t\t\t\t\t<div class=\"e-con-inner\">\n\t\t\t\t<div class=\"elementor-element elementor-element-b850409 elementor-widget elementor-widget-text-editor\" data-id=\"b850409\" data-element_type=\"widget\" data-e-type=\"widget\" data-widget_type=\"text-editor.default\">\n\t\t\t\t\t\t\t\t\t<h6><strong>\u00a0Aumente hoy mismo la capacidad de su tienda. <\/strong><strong>\ud83d\ude80<\/strong><\/h6>A\u00f1ada nuevas funciones, mejore la experiencia de usuario y aumente las conversiones con nuestro m\u00f3dulo. F\u00e1cil instalaci\u00f3n, compatibilidad total y actualizaciones peri\u00f3dicas: todo lo que necesitas para que tu tienda funcione a\u00fan mejor.<br \/>\u2705 F\u00e1cil configuraci\u00f3n \u2705 Asistencia profesional \u2705 Integraci\u00f3n perfecta<br \/><br \/><a class=\"button simple\" href=\"#main-content\" title=\"\u00a1Inst\u00e1lalo y empieza a usarlo ya!\">\u00a1Inst\u00e1lalo y empieza a usarlo ya!<\/a>\t\t\t\t\t\t\t\t<\/div>\n\t\t\t\t\t<\/div>\n\t\t\t\t<\/div>\n\t\t\t\t<\/div>\n\t\t<\/div><\/p>\t\t\t\t\t\t\t\t<\/div>\n\t\t\t\t\t<\/div>\n\t\t\t\t<\/div>\n\t\t\t\t<\/div>","protected":false},"excerpt":{"rendered":"Word Press OLX integracja Woo Commerce \u2013 skutecznie zwi\u0119ksz zasi\u0119g swojego sklepu Dzi\u0119ki Word Press OLX integracja Woo Commerce mo\u017cesz \u0142atwo i automatycznie wystawia\u0107 produkty z Woo Commerce na OLX.","protected":false},"featured_media":3800,"comment_status":"open","ping_status":"closed","template":"","meta":{"powered_cache_disable_cache":false,"powered_cache_disable_css_optimization":false,"powered_cache_disable_js_optimization":false},"product_brand":[275],"product_cat":[128,132],"product_tag":[228,227,199,198],"class_list":{"0":"post-3620","1":"product","2":"type-product","3":"status-publish","4":"has-post-thumbnail","6":"product_brand-cocos","7":"product_cat-moduly","8":"product_cat-wordpress","9":"product_tag-integracja","10":"product_tag-olx","11":"product_tag-woocommerce","12":"product_tag-wordpress","14":"first","15":"instock","16":"featured","17":"downloadable","18":"virtual","19":"taxable","20":"purchasable","21":"product-type-simple"},"_links":{"self":[{"href":"https:\/\/cocos.codes\/es\/wp-json\/wp\/v2\/product\/3620","targetHints":{"allow":["GET"]}}],"collection":[{"href":"https:\/\/cocos.codes\/es\/wp-json\/wp\/v2\/product"}],"about":[{"href":"https:\/\/cocos.codes\/es\/wp-json\/wp\/v2\/types\/product"}],"replies":[{"embeddable":true,"href":"https:\/\/cocos.codes\/es\/wp-json\/wp\/v2\/comments?post=3620"}],"version-history":[{"count":0,"href":"https:\/\/cocos.codes\/es\/wp-json\/wp\/v2\/product\/3620\/revisions"}],"wp:featuredmedia":[{"embeddable":true,"href":"https:\/\/cocos.codes\/es\/wp-json\/wp\/v2\/media\/3800"}],"wp:attachment":[{"href":"https:\/\/cocos.codes\/es\/wp-json\/wp\/v2\/media?parent=3620"}],"wp:term":[{"taxonomy":"product_brand","embeddable":true,"href":"https:\/\/cocos.codes\/es\/wp-json\/wp\/v2\/product_brand?post=3620"},{"taxonomy":"product_cat","embeddable":true,"href":"https:\/\/cocos.codes\/es\/wp-json\/wp\/v2\/product_cat?post=3620"},{"taxonomy":"product_tag","embeddable":true,"href":"https:\/\/cocos.codes\/es\/wp-json\/wp\/v2\/product_tag?post=3620"}],"curies":[{"name":"wp","href":"https:\/\/api.w.org\/{rel}","templated":true}]}}