{"id":3459,"date":"2025-04-08T10:48:57","date_gmt":"2025-04-08T08:48:57","guid":{"rendered":"https:\/\/cocos.codes\/?post_type=product&#038;p=3459"},"modified":"2026-01-21T17:32:42","modified_gmt":"2026-01-21T16:32:42","slug":"woocommerce-descuentos-avanzados-2","status":"publish","type":"product","link":"https:\/\/cocos.codes\/es\/product\/woocommerce-descuentos-avanzados-2\/","title":{"rendered":"WooCommerce descuentos avanzados 1.0.1"},"content":{"rendered":"<div data-elementor-type=\"wp-post\" data-elementor-id=\"3459\" class=\"elementor elementor-3459\">\n\t\t\t\t<div class=\"elementor-element elementor-element-6637f1e e-flex e-con-boxed e-con e-parent\" data-id=\"6637f1e\" data-element_type=\"container\" data-e-type=\"container\">\n\t\t\t\t\t<div class=\"e-con-inner\">\n\t\t\t\t<div class=\"elementor-element elementor-element-7369965 elementor-widget elementor-widget-text-editor\" data-id=\"7369965\" data-element_type=\"widget\" data-e-type=\"widget\" data-widget_type=\"text-editor.default\">\n\t\t\t\t\t\t\t\t\t<h6><strong>Descuentos avanzados WooCommerce<br \/><\/strong><\/h6><strong><a href=\"https:\/\/woocommerce.com\/\" title=\"WooCommerce\" target=\"_blank\" rel=\"noopener\">WooCommerce<\/a> descuentos<\/strong> es una herramienta eficaz para fidelizar y maximizar el valor de la cesta. <a href=\"https:\/\/cocos.codes\/es\/categoria-de-producto\/modulos\/wordpress\/\" title=\"Complemento de WordPress\">Complemento de WordPress<\/a> <strong>Descuentos CC<\/strong> permite una gesti\u00f3n flexible de las promociones, la creaci\u00f3n de grupos de descuentos personalizados y el seguimiento de la eficacia de los descuentos. Aproveche la programaci\u00f3n de promociones, la activaci\u00f3n autom\u00e1tica de descuentos en fechas seleccionadas y las insignias de descuento inteligentes. Los filtros avanzados de productos y la personalizaci\u00f3n para los clientes seleccionados garantizan la m\u00e1xima eficacia de cada acci\u00f3n promocional.\t\t\t\t\t\t\t\t<\/div>\n\t\t\t\t<div class=\"elementor-element elementor-element-4a660a8 elementor-widget elementor-widget-spacer\" data-id=\"4a660a8\" data-element_type=\"widget\" data-e-type=\"widget\" data-widget_type=\"spacer.default\">\n\t\t\t\t\t\t\t<div class=\"elementor-spacer\">\n\t\t\t<div class=\"elementor-spacer-inner\"><\/div>\n\t\t<\/div>\n\t\t\t\t\t\t<\/div>\n\t\t\t\t\t<\/div>\n\t\t\t\t<\/div>\n\t\t<div class=\"elementor-element elementor-element-c840eb8 e-grid e-con-boxed e-con e-parent\" data-id=\"c840eb8\" data-element_type=\"container\" data-e-type=\"container\">\n\t\t\t\t\t<div class=\"e-con-inner\">\n\t\t\t\t<div class=\"elementor-element elementor-element-b847cfe elementor-widget elementor-widget-pls-button\" data-id=\"b847cfe\" data-element_type=\"widget\" data-e-type=\"widget\" data-widget_type=\"pls-button.default\">\n\t\t\t\t<div class=\"elementor-widget-container\">\n\t\t\t\t\t<div id=\"pls-button-62231\" class=\"pls-element pls-button\">\n\t<a class=\"button btn-style-flat\" href=\"https:\/\/cocos.codes\/es\/base-de-conocimientos\/wordpress\/documentacion-2\/woocommerce-descuentos-avanzados\/\" title=\"DOCUMENTACI\u00d3N\" target=\"_blank\">\n\t\tDOCUMENTACI\u00d3N\t<\/a>\n<\/div>\n\t\t\t\t<\/div>\n\t\t\t\t<\/div>\n\t\t\t\t<div class=\"elementor-element elementor-element-04c09b9 elementor-widget elementor-widget-pls-button\" data-id=\"04c09b9\" data-element_type=\"widget\" data-e-type=\"widget\" data-widget_type=\"pls-button.default\">\n\t\t\t\t<div class=\"elementor-widget-container\">\n\t\t\t\t\t<div id=\"pls-button-71016\" class=\"pls-element pls-button\">\n\t<a class=\"button btn-style-flat\" href=\"https:\/\/demo.cocos.codes\/cc_discounts\/\" title=\"DEMO\" target=\"_blank\">\n\t\tDEMO\t<\/a>\n<\/div>\n\t\t\t\t<\/div>\n\t\t\t\t<\/div>\n\t\t\t\t\t<\/div>\n\t\t\t\t<\/div>\n\t\t<div class=\"elementor-element elementor-element-5fde9ac e-flex e-con-boxed e-con e-parent\" data-id=\"5fde9ac\" data-element_type=\"container\" data-e-type=\"container\">\n\t\t\t\t\t<div class=\"e-con-inner\">\n\t\t\t\t<div class=\"elementor-element elementor-element-983333a elementor-widget elementor-widget-spacer\" data-id=\"983333a\" data-element_type=\"widget\" data-e-type=\"widget\" data-widget_type=\"spacer.default\">\n\t\t\t\t\t\t\t<div class=\"elementor-spacer\">\n\t\t\t<div class=\"elementor-spacer-inner\"><\/div>\n\t\t<\/div>\n\t\t\t\t\t\t<\/div>\n\t\t\t\t<div class=\"elementor-element elementor-element-7184ed9 elementor-widget elementor-widget-text-editor\" data-id=\"7184ed9\" data-element_type=\"widget\" data-e-type=\"widget\" data-widget_type=\"text-editor.default\">\n\t\t\t\t\t\t\t\t\t<h6>Amplias opciones de descuento<\/h6><strong>\ud83d\udcb0 Sistema avanzado de grupos de descuento<\/strong><br \/>\u2705 Descuentos porcentuales y por valor: opciones flexibles que se adaptan a las necesidades de su empresa.<br \/>\u2705 Programaci\u00f3n de promociones: activaci\u00f3n y desactivaci\u00f3n autom\u00e1tica de descuentos en fechas concretas.<br \/>\u2705 Personalizaci\u00f3n de clientes: concesi\u00f3n de descuentos especiales a grupos de clientes seleccionados.<br \/>\u2705 Filtros de productos: posibilidad de limitar los descuentos a determinados productos, categor\u00edas o marcas.<br \/>\u2705 F\u00e1cil gesti\u00f3n: interfaz intuitiva para crear y modificar grupos de descuento.<br \/><br \/><strong>\ud83d\uded2 Descuentos inteligentes en productos<\/strong><br \/>\u2705 Descuentos espec\u00edficos por producto: promociones para art\u00edculos seleccionados de su surtido.<br \/>\u2705 Descuentos por categor\u00eda: descuentos autom\u00e1ticos para todos los productos de las categor\u00edas seleccionadas.<br \/>\u2705 Descuentos de marca: promociones para todos los productos de un fabricante determinado.<br \/>\u2705 Combinaci\u00f3n de condiciones: creaci\u00f3n de normas complejas que vinculan productos, categor\u00edas y marcas.<br \/>\u2705 Insignias de descuento: marcado autom\u00e1tico de productos rebajados con llamativas insignias.<br \/><br \/><strong>\ud83d\udc65 Personalizaci\u00f3n para los clientes<\/strong><br \/>\u2705 Descuentos para clientes seleccionados: ofertas especiales para VIP y clientes habituales.<br \/>\u2705 Buscador de clientes: encuentra y a\u00f1ade f\u00e1cilmente usuarios a grupos de descuento.<br \/>\u2705 Descuentos disponibles para todos - posibilidad de crear promociones abiertas a todos.<br \/>\u2705 Fidelizar: aumentar la satisfacci\u00f3n del cliente mediante ofertas personalizadas.<br \/>\u2705 Incentivos de registro: descuentos especiales para motivar a la gente a crear una cuenta en la tienda.<br \/><br \/><strong>\u23f1\ufe0f Programaci\u00f3n avanzada<\/strong><br \/>\u2705 Fechas exactas: establecer la duraci\u00f3n precisa del descuento.<br \/>\u2705 Horas de promoci\u00f3n: control de la hora de inicio y fin del descuento.<br \/>\u2705 Activaci\u00f3n autom\u00e1tica: los descuentos se activan autom\u00e1ticamente en el momento indicado.<br \/>\u2705 Promociones ilimitadas: posibilidad de crear descuentos sin fecha de finalizaci\u00f3n.<br \/>\u2705 Promociones estacionales: preparaci\u00f3n sencilla de descuentos para periodos concretos del a\u00f1o.<br \/><br \/><strong>\u2699\ufe0f Opciones de configuraci\u00f3n flexibles<\/strong><br \/>\u2705 Personalizaci\u00f3n de la pantalla: opciones para mostrar u ocultar el precio original del producto.<br \/>\u2705 Personalizaci\u00f3n de distintivos de descuento: texto, colores y posicionamiento del distintivo personalizados en los productos.<br \/>\u2705 C\u00e1lculo autom\u00e1tico: activar o desactivar la aplicaci\u00f3n autom\u00e1tica de descuentos.<br \/>\u2705 Valores por defecto: configuraci\u00f3n de los par\u00e1metros por defecto para los nuevos grupos de descuento.<br \/>\u2705 Registro de descuentos: historial detallado de todos los descuentos aplicados.<br \/><br \/><strong>Caracter\u00edsticas t\u00e9cnicas<\/strong><br \/>\u2705 Compatibilidad con WooCommerce - soporte completo para las \u00faltimas versiones.<br \/>\u2705 Sistema de gesti\u00f3n de licencias: c\u00f3moda activaci\u00f3n y gesti\u00f3n de licencias en el panel.<br \/>\u2705 Herramientas de importaci\u00f3n y exportaci\u00f3n: transferencia sencilla de configuraciones entre instalaciones.<br \/>\u2705 Modo de depuraci\u00f3n: opciones avanzadas de diagn\u00f3stico para la soluci\u00f3n de problemas.<br \/>\u2705 Actualizaciones peri\u00f3dicas: adaptaci\u00f3n continua a las \u00faltimas versiones de WooCommerce.\t\t\t\t\t\t\t\t<\/div>\n\t\t\t\t<div class=\"elementor-element elementor-element-ee345ac elementor-widget elementor-widget-spacer\" data-id=\"ee345ac\" data-element_type=\"widget\" data-e-type=\"widget\" data-widget_type=\"spacer.default\">\n\t\t\t\t\t\t\t<div class=\"elementor-spacer\">\n\t\t\t<div class=\"elementor-spacer-inner\"><\/div>\n\t\t<\/div>\n\t\t\t\t\t\t<\/div>\n\t\t\t\t<div class=\"elementor-element elementor-element-d4de078 elementor-widget elementor-widget-text-editor\" data-id=\"d4de078\" data-element_type=\"widget\" data-e-type=\"widget\" data-widget_type=\"text-editor.default\">\n\t\t\t\t\t\t\t\t\t<h6>\ud83d\udcb0 \u00a1Aumente el valor medio de los pedidos hasta un 25-40%!<\/h6>Los estudios demuestran que los descuentos bien dise\u00f1ados son clave para aumentar las conversiones y el valor de la cesta. Gracias a CC Discounts<strong> Sus clientes a\u00f1adir\u00e1n m\u00e1s productos a su cesta<\/strong>y las promociones personalizadas har\u00e1n que el <strong>aumentar\u00e1 la fidelidad de los clientes y la frecuencia de compra.<\/strong>\t\t\t\t\t\t\t\t<\/div>\n\t\t\t\t<div class=\"elementor-element elementor-element-4d6209f elementor-widget elementor-widget-spacer\" data-id=\"4d6209f\" data-element_type=\"widget\" data-e-type=\"widget\" data-widget_type=\"spacer.default\">\n\t\t\t\t\t\t\t<div class=\"elementor-spacer\">\n\t\t\t<div class=\"elementor-spacer-inner\"><\/div>\n\t\t<\/div>\n\t\t\t\t\t\t<\/div>\n\t\t\t\t<div class=\"elementor-element elementor-element-e72fcc9 elementor-widget elementor-widget-text-editor\" data-id=\"e72fcc9\" data-element_type=\"widget\" data-e-type=\"widget\" data-widget_type=\"text-editor.default\">\n\t\t\t\t\t\t\t\t\t<h6>\u00bfPara qui\u00e9n?<\/h6><p>El plugin es ideal para todo el mundo:<br \/>\u2714 Tiendas que quieren aumentar el valor medio de los pedidos<br \/>\u2714 Los propietarios de comercio electr\u00f3nico buscan formas de fidelizar a sus clientes<br \/>\u2714 Tiendas WooCommerce que necesiten un sistema de descuentos flexible.<br \/>\u2714 Los profesionales del marketing que quieran crear campa\u00f1as promocionales avanzadas.<br \/>\u2714 Empresas que buscan formas de aumentar las tasas de conversi\u00f3n y la frecuencia de compra.<\/p>\t\t\t\t\t\t\t\t<\/div>\n\t\t\t\t<div class=\"elementor-element elementor-element-5ae346c elementor-widget elementor-widget-spacer\" data-id=\"5ae346c\" data-element_type=\"widget\" data-e-type=\"widget\" data-widget_type=\"spacer.default\">\n\t\t\t\t\t\t\t<div class=\"elementor-spacer\">\n\t\t\t<div class=\"elementor-spacer-inner\"><\/div>\n\t\t<\/div>\n\t\t\t\t\t\t<\/div>\n\t\t\t\t<div class=\"elementor-element elementor-element-a09f484 elementor-widget elementor-widget-text-editor\" data-id=\"a09f484\" data-element_type=\"widget\" data-e-type=\"widget\" data-widget_type=\"text-editor.default\">\n\t\t\t\t\t\t\t\t\t<p><div class=\"pls-block pls-block-3297\">\t\t<div data-elementor-type=\"wp-post\" data-elementor-id=\"3297\" class=\"elementor elementor-3297\">\n\t\t\t\t<div class=\"elementor-element elementor-element-d99440d e-flex e-con-boxed e-con e-parent\" data-id=\"d99440d\" data-element_type=\"container\" data-e-type=\"container\" data-settings=\"{&quot;background_background&quot;:&quot;classic&quot;}\">\n\t\t\t\t\t<div class=\"e-con-inner\">\n\t\t\t\t<div class=\"elementor-element elementor-element-b850409 elementor-widget elementor-widget-text-editor\" data-id=\"b850409\" data-element_type=\"widget\" data-e-type=\"widget\" data-widget_type=\"text-editor.default\">\n\t\t\t\t\t\t\t\t\t<h6><strong>\u00a0Aumente hoy mismo la capacidad de su tienda. <\/strong><strong>\ud83d\ude80<\/strong><\/h6>A\u00f1ada nuevas funciones, mejore la experiencia de usuario y aumente las conversiones con nuestro m\u00f3dulo. F\u00e1cil instalaci\u00f3n, compatibilidad total y actualizaciones peri\u00f3dicas: todo lo que necesitas para que tu tienda funcione a\u00fan mejor.<br \/>\u2705 F\u00e1cil configuraci\u00f3n \u2705 Asistencia profesional \u2705 Integraci\u00f3n perfecta<br \/><br \/><a class=\"button simple\" href=\"#main-content\" title=\"\u00a1Inst\u00e1lalo y empieza a usarlo ya!\">\u00a1Inst\u00e1lalo y empieza a usarlo ya!<\/a>\t\t\t\t\t\t\t\t<\/div>\n\t\t\t\t\t<\/div>\n\t\t\t\t<\/div>\n\t\t\t\t<\/div>\n\t\t<\/div><\/p>\t\t\t\t\t\t\t\t<\/div>\n\t\t\t\t\t<\/div>\n\t\t\t\t<\/div>\n\t\t\t\t<\/div>","protected":false},"excerpt":{"rendered":"Woo Commerce zaawansowane rabaty Woo Commerce rabaty to skuteczne narz\u0119dzie do budowania lojalno\u015bci i maksymalizacji warto\u015bci koszyka. Wtyczka Word Press CC Discounts umo\u017cliwia elastyczne zarz\u0105dzanie promocjami, tworzenie spersonalizowanych grup rabatowych","protected":false},"featured_media":3808,"comment_status":"open","ping_status":"closed","template":"","meta":{"powered_cache_disable_cache":false,"powered_cache_disable_css_optimization":false,"powered_cache_disable_js_optimization":false},"product_brand":[275],"product_cat":[128,132],"product_tag":[208,199,198],"class_list":{"0":"post-3459","1":"product","2":"type-product","3":"status-publish","4":"has-post-thumbnail","6":"product_brand-cocos","7":"product_cat-moduly","8":"product_cat-wordpress","9":"product_tag-rabaty","10":"product_tag-woocommerce","11":"product_tag-wordpress","13":"first","14":"instock","15":"downloadable","16":"virtual","17":"taxable","18":"purchasable","19":"product-type-simple"},"_links":{"self":[{"href":"https:\/\/cocos.codes\/es\/wp-json\/wp\/v2\/product\/3459","targetHints":{"allow":["GET"]}}],"collection":[{"href":"https:\/\/cocos.codes\/es\/wp-json\/wp\/v2\/product"}],"about":[{"href":"https:\/\/cocos.codes\/es\/wp-json\/wp\/v2\/types\/product"}],"replies":[{"embeddable":true,"href":"https:\/\/cocos.codes\/es\/wp-json\/wp\/v2\/comments?post=3459"}],"version-history":[{"count":0,"href":"https:\/\/cocos.codes\/es\/wp-json\/wp\/v2\/product\/3459\/revisions"}],"wp:featuredmedia":[{"embeddable":true,"href":"https:\/\/cocos.codes\/es\/wp-json\/wp\/v2\/media\/3808"}],"wp:attachment":[{"href":"https:\/\/cocos.codes\/es\/wp-json\/wp\/v2\/media?parent=3459"}],"wp:term":[{"taxonomy":"product_brand","embeddable":true,"href":"https:\/\/cocos.codes\/es\/wp-json\/wp\/v2\/product_brand?post=3459"},{"taxonomy":"product_cat","embeddable":true,"href":"https:\/\/cocos.codes\/es\/wp-json\/wp\/v2\/product_cat?post=3459"},{"taxonomy":"product_tag","embeddable":true,"href":"https:\/\/cocos.codes\/es\/wp-json\/wp\/v2\/product_tag?post=3459"}],"curies":[{"name":"wp","href":"https:\/\/api.w.org\/{rel}","templated":true}]}}