{"id":1770,"date":"2025-02-02T22:26:49","date_gmt":"2025-02-02T21:26:49","guid":{"rendered":"https:\/\/cocos.codes\/?page_id=1770"},"modified":"2025-03-03T17:26:33","modified_gmt":"2025-03-03T16:26:33","slug":"pago-envio-y-devoluciones","status":"publish","type":"page","link":"https:\/\/cocos.codes\/es\/platnosci-wysylka-i-zwroty\/","title":{"rendered":"Pago, env\u00edo y devoluciones"},"content":{"rendered":"<div data-elementor-type=\"wp-page\" data-elementor-id=\"1770\" class=\"elementor elementor-1770\">\n\t\t\t\t<div class=\"elementor-element elementor-element-1a74995 e-flex e-con-boxed e-con e-parent\" data-id=\"1a74995\" data-element_type=\"container\" data-e-type=\"container\">\n\t\t\t\t\t<div class=\"e-con-inner\">\n\t\t\t\t<div class=\"elementor-element elementor-element-3edada7 elementor-widget elementor-widget-text-editor\" data-id=\"3edada7\" data-element_type=\"widget\" data-e-type=\"widget\" data-widget_type=\"text-editor.default\">\n\t\t\t\t\t\t\t\t\t<p><strong>\ud83d\udce6 Pedidos en nuestra tienda<\/strong>\u00a0se realizan de forma sencilla y transparente para que pueda recibir su producto r\u00e1pida y c\u00f3modamente. El proceso de compra est\u00e1 dise\u00f1ado pensando en su comodidad y nuestros m\u00e9todos de pago y entrega son seguros y fiables.<\/p><h6><strong>\ud83d\uded2 \u00bfC\u00f3mo hago un pedido?<\/strong><\/h6><p>Para realizar un pedido, s\u00f3lo tiene que seleccionar el m\u00f3dulo que le interese, a\u00f1adirlo a la cesta y proceder al pago. Ofrecemos varios m\u00e9todos de pago, incluido el r\u00e1pido y seguro <strong>transferencias en l\u00ednea<\/strong>, <strong>pagos con tarjeta<\/strong> (\ud83d\udcb3 Visa, MasterCard) y pagos mediante <strong>Przelewy24<\/strong> i <strong>PayPal<\/strong>. Una vez acreditado el pago, los archivos se\u00a0<strong>\ud83d\udce9 enviado inmediatamente a la direcci\u00f3n de correo electr\u00f3nico que nos has facilitado.<\/strong>. Esto le permite disfrutar de su compra en s\u00f3lo unos minutos despu\u00e9s de realizar el pedido.<\/p><h6><strong>\ud83d\udd12 Seguridad y comodidad<\/strong><\/h6><p>Todas las transacciones en nuestra tienda est\u00e1n encriptadas, lo que garantiza el m\u00e1ximo nivel de seguridad. No tiene que preocuparse por costes ocultos...\u00a0<strong>\ud83d\udcb0 el precio que ves es final y el env\u00edo es siempre gratuito<\/strong>. Adem\u00e1s, al comprar con nosotros, tendr\u00e1 acceso a\u00a0<strong>\ud83c\udd93 actualizaciones gratuitas<\/strong>\u00a0los m\u00f3dulos adquiridos y\u00a0<strong>\ud83d\udee0\ufe0f asistencia t\u00e9cnica profesional<\/strong>que est\u00e1 a su disposici\u00f3n si tiene alguna pregunta o problema.<\/p><h6><strong>\ud83d\udd04 Devoluciones y garant\u00eda<\/strong><\/h6><p>Nos comprometemos a que quede plenamente satisfecho con su compra. En caso de que surja alg\u00fan problema con el funcionamiento del m\u00f3dulo, nuestro equipo t\u00e9cnico har\u00e1 todo lo posible para resolverlo. Si comprueba que el m\u00f3dulo no funciona correctamente y no somos capaces de solucionarlo,\u00a0<strong>\ud83d\udcb8 le reembolsaremos \u00edntegramente<\/strong>. Por ello, puede estar seguro de que su satisfacci\u00f3n es nuestra m\u00e1xima prioridad.<\/p>\t\t\t\t\t\t\t\t<\/div>\n\t\t\t\t\t<\/div>\n\t\t\t\t<\/div>\n\t\t\t\t<\/div>","protected":false},"excerpt":{"rendered":"\ud83d\udce6 Los pedidos en nuestra tienda se tramitan de forma sencilla y transparente para que puedas recibir tu producto de forma r\u00e1pida y c\u00f3moda. El proceso de compra est\u00e1 dise\u00f1ado pensando en tu comodidad, y nuestros","protected":false},"author":1,"featured_media":0,"parent":0,"menu_order":0,"comment_status":"closed","ping_status":"closed","template":"","meta":{"powered_cache_disable_cache":false,"powered_cache_disable_css_optimization":false,"powered_cache_disable_js_optimization":false,"footnotes":""},"class_list":["post-1770","page","type-page","status-publish","hentry"],"_links":{"self":[{"href":"https:\/\/cocos.codes\/es\/wp-json\/wp\/v2\/pages\/1770","targetHints":{"allow":["GET"]}}],"collection":[{"href":"https:\/\/cocos.codes\/es\/wp-json\/wp\/v2\/pages"}],"about":[{"href":"https:\/\/cocos.codes\/es\/wp-json\/wp\/v2\/types\/page"}],"author":[{"embeddable":true,"href":"https:\/\/cocos.codes\/es\/wp-json\/wp\/v2\/users\/1"}],"replies":[{"embeddable":true,"href":"https:\/\/cocos.codes\/es\/wp-json\/wp\/v2\/comments?post=1770"}],"version-history":[{"count":0,"href":"https:\/\/cocos.codes\/es\/wp-json\/wp\/v2\/pages\/1770\/revisions"}],"wp:attachment":[{"href":"https:\/\/cocos.codes\/es\/wp-json\/wp\/v2\/media?parent=1770"}],"curies":[{"name":"wp","href":"https:\/\/api.w.org\/{rel}","templated":true}]}}