{"id":1764,"date":"2025-02-02T22:24:03","date_gmt":"2025-02-02T21:24:03","guid":{"rendered":"https:\/\/cocos.codes\/?page_id=1764"},"modified":"2025-10-15T19:36:22","modified_gmt":"2025-10-15T17:36:22","slug":"base-de-conocimientos","status":"publish","type":"page","link":"https:\/\/cocos.codes\/es\/baza-wiedzy\/","title":{"rendered":"Base de conocimientos"},"content":{"rendered":"<div data-elementor-type=\"wp-page\" data-elementor-id=\"1764\" class=\"elementor elementor-1764\">\n\t\t\t\t<div class=\"elementor-element elementor-element-52eb2e7 e-flex e-con-boxed e-con e-parent\" data-id=\"52eb2e7\" data-element_type=\"container\" data-e-type=\"container\">\n\t\t\t\t\t<div class=\"e-con-inner\">\n\t\t\t\t<div class=\"elementor-element elementor-element-b3d9ecf elementor-widget elementor-widget-text-editor\" data-id=\"b3d9ecf\" data-element_type=\"widget\" data-e-type=\"widget\" data-widget_type=\"text-editor.default\">\n\t\t\t\t\t\t\t\t\t<p>    <div class=\"knowledge-base-container\">\r\n        <ul class=\"knowledge-base-list\"><li class=\"knowledge-base-item\"><h3 class=\"knowledge-base-title\"><a href=\"https:\/\/cocos.codes\/es\/kategoria\/baza-wiedzy\/prestashop\/\" title=\"PrestaShop\">PrestaShop<\/a><\/h3><div class=\"knowledge-base-posts\"><div class=\"knowledge-base-post\"><a href=\"https:\/\/cocos.codes\/es\/archiwa\/prestashop-1-6-i-1-7-blad-xml-w-panelu-admina\/\" title=\"PrestaShop 1.6 y 1.7 \u2013 Error XML en el Panel de Administraci\u00f3n (must_have_modules_list.xml, Modules_native_addons.xml)\">PrestaShop 1.6 y 1.7 \u2013 error XML en el panel de administraci\u00f3n (must_have_modules_list.xml, modules_native_addons.xml)<\/a><\/div><div class=\"knowledge-base-post\"><a href=\"https:\/\/cocos.codes\/es\/archiwa\/szczegolowa-tabela-zmiennych-prestashop-smarty\/\" title=\"Tabla detallada de variables PrestaShop 1.7.x\/8.x\/9.x (Smarty)\">Tabla detallada de las variables de PrestaShop 1.7.x\/8.x\/9.x (Smarty)<\/a><\/div><div class=\"knowledge-base-post\"><a href=\"https:\/\/cocos.codes\/es\/archiwa\/zmienne-smarty-w-prestashop-przewodnik\/\" title=\"Variables Smarty en PrestaShop 1.7\/8.x\/9.x: La Gu\u00eda Completa\">Variables Smarty en PrestaShop 1.7\/8.x\/9.x: La Gu\u00eda Completa<\/a><\/div><div class=\"knowledge-base-post\"><a href=\"https:\/\/cocos.codes\/es\/archiwa\/jak-zainstalowac-modul-prestashop-wordpress\/\" title=\"\u00bfC\u00f3mo instalo un m\u00f3dulo de PrestaShop o WordPress 6.x?\">\u00bfC\u00f3mo instalo un m\u00f3dulo de PrestaShop o WordPress 6.x?<\/a><\/div><\/div><ul class=\"knowledge-base-list\"><li class=\"knowledge-base-item\"><h3 class=\"knowledge-base-title\"><a href=\"https:\/\/cocos.codes\/es\/kategoria\/baza-wiedzy\/prestashop\/dokumentacje-prestashop\/\">Documentaci\u00f3n<\/a><\/h3><div class=\"knowledge-base-posts\"><div class=\"knowledge-base-post\"><a href=\"https:\/\/cocos.codes\/es\/archiwa\/prestashop-google-merchant-feed-xml\/\" title=\"PrestaShop Google Merchant Feed XML 1.0\">PrestaShop Google Merchant Feed XML 1.0<\/a><\/div><div class=\"knowledge-base-post\"><a href=\"https:\/\/cocos.codes\/es\/archiwa\/prestashop-google-tag-manager\/\" title=\"PrestaShop Google Tag Manager 1.0\">PrestaShop Google Tag Manager 1.0<\/a><\/div><div class=\"knowledge-base-post\"><a href=\"https:\/\/cocos.codes\/es\/archiwa\/prestashop-masowa-aktualizacja-produktow\/\" title=\"Actualizaci\u00f3n masiva de productos PrestaShop 1.0\">PrestaShop Actualizaci\u00f3n masiva de productos 1.0<\/a><\/div><div class=\"knowledge-base-post\"><a href=\"https:\/\/cocos.codes\/es\/archiwa\/prestashop-paczkomaty-inpost\/\" title=\"PrestaShop Parcel Post 1.0\">PrestaShop Parcel Post 1.0<\/a><\/div><div class=\"knowledge-base-post\"><a href=\"https:\/\/cocos.codes\/es\/archiwa\/prestashop-kategorie-na-stronie-glownej\/\" title=\"PrestaShop Categor\u00edas en la p\u00e1gina principal 1.0\">PrestaShop Categor\u00edas en la p\u00e1gina principal 1.0<\/a><\/div><div class=\"knowledge-base-post\"><a href=\"https:\/\/cocos.codes\/es\/archiwa\/prestashop-znak-wodny\/\" title=\"PrestaShop Marca de Agua 1.0\">PrestaShop Marca de Agua 1.0<\/a><\/div><div class=\"knowledge-base-post\"><a href=\"https:\/\/cocos.codes\/es\/archiwa\/prestashop-zapytaj-o-produkt\/\" title=\"PrestaShop Pedir Producto 1.0\">Consulta de productos PrestaShop 1.0<\/a><\/div><div class=\"knowledge-base-post\"><a href=\"https:\/\/cocos.codes\/es\/archiwa\/prestashop-masowa-zmiana-cen\/\" title=\"PrestaShop Cambio Masivo de Precios 1.0\">PrestaShop cambio de precio a granel 1.0<\/a><\/div><div class=\"knowledge-base-post\"><a href=\"https:\/\/cocos.codes\/es\/archiwa\/prestashop-banner\/\" title=\"PrestaShop Banner 1.0\">PrestaShop Banner 1.0<\/a><\/div><div class=\"knowledge-base-post\"><a href=\"https:\/\/cocos.codes\/es\/archiwa\/prestashop-cookies-google-consent-mode-2-0\/\" title=\"Cookies PrestaShop (compatible con Google Consent Mode 2.0)\">Cookies PrestaShop (compatible con Google Consent Mode 2.0)<\/a><\/div><\/div><\/li><\/ul><\/li><li class=\"knowledge-base-item\"><h3 class=\"knowledge-base-title\"><a href=\"https:\/\/cocos.codes\/es\/kategoria\/baza-wiedzy\/wordpress\/\" title=\"WordPress\">WordPress<\/a><\/h3><div class=\"knowledge-base-posts\"><div class=\"knowledge-base-post\"><a href=\"https:\/\/cocos.codes\/es\/archiwa\/jak-zainstalowac-modul-prestashop-wordpress\/\" title=\"\u00bfC\u00f3mo instalo un m\u00f3dulo de PrestaShop o WordPress 6.x?\">\u00bfC\u00f3mo instalo un m\u00f3dulo de PrestaShop o WordPress 6.x?<\/a><\/div><\/div><ul class=\"knowledge-base-list\"><li class=\"knowledge-base-item\"><h3 class=\"knowledge-base-title\"><a href=\"https:\/\/cocos.codes\/es\/kategoria\/baza-wiedzy\/wordpress\/dokumentacje\/\" title=\"Documentaci\u00f3n\">Documentaci\u00f3n<\/a><\/h3><div class=\"knowledge-base-posts\"><div class=\"knowledge-base-post\"><a href=\"https:\/\/cocos.codes\/es\/archiwa\/wordpress-system-rezerwacji\/\" title=\"Sistema de reservas de clientes WordPress 1.0\">Sistema de reservas de clientes WordPress 1.0<\/a><\/div><div class=\"knowledge-base-post\"><a href=\"https:\/\/cocos.codes\/es\/archiwa\/wordpress-anty-spam\/\" title=\"Antispam de WordPress 1.0\">Antispam de WordPress 1.0<\/a><\/div><div class=\"knowledge-base-post\"><a href=\"https:\/\/cocos.codes\/es\/archiwa\/wordpress-portfolio\/\" title=\"Cartera WordPress 1.0\">Cartera WordPress 1.0<\/a><\/div><div class=\"knowledge-base-post\"><a href=\"https:\/\/cocos.codes\/es\/archiwa\/integracja-wordpress-olx\/\" title=\"WordPress OLX integraci\u00f3n 1.0\">WordPress OLX integraci\u00f3n 1.0<\/a><\/div><div class=\"knowledge-base-post\"><a href=\"https:\/\/cocos.codes\/es\/archiwa\/wordpress-google-merchant-center\/\" title=\"WordPress Google Merchant Center 1.0\">WordPress Google Merchant Center 1.0<\/a><\/div><div class=\"knowledge-base-post\"><a href=\"https:\/\/cocos.codes\/es\/archiwa\/wordpress-meta-facebook-pixel\/\" title=\"WordPress Meta Facebook Pixel 1.0\">WordPress Meta Facebook Pixel 1.0<\/a><\/div><div class=\"knowledge-base-post\"><a href=\"https:\/\/cocos.codes\/es\/archiwa\/woocommerce-zaawansowane-rabaty\/\" title=\"WooCommerce Descuentos Avanzados 1.0\">WooCommerce descuentos avanzados 1.0<\/a><\/div><div class=\"knowledge-base-post\"><a href=\"https:\/\/cocos.codes\/es\/archiwa\/woocommerce-integracja-google-ga4-gtm-ads\/\" title=\"WooCommerce Integraci\u00f3n Google (GA4, GTM, Anuncios) 1.0\">WooCommerce Integraci\u00f3n Google (GA4, GTM, Anuncios) 1.0<\/a><\/div><div class=\"knowledge-base-post\"><a href=\"https:\/\/cocos.codes\/es\/archiwa\/woocommerce-darmowa-dostawa\/\" title=\"Woocommerce Entrega Gratuita 1.0\">Woocommerce Entrega Gratuita 1.0<\/a><\/div><\/div><\/li><\/ul><\/li><\/ul>    <\/div>\r\n\r\n    <script>\r\n    jQuery(document).ready(function($) {\r\n        $('.knowledge-base-toggle').click(function() {\r\n            var $container = $(this).closest('.knowledge-base-posts');\r\n            var $hidden = $container.find('.hidden-posts');\r\n            var $button = $(this);\r\n\r\n            $hidden.slideToggle(400, function() {\r\n                $button.text($hidden.is(':visible') ?\r\n                    'Poka\u017c mniej' :\r\n                    'Poka\u017c wi\u0119cej'\r\n                );\r\n            });\r\n        });\r\n    });\r\n    <\/script>\r\n    <\/p>\t\t\t\t\t\t\t\t<\/div>\n\t\t\t\t\t<\/div>\n\t\t\t\t<\/div>\n\t\t\t\t<\/div>","protected":false},"excerpt":{"rendered":"Woocommerce Free Shipping Documentation Documentaci\u00f3n completa para el plugin CC Free Shipping para Woo Commerce \u00cdndice 1. Introducci\u00f3n 2. Instalaci\u00f3n 3. Activaci\u00f3n de la licencia 4. Configuraci\u00f3n b\u00e1sica 5. Configuraci\u00f3n de mensajes 6. Configuraci\u00f3n de la licencia","protected":false},"author":1,"featured_media":0,"parent":0,"menu_order":0,"comment_status":"closed","ping_status":"closed","template":"","meta":{"powered_cache_disable_cache":false,"powered_cache_disable_css_optimization":false,"powered_cache_disable_js_optimization":false,"footnotes":""},"class_list":["post-1764","page","type-page","status-publish","hentry"],"_links":{"self":[{"href":"https:\/\/cocos.codes\/es\/wp-json\/wp\/v2\/pages\/1764","targetHints":{"allow":["GET"]}}],"collection":[{"href":"https:\/\/cocos.codes\/es\/wp-json\/wp\/v2\/pages"}],"about":[{"href":"https:\/\/cocos.codes\/es\/wp-json\/wp\/v2\/types\/page"}],"author":[{"embeddable":true,"href":"https:\/\/cocos.codes\/es\/wp-json\/wp\/v2\/users\/1"}],"replies":[{"embeddable":true,"href":"https:\/\/cocos.codes\/es\/wp-json\/wp\/v2\/comments?post=1764"}],"version-history":[{"count":0,"href":"https:\/\/cocos.codes\/es\/wp-json\/wp\/v2\/pages\/1764\/revisions"}],"wp:attachment":[{"href":"https:\/\/cocos.codes\/es\/wp-json\/wp\/v2\/media?parent=1764"}],"curies":[{"name":"wp","href":"https:\/\/api.w.org\/{rel}","templated":true}]}}