{"id":1760,"date":"2025-02-02T22:07:46","date_gmt":"2025-02-02T21:07:46","guid":{"rendered":"https:\/\/cocos.codes\/?page_id=1760"},"modified":"2025-02-09T13:28:54","modified_gmt":"2025-02-09T12:28:54","slug":"normas-de-la-tienda","status":"publish","type":"page","link":"https:\/\/cocos.codes\/es\/regulamin-sklepu\/","title":{"rendered":"Normativa comercial"},"content":{"rendered":"<div data-elementor-type=\"wp-page\" data-elementor-id=\"1760\" class=\"elementor elementor-1760\">\n\t\t\t\t<div class=\"elementor-element elementor-element-72fb361c e-flex e-con-boxed e-con e-parent\" data-id=\"72fb361c\" data-element_type=\"container\" data-e-type=\"container\">\n\t\t\t\t\t<div class=\"e-con-inner\">\n\t\t\t\t<div class=\"elementor-element elementor-element-7b8aa493 elementor-widget elementor-widget-text-editor\" data-id=\"7b8aa493\" data-element_type=\"widget\" data-e-type=\"widget\" data-widget_type=\"text-editor.default\">\n\t\t\t\t\t\t\t\t\t<p>Las presentes Condiciones Generales establecen las normas de uso de la tienda en l\u00ednea\u00a0<strong>C\u00d3DIGOS.COCOS<\/strong>disponible en\u00a0<a href=\"https:\/\/cocos.codes\/es\/\" title=\"Https:\/\/cocos.codes\/\">https:\/\/cocos.codes\/<\/a>y las condiciones para la celebraci\u00f3n y ejecuci\u00f3n de los contratos de venta de los productos ofrecidos por la tienda.<\/p><h6><strong>1. disposiciones generales<\/strong><\/h6><ol><li>Tienda en l\u00ednea\u00a0<strong>C\u00d3DIGOS.COCOS<\/strong>disponible en\u00a0<a href=\"https:\/\/cocos.codes\/es\/\" title=\"Https:\/\/cocos.codes\/\"><strong>https:\/\/cocos.codes\/<\/strong><\/a>, vende productos digitales, incluidos m\u00f3dulos, dominios, servidores y servidores VPS, y ofrece servicios adicionales como reparaci\u00f3n de tiendas online, aceleraci\u00f3n, optimizaci\u00f3n y otros servicios de desarrollo y asistencia.<\/li><li>El presente reglamento establece las normas de utilizaci\u00f3n de la tienda, la celebraci\u00f3n de contratos de venta y los derechos y obligaciones del Comprador y del Vendedor.<\/li><li>La normativa se dirige tanto a los consumidores (personas f\u00edsicas) como a las empresas (personas jur\u00eddicas y unidades organizativas).<\/li><\/ol><h6><strong>2. celebraci\u00f3n de contratos<\/strong><\/h6><ol><li>Los pedidos se realizan a trav\u00e9s del sitio web\u00a0<strong>C\u00d3DIGOS.COCOS<\/strong>\u00a0seleccionando un producto, a\u00f1adi\u00e9ndolo a la cesta y efectuando el pago.<\/li><li>Una vez acreditado el pago, el comprador recibir\u00e1 el producto por v\u00eda electr\u00f3nica en la direcci\u00f3n de correo electr\u00f3nico especificada como descarga.<\/li><li>El contrato de venta se perfecciona cuando se efect\u00faa el pago del pedido.<\/li><\/ol><h6><strong>3 Pagos<\/strong><\/h6><ol><li>Tienda\u00a0<strong>C\u00d3DIGOS.COCOS<\/strong>\u00a0ofrece pagos seguros en l\u00ednea a trav\u00e9s de sistemas de pago seleccionados.<\/li><li>Los precios de los productos se indican en zloty polaco (<strong>PLN<\/strong>) e incluyen el IVA. La tienda tambi\u00e9n acepta pagos en divisas\u00a0<strong>USD<\/strong>\u00a0i\u00a0<strong>EUR<\/strong>y los importes en estas monedas se convierten al tipo de cambio vigente.<\/li><li>Los pedidos s\u00f3lo se tramitan cuando el pago se ha efectuado en su totalidad.<\/li><\/ol><h6><strong>4 Entrega<\/strong><\/h6><ol><li>Los productos digitales se env\u00edan autom\u00e1ticamente a la direcci\u00f3n de correo electr\u00f3nico del comprador una vez acreditado el pago.<\/li><li>La entrega es gratuita y el comprador no incurre en gastos adicionales.<\/li><\/ol><h6><strong>5 Derecho de desistimiento (devoluciones)<\/strong><\/h6><ol><li>Un comprador que sea consumidor tiene derecho a rescindir un contrato en un plazo de 14 d\u00edas a partir de su celebraci\u00f3n, de conformidad con el art\u00edculo 27 de la Ley de Derechos del Consumidor.<\/li><li>El derecho de desistimiento no se aplicar\u00e1 a los productos digitales entregados en formato electr\u00f3nico si han sido descargados o activados por el Comprador.<\/li><li>Si el producto adquirido no funciona correctamente y el servicio de asistencia t\u00e9cnica de la tienda no puede subsanar el fallo, el comprador tiene derecho al reembolso \u00edntegro.<\/li><\/ol><h6><strong>6 Reclamaciones y asistencia t\u00e9cnica<\/strong><\/h6><ol><li>Las reclamaciones sobre productos deben enviarse a la siguiente direcci\u00f3n de correo electr\u00f3nico:\u00a0<a href=\"mailto:contact@cocos.codes\" title=\"Contact@cocos.codes\"><strong>contact@cocos.codes<\/strong><\/a>.<\/li><li>La tienda ofrece asistencia t\u00e9cnica para resolver problemas relacionados con el funcionamiento de los productos.<\/li><li>Las reclamaciones se tramitan en un plazo de 14 d\u00edas desde su presentaci\u00f3n.<\/li><\/ol><h6><strong>7. Actualizaciones de productos<\/strong><\/h6><ol><li>El comprador tiene derecho a actualizaciones gratuitas de los productos adquiridos dentro del periodo de asistencia especificado.<\/li><li>La informaci\u00f3n sobre las actualizaciones disponibles se enviar\u00e1 a la direcci\u00f3n de correo electr\u00f3nico facilitada al realizar el pedido.<\/li><\/ol><h6><strong>8 Licencia<\/strong><\/h6><ol><li><p><strong>\u00c1mbito de aplicaci\u00f3n de la licencia<\/strong><br \/>Todos los productos digitales ofrecidos por la tienda <strong>C\u00d3DIGOS.COCOS<\/strong>La licencia permite asignar el producto, como m\u00f3dulos, integraciones o modificaciones, a un dominio (una tienda). La licencia tambi\u00e9n permite que el producto funcione en subdominios y directorios de servidor, por ejemplo<\/p><ul><li>dominio.pl<\/li><li>sklep.domena.pl<\/li><li>dominio.pl\/test<\/li><\/ul><\/li><li><p><strong>Licencia de desarrollo<\/strong><br \/>Con fines de prueba, la tienda COCOS.CODES concede autom\u00e1ticamente licencias de desarrollador para direcciones espec\u00edficas, como:<\/p><ul><li>*.localhost<\/li><li>*.test<\/li><li>*.dev<\/li><li>prueba.*<\/li><li>dev.*<\/li><\/ul><p>Si es necesario utilizar un dominio de prueba diferente, p\u00f3ngase en contacto con nosotros para obtener la licencia adecuada.<\/p><\/li><li><p><strong>Cambio de licencia<\/strong><br \/>Cualquier producto adquirido puede transferirse a otro dominio una vez en los 24 meses siguientes a la compra, siempre que se cumplan los siguientes criterios:<\/p><ul><li>El software debe desinstalarse y eliminarse del dominio existente.<\/li><li>El nuevo dominio debe pertenecer a la misma empresa que el anterior.<\/li><li>Despu\u00e9s de 24 meses, es posible cambiar el dominio con un descuento de hasta 50% (no superior al precio de compra original).<\/li><\/ul><p><strong>Licencia de desarrollo adicional<\/strong><br \/>Si lo desea, puede solicitar una licencia de desarrollador para el producto adquirido. Para obtenerla, p\u00f3ngase en contacto con <a href=\"https:\/\/cocos.codes\/es\/soporte\/\" title=\"Departamento de apoyo\">departamento de apoyo<\/a>, indicando la direcci\u00f3n de la prueba que se va a autorizar.<\/p><\/li><\/ol><h6><strong>9 Protecci\u00f3n de datos personales<\/strong><\/h6><ol><li>El propietario de la tienda es el administrador de los datos personales de los compradores.\u00a0<strong>C\u00d3DIGOS.COCOS<\/strong>.<\/li><li>Los datos personales se procesan \u00fanicamente con el fin de tramitar el pedido, de conformidad con las disposiciones aplicables del RODO.<\/li><li>Encontrar\u00e1 informaci\u00f3n detallada sobre el tratamiento de datos personales en el\u00a0<a href=\"https:\/\/cocos.codes\/es\/politica-de-privacidad\/\" title=\"Pol\u00edtica de privacidad\">Pol\u00edtica de privacidad<\/a>.<\/li><\/ol><h6><strong>10 Disposiciones finales<\/strong><\/h6><ol><li>Todos los litigios derivados de contratos celebrados a trav\u00e9s de la tienda\u00a0<strong>C\u00d3DIGOS.COCOS<\/strong>\u00a0ser\u00e1n decididos por los tribunales polacos competentes.<\/li><li>La tienda se reserva el derecho a modificar las condiciones. El comprador ser\u00e1 informado de cualquier cambio con suficiente antelaci\u00f3n.<\/li><li>El presente Reglamento entrar\u00e1 en vigor el\u00a0<strong>01.01.2025<\/strong>.<\/li><\/ol>\t\t\t\t\t\t\t\t<\/div>\n\t\t\t\t\t<\/div>\n\t\t\t\t<\/div>\n\t\t\t\t<\/div>","protected":false},"excerpt":{"rendered":"Niniejszy Regulamin okre\u015bla zasady korzystania z sklepu internetowego\u00a0COCOS.CODES, dost\u0119pnego pod adresem\u00a0https:\/\/cocos.codes\/, oraz warunki zawierania i realizacji um\u00f3w sprzeda\u017cy produkt\u00f3w oferowanych przez sklep.1. Postanowienia og\u00f3lne Sklep internetowy\u00a0COCOS.CODES, dost\u0119pny pod adresem\u00a0https:\/\/cocos.codes\/, prowadzi","protected":false},"author":1,"featured_media":0,"parent":0,"menu_order":0,"comment_status":"closed","ping_status":"closed","template":"","meta":{"powered_cache_disable_cache":false,"powered_cache_disable_css_optimization":false,"powered_cache_disable_js_optimization":false,"footnotes":""},"class_list":["post-1760","page","type-page","status-publish","hentry"],"_links":{"self":[{"href":"https:\/\/cocos.codes\/es\/wp-json\/wp\/v2\/pages\/1760","targetHints":{"allow":["GET"]}}],"collection":[{"href":"https:\/\/cocos.codes\/es\/wp-json\/wp\/v2\/pages"}],"about":[{"href":"https:\/\/cocos.codes\/es\/wp-json\/wp\/v2\/types\/page"}],"author":[{"embeddable":true,"href":"https:\/\/cocos.codes\/es\/wp-json\/wp\/v2\/users\/1"}],"replies":[{"embeddable":true,"href":"https:\/\/cocos.codes\/es\/wp-json\/wp\/v2\/comments?post=1760"}],"version-history":[{"count":0,"href":"https:\/\/cocos.codes\/es\/wp-json\/wp\/v2\/pages\/1760\/revisions"}],"wp:attachment":[{"href":"https:\/\/cocos.codes\/es\/wp-json\/wp\/v2\/media?parent=1760"}],"curies":[{"name":"wp","href":"https:\/\/api.w.org\/{rel}","templated":true}]}}