{"id":1734,"date":"2025-02-02T22:07:23","date_gmt":"2025-02-02T21:07:23","guid":{"rendered":"https:\/\/cocos.codes\/?page_id=1734"},"modified":"2025-02-07T21:25:13","modified_gmt":"2025-02-07T20:25:13","slug":"politica-de-privacidad","status":"publish","type":"page","link":"https:\/\/cocos.codes\/es\/polityka-prywatnosci\/","title":{"rendered":"Pol\u00edtica de privacidad"},"content":{"rendered":"<div data-elementor-type=\"wp-page\" data-elementor-id=\"1734\" class=\"elementor elementor-1734\">\n\t\t\t\t<div class=\"elementor-element elementor-element-6f5c100c e-flex e-con-boxed e-con e-parent\" data-id=\"6f5c100c\" data-element_type=\"container\" data-e-type=\"container\">\n\t\t\t\t\t<div class=\"e-con-inner\">\n\t\t\t\t<div class=\"elementor-element elementor-element-19bc04e8 elementor-widget elementor-widget-text-editor\" data-id=\"19bc04e8\" data-element_type=\"widget\" data-e-type=\"widget\" data-widget_type=\"text-editor.default\">\n\t\t\t\t\t\t\t\t\t<p>La presente Pol\u00edtica de Privacidad establece los principios para el tratamiento y protecci\u00f3n de los datos personales de los usuarios de la tienda online <strong>C\u00d3DIGOS.COCOS<\/strong>disponible en\u00a0<a href=\"https:\/\/cocos.codes\/es\/\" title=\"Https:\/\/cocos.codes\/\"><strong>https:\/\/cocos.codes\/<\/strong><\/a>en relaci\u00f3n con el uso de los servicios ofrecidos por la tienda.<\/p><h6><strong>1. el responsable del tratamiento de los datos personales<\/strong><\/h6><ol><li>El responsable del tratamiento de los datos personales es\u00a0<strong>Montownia Stron sp. z o.o. <\/strong>negociando en <a href=\"https:\/\/maps.app.goo.gl\/WgDGTKaPV3XQZoNJ9\" title=\"Szlak 77\/222, 31-153 Cracovia, POLONIA\" target=\"_blank\" rel=\"noopener\"><strong>Szlak 77\/222, 31-153 Cracovia, POLONIA <\/strong><\/a>y direcci\u00f3n de correo electr\u00f3nico:\u00a0<a href=\"mailto:contact@cocos.codes\" title=\"Contact@cocos.codes\"><strong>contact@cocos.codes<\/strong><\/a><\/li><li>Para cuestiones relacionadas con la protecci\u00f3n de datos, puede ponerse en contacto con la siguiente direcci\u00f3n de correo electr\u00f3nico:\u00a0<strong><a href=\"mailto:contact@cocos.codes\" title=\"Contact@cocos.codes\">contact@cocos.codes<\/a> <\/strong>o por escrito al domicilio social del Administrador.<\/li><\/ol><h6><strong>2 Finalidad y alcance del tratamiento de datos<\/strong><\/h6><ol><li>Los datos personales se procesan para:<ul><li>tramitaci\u00f3n de pedidos en la tienda en l\u00ednea,<\/li><li>prestaci\u00f3n de servicios, incluida la asistencia t\u00e9cnica,<\/li><li>enviar un bolet\u00edn informativo (con el consentimiento del usuario),<\/li><li>tramitaci\u00f3n de quejas y consultas,<\/li><li>cumplir las obligaciones legales derivadas de la legislaci\u00f3n.<\/li><\/ul><\/li><li>Los datos procesados incluyen: nombre, direcci\u00f3n de correo electr\u00f3nico, direcci\u00f3n de entrega (si procede), n\u00famero de tel\u00e9fono (si se facilita), detalles de la factura (para empresas) y direcci\u00f3n IP.<\/li><\/ol><h6><strong>3 Base jur\u00eddica del tratamiento de datos<\/strong><\/h6><ol><li>El tratamiento de los datos es necesario para la ejecuci\u00f3n del contrato de venta (art\u00edculo 6, apartado 1, letra b) RODO).<\/li><li>En el caso del env\u00edo de boletines informativos, el tratamiento se realiza sobre la base del consentimiento del usuario (art. 6(1)(a) RODO).<\/li><li>En otros casos, el tratamiento se basa en las obligaciones legales del Administrador (art\u00edculo 6, apartado 1, letra c) RODO) o en su inter\u00e9s leg\u00edtimo (art\u00edculo 6, apartado 1, letra f) RODO).<\/li><\/ol><h6><strong>4 Derechos de los usuarios<\/strong><\/h6><ol><li>Todo interesado tiene derecho a:<ul><li>acceso a sus datos,<\/li><li>rectificaci\u00f3n de datos,<\/li><li>supresi\u00f3n de datos (derecho al olvido),<\/li><li>limitaci\u00f3n del tratamiento,<\/li><li>portabilidad de los datos,<\/li><li>oponerse al tratamiento,<\/li><li>retirar el consentimiento al tratamiento (si el tratamiento se basa en el consentimiento).<\/li><\/ul><\/li><li>Para ejercer los derechos mencionados, p\u00f3ngase en contacto con el Administrador en la siguiente direcci\u00f3n de correo electr\u00f3nico:\u00a0<a href=\"mailto:contact@cocos.codes\" title=\"Contact@cocos.codes\"><strong>contact@cocos.codes<\/strong><\/a>.<\/li><\/ol><h6><strong>5 Periodo de conservaci\u00f3n de los datos<\/strong><\/h6><ol><li>Los datos personales se conservan durante el periodo necesario para cumplir los fines para los que se recogieron, entre ellos:<ul><li>durante la vigencia del contrato de venta y despu\u00e9s de su finalizaci\u00f3n, con el fin de cumplir con las obligaciones legales (por ejemplo, las relacionadas con las liquidaciones fiscales),<\/li><li>hasta que retire su consentimiento al tratamiento (en el caso de un bolet\u00edn informativo).<\/li><\/ul><\/li><\/ol><h6><strong>6 Destinatarios de los datos<\/strong><\/h6><ol><li>Los datos pueden compartirse con terceros, como:<ul><li>proveedores de servicios de pago,<\/li><li>empresas de mensajer\u00eda (en caso de entrega f\u00edsica),<\/li><li>Proveedores de servicios inform\u00e1ticos y de alojamiento,<\/li><li>Autoridades estatales, si as\u00ed lo exige la ley.<\/li><\/ul><\/li><\/ol><h6><strong>7 Seguridad de los datos<\/strong><\/h6><ol><li>La tienda cocos.codes utiliza medidas t\u00e9cnicas y organizativas apropiadas para garantizar la seguridad de los datos personales tratados, incluido el cifrado de la conexi\u00f3n (SSL) y actualizaciones peri\u00f3dicas del sistema.<\/li><\/ol><h6><strong>8 Galletas<\/strong><\/h6><ol><li>La tienda utiliza cookies para mejorar la funcionalidad del sitio web, analizar el tr\u00e1fico y personalizar el contenido.<\/li><li>El usuario puede gestionar las cookies a trav\u00e9s de la configuraci\u00f3n del navegador.<\/li><\/ol><h6><strong>9 Cambios en la pol\u00edtica de privacidad<\/strong><\/h6><ol><li>La tienda se reserva el derecho a realizar cambios en la Pol\u00edtica de Privacidad. Cualquier cambio se publicar\u00e1 en el sitio web de la tienda.<\/li><li>En caso de cambios significativos, se notificar\u00e1 a los usuarios por correo electr\u00f3nico.<\/li><\/ol><h6><strong>10 Disposiciones finales<\/strong><\/h6><ol><li>La Pol\u00edtica de privacidad entra en vigor el\u00a0<strong>01.01.2025<\/strong>.<\/li><li>En los asuntos no cubiertos por esta Pol\u00edtica de Privacidad, se aplicar\u00e1n las disposiciones de la legislaci\u00f3n polaca, en particular el RODO y la Ley de Protecci\u00f3n de Datos Personales.<\/li><\/ol>\t\t\t\t\t\t\t\t<\/div>\n\t\t\t\t\t<\/div>\n\t\t\t\t<\/div>\n\t\t\t\t<\/div>","protected":false},"excerpt":{"rendered":"Niniejsza Polityka Prywatno\u015bci okre\u015bla zasady przetwarzania i ochrony danych osobowych u\u017cytkownik\u00f3w sklepu internetowego COCOS.CODES, dost\u0119pnego pod adresem\u00a0https:\/\/cocos.codes\/, w zwi\u0105zku z korzystaniem z us\u0142ug oferowanych przez sklep.1. Administratorem danych osobowych Administratorem","protected":false},"author":1,"featured_media":0,"parent":0,"menu_order":0,"comment_status":"closed","ping_status":"closed","template":"","meta":{"powered_cache_disable_cache":false,"powered_cache_disable_css_optimization":false,"powered_cache_disable_js_optimization":false,"footnotes":""},"class_list":["post-1734","page","type-page","status-publish","hentry"],"_links":{"self":[{"href":"https:\/\/cocos.codes\/es\/wp-json\/wp\/v2\/pages\/1734","targetHints":{"allow":["GET"]}}],"collection":[{"href":"https:\/\/cocos.codes\/es\/wp-json\/wp\/v2\/pages"}],"about":[{"href":"https:\/\/cocos.codes\/es\/wp-json\/wp\/v2\/types\/page"}],"author":[{"embeddable":true,"href":"https:\/\/cocos.codes\/es\/wp-json\/wp\/v2\/users\/1"}],"replies":[{"embeddable":true,"href":"https:\/\/cocos.codes\/es\/wp-json\/wp\/v2\/comments?post=1734"}],"version-history":[{"count":0,"href":"https:\/\/cocos.codes\/es\/wp-json\/wp\/v2\/pages\/1734\/revisions"}],"wp:attachment":[{"href":"https:\/\/cocos.codes\/es\/wp-json\/wp\/v2\/media?parent=1734"}],"curies":[{"name":"wp","href":"https:\/\/api.w.org\/{rel}","templated":true}]}}