{"id":5083,"date":"2025-08-20T23:01:15","date_gmt":"2025-08-20T21:01:15","guid":{"rendered":"https:\/\/cocos.codes\/?post_type=product&#038;p=5083"},"modified":"2025-12-10T21:57:00","modified_gmt":"2025-12-10T20:57:00","slug":"prestashop-upgrade-to-the-latest-version","status":"publish","type":"product","link":"https:\/\/cocos.codes\/en\/produkt\/aktualizacja-prestashop-do-najnowszej-wersji\/","title":{"rendered":"Updating PrestaShop to the latest version 8\/9"},"content":{"rendered":"<div data-elementor-type=\"wp-post\" data-elementor-id=\"5083\" class=\"elementor elementor-5083\">\n\t\t\t\t<div class=\"elementor-element elementor-element-5b0dbe1 e-flex e-con-boxed e-con e-parent\" data-id=\"5b0dbe1\" data-element_type=\"container\" data-e-type=\"container\">\n\t\t\t\t\t<div class=\"e-con-inner\">\n\t\t\t\t<div class=\"elementor-element elementor-element-15180f6 elementor-widget elementor-widget-heading\" data-id=\"15180f6\" data-element_type=\"widget\" data-e-type=\"widget\" data-widget_type=\"heading.default\">\n\t\t\t\t\t<h6 class=\"elementor-heading-title elementor-size-default\">Prestashop update - why should you update your store?<\/h6>\t\t\t\t<\/div>\n\t\t\t\t<div class=\"elementor-element elementor-element-a69c0c1 elementor-widget elementor-widget-text-editor\" data-id=\"a69c0c1\" data-element_type=\"widget\" data-e-type=\"widget\" data-widget_type=\"text-editor.default\">\n\t\t\t\t\t\t\t\t\t<p style=\"text-align: left;\">Store update <a href=\"https:\/\/prestashop.com\/\" title=\"PrestaShop\" target=\"_blank\" rel=\"noopener\">PrestaShop<\/a> provides greater security by protecting against vulnerabilities and attacks. New versions also offer improved performance, compatibility with current technologies, and additional features that can increase sales and ease of use. This makes the store more stable and attractive to customers.<br \/>Is your online store running on an older version of PrestaShop? It's time for a professional upgrade that will bring your business tangible benefits and greater security.<\/p><p style=\"text-align: center;\"><strong>\u26a0\ufe0f Important: Before placing your order <a href=\"https:\/\/cocos.codes\/en\/contact\/\" title=\"Please contact us\">please contact us<\/a> to discuss the details and scope of work.<\/strong><\/p>\t\t\t\t\t\t\t\t<\/div>\n\t\t\t\t<div class=\"elementor-element elementor-element-54c6820 elementor-widget elementor-widget-spacer\" data-id=\"54c6820\" data-element_type=\"widget\" data-e-type=\"widget\" data-widget_type=\"spacer.default\">\n\t\t\t\t\t\t\t<div class=\"elementor-spacer\">\n\t\t\t<div class=\"elementor-spacer-inner\"><\/div>\n\t\t<\/div>\n\t\t\t\t\t\t<\/div>\n\t\t\t\t\t<\/div>\n\t\t\t\t<\/div>\n\t\t<div class=\"elementor-element elementor-element-3d7a7aa e-flex e-con-boxed e-con e-parent\" data-id=\"3d7a7aa\" data-element_type=\"container\" data-e-type=\"container\">\n\t\t\t\t\t<div class=\"e-con-inner\">\n\t\t\t\t<div class=\"elementor-element elementor-element-31c5e32 elementor-widget elementor-widget-spacer\" data-id=\"31c5e32\" data-element_type=\"widget\" data-e-type=\"widget\" data-widget_type=\"spacer.default\">\n\t\t\t\t\t\t\t<div class=\"elementor-spacer\">\n\t\t\t<div class=\"elementor-spacer-inner\"><\/div>\n\t\t<\/div>\n\t\t\t\t\t\t<\/div>\n\t\t\t\t<div class=\"elementor-element elementor-element-08179d9 elementor-widget elementor-widget-heading\" data-id=\"08179d9\" data-element_type=\"widget\" data-e-type=\"widget\" data-widget_type=\"heading.default\">\n\t\t\t\t\t<h6 class=\"elementor-heading-title elementor-size-default\">Types of updates<\/h6>\t\t\t\t<\/div>\n\t\t\t\t\t<\/div>\n\t\t\t\t<\/div>\n\t\t<div class=\"elementor-element elementor-element-c31611b e-flex e-con-boxed e-con e-parent\" data-id=\"c31611b\" data-element_type=\"container\" data-e-type=\"container\">\n\t\t\t\t\t<div class=\"e-con-inner\">\n\t\t<div class=\"elementor-element elementor-element-c3eb1e4 e-con-full e-flex e-con e-child\" data-id=\"c3eb1e4\" data-element_type=\"container\" data-e-type=\"container\">\n\t\t\t\t<div class=\"elementor-element elementor-element-1ce477c elementor-widget elementor-widget-text-editor\" data-id=\"1ce477c\" data-element_type=\"widget\" data-e-type=\"widget\" data-widget_type=\"text-editor.default\">\n\t\t\t\t\t\t\t\t\t<h6 style=\"text-align: center;\"><strong>\ud83d\udd04 Update the same main version<\/strong><\/h6><em>Example: 1.7.5 \u2192 1.7.8.11 or 8.0.1 \u2192 8.1.7<br \/><\/em><br \/><strong>Advantages:<\/strong><br \/>\u2705 <strong>Maintaining the entire structure and appearance of the store<\/strong><br \/>\u2705 Compatibility with currently installed modules<br \/>\u2705 <strong>Increasing the level of security<\/strong><br \/>\u2705 Improving operational stability<br \/>\u2705 Fix known bugs and vulnerabilities\t\t\t\t\t\t\t\t<\/div>\n\t\t\t\t<\/div>\n\t\t\t\t<div class=\"elementor-element elementor-element-bd55802 elementor-widget elementor-widget-spacer\" data-id=\"bd55802\" data-element_type=\"widget\" data-e-type=\"widget\" data-widget_type=\"spacer.default\">\n\t\t\t\t\t\t\t<div class=\"elementor-spacer\">\n\t\t\t<div class=\"elementor-spacer-inner\"><\/div>\n\t\t<\/div>\n\t\t\t\t\t\t<\/div>\n\t\t<div class=\"elementor-element elementor-element-acb2a15 e-con-full e-flex e-con e-child\" data-id=\"acb2a15\" data-element_type=\"container\" data-e-type=\"container\">\n\t\t\t\t<div class=\"elementor-element elementor-element-3df3a5b elementor-widget elementor-widget-text-editor\" data-id=\"3df3a5b\" data-element_type=\"widget\" data-e-type=\"widget\" data-widget_type=\"text-editor.default\">\n\t\t\t\t\t\t\t\t\t<h6 style=\"text-align: center;\">\ud83d\ude80 Migration to a newer major version<\/h6><p><em>Example: 1.6.x \u2192 8.x or 1.7.x \u2192 8.x<br \/><\/em><br \/><strong>Advantages:<\/strong><br \/>\u2705 Access to <strong>latest<\/strong> e-commerce functionalities<br \/>\u2705 May require adaptation of graphic template<br \/>\u2705 <strong>Necessity<\/strong> verification of compatibility of modules<br \/>\u2705 <strong>Significant improvements in performance and safety<\/strong><br \/><strong>\u2705 Requires individual analysis and pricing<\/strong><\/p>\t\t\t\t\t\t\t\t<\/div>\n\t\t\t\t<\/div>\n\t\t\t\t\t<\/div>\n\t\t\t\t<\/div>\n\t\t<div class=\"elementor-element elementor-element-3df299d e-flex e-con-boxed e-con e-parent\" data-id=\"3df299d\" data-element_type=\"container\" data-e-type=\"container\">\n\t\t\t\t\t<div class=\"e-con-inner\">\n\t\t\t\t<div class=\"elementor-element elementor-element-7845f0d elementor-widget elementor-widget-spacer\" data-id=\"7845f0d\" data-element_type=\"widget\" data-e-type=\"widget\" data-widget_type=\"spacer.default\">\n\t\t\t\t\t\t\t<div class=\"elementor-spacer\">\n\t\t\t<div class=\"elementor-spacer-inner\"><\/div>\n\t\t<\/div>\n\t\t\t\t\t\t<\/div>\n\t\t\t\t\t<\/div>\n\t\t\t\t<\/div>\n\t\t<div class=\"elementor-element elementor-element-4a822b5 e-flex e-con-boxed e-con e-parent\" data-id=\"4a822b5\" data-element_type=\"container\" data-e-type=\"container\">\n\t\t\t\t\t<div class=\"e-con-inner\">\n\t\t\t\t<div class=\"elementor-element elementor-element-9470d9e elementor-widget elementor-widget-spacer\" data-id=\"9470d9e\" data-element_type=\"widget\" data-e-type=\"widget\" data-widget_type=\"spacer.default\">\n\t\t\t\t\t\t\t<div class=\"elementor-spacer\">\n\t\t\t<div class=\"elementor-spacer-inner\"><\/div>\n\t\t<\/div>\n\t\t\t\t\t\t<\/div>\n\t\t\t\t<div class=\"elementor-element elementor-element-c8ebd1f elementor-widget elementor-widget-heading\" data-id=\"c8ebd1f\" data-element_type=\"widget\" data-e-type=\"widget\" data-widget_type=\"heading.default\">\n\t\t\t\t\t<h6 class=\"elementor-heading-title elementor-size-default\">Our upgrade process - 6 steps to success<\/h6>\t\t\t\t<\/div>\n\t\t\t\t<div class=\"elementor-element elementor-element-3b85c89 elementor-widget elementor-widget-text-editor\" data-id=\"3b85c89\" data-element_type=\"widget\" data-e-type=\"widget\" data-widget_type=\"text-editor.default\">\n\t\t\t\t\t\t\t\t\t<p><strong>1\ufe0f\u20e3 Data security<\/strong><br \/>We make <strong>full backup<\/strong> database and all store files, eliminating the risk of losing any information.<br \/><br \/><strong>2\ufe0f\u20e3 Test environment<\/strong><br \/>We create an identical copy of your store on the development server, so you can <strong>production store works smoothly<\/strong>.<br \/><br \/><strong>3\ufe0f\u20e3 Test Update<\/strong><br \/>We carry out <strong>upgrade process in a secure environment<\/strong>, identifying and solving potential problems.<br \/><br \/><strong>4\ufe0f\u20e3 Conflict resolution<\/strong><br \/><strong>We eliminate possible incompatibilities<\/strong> Between modules, template and the new version of PrestaShop.<br \/><br \/><strong>5\ufe0f\u20e3 Comprehensive testing<\/strong><br \/><strong>Together we verify the operation of<\/strong> All functions of the store until the results are fully accepted.<br \/><br \/><strong>6\ufe0f\u20e3 Production deployment<\/strong><br \/>Move <strong>verified update<\/strong> for a production store in <strong>deadline<\/strong>.<\/p>\t\t\t\t\t\t\t\t<\/div>\n\t\t\t\t<div class=\"elementor-element elementor-element-b0994ae elementor-widget elementor-widget-spacer\" data-id=\"b0994ae\" data-element_type=\"widget\" data-e-type=\"widget\" data-widget_type=\"spacer.default\">\n\t\t\t\t\t\t\t<div class=\"elementor-spacer\">\n\t\t\t<div class=\"elementor-spacer-inner\"><\/div>\n\t\t<\/div>\n\t\t\t\t\t\t<\/div>\n\t\t\t\t\t<\/div>\n\t\t\t\t<\/div>\n\t\t<div class=\"elementor-element elementor-element-9a8c418 e-flex e-con-boxed e-con e-parent\" data-id=\"9a8c418\" data-element_type=\"container\" data-e-type=\"container\">\n\t\t\t\t\t<div class=\"e-con-inner\">\n\t\t\t\t<div class=\"elementor-element elementor-element-38728bc elementor-widget elementor-widget-spacer\" data-id=\"38728bc\" data-element_type=\"widget\" data-e-type=\"widget\" data-widget_type=\"spacer.default\">\n\t\t\t\t\t\t\t<div class=\"elementor-spacer\">\n\t\t\t<div class=\"elementor-spacer-inner\"><\/div>\n\t\t<\/div>\n\t\t\t\t\t\t<\/div>\n\t\t\t\t<div class=\"elementor-element elementor-element-948df8f elementor-widget elementor-widget-heading\" data-id=\"948df8f\" data-element_type=\"widget\" data-e-type=\"widget\" data-widget_type=\"heading.default\">\n\t\t\t\t\t<h6 class=\"elementor-heading-title elementor-size-default\">Benefits of the upgrade<\/h6>\t\t\t\t<\/div>\n\t\t\t\t\t<\/div>\n\t\t\t\t<\/div>\n\t\t<div class=\"elementor-element elementor-element-3ff8a0b e-flex e-con-boxed e-con e-parent\" data-id=\"3ff8a0b\" data-element_type=\"container\" data-e-type=\"container\">\n\t\t\t\t\t<div class=\"e-con-inner\">\n\t\t<div class=\"elementor-element elementor-element-a4d9677 e-con-full e-flex e-con e-child\" data-id=\"a4d9677\" data-element_type=\"container\" data-e-type=\"container\">\n\t\t\t\t<div class=\"elementor-element elementor-element-2678d1a elementor-widget elementor-widget-text-editor\" data-id=\"2678d1a\" data-element_type=\"widget\" data-e-type=\"widget\" data-widget_type=\"text-editor.default\">\n\t\t\t\t\t\t\t\t\t<strong>\ud83d\udee1\ufe0f Security at the highest level<\/strong><br \/>Latest versions of PrestaShop <strong>contain security patches<\/strong> against known vulnerabilities and threats.\t\t\t\t\t\t\t\t<\/div>\n\t\t\t\t<\/div>\n\t\t<div class=\"elementor-element elementor-element-cd332a4 e-con-full e-flex e-con e-child\" data-id=\"cd332a4\" data-element_type=\"container\" data-e-type=\"container\">\n\t\t\t\t<div class=\"elementor-element elementor-element-f5948e3 elementor-widget elementor-widget-text-editor\" data-id=\"f5948e3\" data-element_type=\"widget\" data-e-type=\"widget\" data-widget_type=\"text-editor.default\">\n\t\t\t\t\t\t\t\t\t<strong>\u26a1 Increased efficiency<\/strong><br \/>Code optimizations translate into <strong>faster loading pages<\/strong> and better user experience.\t\t\t\t\t\t\t\t<\/div>\n\t\t\t\t<\/div>\n\t\t<div class=\"elementor-element elementor-element-eb24874 e-con-full e-flex e-con e-child\" data-id=\"eb24874\" data-element_type=\"container\" data-e-type=\"container\">\n\t\t\t\t<div class=\"elementor-element elementor-element-12312cc elementor-widget elementor-widget-text-editor\" data-id=\"12312cc\" data-element_type=\"widget\" data-e-type=\"widget\" data-widget_type=\"text-editor.default\">\n\t\t\t\t\t\t\t\t\t<strong>\ud83c\udfaf Better position in search engines<\/strong><br \/>The modern code supports <strong>SEO optimization<\/strong> i <strong>improves results on Google<\/strong>.\t\t\t\t\t\t\t\t<\/div>\n\t\t\t\t<\/div>\n\t\t<div class=\"elementor-element elementor-element-457f1bd e-con-full e-flex e-con e-child\" data-id=\"457f1bd\" data-element_type=\"container\" data-e-type=\"container\">\n\t\t\t\t<div class=\"elementor-element elementor-element-fd77cdc elementor-widget elementor-widget-text-editor\" data-id=\"fd77cdc\" data-element_type=\"widget\" data-e-type=\"widget\" data-widget_type=\"text-editor.default\">\n\t\t\t\t\t\t\t\t\t<strong>\ud83d\udd27 New opportunities<\/strong><br \/>Access to <strong>latest modules, integrations<\/strong> i <strong>functionalities<\/strong> e-commerce.<br \/>\t\t\t\t\t\t\t\t<\/div>\n\t\t\t\t<\/div>\n\t\t\t\t\t<\/div>\n\t\t\t\t<\/div>\n\t\t<div class=\"elementor-element elementor-element-94e50c7 e-flex e-con-boxed e-con e-parent\" data-id=\"94e50c7\" data-element_type=\"container\" data-e-type=\"container\">\n\t\t\t\t\t<div class=\"e-con-inner\">\n\t\t\t\t<div class=\"elementor-element elementor-element-f6eaea9 elementor-widget elementor-widget-spacer\" data-id=\"f6eaea9\" data-element_type=\"widget\" data-e-type=\"widget\" data-widget_type=\"spacer.default\">\n\t\t\t\t\t\t\t<div class=\"elementor-spacer\">\n\t\t\t<div class=\"elementor-spacer-inner\"><\/div>\n\t\t<\/div>\n\t\t\t\t\t\t<\/div>\n\t\t\t\t\t<\/div>\n\t\t\t\t<\/div>\n\t\t<div class=\"elementor-element elementor-element-667e20c e-flex e-con-boxed e-con e-parent\" data-id=\"667e20c\" data-element_type=\"container\" data-e-type=\"container\">\n\t\t\t\t\t<div class=\"e-con-inner\">\n\t\t\t\t<div class=\"elementor-element elementor-element-2c08653 elementor-widget elementor-widget-spacer\" data-id=\"2c08653\" data-element_type=\"widget\" data-e-type=\"widget\" data-widget_type=\"spacer.default\">\n\t\t\t\t\t\t\t<div class=\"elementor-spacer\">\n\t\t\t<div class=\"elementor-spacer-inner\"><\/div>\n\t\t<\/div>\n\t\t\t\t\t\t<\/div>\n\t\t\t\t<div class=\"elementor-element elementor-element-259dbf7 elementor-widget elementor-widget-heading\" data-id=\"259dbf7\" data-element_type=\"widget\" data-e-type=\"widget\" data-widget_type=\"heading.default\">\n\t\t\t\t\t<h6 class=\"elementor-heading-title elementor-size-default\">Implementation details<\/h6>\t\t\t\t<\/div>\n\t\t\t\t<div class=\"elementor-element elementor-element-6905e56 elementor-widget elementor-widget-text-editor\" data-id=\"6905e56\" data-element_type=\"widget\" data-e-type=\"widget\" data-widget_type=\"text-editor.default\">\n\t\t\t\t\t\t\t\t\t<ul><li><strong>Execution time:<\/strong> 7-14 working days (depending on complexity)<\/li><li><strong>Store availability:<\/strong> 100% - the store is running continuously throughout the process<\/li><li><strong>Warranty:<\/strong> Full technical support for 30 days after upgrade<\/li><li><strong>Additional work:<\/strong> Updating modules, changing template, upgrading PHP version - priced individually<\/li><\/ul>\t\t\t\t\t\t\t\t<\/div>\n\t\t\t\t<div class=\"elementor-element elementor-element-5a517ec elementor-widget elementor-widget-text-editor\" data-id=\"5a517ec\" data-element_type=\"widget\" data-e-type=\"widget\" data-widget_type=\"text-editor.default\">\n\t\t\t\t\t\t\t\t\t<p style=\"text-align: left;\"><strong>Additional notes<\/strong><br \/>Update <a href=\"https:\/\/prestashop.com\/\" title=\"PrestaShop\" target=\"_blank\" rel=\"noopener\">PrestaShop<\/a> focuses on the store system and its functionality. If your store also requires performance optimization, loading speed, or SEO improvement, we recommend considering additional optimization services.<br \/><br \/><em>A professional PrestaShop upgrade is an investment in the future of your online store. We provide a safe process, full support and satisfaction guarantee.<\/em><\/p>\t\t\t\t\t\t\t\t<\/div>\n\t\t\t\t\t<\/div>\n\t\t\t\t<\/div>\n\t\t\t\t<\/div>","protected":false},"excerpt":{"rendered":"Aktualizacja Prestashop &#8211; dlaczego warto zaktualizowa\u0107 sw\u00f3j sklep? Aktualizacja sklepu Presta Shop zapewnia wi\u0119ksze bezpiecze\u0144stwo, chroni\u0105c przed lukami i atakami. Nowe wersje oferuj\u0105 te\u017c lepsz\u0105 wydajno\u015b\u0107, zgodno\u015b\u0107 z aktualnymi technologiami","protected":false},"featured_media":5086,"comment_status":"open","ping_status":"closed","template":"","meta":{"powered_cache_disable_cache":false,"powered_cache_disable_css_optimization":false,"powered_cache_disable_js_optimization":false},"product_brand":[275],"product_cat":[129],"product_tag":[284,285,244],"class_list":{"0":"post-5083","1":"product","2":"type-product","3":"status-publish","4":"has-post-thumbnail","6":"product_brand-cocos","7":"product_cat-uslugi","8":"product_tag-aktualizacja","9":"product_tag-najnowsza-wersja-prestashop","10":"product_tag-prestashop","12":"first","13":"instock","14":"taxable","15":"shipping-taxable","16":"purchasable","17":"product-type-simple"},"_links":{"self":[{"href":"https:\/\/cocos.codes\/en\/wp-json\/wp\/v2\/product\/5083","targetHints":{"allow":["GET"]}}],"collection":[{"href":"https:\/\/cocos.codes\/en\/wp-json\/wp\/v2\/product"}],"about":[{"href":"https:\/\/cocos.codes\/en\/wp-json\/wp\/v2\/types\/product"}],"replies":[{"embeddable":true,"href":"https:\/\/cocos.codes\/en\/wp-json\/wp\/v2\/comments?post=5083"}],"version-history":[{"count":0,"href":"https:\/\/cocos.codes\/en\/wp-json\/wp\/v2\/product\/5083\/revisions"}],"wp:featuredmedia":[{"embeddable":true,"href":"https:\/\/cocos.codes\/en\/wp-json\/wp\/v2\/media\/5086"}],"wp:attachment":[{"href":"https:\/\/cocos.codes\/en\/wp-json\/wp\/v2\/media?parent=5083"}],"wp:term":[{"taxonomy":"product_brand","embeddable":true,"href":"https:\/\/cocos.codes\/en\/wp-json\/wp\/v2\/product_brand?post=5083"},{"taxonomy":"product_cat","embeddable":true,"href":"https:\/\/cocos.codes\/en\/wp-json\/wp\/v2\/product_cat?post=5083"},{"taxonomy":"product_tag","embeddable":true,"href":"https:\/\/cocos.codes\/en\/wp-json\/wp\/v2\/product_tag?post=5083"}],"curies":[{"name":"wp","href":"https:\/\/api.w.org\/{rel}","templated":true}]}}