{"id":44,"date":"2024-04-17T07:22:20","date_gmt":"2024-04-17T07:22:20","guid":{"rendered":"https:\/\/anvogue.presslayouts.com\/dummy\/?page_id=44"},"modified":"2025-08-31T11:51:05","modified_gmt":"2025-08-31T09:51:05","slug":"blog","status":"publish","type":"page","link":"https:\/\/cocos.codes\/de\/blog\/","title":{"rendered":"Blog"},"content":{"rendered":"<div data-elementor-type=\"wp-page\" data-elementor-id=\"44\" class=\"elementor elementor-44\">\n\t\t\t\t<div class=\"elementor-element elementor-element-a0b42fe e-flex e-con-boxed e-con e-parent\" data-id=\"a0b42fe\" data-element_type=\"container\" data-e-type=\"container\">\n\t\t\t\t\t<div class=\"e-con-inner\">\n\t\t\t\t<div class=\"elementor-element elementor-element-c7a2aa2 elementor-widget elementor-widget-pls-blog\" data-id=\"c7a2aa2\" data-element_type=\"widget\" data-e-type=\"widget\" data-widget_type=\"pls-blog.default\">\n\t\t\t\t<div class=\"elementor-widget-container\">\n\t\t\t\t\t<div id=\"section-24856\" class=\"pls-element pls-blog\">\n\t<div class=\"articles-list blog-listing read-more-link\">\n\n\n<article id=\"post-6090\" class=\"blog-post-loop  post-6090 post type-post status-publish format-standard has-post-thumbnail hentry category-artykuly tag-idosell tag-platformy-ecoomerce tag-prestashop tag-shoper tag-shopify tag-woocomerce\">\n\t\n\t<div class=\"entry-post\">\t\n\t<div class=\"entry-thumbnail-wrapper\">\n\t\t\n<div class=\"post-thumbnail\">\n\t<a href=\"https:\/\/cocos.codes\/de\/archiwa\/platformy-e-commerce-w-polsce-2026\/\" title=\"E-Commerce-Plattformen in Polen 2026 - Welches System w\u00e4hlen Sie f\u00fcr Ihren Online Shop?\"> <img loading=\"lazy\" decoding=\"async\" width=\"512\" height=\"512\" src=\"https:\/\/cocos.codes\/wp-content\/uploads\/2026\/01\/blog_platformy_ecommerce_w_polsce.png\" class=\"attachment-full size-full wp-post-image\" alt=\"Plattformen f\u00fcr den elektronischen Handel in Polen\" srcset=\"https:\/\/cocos.codes\/wp-content\/uploads\/2026\/01\/blog_platformy_ecommerce_w_polsce.png 512w, https:\/\/cocos.codes\/wp-content\/uploads\/2026\/01\/blog_platformy_ecommerce_w_polsce-320x320.png 320w, https:\/\/cocos.codes\/wp-content\/uploads\/2026\/01\/blog_platformy_ecommerce_w_polsce-150x150.png 150w, https:\/\/cocos.codes\/wp-content\/uploads\/2026\/01\/blog_platformy_ecommerce_w_polsce-12x12.png 12w, https:\/\/cocos.codes\/wp-content\/uploads\/2026\/01\/blog_platformy_ecommerce_w_polsce-500x500.png 500w\" sizes=\"(max-width: 512px) 100vw, 512px\" \/><\/a>\n<\/div>\t<\/div>\n\t\n\t<div class=\"entry-content-wrapper\">\n\t\t\n<header class=\"entry-header\">\n\n\t\t\t\n\t\t\n<div class=\"entry-category\">\t\n\t<span class=\"cat-links\"><a href=\"https:\/\/cocos.codes\/de\/kategoria\/artykuly\/\" title=\"Artikel\" rel=\"category tag\">Artikel<\/a> <\/span>\n<\/div><h2 class=\"entry-title\"><a href=\"https:\/\/cocos.codes\/de\/archiwa\/platformy-e-commerce-w-polsce-2026\/\" title=\"E-Commerce-Plattformen in Polen 2026 - Welches System w\u00e4hlen Sie f\u00fcr Ihren Online Shop?\" rel=\"bookmark\">E-Commerce-Plattformen in Polen 2026 - welches System w\u00e4hlen Sie f\u00fcr Ihren Online-Shop?<\/a><\/h2><div class=\"entry-meta\">\n\n\t\t\t\n\t\n\t\t\n\t\t\t\t<span class=\"author-link vcard\">\n\t\t\t\t\tum\t\t\t\t\t<a href=\"https:\/\/cocos.codes\/de\/author\/cocos\/\" title=\"Beitr\u00e4ge von COCOS.\" rel=\"author\">COCOS.<\/a>\t\t\t\t<\/span> \n\t\t\t\t\t\t\t\t\t\n\t\t\t\t<span class=\"posted-date\">\n\t\t\t\t\t<a href=\"https:\/\/cocos.codes\/de\/archiwa\/platformy-e-commerce-w-polsce-2026\/ \" title=\"Jan. 22, 2026\">Jan. 22, 2026<\/a>\n\t\t\t\t<\/span>\t\t\t\n\t\n\t\t\n\t\n<\/div>\t\n<\/header><!-- .entry-header -->\n<div class=\"entry-content\">\n\tE-Commerce-Plattformen in Polen 2026 - welches System w\u00e4hlen Sie f\u00fcr Ihren Online-Shop? Die Wahl der richtigen E-Commerce-Plattform in Polen ist eine der wichtigsten Entscheidungen beim Aufbau eines Online-Shops. In Polen haben wir\t\n<\/div>\n<div class=\"entry-footer\">\n\t\n<p class=\"read-more-btn\">\n\t<a href=\"https:\/\/cocos.codes\/de\/archiwa\/platformy-e-commerce-w-polsce-2026\/\" title=\"E-Commerce-Plattformen in Polen 2026 - Welches System w\u00e4hlen Sie f\u00fcr Ihren Online Shop?\" class=\"more-link\">Mehr lesen <\/a>\n<\/p><\/div>\t<\/div>\n\t\n\t<\/div>\t\t\n<\/article>\n\n\n\n<article id=\"post-5749\" class=\"blog-post-loop  post-5749 post type-post status-publish format-standard has-post-thumbnail hentry category-artykuly tag-cyberfolks tag-prestashop tag-przejecie tag-sprzedaz-prestashop\">\n\t\n\t<div class=\"entry-post\">\t\n\t<div class=\"entry-thumbnail-wrapper\">\n\t\t\n<div class=\"post-thumbnail\">\n\t<a href=\"https:\/\/cocos.codes\/de\/archiwa\/przejecie-prestashop-przez-cyber_folks\/\" title=\"\u00dcbernahme von PrestaShop durch Cyber_Folks f\u00fcr 53,7 Millionen Euro \u2013 Was bedeutet das f\u00fcr Shops und Entwickler?\"> <img loading=\"lazy\" decoding=\"async\" width=\"512\" height=\"512\" src=\"https:\/\/cocos.codes\/wp-content\/uploads\/2025\/12\/prestashop_przejecie_cyberfolks.png\" class=\"attachment-full size-full wp-post-image\" alt=\"\u00dcbernahme von PrestaShop\" srcset=\"https:\/\/cocos.codes\/wp-content\/uploads\/2025\/12\/prestashop_przejecie_cyberfolks.png 512w, https:\/\/cocos.codes\/wp-content\/uploads\/2025\/12\/prestashop_przejecie_cyberfolks-320x320.png 320w, https:\/\/cocos.codes\/wp-content\/uploads\/2025\/12\/prestashop_przejecie_cyberfolks-150x150.png 150w, https:\/\/cocos.codes\/wp-content\/uploads\/2025\/12\/prestashop_przejecie_cyberfolks-12x12.png 12w, https:\/\/cocos.codes\/wp-content\/uploads\/2025\/12\/prestashop_przejecie_cyberfolks-500x500.png 500w\" sizes=\"(max-width: 512px) 100vw, 512px\" \/><\/a>\n<\/div>\t<\/div>\n\t\n\t<div class=\"entry-content-wrapper\">\n\t\t\n<header class=\"entry-header\">\n\n\t\t\t\n\t\t\n<div class=\"entry-category\">\t\n\t<span class=\"cat-links\"><a href=\"https:\/\/cocos.codes\/de\/kategoria\/artykuly\/\" title=\"Artikel\" rel=\"category tag\">Artikel<\/a> <\/span>\n<\/div><h2 class=\"entry-title\"><a href=\"https:\/\/cocos.codes\/de\/archiwa\/przejecie-prestashop-przez-cyber_folks\/\" title=\"\u00dcbernahme von PrestaShop durch Cyber_Folks f\u00fcr 53,7 Millionen Euro \u2013 Was bedeutet das f\u00fcr Shops und Entwickler?\" rel=\"bookmark\">\u00dcbernahme von PrestaShop durch cyber_Folks f\u00fcr 53,7 Millionen Euro \u2013 was bedeutet das f\u00fcr Shops und Entwickler?<\/a><\/h2><div class=\"entry-meta\">\n\n\t\t\t\n\t\n\t\t\n\t\t\t\t<span class=\"author-link vcard\">\n\t\t\t\t\tum\t\t\t\t\t<a href=\"https:\/\/cocos.codes\/de\/author\/cocos\/\" title=\"Beitr\u00e4ge von COCOS.\" rel=\"author\">COCOS.<\/a>\t\t\t\t<\/span> \n\t\t\t\t\t\t\t\t\t\n\t\t\t\t<span class=\"posted-date\">\n\t\t\t\t\t<a href=\"https:\/\/cocos.codes\/de\/archiwa\/przejecie-prestashop-przez-cyber_folks\/ \" title=\"Dez. 11, 2025\">Dez. 11, 2025<\/a>\n\t\t\t\t<\/span>\t\t\t\n\t\n\t\t\n\t\n<\/div>\t\n<\/header><!-- .entry-header -->\n<div class=\"entry-content\">\n\tHistorische Transaktion \u2013 \u00dcbernahme von Presta Shop durch ein polnisches Unternehmen Der 11. Dezember 2025 wird als Tag in die Geschichte des polnischen E-Commerce eingehen, an dem ein polnisches Unternehmen in die \u201eerste Liga\u201d des weltweiten Handels aufgestiegen ist.\t\n<\/div>\n<div class=\"entry-footer\">\n\t\n<p class=\"read-more-btn\">\n\t<a href=\"https:\/\/cocos.codes\/de\/archiwa\/przejecie-prestashop-przez-cyber_folks\/\" title=\"\u00dcbernahme von PrestaShop durch Cyber_Folks f\u00fcr 53,7 Millionen Euro \u2013 Was bedeutet das f\u00fcr Shops und Entwickler?\" class=\"more-link\">Mehr lesen <\/a>\n<\/p><\/div>\t<\/div>\n\t\n\t<\/div>\t\t\n<\/article>\n\n\n\n<article id=\"post-5659\" class=\"blog-post-loop  post-5659 post type-post status-publish format-standard has-post-thumbnail hentry category-artykuly\">\n\t\n\t<div class=\"entry-post\">\t\n\t<div class=\"entry-thumbnail-wrapper\">\n\t\t\n<div class=\"post-thumbnail\">\n\t<a href=\"https:\/\/cocos.codes\/de\/archiwa\/prestashop-czy-woocommerce-porownanie-2026\/\" title=\"PrestaShop oder WooCommerce? Ein Vergleich f\u00fcr alle, die im Jahr 2026 ein Gesch\u00e4ft er\u00f6ffnen\"> <img loading=\"lazy\" decoding=\"async\" width=\"512\" height=\"512\" src=\"https:\/\/cocos.codes\/wp-content\/uploads\/2025\/12\/blog_prestashop_czy_wordpress.png\" class=\"attachment-full size-full wp-post-image\" alt=\"PrestaShop oder WooCommerce\" srcset=\"https:\/\/cocos.codes\/wp-content\/uploads\/2025\/12\/blog_prestashop_czy_wordpress.png 512w, https:\/\/cocos.codes\/wp-content\/uploads\/2025\/12\/blog_prestashop_czy_wordpress-320x320.png 320w, https:\/\/cocos.codes\/wp-content\/uploads\/2025\/12\/blog_prestashop_czy_wordpress-150x150.png 150w, https:\/\/cocos.codes\/wp-content\/uploads\/2025\/12\/blog_prestashop_czy_wordpress-12x12.png 12w, https:\/\/cocos.codes\/wp-content\/uploads\/2025\/12\/blog_prestashop_czy_wordpress-500x500.png 500w\" sizes=\"(max-width: 512px) 100vw, 512px\" \/><\/a>\n<\/div>\t<\/div>\n\t\n\t<div class=\"entry-content-wrapper\">\n\t\t\n<header class=\"entry-header\">\n\n\t\t\t\n\t\t\n<div class=\"entry-category\">\t\n\t<span class=\"cat-links\"><a href=\"https:\/\/cocos.codes\/de\/kategoria\/artykuly\/\" title=\"Artikel\" rel=\"category tag\">Artikel<\/a> <\/span>\n<\/div><h2 class=\"entry-title\"><a href=\"https:\/\/cocos.codes\/de\/archiwa\/prestashop-czy-woocommerce-porownanie-2026\/\" title=\"PrestaShop oder WooCommerce? Ein Vergleich f\u00fcr alle, die im Jahr 2026 ein Gesch\u00e4ft er\u00f6ffnen\" rel=\"bookmark\">PrestaShop oder WooCommerce? Ein Vergleich f\u00fcr alle, die im Jahr 2026 ein Gesch\u00e4ft er\u00f6ffnen<\/a><\/h2><div class=\"entry-meta\">\n\n\t\t\t\n\t\n\t\t\n\t\t\t\t<span class=\"author-link vcard\">\n\t\t\t\t\tum\t\t\t\t\t<a href=\"https:\/\/cocos.codes\/de\/author\/cocos\/\" title=\"Beitr\u00e4ge von COCOS.\" rel=\"author\">COCOS.<\/a>\t\t\t\t<\/span> \n\t\t\t\t\t\t\t\t\t\n\t\t\t\t<span class=\"posted-date\">\n\t\t\t\t\t<a href=\"https:\/\/cocos.codes\/de\/archiwa\/prestashop-czy-woocommerce-porownanie-2026\/ \" title=\"Dez. 8, 2025\">Dez. 8, 2025<\/a>\n\t\t\t\t<\/span>\t\t\t\n\t\n\t\t\n\t\n<\/div>\t\n<\/header><!-- .entry-header -->\n<div class=\"entry-content\">\n\tPresta Shop oder Woo Commerce? ein umfassender Vergleich von E-Commerce-Plattformen Die Wahl der richtigen E-Commerce-Plattform ist eine der wichtigsten Entscheidungen beim Aufbau eines Online-Shops. Die beiden beliebtesten kostenlosen Plattformen - Presta Shop und Woo\t\n<\/div>\n<div class=\"entry-footer\">\n\t\n<p class=\"read-more-btn\">\n\t<a href=\"https:\/\/cocos.codes\/de\/archiwa\/prestashop-czy-woocommerce-porownanie-2026\/\" title=\"PrestaShop oder WooCommerce? Ein Vergleich f\u00fcr alle, die im Jahr 2026 ein Gesch\u00e4ft er\u00f6ffnen\" class=\"more-link\">Mehr lesen <\/a>\n<\/p><\/div>\t<\/div>\n\t\n\t<\/div>\t\t\n<\/article>\n\n\n\n<article id=\"post-5641\" class=\"blog-post-loop  post-5641 post type-post status-publish format-standard has-post-thumbnail hentry category-artykuly tag-autopay tag-paypal tag-payu tag-porownanie tag-stripe tag-systemy-platnosci tag-tpay\">\n\t\n\t<div class=\"entry-post\">\t\n\t<div class=\"entry-thumbnail-wrapper\">\n\t\t\n<div class=\"post-thumbnail\">\n\t<a href=\"https:\/\/cocos.codes\/de\/archiwa\/porownanie-systemow-platnosci-dla-sklepow\/\" title=\"Vergleich der Zahlungssysteme f\u00fcr Online-Shops 2025\"> <img loading=\"lazy\" decoding=\"async\" width=\"512\" height=\"512\" src=\"https:\/\/cocos.codes\/wp-content\/uploads\/2025\/11\/blog_porwnanie_systemow_platnosci.png\" class=\"attachment-full size-full wp-post-image\" alt=\"Vergleich der Zahlungssysteme f\u00fcr Online-Shops\" srcset=\"https:\/\/cocos.codes\/wp-content\/uploads\/2025\/11\/blog_porwnanie_systemow_platnosci.png 512w, https:\/\/cocos.codes\/wp-content\/uploads\/2025\/11\/blog_porwnanie_systemow_platnosci-320x320.png 320w, https:\/\/cocos.codes\/wp-content\/uploads\/2025\/11\/blog_porwnanie_systemow_platnosci-150x150.png 150w, https:\/\/cocos.codes\/wp-content\/uploads\/2025\/11\/blog_porwnanie_systemow_platnosci-12x12.png 12w, https:\/\/cocos.codes\/wp-content\/uploads\/2025\/11\/blog_porwnanie_systemow_platnosci-500x500.png 500w\" sizes=\"(max-width: 512px) 100vw, 512px\" \/><\/a>\n<\/div>\t<\/div>\n\t\n\t<div class=\"entry-content-wrapper\">\n\t\t\n<header class=\"entry-header\">\n\n\t\t\t\n\t\t\n<div class=\"entry-category\">\t\n\t<span class=\"cat-links\"><a href=\"https:\/\/cocos.codes\/de\/kategoria\/artykuly\/\" title=\"Artikel\" rel=\"category tag\">Artikel<\/a> <\/span>\n<\/div><h2 class=\"entry-title\"><a href=\"https:\/\/cocos.codes\/de\/archiwa\/porownanie-systemow-platnosci-dla-sklepow\/\" title=\"Vergleich der Zahlungssysteme f\u00fcr Online-Shops 2025\" rel=\"bookmark\">Vergleich der Zahlungssysteme f\u00fcr Online-Shops 2025<\/a><\/h2><div class=\"entry-meta\">\n\n\t\t\t\n\t\n\t\t\n\t\t\t\t<span class=\"author-link vcard\">\n\t\t\t\t\tum\t\t\t\t\t<a href=\"https:\/\/cocos.codes\/de\/author\/cocos\/\" title=\"Beitr\u00e4ge von COCOS.\" rel=\"author\">COCOS.<\/a>\t\t\t\t<\/span> \n\t\t\t\t\t\t\t\t\t\n\t\t\t\t<span class=\"posted-date\">\n\t\t\t\t\t<a href=\"https:\/\/cocos.codes\/de\/archiwa\/porownanie-systemow-platnosci-dla-sklepow\/ \" title=\"Nov. 12, 2025\">Nov. 12, 2025<\/a>\n\t\t\t\t<\/span>\t\t\t\n\t\n\t\t\n\t\n<\/div>\t\n<\/header><!-- .entry-header -->\n<div class=\"entry-content\">\n\tDie Wahl des richtigen Zahlungssystems ist eine der wichtigsten Entscheidungen beim Start eines Online-Shops. In diesem Artikel haben wir einen Vergleich von Zahlungssystemen f\u00fcr Online-Shops vorbereitet, die f\u00fcr die Word Press-Plattform (Woo Commerce) verf\u00fcgbar sind\t\n<\/div>\n<div class=\"entry-footer\">\n\t\n<p class=\"read-more-btn\">\n\t<a href=\"https:\/\/cocos.codes\/de\/archiwa\/porownanie-systemow-platnosci-dla-sklepow\/\" title=\"Vergleich der Zahlungssysteme f\u00fcr Online-Shops 2025\" class=\"more-link\">Mehr lesen <\/a>\n<\/p><\/div>\t<\/div>\n\t\n\t<\/div>\t\t\n<\/article>\n\n\n\n<article id=\"post-5597\" class=\"blog-post-loop  post-5597 post type-post status-publish format-standard has-post-thumbnail hentry category-artykuly tag-demo tag-prestashop\">\n\t\n\t<div class=\"entry-post\">\t\n\t<div class=\"entry-thumbnail-wrapper\">\n\t\t\n<div class=\"post-thumbnail\">\n\t<a href=\"https:\/\/cocos.codes\/de\/archiwa\/demo-prestashop-online-testuj-rozne-wersje\/\" title=\"\"> <img loading=\"lazy\" decoding=\"async\" width=\"512\" height=\"512\" src=\"https:\/\/cocos.codes\/wp-content\/uploads\/2025\/10\/blog_demo_prestashop.png\" class=\"attachment-full size-full wp-post-image\" alt=\"PrestaShop-Demo\" srcset=\"https:\/\/cocos.codes\/wp-content\/uploads\/2025\/10\/blog_demo_prestashop.png 512w, https:\/\/cocos.codes\/wp-content\/uploads\/2025\/10\/blog_demo_prestashop-320x320.png 320w, https:\/\/cocos.codes\/wp-content\/uploads\/2025\/10\/blog_demo_prestashop-150x150.png 150w, https:\/\/cocos.codes\/wp-content\/uploads\/2025\/10\/blog_demo_prestashop-12x12.png 12w, https:\/\/cocos.codes\/wp-content\/uploads\/2025\/10\/blog_demo_prestashop-500x500.png 500w\" sizes=\"(max-width: 512px) 100vw, 512px\" \/><\/a>\n<\/div>\t<\/div>\n\t\n\t<div class=\"entry-content-wrapper\">\n\t\t\n<header class=\"entry-header\">\n\n\t\t\t\n\t\t\n<div class=\"entry-category\">\t\n\t<span class=\"cat-links\"><a href=\"https:\/\/cocos.codes\/de\/kategoria\/artykuly\/\" title=\"Artikel\" rel=\"category tag\">Artikel<\/a> <\/span>\n<\/div><h2 class=\"entry-title\"><a href=\"https:\/\/cocos.codes\/de\/archiwa\/demo-prestashop-online-testuj-rozne-wersje\/\" title=\"\" rel=\"bookmark\">PrestaShop Online Demo - Testen Sie verschiedene Versionen (1.6, 1.7, 8.0, 9.0) ohne Installation<\/a><\/h2><div class=\"entry-meta\">\n\n\t\t\t\n\t\n\t\t\n\t\t\t\t<span class=\"author-link vcard\">\n\t\t\t\t\tum\t\t\t\t\t<a href=\"https:\/\/cocos.codes\/de\/author\/cocos\/\" title=\"Beitr\u00e4ge von COCOS.\" rel=\"author\">COCOS.<\/a>\t\t\t\t<\/span> \n\t\t\t\t\t\t\t\t\t\n\t\t\t\t<span class=\"posted-date\">\n\t\t\t\t\t<a href=\"https:\/\/cocos.codes\/de\/archiwa\/demo-prestashop-online-testuj-rozne-wersje\/ \" title=\"Okt. 29, 2025\">Okt. 29, 2025<\/a>\n\t\t\t\t<\/span>\t\t\t\n\t\n\t\t\n\t\n<\/div>\t\n<\/header><!-- .entry-header -->\n<div class=\"entry-content\">\n\tWas ist eine Presta Shop Demo und warum sollten Sie sie testen? Presta Shop ist eine der beliebtesten E-Commerce-L\u00f6sungen auf dem Markt. Bevor Sie dieses System auf Ihrer eigenen Website implementieren, lohnt es sich, seine F\u00e4higkeiten zu testen\t\n<\/div>\n<div class=\"entry-footer\">\n\t\n<p class=\"read-more-btn\">\n\t<a href=\"https:\/\/cocos.codes\/de\/archiwa\/demo-prestashop-online-testuj-rozne-wersje\/\" title=\"\" class=\"more-link\">Mehr lesen <\/a>\n<\/p><\/div>\t<\/div>\n\t\n\t<\/div>\t\t\n<\/article>\n\n\t<\/div>\n\t\t<nav class=\"pls-pagination\">\n\t\t\t<ul class='page-numbers'>\n\t<li><span aria-label=\"Seite 1\" aria-current=\"page\" class=\"page-numbers current\" data-no-translation-aria-label=\"\">1<\/span><\/li>\n\t<li><a aria-label=\"Seite 2\" class=\"page-numbers\" href=\"https:\/\/cocos.codes\/de\/wp-json\/wp\/v2\/pages\/44\/page\/2\/\" title=\"2\" data-no-translation-aria-label=\"\">2<\/a><\/li>\n\t<li><a aria-label=\"Seite 3\" class=\"page-numbers\" href=\"https:\/\/cocos.codes\/de\/wp-json\/wp\/v2\/pages\/44\/page\/3\/\" title=\"3\" data-no-translation-aria-label=\"\">3<\/a><\/li>\n\t<li><a class=\"next page-numbers\" href=\"https:\/\/cocos.codes\/de\/wp-json\/wp\/v2\/pages\/44\/page\/2\/\" title=\"2\">Next<\/a><\/li>\n<\/ul>\n\t\t<\/nav>\n\t<\/div>\t\t\t\t<\/div>\n\t\t\t\t<\/div>\n\t\t\t\t\t<\/div>\n\t\t\t\t<\/div>\n\t\t\t\t<\/div>","protected":false},"excerpt":{"rendered":"Was ist eine Presta Shop Demo und warum sollten Sie sie testen? Presta Shop ist eine der beliebtesten E-Commerce-L\u00f6sungen auf dem Markt. Bevor Sie dieses System auf Ihrer eigenen Website implementieren, lohnt es sich, seine F\u00e4higkeiten zu testen","protected":false},"author":1,"featured_media":0,"parent":0,"menu_order":0,"comment_status":"closed","ping_status":"closed","template":"","meta":{"powered_cache_disable_cache":false,"powered_cache_disable_css_optimization":false,"powered_cache_disable_js_optimization":false,"footnotes":""},"class_list":["post-44","page","type-page","status-publish","hentry"],"_links":{"self":[{"href":"https:\/\/cocos.codes\/de\/wp-json\/wp\/v2\/pages\/44","targetHints":{"allow":["GET"]}}],"collection":[{"href":"https:\/\/cocos.codes\/de\/wp-json\/wp\/v2\/pages"}],"about":[{"href":"https:\/\/cocos.codes\/de\/wp-json\/wp\/v2\/types\/page"}],"author":[{"embeddable":true,"href":"https:\/\/cocos.codes\/de\/wp-json\/wp\/v2\/users\/1"}],"replies":[{"embeddable":true,"href":"https:\/\/cocos.codes\/de\/wp-json\/wp\/v2\/comments?post=44"}],"version-history":[{"count":0,"href":"https:\/\/cocos.codes\/de\/wp-json\/wp\/v2\/pages\/44\/revisions"}],"wp:attachment":[{"href":"https:\/\/cocos.codes\/de\/wp-json\/wp\/v2\/media?parent=44"}],"curies":[{"name":"wp","href":"https:\/\/api.w.org\/{rel}","templated":true}]}}