{"id":39,"date":"2024-04-17T07:16:25","date_gmt":"2024-04-17T07:16:25","guid":{"rendered":"https:\/\/anvogue.presslayouts.com\/dummy\/?page_id=39"},"modified":"2026-04-03T19:35:10","modified_gmt":"2026-04-03T17:35:10","slug":"kontakt","status":"publish","type":"page","link":"https:\/\/cocos.codes\/de\/kontakt\/","title":{"rendered":"Kontakt"},"content":{"rendered":"<div data-elementor-type=\"wp-page\" data-elementor-id=\"39\" class=\"elementor elementor-39\">\n\t\t\t\t<div class=\"elementor-element elementor-element-cea4646 e-flex e-con-boxed e-con e-parent\" data-id=\"cea4646\" data-element_type=\"container\" data-e-type=\"container\">\n\t\t\t\t\t<div class=\"e-con-inner\">\n\t\t<div class=\"elementor-element elementor-element-35805f5 e-con-full e-flex e-con e-child\" data-id=\"35805f5\" data-element_type=\"container\" data-e-type=\"container\">\n\t\t\t\t<div class=\"elementor-element elementor-element-9257ffa elementor-widget elementor-widget-pls-heading\" data-id=\"9257ffa\" data-element_type=\"widget\" data-e-type=\"widget\" data-widget_type=\"pls-heading.default\">\n\t\t\t\t<div class=\"elementor-widget-container\">\n\t\t\t\t\t<div id=\"pls-header-49771\" class=\"pls-element pls-heading pls-text-left separator-none\">\t\n\t\t\t\n\t\t\t<div class=\"heading-wrap\">\n\t\t\t<span class=\"separator-left\"><\/span>\n\t\t\t<h2 class=\"heading-title\">Schreiben Sie uns<\/h2>\t\t\t<span class=\"separator-right\"><\/span>\n\t\t\t\t\t<\/div>\n\t\t\n    \t\t<div class=\"heading-tagline\"> Verwenden Sie das nachstehende Formular, um mit dem Vertriebsteam Kontakt aufzunehmen <\/div>\n\t<\/div>\t\t\t\t<\/div>\n\t\t\t\t<\/div>\n\t\t\t\t<div class=\"elementor-element elementor-element-22e5ae3 elementor-widget elementor-widget-pls-contactus\" data-id=\"22e5ae3\" data-element_type=\"widget\" data-e-type=\"widget\" data-widget_type=\"pls-contactus.default\">\n\t\t\t\t<div class=\"elementor-widget-container\">\n\t\t\t\t\t<div class=\"pls-element pls-contact-us\">\n\t\n<div class=\"wpcf7 no-js\" id=\"wpcf7-f1876-o1\" lang=\"pl-PL\" dir=\"ltr\" data-wpcf7-id=\"1876\">\n<div class=\"screen-reader-response\"><p role=\"status\" aria-live=\"polite\" aria-atomic=\"true\"><\/p> <ul><\/ul><\/div>\n<form action=\"\/de\/wp-json\/wp\/v2\/pages\/39#wpcf7-f1876-o1\" method=\"post\" class=\"wpcf7-form init\" aria-label=\"Kontakt-Formular\" novalidate=\"novalidate\" data-status=\"init\" data-trp-original-action=\"\/de\/wp-json\/wp\/v2\/pages\/39#wpcf7-f1876-o1\">\n<fieldset class=\"hidden-fields-container\"><input type=\"hidden\" name=\"_wpcf7\" value=\"1876\" \/><input type=\"hidden\" name=\"_wpcf7_version\" value=\"6.1.5\" \/><input type=\"hidden\" name=\"_wpcf7_locale\" value=\"pl_PL\" \/><input type=\"hidden\" name=\"_wpcf7_unit_tag\" value=\"wpcf7-f1876-o1\" \/><input type=\"hidden\" name=\"_wpcf7_container_post\" value=\"0\" \/><input type=\"hidden\" name=\"_wpcf7_posted_data_hash\" value=\"\" \/>\n<\/fieldset>\n<div class=\"row\">\n\t<div class=\"col-12 col-md-6\">\n\t\t<p><span class=\"wpcf7-form-control-wrap\" data-name=\"your-name\"><input size=\"40\" maxlength=\"400\" class=\"wpcf7-form-control wpcf7-text wpcf7-validates-as-required\" aria-required=\"true\" aria-invalid=\"false\" placeholder=\"Ihr Name*\" value=\"\" type=\"text\" name=\"your-name\" \/><\/span>\n\t\t<\/p>\n\t<\/div>\n\t<div class=\"col-12 col-md-6\">\n\t\t<p><span class=\"wpcf7-form-control-wrap\" data-name=\"your-email\"><input size=\"40\" maxlength=\"400\" class=\"wpcf7-form-control wpcf7-email wpcf7-validates-as-required wpcf7-text wpcf7-validates-as-email\" autocomplete=\"email\" aria-required=\"true\" aria-invalid=\"false\" placeholder=\"Ihre E-Mail Adresse*\" value=\"\" type=\"email\" name=\"your-email\" \/><\/span>\n\t\t<\/p>\n\t<\/div>\n\t<div class=\"col-12\">\n\t\t<p><span class=\"wpcf7-form-control-wrap\" data-name=\"your-subject\"><input size=\"40\" maxlength=\"400\" class=\"wpcf7-form-control wpcf7-text wpcf7-validates-as-required\" aria-required=\"true\" aria-invalid=\"false\" placeholder=\"Thema\" value=\"\" type=\"text\" name=\"your-subject\" \/><\/span>\n\t\t<\/p>\n\t<\/div>\n\t<div class=\"col-12\">\n\t\t<p><span class=\"wpcf7-form-control-wrap\" data-name=\"your-message\"><textarea cols=\"40\" rows=\"10\" maxlength=\"2000\" class=\"wpcf7-form-control wpcf7-textarea\" aria-invalid=\"false\" placeholder=\"Ihre Nachricht*\" name=\"your-message\"><\/textarea><\/span>\n\t\t<\/p>\n\t<\/div>\n\t<div class=\"col-12\">\n\t\t<p><input class=\"wpcf7-form-control wpcf7-submit has-spinner\" type=\"submit\" value=\"Senden Sie\" \/>\n\t\t<\/p>\n\t<\/div>\n<\/div><div style=\"position: absolute; left: -9999px; opacity: 0;\"><label for=\"cc_website_url\">Zostaw to pole puste<\/label><input type=\"text\" name=\"cc_website_url\" id=\"cc_website_url\" value=\"\" tabindex=\"-1\" autocomplete=\"off\"><\/div><div class=\"wpcf7-response-output\" aria-hidden=\"true\"><\/div>\n<input type=\"hidden\" name=\"trp-form-language\" value=\"de\"\/><\/form>\n<\/div>\n<\/div>\t\t\t\t<\/div>\n\t\t\t\t<\/div>\n\t\t\t\t<\/div>\n\t\t<div class=\"elementor-element elementor-element-50b77f9 e-con-full e-flex e-con e-child\" data-id=\"50b77f9\" data-element_type=\"container\" data-e-type=\"container\">\n\t\t\t\t<div class=\"elementor-element elementor-element-2449c06 elementor-widget elementor-widget-pls-contact-info\" data-id=\"2449c06\" data-element_type=\"widget\" data-e-type=\"widget\" data-widget_type=\"pls-contact-info.default\">\n\t\t\t\t<div class=\"elementor-widget-container\">\n\t\t\t\t\t<div id=\"pls-contact-info-54411\" class=\"pls-element pls-contact-info\">\n\n\t<h4 class=\"pls-contact-info-title\">Kontaktangaben<\/h4><div class=\"pls-contact-info-description\">Setzen Sie sich mit uns in Verbindung und wir werden gemeinsam die beste L\u00f6sung f\u00fcr Ihre Bed\u00fcrfnisse finden - wir sind die ganze Woche \u00fcber f\u00fcr Sie da.\n<\/div>\t\t<ul class=\"pls-contact-info-data\">\n\t\t\t<li><span class=\"pls-contact-info-label\"><b>E-Mail:<\/b><\/span><span class=\"pls-contact-info-text\"><a href=\"mailto:contact@cocos.codes\" title=\"Contact@cocos.codes\">contact@cocos.codes<\/a><\/span><\/li><li><span class=\"pls-contact-info-label\"><b>Telefon:<\/b><\/span><span class=\"pls-contact-info-text\"><a href=\"tel:0048888765431\" title=\"+48 888-765-431\" id=\"cc-contact-number\">+48 888-765-431<\/a><\/span><\/li><li><span class=\"pls-contact-info-label\">&nbsp;<\/span><\/li><li><span class=\"pls-contact-info-label\"><b>MONTOWNIA STRON SP. Z O.O.<\/b><\/span><\/li><li><span class=\"pls-contact-info-label\"><b>Adresse<\/b><\/span><span class=\"pls-contact-info-text\">Szlak 77\/222, 31-153 Krak\u00f3w, POLEN<\/span><\/li><li><span class=\"pls-contact-info-label\"><b>NIP<\/b><\/span><span class=\"pls-contact-info-text\">6762586792<\/span><\/li>\t\t<\/ul>\n\t<\/div>\t\t\t\t<\/div>\n\t\t\t\t<\/div>\n\t\t\t\t<div class=\"elementor-element elementor-element-33807cd elementor-widget elementor-widget-pls-contact-info\" data-id=\"33807cd\" data-element_type=\"widget\" data-e-type=\"widget\" data-widget_type=\"pls-contact-info.default\">\n\t\t\t\t<div class=\"elementor-widget-container\">\n\t\t\t\t\t<div id=\"pls-contact-info-35995\" class=\"pls-element pls-contact-info\">\n\n\t<h4 class=\"pls-contact-info-title\">Die \u00d6ffnungszeiten<\/h4>\t\t<ul class=\"pls-contact-info-data\">\n\t\t\t<li><span class=\"pls-contact-info-label\"><b>Mo - Fr:<\/b><\/span><span class=\"pls-contact-info-text\">10:00 - 18:00<\/span><\/li><li><span class=\"pls-contact-info-label\"><b>Samstag:<\/b><\/span><span class=\"pls-contact-info-text\">12:00 - 16:00<\/span><\/li><li><span class=\"pls-contact-info-label\"><b>Sonntag:<\/b><\/span><span class=\"pls-contact-info-text\">12:00 - 16:00<\/span><\/li>\t\t<\/ul>\n\t<\/div>\t\t\t\t<\/div>\n\t\t\t\t<\/div>\n\t\t\t\t<\/div>\n\t\t\t\t\t<\/div>\n\t\t\t\t<\/div>\n\t\t\t\t<\/div>","protected":false},"excerpt":{"rendered":"Napisz do nas Skorzystaj z poni\u017cszego formularza, aby skontaktowa\u0107 si\u0119 z zespo\u0142em sprzeda\u017cy Zostaw to pole puste Dane kontatowe Skontaktuj si\u0119 z nami, a wsp\u00f3lnie znajdziemy najlepsze rozwi\u0105zanie dla Twoich","protected":false},"author":1,"featured_media":0,"parent":0,"menu_order":0,"comment_status":"closed","ping_status":"closed","template":"","meta":{"powered_cache_disable_cache":false,"powered_cache_disable_css_optimization":false,"powered_cache_disable_js_optimization":false,"footnotes":""},"class_list":["post-39","page","type-page","status-publish","hentry"],"_links":{"self":[{"href":"https:\/\/cocos.codes\/de\/wp-json\/wp\/v2\/pages\/39","targetHints":{"allow":["GET"]}}],"collection":[{"href":"https:\/\/cocos.codes\/de\/wp-json\/wp\/v2\/pages"}],"about":[{"href":"https:\/\/cocos.codes\/de\/wp-json\/wp\/v2\/types\/page"}],"author":[{"embeddable":true,"href":"https:\/\/cocos.codes\/de\/wp-json\/wp\/v2\/users\/1"}],"replies":[{"embeddable":true,"href":"https:\/\/cocos.codes\/de\/wp-json\/wp\/v2\/comments?post=39"}],"version-history":[{"count":0,"href":"https:\/\/cocos.codes\/de\/wp-json\/wp\/v2\/pages\/39\/revisions"}],"wp:attachment":[{"href":"https:\/\/cocos.codes\/de\/wp-json\/wp\/v2\/media?parent=39"}],"curies":[{"name":"wp","href":"https:\/\/api.w.org\/{rel}","templated":true}]}}