{"id":38,"date":"2024-04-17T07:15:52","date_gmt":"2024-04-17T07:15:52","guid":{"rendered":"https:\/\/anvogue.presslayouts.com\/dummy\/?page_id=38"},"modified":"2026-04-03T19:36:59","modified_gmt":"2026-04-03T17:36:59","slug":"uber-uns","status":"publish","type":"page","link":"https:\/\/cocos.codes\/de\/o-nas\/","title":{"rendered":"\u00dcber uns"},"content":{"rendered":"<div data-elementor-type=\"wp-page\" data-elementor-id=\"38\" class=\"elementor elementor-38\">\n\t\t\t\t<div class=\"elementor-element elementor-element-771f7c3 e-flex e-con-boxed e-con e-parent\" data-id=\"771f7c3\" data-element_type=\"container\" data-e-type=\"container\">\n\t\t\t\t\t<div class=\"e-con-inner\">\n\t\t\t\t<div class=\"elementor-element elementor-element-d5bacec elementor-widget elementor-widget-pls-heading\" data-id=\"d5bacec\" data-element_type=\"widget\" data-e-type=\"widget\" data-widget_type=\"pls-heading.default\">\n\t\t\t\t<div class=\"elementor-widget-container\">\n\t\t\t\t\t<div id=\"pls-header-69692\" class=\"pls-element pls-heading pls-text-center separator-none\">\t\n\t\t\t\n\t\t\t<div class=\"heading-wrap\">\n\t\t\t<span class=\"separator-left\"><\/span>\n\t\t\t<h2 class=\"heading-title\">COCOS. - Wir tanken Ihr Gesch\u00e4ft! \ud83d\ude80<\/h2>\t\t\t<span class=\"separator-right\"><\/span>\n\t\t\t\t\t<\/div>\n\t\t\n    \t\t<div class=\"heading-tagline\"> <p>\n    Wir sind ein Team von Enthusiasten, die sich seit Jahren mit der Gestaltung von <strong>PrestaShop- und WordPress-Module<\/strong> - modern, funktionell und vollst\u00e4ndig f\u00fcr den elektronischen Handel optimiert.\n    Wir schaffen L\u00f6sungen, die Intuitivit\u00e4t, Leistung und die Einhaltung der neuesten Standards kombinieren. Deshalb unterst\u00fctzen unsere Erweiterungen die Entwicklung Ihres Online-Shops wirklich.\n  <\/p>\n\n  <p>\n    <strong>PrestaShop-Module<\/strong> sind erh\u00e4ltlich in unserem <a href=\"https:\/\/cocos.codes\/de\/produktkategorie\/module\/prestashop\/\" title=\"Dedizierte Kategorie\" style=\"text-decoration:underline\">eine eigene Kategorie<\/a>, a <strong>WordPress-Module<\/strong> finden. <a href=\"https:\/\/cocos.codes\/de\/produktkategorie\/module\/wordpress\/\" title=\"Hier\" style=\"text-decoration:underline\">hier<\/a>.\n    Dar\u00fcber hinaus sind unsere L\u00f6sungen kompatibel mit <a href=\"https:\/\/www.prestashop.com\/pl\" title=\"PrestaShop Offizielle Richtlinien\" target=\"_blank\" rel=\"noopener noreferrer\">die offiziellen PrestaShop-Leitlinien<\/a> i \n    <a href=\"https:\/\/wordpress.org\/\" title=\"WordPress.org\" target=\"_blank\" rel=\"noopener noreferrer\">WordPress.org<\/a>Sie k\u00f6nnen also sicher sein, dass sie zuverl\u00e4ssig sind.\n  <\/p>\n\n  <p>\n    Unser Ziel ist es, E-Commerce-Tools zu entwickeln, die Shops helfen, schneller zu wachsen, Zeit zu sparen und den Umsatz zu steigern.\n    Dank <strong>PrestaShop- und WordPress-Module<\/strong>l\u00e4uft Ihr Gesch\u00e4ft besser, schneller und effizienter.\n  <\/p>\n\n  <p>\n    Wenn Sie wollen, dass Ihr elektronischer Handel besser funktioniert, <a href=\"https:\/\/cocos.codes\/de\/produktkategorie\/module\/\" title=\"Pr\u00fcfen Sie unsere L\u00f6sungen\" style=\"text-decoration:underline\">Pr\u00fcfen Sie unsere L\u00f6sungen<\/a> und finden Sie heraus, wie wir Ihnen helfen k\u00f6nnen. \ud83d\udcc8\n  <\/p> <\/div>\n\t<\/div>\t\t\t\t<\/div>\n\t\t\t\t<\/div>\n\t\t\t\t\t<\/div>\n\t\t\t\t<\/div>\n\t\t<div class=\"elementor-element elementor-element-d048d4a e-flex e-con-boxed e-con e-parent\" data-id=\"d048d4a\" data-element_type=\"container\" data-e-type=\"container\">\n\t\t\t\t\t<div class=\"e-con-inner\">\n\t\t<div class=\"elementor-element elementor-element-d4b2c61 e-con-full e-flex e-con e-child\" data-id=\"d4b2c61\" data-element_type=\"container\" data-e-type=\"container\">\n\t\t\t\t<div class=\"elementor-element elementor-element-7ab280f elementor-widget elementor-widget-pls-infobox\" data-id=\"7ab280f\" data-element_type=\"widget\" data-e-type=\"widget\" data-widget_type=\"pls-infobox.default\">\n\t\t\t\t<div class=\"elementor-widget-container\">\n\t\t\t\t\t<div id=\"pls-info-box-19743\" class=\"pls-element pls-info-box icon-effect-none icon-simple icon-top color-scheme-inherit hover-color-scheme-inherit text-center\">\n\t<div class=\"info-box-wrap\"  >\n\t\t<div class=\"box-icon-wrap\">\n\t\t\t\t\t\t\t<div class=\"info-box-icon\"><img decoding=\"async\" src=\"https:\/\/cocos.codes\/wp-content\/uploads\/2024\/04\/phone-call.svg\" alt=\"Kundendienst 7 Tage\"\/><\/div>\n\t\t\t\t\t<\/div>\n\t\t<div class=\"info-box-content\">\n\t\t\t\t\t\t\t\t\t\t<div class=\"info-box-title mb\" >\t\t\t\t\n\t\t\t\t\t<h4>Kundendienst 7 Tage<\/h4>\t\t\t\t\t\n\t\t\t\t<\/div>\n\t\t\t\t\t\t\t\t\t\t<div class=\"info-box-description mb\">\n\t\t\t\t\t<p>Wir sind hier, um zu helfen! Unser Support-Team steht Ihnen 7 Tage die Woche zur Verf\u00fcgung, um Ihre Fragen zu beantworten und alle Probleme im Zusammenhang mit PrestaShop und WordPress zu l\u00f6sen. \ud83d\udcac\u2728<\/p>\n\t\t\t\t<\/div>\n\t\t\t\t\t<\/div>\n\t<\/div>\n<\/div>\t\t\t\t<\/div>\n\t\t\t\t<\/div>\n\t\t\t\t<\/div>\n\t\t<div class=\"elementor-element elementor-element-7f2e9da e-con-full e-flex e-con e-child\" data-id=\"7f2e9da\" data-element_type=\"container\" data-e-type=\"container\">\n\t\t\t\t<div class=\"elementor-element elementor-element-d71133a elementor-widget elementor-widget-pls-infobox\" data-id=\"d71133a\" data-element_type=\"widget\" data-e-type=\"widget\" data-widget_type=\"pls-infobox.default\">\n\t\t\t\t<div class=\"elementor-widget-container\">\n\t\t\t\t\t<div id=\"pls-info-box-98145\" class=\"pls-element pls-info-box icon-effect-none icon-simple icon-top color-scheme-inherit hover-color-scheme-inherit text-center\">\n\t<div class=\"info-box-wrap\"  >\n\t\t<div class=\"box-icon-wrap\">\n\t\t\t\t\t\t\t<div class=\"info-box-icon\"><img decoding=\"async\" src=\"https:\/\/cocos.codes\/wp-content\/uploads\/2024\/04\/return.svg\" alt=\"Befriedigung oder R\u00fcckgabe\"\/><\/div>\n\t\t\t\t\t<\/div>\n\t\t<div class=\"info-box-content\">\n\t\t\t\t\t\t\t\t\t\t<div class=\"info-box-title mb\" >\t\t\t\t\n\t\t\t\t\t<h4>Befriedigung oder R\u00fcckgabe<\/h4>\t\t\t\t\t\n\t\t\t\t<\/div>\n\t\t\t\t\t\t\t\t\t\t<div class=\"info-box-description mb\">\n\t\t\t\t\t<p>Ihre Zufriedenheit liegt uns am Herzen! Wenn das Modul nicht funktioniert, wird unser technisches Team alles tun, um es zu reparieren. Sollte dies nicht m\u00f6glich sein, erstatten wir Ihnen den vollen Betrag zur\u00fcck. \ud83d\udcbb\ud83d\udd27<\/p>\n\t\t\t\t<\/div>\n\t\t\t\t\t<\/div>\n\t<\/div>\n<\/div>\t\t\t\t<\/div>\n\t\t\t\t<\/div>\n\t\t\t\t<\/div>\n\t\t<div class=\"elementor-element elementor-element-1294777 e-con-full e-flex e-con e-child\" data-id=\"1294777\" data-element_type=\"container\" data-e-type=\"container\">\n\t\t\t\t<div class=\"elementor-element elementor-element-cf9acc1 elementor-widget elementor-widget-pls-infobox\" data-id=\"cf9acc1\" data-element_type=\"widget\" data-e-type=\"widget\" data-widget_type=\"pls-infobox.default\">\n\t\t\t\t<div class=\"elementor-widget-container\">\n\t\t\t\t\t<div id=\"pls-info-box-23444\" class=\"pls-element pls-info-box icon-effect-none icon-simple icon-top color-scheme-inherit hover-color-scheme-inherit text-center\">\n\t<div class=\"info-box-wrap\"  >\n\t\t<div class=\"box-icon-wrap\">\n\t\t\t\t\t\t\t<div class=\"info-box-icon\"><img decoding=\"async\" src=\"https:\/\/cocos.codes\/wp-content\/uploads\/2024\/04\/guarantee.svg\" alt=\"Unsere Garantie\"\/><\/div>\n\t\t\t\t\t<\/div>\n\t\t<div class=\"info-box-content\">\n\t\t\t\t\t\t\t\t\t\t<div class=\"info-box-title mb\" >\t\t\t\t\n\t\t\t\t\t<h4>Unsere Garantie<\/h4>\t\t\t\t\t\n\t\t\t\t<\/div>\n\t\t\t\t\t\t\t\t\t\t<div class=\"info-box-description mb\">\n\t\t\t\t\t<p>Wir stehen hinter unseren Produkten! Wir garantieren, dass unsere Module f\u00fcr PrestaShop und WordPress von h\u00f6chster Qualit\u00e4t sind. Ihr Komfort und Ihre Zufriedenheit ist unsere Priorit\u00e4t! \ud83d\udee1\ufe0f\u2728<\/p>\n\t\t\t\t<\/div>\n\t\t\t\t\t<\/div>\n\t<\/div>\n<\/div>\t\t\t\t<\/div>\n\t\t\t\t<\/div>\n\t\t\t\t<\/div>\n\t\t<div class=\"elementor-element elementor-element-e71b5e7 e-con-full e-flex e-con e-child\" data-id=\"e71b5e7\" data-element_type=\"container\" data-e-type=\"container\">\n\t\t\t\t<div class=\"elementor-element elementor-element-30ad0a3 elementor-widget elementor-widget-pls-infobox\" data-id=\"30ad0a3\" data-element_type=\"widget\" data-e-type=\"widget\" data-widget_type=\"pls-infobox.default\">\n\t\t\t\t<div class=\"elementor-widget-container\">\n\t\t\t\t\t<div id=\"pls-info-box-42675\" class=\"pls-element pls-info-box icon-effect-none icon-simple icon-top color-scheme-inherit hover-color-scheme-inherit text-center\">\n\t<div class=\"info-box-wrap\"  >\n\t\t<div class=\"box-icon-wrap\">\n\t\t\t\t\t\t\t<div class=\"info-box-icon\"><img decoding=\"async\" src=\"https:\/\/cocos.codes\/wp-content\/uploads\/2024\/04\/delivery-truck.svg\" alt=\"Weltweite Zustellung\"\/><\/div>\n\t\t\t\t\t<\/div>\n\t\t<div class=\"info-box-content\">\n\t\t\t\t\t\t\t\t\t\t<div class=\"info-box-title mb\" >\t\t\t\t\n\t\t\t\t\t<h4>Weltweite Zustellung<\/h4>\t\t\t\t\t\n\t\t\t\t<\/div>\n\t\t\t\t\t\t\t\t\t\t<div class=\"info-box-description mb\">\n\t\t\t\t\t<p>Wir liefern weltweit! Unsere Module erreichen jeden Winkel der Welt, damit Sie Ihren Online-Shop entwickeln k\u00f6nnen, egal wo Sie sind. \ud83d\ude9a\u2728<\/p>\n\t\t\t\t<\/div>\n\t\t\t\t\t<\/div>\n\t<\/div>\n<\/div>\t\t\t\t<\/div>\n\t\t\t\t<\/div>\n\t\t\t\t<\/div>\n\t\t\t\t\t<\/div>\n\t\t\t\t<\/div>\n\t\t<div class=\"elementor-element elementor-element-6f28df1 e-flex e-con-boxed e-con e-parent\" data-id=\"6f28df1\" data-element_type=\"container\" data-e-type=\"container\" data-settings=\"{&quot;background_background&quot;:&quot;classic&quot;}\">\n\t\t\t\t\t<div class=\"e-con-inner\">\n\t\t<div class=\"elementor-element elementor-element-ee7ba46 e-con-full e-flex e-con e-child\" data-id=\"ee7ba46\" data-element_type=\"container\" data-e-type=\"container\" data-settings=\"{&quot;background_background&quot;:&quot;classic&quot;}\">\n\t\t\t\t<div class=\"elementor-element elementor-element-f83d66f elementor-widget elementor-widget-pls-heading\" data-id=\"f83d66f\" data-element_type=\"widget\" data-e-type=\"widget\" data-widget_type=\"pls-heading.default\">\n\t\t\t\t<div class=\"elementor-widget-container\">\n\t\t\t\t\t<div id=\"pls-header-79697\" class=\"pls-element pls-heading pls-text-center separator-none\">\t\n\t\t\t\n\t\t\t<div class=\"heading-wrap\">\n\t\t\t<span class=\"separator-left\"><\/span>\n\t\t\t<h2 class=\"heading-title\">Registrieren Sie sich und erhalten Sie einen 10%-Rabatt<\/h2>\t\t\t<span class=\"separator-right\"><\/span>\n\t\t\t\t\t<\/div>\n\t\t\n    \t\t<div class=\"heading-tagline\"> Melden Sie sich an, um fr\u00fchzeitigen Zugang zu Verk\u00e4ufen, Neuigkeiten, Werbeaktionen und mehr zu erhalten.... <\/div>\n\t<\/div>\t\t\t\t<\/div>\n\t\t\t\t<\/div>\n\t\t\t\t<div class=\"elementor-element elementor-element-ebe579f elementor-widget elementor-widget-pls-newsletter\" data-id=\"ebe579f\" data-element_type=\"widget\" data-e-type=\"widget\" data-widget_type=\"pls-newsletter.default\">\n\t\t\t\t<div class=\"elementor-widget-container\">\n\t\t\t\t\t<div class=\"pls-element pls-newsletter overlay-form\">\n\t<script>(function() {\n\twindow.mc4wp = window.mc4wp || {\n\t\tlisteners: [],\n\t\tforms: {\n\t\t\ton: function(evt, cb) {\n\t\t\t\twindow.mc4wp.listeners.push(\n\t\t\t\t\t{\n\t\t\t\t\t\tevent   : evt,\n\t\t\t\t\t\tcallback: cb\n\t\t\t\t\t}\n\t\t\t\t);\n\t\t\t}\n\t\t}\n\t}\n})();\n<\/script><!-- Mailchimp for WordPress v4.12.1 - https:\/\/wordpress.org\/plugins\/mailchimp-for-wp\/ --><form id=\"mc4wp-form-1\" class=\"mc4wp-form mc4wp-form-732\" method=\"post\" data-id=\"732\" data-name=\"Newsletter Form\" action=\"\" ><div class=\"mc4wp-form-fields\">  <p>\r\n    <label>E-Mail Adresse: <\/label>\r\n    <input type=\"email\" name=\"EMAIL\" placeholder=\"E-Mail Adresse\" required \/>\r\n   <\/p>\r\n  <p>\r\n   <button type=\"submit\">Abonnieren<\/button>\r\n  <\/p><\/div><label style=\"display: none !important;\">Wenn du ein Mensch bist, lasse das Feld leer: <input type=\"text\" name=\"_mc4wp_honeypot\" value=\"\" tabindex=\"-1\" autocomplete=\"off\" \/><\/label><input type=\"hidden\" name=\"_mc4wp_timestamp\" value=\"1776394944\" \/><input type=\"hidden\" name=\"_mc4wp_form_id\" value=\"732\" \/><input type=\"hidden\" name=\"_mc4wp_form_element_id\" value=\"mc4wp-form-1\" \/><div class=\"mc4wp-response\"><\/div><input type=\"hidden\" name=\"trp-form-language\" value=\"de\"\/><\/form><!-- \/ Mailchimp for WordPress Plugin --><\/div>\t\t\t\t<\/div>\n\t\t\t\t<\/div>\n\t\t\t\t<\/div>\n\t\t\t\t\t<\/div>\n\t\t\t\t<\/div>\n\t\t<div class=\"elementor-element elementor-element-2678839 e-flex e-con-boxed e-con e-parent\" data-id=\"2678839\" data-element_type=\"container\" data-e-type=\"container\">\n\t\t\t\t\t<div class=\"e-con-inner\">\n\t\t\t\t<div class=\"elementor-element elementor-element-e784360 elementor-widget elementor-widget-pls-product-brands\" data-id=\"e784360\" data-element_type=\"widget\" data-e-type=\"widget\" data-widget_type=\"pls-product-brands.default\">\n\t\t\t\t<div class=\"elementor-widget-container\">\n\t\t\t\t\t<div id=\"pls-product-brand-3017\" class=\"pls-element pls-product-brands\">\n\t\t<div class=\"section-content  pls-slider swiper row\">\n\t\t<div class=\"products swiper-wrapper slider-col-lg-6 slider-col-md-4 slider-col-2\" data-slider_options=\"{&quot;slider_loop&quot;:false,&quot;slider_autoplay&quot;:false,&quot;slider_autoplay_delay&quot;:&quot;1500&quot;,&quot;slider_autoplay_speed&quot;:&quot;1500&quot;,&quot;slider_pause_on_hover&quot;:false,&quot;slider_rewind&quot;:false,&quot;slider_autoHeigh&quot;:false,&quot;slider_touchDrag&quot;:false,&quot;slider_touchDrag_mobile&quot;:false,&quot;slider_navigation&quot;:true,&quot;slider_pagination&quot;:false,&quot;slider_scrollbar&quot;:false,&quot;slider_centered&quot;:false,&quot;slider_effect&quot;:&quot;slide&quot;,&quot;slider_spaceBetween&quot;:0,&quot;slides_to_show&quot;:&quot;6&quot;,&quot;slides_to_show_tablet&quot;:4,&quot;slides_to_show_mobile&quot;:2,&quot;slides_to_scroll&quot;:1}\" >\n\t\t\t\t\t\t\t\t\t<div class=\"product-brand swiper-slide\">\n\t\t\t\t\t\t\t<a href=\"https:\/\/prestashop.com\/\" target=\"_blank\" rel=\"noopener\">\n\t\t\t\t\t\t\t\t<div class=\"brand-image\">\n\t\t\t\t\t\t\t\t\t<img decoding=\"async\" width=\"157\" height=\"44\" src=\"https:\/\/cocos.codes\/wp-content\/uploads\/2025\/02\/logo-prestashop-black.png\" class=\"attachment-full size-full\" alt=\"Dokumentation PrestaShop WordPress-Module\" \/>\t\t\t\t\t\t\t\t<\/div>\t\t\t\t\t\t\t\n\t\t\t\t\t\t\t\t\t\t\t\t\t\t\t<\/a>\n\t\t\t\t\t\t<\/div>\n\t\t\t\t\t\t\t\t\t\t\t\t<div class=\"product-brand swiper-slide\">\n\t\t\t\t\t\t\t<a href=\"https:\/\/wordpress.org\/\" title=\"WordPress.org\" target=\"_blank\" rel=\"noopener\">\n\t\t\t\t\t\t\t\t<div class=\"brand-image\">\n\t\t\t\t\t\t\t\t\t<img decoding=\"async\" width=\"157\" height=\"44\" src=\"https:\/\/cocos.codes\/wp-content\/uploads\/2025\/02\/logo-wordpress-black.png\" class=\"attachment-full size-full\" alt=\"Anleitung PrestaShop-WordPress-Integrationen\" \/>\t\t\t\t\t\t\t\t<\/div>\t\t\t\t\t\t\t\n\t\t\t\t\t\t\t\t\t\t\t\t\t\t\t<\/a>\n\t\t\t\t\t\t<\/div>\n\t\t\t\t\t\t\t\t\t\t\t\t<div class=\"product-brand swiper-slide\">\n\t\t\t\t\t\t\t<a href=\"https:\/\/www.google.com\/\" target=\"_blank\" rel=\"noopener\">\n\t\t\t\t\t\t\t\t<div class=\"brand-image\">\n\t\t\t\t\t\t\t\t\t<img decoding=\"async\" width=\"157\" height=\"44\" src=\"https:\/\/cocos.codes\/wp-content\/uploads\/2025\/02\/logo-google-black.png\" class=\"attachment-full size-full\" alt=\"\" \/>\t\t\t\t\t\t\t\t<\/div>\t\t\t\t\t\t\t\n\t\t\t\t\t\t\t\t\t\t\t\t\t\t\t<\/a>\n\t\t\t\t\t\t<\/div>\n\t\t\t\t\t\t\t\t\t\t\t\t<div class=\"product-brand swiper-slide\">\n\t\t\t\t\t\t\t<a href=\"https:\/\/stripe.com\/\" target=\"_blank\" rel=\"noopener\">\n\t\t\t\t\t\t\t\t<div class=\"brand-image\">\n\t\t\t\t\t\t\t\t\t<img loading=\"lazy\" decoding=\"async\" width=\"157\" height=\"44\" src=\"https:\/\/cocos.codes\/wp-content\/uploads\/2025\/02\/logo-stripe-black.png\" class=\"attachment-full size-full\" alt=\"\" \/>\t\t\t\t\t\t\t\t<\/div>\t\t\t\t\t\t\t\n\t\t\t\t\t\t\t\t\t\t\t\t\t\t\t<\/a>\n\t\t\t\t\t\t<\/div>\n\t\t\t\t\t\t\t\t\t\t\t\t<div class=\"product-brand swiper-slide\">\n\t\t\t\t\t\t\t<a href=\"https:\/\/www.paypal.com\/\" target=\"_blank\" rel=\"noopener\">\n\t\t\t\t\t\t\t\t<div class=\"brand-image\">\n\t\t\t\t\t\t\t\t\t<img loading=\"lazy\" decoding=\"async\" width=\"157\" height=\"44\" src=\"https:\/\/cocos.codes\/wp-content\/uploads\/2025\/02\/logo-paypal-black.png\" class=\"attachment-full size-full\" alt=\"\" \/>\t\t\t\t\t\t\t\t<\/div>\t\t\t\t\t\t\t\n\t\t\t\t\t\t\t\t\t\t\t\t\t\t\t<\/a>\n\t\t\t\t\t\t<\/div>\n\t\t\t\t\t\t\t\t\t\t\t\t<div class=\"product-brand swiper-slide\">\n\t\t\t\t\t\t\t<a href=\"https:\/\/allegro.pl\/\" title=\"\" target=\"_blank\" rel=\"noopener\">\n\t\t\t\t\t\t\t\t<div class=\"brand-image\">\n\t\t\t\t\t\t\t\t\t<img loading=\"lazy\" decoding=\"async\" width=\"157\" height=\"44\" src=\"https:\/\/cocos.codes\/wp-content\/uploads\/2025\/02\/logo-allegro-black.png\" class=\"attachment-full size-full\" alt=\"\" \/>\t\t\t\t\t\t\t\t<\/div>\t\t\t\t\t\t\t\n\t\t\t\t\t\t\t\t\t\t\t\t\t\t\t<\/a>\n\t\t\t\t\t\t<\/div>\n\t\t\t\t\t\t\t\t<\/div>\n\t<\/div>\n<\/div>\t\t\t\t<\/div>\n\t\t\t\t<\/div>\n\t\t\t\t\t<\/div>\n\t\t\t\t<\/div>\n\t\t\t\t<\/div>","protected":false},"excerpt":{"rendered":"COCOS. \u2013 nap\u0119dzamy Tw\u00f3j sklep! \ud83d\ude80 Jeste\u015bmy zespo\u0142em pasjonat\u00f3w, kt\u00f3rzy od lat projektuj\u0105 modu\u0142y Presta Shop i Word Press \u2013 nowoczesne, funkcjonalne i w pe\u0142ni zoptymalizowane pod k\u0105tem e-commerce. Tworzymy","protected":false},"author":1,"featured_media":0,"parent":0,"menu_order":0,"comment_status":"closed","ping_status":"closed","template":"","meta":{"powered_cache_disable_cache":false,"powered_cache_disable_css_optimization":false,"powered_cache_disable_js_optimization":false,"footnotes":""},"class_list":["post-38","page","type-page","status-publish","hentry"],"_links":{"self":[{"href":"https:\/\/cocos.codes\/de\/wp-json\/wp\/v2\/pages\/38","targetHints":{"allow":["GET"]}}],"collection":[{"href":"https:\/\/cocos.codes\/de\/wp-json\/wp\/v2\/pages"}],"about":[{"href":"https:\/\/cocos.codes\/de\/wp-json\/wp\/v2\/types\/page"}],"author":[{"embeddable":true,"href":"https:\/\/cocos.codes\/de\/wp-json\/wp\/v2\/users\/1"}],"replies":[{"embeddable":true,"href":"https:\/\/cocos.codes\/de\/wp-json\/wp\/v2\/comments?post=38"}],"version-history":[{"count":0,"href":"https:\/\/cocos.codes\/de\/wp-json\/wp\/v2\/pages\/38\/revisions"}],"wp:attachment":[{"href":"https:\/\/cocos.codes\/de\/wp-json\/wp\/v2\/media?parent=38"}],"curies":[{"name":"wp","href":"https:\/\/api.w.org\/{rel}","templated":true}]}}