{"id":1770,"date":"2025-02-02T22:26:49","date_gmt":"2025-02-02T21:26:49","guid":{"rendered":"https:\/\/cocos.codes\/?page_id=1770"},"modified":"2025-03-03T17:26:33","modified_gmt":"2025-03-03T16:26:33","slug":"zahlung-versand-und-ruckgabe","status":"publish","type":"page","link":"https:\/\/cocos.codes\/de\/platnosci-wysylka-i-zwroty\/","title":{"rendered":"Zahlung, Versand und R\u00fcckgabe"},"content":{"rendered":"<div data-elementor-type=\"wp-page\" data-elementor-id=\"1770\" class=\"elementor elementor-1770\">\n\t\t\t\t<div class=\"elementor-element elementor-element-1a74995 e-flex e-con-boxed e-con e-parent\" data-id=\"1a74995\" data-element_type=\"container\" data-e-type=\"container\">\n\t\t\t\t\t<div class=\"e-con-inner\">\n\t\t\t\t<div class=\"elementor-element elementor-element-3edada7 elementor-widget elementor-widget-text-editor\" data-id=\"3edada7\" data-element_type=\"widget\" data-e-type=\"widget\" data-widget_type=\"text-editor.default\">\n\t\t\t\t\t\t\t\t\t<p><strong>\ud83d\udce6 Bestellung in unserem Shop<\/strong>\u00a0werden einfach und transparent abgewickelt, damit Sie Ihr Produkt schnell und bequem erhalten k\u00f6nnen. Der Kaufprozess ist auf Ihre Bequemlichkeit ausgerichtet und unsere Zahlungs- und Liefermethoden sind sicher und zuverl\u00e4ssig.<\/p><h6><strong>\ud83d\uded2 Wie kann ich eine Bestellung aufgeben?<\/strong><\/h6><p>Um eine Bestellung aufzugeben, w\u00e4hlen Sie einfach das Modul aus, das Sie interessiert, legen es in den Warenkorb und gehen dann zur Bezahlung \u00fcber. Wir bieten verschiedene Zahlungsm\u00f6glichkeiten an, darunter die schnelle und sichere <strong>Online-\u00dcberweisungen<\/strong>, <strong>Kartenzahlungen<\/strong> (\ud83d\udcb3 Visa, MasterCard) und Zahlungen per <strong>Przelewy24<\/strong> i <strong>PayPal<\/strong>. Sobald die Zahlung gutgeschrieben wurde, werden die Dateien\u00a0<strong>\ud83d\udce9 sofort an die von Ihnen angegebene E-Mail-Adresse gesendet<\/strong>. So k\u00f6nnen Sie Ihren Einkauf schon wenige Minuten nach der Bestellung genie\u00dfen.<\/p><h6><strong>\ud83d\udd12 Sicherheit und Komfort<\/strong><\/h6><p>Alle Transaktionen in unserem Shop sind verschl\u00fcsselt, so dass ein H\u00f6chstma\u00df an Sicherheit gew\u00e4hrleistet ist. Sie m\u00fcssen sich keine Sorgen \u00fcber versteckte Kosten machen -\u00a0<strong>\ud83d\udcb0 der Preis, den Sie sehen, ist endg\u00fcltig und der Versand ist immer kostenlos<\/strong>. Wenn Sie bei uns kaufen, erhalten Sie au\u00dferdem Zugang zu\u00a0<strong>\ud83c\udd93 kostenlose Updates<\/strong>\u00a0die erworbenen Module und\u00a0<strong>\ud83d\udee0\ufe0f professionelle technische Unterst\u00fctzung<\/strong>die Ihnen bei Fragen oder Problemen zur Verf\u00fcgung steht.<\/p><h6><strong>\ud83d\udd04 R\u00fcckgabe und Garantie<\/strong><\/h6><p>Wir setzen uns daf\u00fcr ein, dass Sie mit Ihrem Kauf vollkommen zufrieden sind. Sollte es Probleme mit dem Betrieb des Moduls geben, wird unser technisches Team alles tun, um diese zu l\u00f6sen. Wenn Sie feststellen, dass das Modul nicht richtig funktioniert und wir nicht in der Lage sind, es zu reparieren,\u00a0<strong>\ud83d\udcb8 wir erstatten Ihnen den vollen Betrag<\/strong>. So k\u00f6nnen Sie sicher sein, dass Ihre Zufriedenheit f\u00fcr uns oberste Priorit\u00e4t hat.<\/p>\t\t\t\t\t\t\t\t<\/div>\n\t\t\t\t\t<\/div>\n\t\t\t\t<\/div>\n\t\t\t\t<\/div>","protected":false},"excerpt":{"rendered":"\ud83d\udce6 Die Bestellungen in unserem Shop werden einfach und transparent abgewickelt, so dass Sie Ihr Produkt schnell und bequem erhalten k\u00f6nnen. Der Einkaufsprozess ist auf Ihre Bequemlichkeit ausgerichtet, und unsere","protected":false},"author":1,"featured_media":0,"parent":0,"menu_order":0,"comment_status":"closed","ping_status":"closed","template":"","meta":{"powered_cache_disable_cache":false,"powered_cache_disable_css_optimization":false,"powered_cache_disable_js_optimization":false,"footnotes":""},"class_list":["post-1770","page","type-page","status-publish","hentry"],"_links":{"self":[{"href":"https:\/\/cocos.codes\/de\/wp-json\/wp\/v2\/pages\/1770","targetHints":{"allow":["GET"]}}],"collection":[{"href":"https:\/\/cocos.codes\/de\/wp-json\/wp\/v2\/pages"}],"about":[{"href":"https:\/\/cocos.codes\/de\/wp-json\/wp\/v2\/types\/page"}],"author":[{"embeddable":true,"href":"https:\/\/cocos.codes\/de\/wp-json\/wp\/v2\/users\/1"}],"replies":[{"embeddable":true,"href":"https:\/\/cocos.codes\/de\/wp-json\/wp\/v2\/comments?post=1770"}],"version-history":[{"count":0,"href":"https:\/\/cocos.codes\/de\/wp-json\/wp\/v2\/pages\/1770\/revisions"}],"wp:attachment":[{"href":"https:\/\/cocos.codes\/de\/wp-json\/wp\/v2\/media?parent=1770"}],"curies":[{"name":"wp","href":"https:\/\/api.w.org\/{rel}","templated":true}]}}