{"id":1764,"date":"2025-02-02T22:24:03","date_gmt":"2025-02-02T21:24:03","guid":{"rendered":"https:\/\/cocos.codes\/?page_id=1764"},"modified":"2025-10-15T19:36:22","modified_gmt":"2025-10-15T17:36:22","slug":"wissensbasis","status":"publish","type":"page","link":"https:\/\/cocos.codes\/de\/baza-wiedzy\/","title":{"rendered":"Wissensbasis"},"content":{"rendered":"<div data-elementor-type=\"wp-page\" data-elementor-id=\"1764\" class=\"elementor elementor-1764\">\n\t\t\t\t<div class=\"elementor-element elementor-element-52eb2e7 e-flex e-con-boxed e-con e-parent\" data-id=\"52eb2e7\" data-element_type=\"container\" data-e-type=\"container\">\n\t\t\t\t\t<div class=\"e-con-inner\">\n\t\t\t\t<div class=\"elementor-element elementor-element-b3d9ecf elementor-widget elementor-widget-text-editor\" data-id=\"b3d9ecf\" data-element_type=\"widget\" data-e-type=\"widget\" data-widget_type=\"text-editor.default\">\n\t\t\t\t\t\t\t\t\t<p>    <div class=\"knowledge-base-container\">\r\n        <ul class=\"knowledge-base-list\"><li class=\"knowledge-base-item\"><h3 class=\"knowledge-base-title\"><a href=\"https:\/\/cocos.codes\/de\/kategoria\/baza-wiedzy\/prestashop\/\" title=\"PrestaShop\">PrestaShop<\/a><\/h3><div class=\"knowledge-base-posts\"><div class=\"knowledge-base-post\"><a href=\"https:\/\/cocos.codes\/de\/archiwa\/prestashop-1-6-i-1-7-blad-xml-w-panelu-admina\/\" title=\"PrestaShop 1.6 I 1.7 \u2013 XML-Fehler im Admin-Panel (must_have_modules_list.xml, Modules_native_addons.xml)\">PrestaShop 1.6 und 1.7 \u2013 XML-Fehler im Admin-Panel (must_have_modules_list.xml, modules_native_addons.xml)<\/a><\/div><div class=\"knowledge-base-post\"><a href=\"https:\/\/cocos.codes\/de\/archiwa\/szczegolowa-tabela-zmiennych-prestashop-smarty\/\" title=\"Detaillierte Variable Tabelle PrestaShop 1.7.x\/8.x\/9.x (Smarty)\">Detaillierte Tabelle der PrestaShop 1.7.x\/8.x\/9.x (Smarty) Variablen<\/a><\/div><div class=\"knowledge-base-post\"><a href=\"https:\/\/cocos.codes\/de\/archiwa\/zmienne-smarty-w-prestashop-przewodnik\/\" title=\"Smarty-Variablen in PrestaShop 1.7\/8.x\/9.x: Der vollst\u00e4ndige Leitfaden\">Smarty-Variablen in PrestaShop 1.7\/8.x\/9.x: Der vollst\u00e4ndige Leitfaden<\/a><\/div><div class=\"knowledge-base-post\"><a href=\"https:\/\/cocos.codes\/de\/archiwa\/jak-zainstalowac-modul-prestashop-wordpress\/\" title=\"Wie installiere ich ein PrestaShop oder WordPress 6.x Modul?\">Wie installiere ich ein PrestaShop oder WordPress 6.x Modul?<\/a><\/div><\/div><ul class=\"knowledge-base-list\"><li class=\"knowledge-base-item\"><h3 class=\"knowledge-base-title\"><a href=\"https:\/\/cocos.codes\/de\/kategoria\/baza-wiedzy\/prestashop\/dokumentacje-prestashop\/\">Dokumentation<\/a><\/h3><div class=\"knowledge-base-posts\"><div class=\"knowledge-base-post\"><a href=\"https:\/\/cocos.codes\/de\/archiwa\/prestashop-google-merchant-feed-xml\/\" title=\"PrestaShop Google Merchant Feed XML 1.0\">PrestaShop Google Merchant Feed XML 1.0<\/a><\/div><div class=\"knowledge-base-post\"><a href=\"https:\/\/cocos.codes\/de\/archiwa\/prestashop-google-tag-manager\/\" title=\"PrestaShop Google Tag Manager 1.0\">PrestaShop Google Tag Manager 1.0<\/a><\/div><div class=\"knowledge-base-post\"><a href=\"https:\/\/cocos.codes\/de\/archiwa\/prestashop-masowa-aktualizacja-produktow\/\" title=\"PrestaShop Massenprodukt-Update 1.0\">PrestaShop Massenprodukt-Update 1.0<\/a><\/div><div class=\"knowledge-base-post\"><a href=\"https:\/\/cocos.codes\/de\/archiwa\/prestashop-paczkomaty-inpost\/\" title=\"PrestaShop Parcel Post 1.0\">PrestaShop Parcel Post 1.0<\/a><\/div><div class=\"knowledge-base-post\"><a href=\"https:\/\/cocos.codes\/de\/archiwa\/prestashop-kategorie-na-stronie-glownej\/\" title=\"PrestaShop Kategorien auf der Homepage 1.0\">PrestaShop Kategorien auf der Homepage 1.0<\/a><\/div><div class=\"knowledge-base-post\"><a href=\"https:\/\/cocos.codes\/de\/archiwa\/prestashop-znak-wodny\/\" title=\"PrestaShop Wasserzeichen 1.0\">PrestaShop Wasserzeichen 1.0<\/a><\/div><div class=\"knowledge-base-post\"><a href=\"https:\/\/cocos.codes\/de\/archiwa\/prestashop-zapytaj-o-produkt\/\" title=\"PrestaShop Produkt fragen 1.0\">PrestaShop Produkt-Anfrage 1.0<\/a><\/div><div class=\"knowledge-base-post\"><a href=\"https:\/\/cocos.codes\/de\/archiwa\/prestashop-masowa-zmiana-cen\/\" title=\"PrestaShop Massenpreis\u00e4nderung 1.0\">PrestaShop Massenpreis\u00e4nderung 1.0<\/a><\/div><div class=\"knowledge-base-post\"><a href=\"https:\/\/cocos.codes\/de\/archiwa\/prestashop-banner\/\" title=\"PrestaShop Banner 1.0\">PrestaShop Banner 1.0<\/a><\/div><div class=\"knowledge-base-post\"><a href=\"https:\/\/cocos.codes\/de\/archiwa\/prestashop-cookies-google-consent-mode-2-0\/\" title=\"PrestaShop Cookies (kompatibel mit Google Consent Mode 2.0)\">PrestaShop Cookies (kompatibel mit Google Consent Mode 2.0)<\/a><\/div><\/div><\/li><\/ul><\/li><li class=\"knowledge-base-item\"><h3 class=\"knowledge-base-title\"><a href=\"https:\/\/cocos.codes\/de\/kategoria\/baza-wiedzy\/wordpress\/\" title=\"WordPress\">WordPress<\/a><\/h3><div class=\"knowledge-base-posts\"><div class=\"knowledge-base-post\"><a href=\"https:\/\/cocos.codes\/de\/archiwa\/jak-zainstalowac-modul-prestashop-wordpress\/\" title=\"Wie installiere ich ein PrestaShop oder WordPress 6.x Modul?\">Wie installiere ich ein PrestaShop oder WordPress 6.x Modul?<\/a><\/div><\/div><ul class=\"knowledge-base-list\"><li class=\"knowledge-base-item\"><h3 class=\"knowledge-base-title\"><a href=\"https:\/\/cocos.codes\/de\/kategoria\/baza-wiedzy\/wordpress\/dokumentacje\/\" title=\"Dokumentation\">Dokumentation<\/a><\/h3><div class=\"knowledge-base-posts\"><div class=\"knowledge-base-post\"><a href=\"https:\/\/cocos.codes\/de\/archiwa\/wordpress-system-rezerwacji\/\" title=\"WordPress Kundenreservierungssystem 1.0\">WordPress Kundenreservierungssystem 1.0<\/a><\/div><div class=\"knowledge-base-post\"><a href=\"https:\/\/cocos.codes\/de\/archiwa\/wordpress-anty-spam\/\" title=\"WordPress Anti-Spam 1.0\">WordPress Anti-Spam 1.0<\/a><\/div><div class=\"knowledge-base-post\"><a href=\"https:\/\/cocos.codes\/de\/archiwa\/wordpress-portfolio\/\" title=\"WordPress Portfolio 1.0\">WordPress Portfolio 1.0<\/a><\/div><div class=\"knowledge-base-post\"><a href=\"https:\/\/cocos.codes\/de\/archiwa\/integracja-wordpress-olx\/\" title=\"WordPress OLX Integration 1.0\">WordPress OLX Integration 1.0<\/a><\/div><div class=\"knowledge-base-post\"><a href=\"https:\/\/cocos.codes\/de\/archiwa\/wordpress-google-merchant-center\/\" title=\"WordPress Google Merchant Center 1.0\">WordPress Google Merchant Center 1.0<\/a><\/div><div class=\"knowledge-base-post\"><a href=\"https:\/\/cocos.codes\/de\/archiwa\/wordpress-meta-facebook-pixel\/\" title=\"WordPress Meta Facebook Pixel 1.0\">WordPress Meta Facebook Pixel 1.0<\/a><\/div><div class=\"knowledge-base-post\"><a href=\"https:\/\/cocos.codes\/de\/archiwa\/woocommerce-zaawansowane-rabaty\/\" title=\"WooCommerce Erweiterte Rabatte 1.0\">WooCommerce erweiterte Rabatte 1.0<\/a><\/div><div class=\"knowledge-base-post\"><a href=\"https:\/\/cocos.codes\/de\/archiwa\/woocommerce-integracja-google-ga4-gtm-ads\/\" title=\"WooCommerce Google Integration (GA4, GTM, Ads) 1.0\">WooCommerce Google Integration (GA4, GTM, Ads) 1.0<\/a><\/div><div class=\"knowledge-base-post\"><a href=\"https:\/\/cocos.codes\/de\/archiwa\/woocommerce-darmowa-dostawa\/\" title=\"Woocommerce Kostenlose Lieferung 1.0\">Woocommerce Kostenlose Lieferung 1.0<\/a><\/div><\/div><\/li><\/ul><\/li><\/ul>    <\/div>\r\n\r\n    <script>\r\n    jQuery(document).ready(function($) {\r\n        $('.knowledge-base-toggle').click(function() {\r\n            var $container = $(this).closest('.knowledge-base-posts');\r\n            var $hidden = $container.find('.hidden-posts');\r\n            var $button = $(this);\r\n\r\n            $hidden.slideToggle(400, function() {\r\n                $button.text($hidden.is(':visible') ?\r\n                    'Poka\u017c mniej' :\r\n                    'Poka\u017c wi\u0119cej'\r\n                );\r\n            });\r\n        });\r\n    });\r\n    <\/script>\r\n    <\/p>\t\t\t\t\t\t\t\t<\/div>\n\t\t\t\t\t<\/div>\n\t\t\t\t<\/div>\n\t\t\t\t<\/div>","protected":false},"excerpt":{"rendered":"Woocommerce Free Shipping Dokumentation Umfassende Dokumentation f\u00fcr das CC Free Shipping Plugin f\u00fcr Woo Commerce Inhaltsverzeichnis 1. Einf\u00fchrung 2. Installation 3. Lizenzaktivierung 4. Grundkonfiguration 5. Nachrichteneinstellungen 6.","protected":false},"author":1,"featured_media":0,"parent":0,"menu_order":0,"comment_status":"closed","ping_status":"closed","template":"","meta":{"powered_cache_disable_cache":false,"powered_cache_disable_css_optimization":false,"powered_cache_disable_js_optimization":false,"footnotes":""},"class_list":["post-1764","page","type-page","status-publish","hentry"],"_links":{"self":[{"href":"https:\/\/cocos.codes\/de\/wp-json\/wp\/v2\/pages\/1764","targetHints":{"allow":["GET"]}}],"collection":[{"href":"https:\/\/cocos.codes\/de\/wp-json\/wp\/v2\/pages"}],"about":[{"href":"https:\/\/cocos.codes\/de\/wp-json\/wp\/v2\/types\/page"}],"author":[{"embeddable":true,"href":"https:\/\/cocos.codes\/de\/wp-json\/wp\/v2\/users\/1"}],"replies":[{"embeddable":true,"href":"https:\/\/cocos.codes\/de\/wp-json\/wp\/v2\/comments?post=1764"}],"version-history":[{"count":0,"href":"https:\/\/cocos.codes\/de\/wp-json\/wp\/v2\/pages\/1764\/revisions"}],"wp:attachment":[{"href":"https:\/\/cocos.codes\/de\/wp-json\/wp\/v2\/media?parent=1764"}],"curies":[{"name":"wp","href":"https:\/\/api.w.org\/{rel}","templated":true}]}}