{"id":1760,"date":"2025-02-02T22:07:46","date_gmt":"2025-02-02T21:07:46","guid":{"rendered":"https:\/\/cocos.codes\/?page_id=1760"},"modified":"2025-02-09T13:28:54","modified_gmt":"2025-02-09T12:28:54","slug":"ladenordnung","status":"publish","type":"page","link":"https:\/\/cocos.codes\/de\/regulamin-sklepu\/","title":{"rendered":"Gesch\u00e4ftsordnung"},"content":{"rendered":"<div data-elementor-type=\"wp-page\" data-elementor-id=\"1760\" class=\"elementor elementor-1760\">\n\t\t\t\t<div class=\"elementor-element elementor-element-72fb361c e-flex e-con-boxed e-con e-parent\" data-id=\"72fb361c\" data-element_type=\"container\" data-e-type=\"container\">\n\t\t\t\t\t<div class=\"e-con-inner\">\n\t\t\t\t<div class=\"elementor-element elementor-element-7b8aa493 elementor-widget elementor-widget-text-editor\" data-id=\"7b8aa493\" data-element_type=\"widget\" data-e-type=\"widget\" data-widget_type=\"text-editor.default\">\n\t\t\t\t\t\t\t\t\t<p>Diese Allgemeinen Gesch\u00e4ftsbedingungen regeln die Nutzung des Online-Shops\u00a0<strong>COCOS.CODES<\/strong>verf\u00fcgbar unter\u00a0<a href=\"https:\/\/cocos.codes\/de\/\" title=\"Https:\/\/cocos.codes\/\">https:\/\/cocos.codes\/<\/a>und die Bedingungen f\u00fcr den Abschluss und die Erf\u00fcllung von Vertr\u00e4gen \u00fcber den Verkauf der im Shop angebotenen Produkte.<\/p><h6><strong>1. Allgemeine Bestimmungen<\/strong><\/h6><ol><li>Online-Gesch\u00e4ft\u00a0<strong>COCOS.CODES<\/strong>, verf\u00fcgbar unter\u00a0<a href=\"https:\/\/cocos.codes\/de\/\" title=\"Https:\/\/cocos.codes\/\"><strong>https:\/\/cocos.codes\/<\/strong><\/a>verkauft digitale Produkte, darunter Module, Domains, Server und VPS-Server, und bietet zus\u00e4tzliche Dienstleistungen wie die Reparatur von Online-Shops, Beschleunigung, Optimierung und andere Entwicklungs- und Unterst\u00fctzungsdienste an.<\/li><li>Die vorliegende Gesch\u00e4ftsordnung regelt die Nutzung des Shops, den Abschluss von Kaufvertr\u00e4gen sowie die Rechte und Pflichten des K\u00e4ufers und des Verk\u00e4ufers.<\/li><li>Die Verordnungen richten sich sowohl an Verbraucher (nat\u00fcrliche Personen) als auch an Unternehmen (juristische Personen und Organisationseinheiten).<\/li><\/ol><h6><strong>2. Abschluss von Vertr\u00e4gen<\/strong><\/h6><ol><li>Bestellungen werden \u00fcber die Website aufgegeben\u00a0<strong>COCOS.CODES<\/strong>\u00a0indem Sie ein Produkt ausw\u00e4hlen, es in den Warenkorb legen und die Zahlung vornehmen.<\/li><li>Nach Gutschrift der Zahlung erh\u00e4lt der K\u00e4ufer das Produkt elektronisch als Download an die angegebene E-Mail-Adresse.<\/li><li>Der Kaufvertrag kommt mit der Bezahlung der Bestellung zustande.<\/li><\/ol><h6><strong>3 Zahlungen<\/strong><\/h6><ol><li>Shop\u00a0<strong>COCOS.CODES<\/strong>\u00a0bietet sichere Online-Zahlungen \u00fcber ausgew\u00e4hlte Zahlungssysteme.<\/li><li>Die Preise der Produkte sind in polnischen Zloty angegeben (<strong>PLN<\/strong>) und enthalten die Mehrwertsteuer. Der Shop akzeptiert auch Zahlungen in folgenden W\u00e4hrungen\u00a0<strong>USD<\/strong>\u00a0i\u00a0<strong>EUR<\/strong>und Betr\u00e4ge in diesen W\u00e4hrungen werden zum aktuellen Wechselkurs umgerechnet.<\/li><li>Bestellungen werden erst nach vollst\u00e4ndiger Bezahlung ausgef\u00fchrt.<\/li><\/ol><h6><strong>4 Lieferung<\/strong><\/h6><ol><li>Digitale Produkte werden automatisch an die E-Mail-Adresse des K\u00e4ufers geliefert, sobald die Zahlung gutgeschrieben wurde.<\/li><li>Die Lieferung ist kostenlos und es entstehen dem K\u00e4ufer keine zus\u00e4tzlichen Kosten.<\/li><\/ol><h6><strong>5 Widerrufsrecht (R\u00fcckgabe)<\/strong><\/h6><ol><li>Ein K\u00e4ufer, der Verbraucher ist, hat gem\u00e4\u00df Artikel 27 des Gesetzes \u00fcber die Rechte der Verbraucher das Recht, von einem Vertrag innerhalb von 14 Tagen nach dessen Abschluss zur\u00fcckzutreten.<\/li><li>Das Widerrufsrecht gilt nicht f\u00fcr digitale Produkte, die in elektronischer Form geliefert werden, wenn sie vom K\u00e4ufer heruntergeladen oder aktiviert wurden.<\/li><li>Wenn das gekaufte Produkt nicht ordnungsgem\u00e4\u00df funktioniert und der technische Support des Shops nicht in der Lage ist, den Fehler zu beheben, hat der K\u00e4ufer Anspruch auf eine vollst\u00e4ndige R\u00fcckerstattung.<\/li><\/ol><h6><strong>6 Reklamationen und technische Unterst\u00fctzung<\/strong><\/h6><ol><li>Produktbeschwerden sind an die folgende E-Mail-Adresse zu richten:\u00a0<a href=\"mailto:contact@cocos.codes\" title=\"Contact@cocos.codes\"><strong>contact@cocos.codes<\/strong><\/a>.<\/li><li>Der Shop bietet technische Unterst\u00fctzung bei der L\u00f6sung von Problemen im Zusammenhang mit der Funktion der Produkte.<\/li><li>Beschwerden werden innerhalb von 14 Tagen nach ihrer Einreichung bearbeitet.<\/li><\/ol><h6><strong>7. produktbezogene Aktualisierungen<\/strong><\/h6><ol><li>Der K\u00e4ufer hat Anspruch auf kostenlose Updates der erworbenen Produkte innerhalb des angegebenen Supportzeitraums.<\/li><li>Informationen \u00fcber verf\u00fcgbare Updates werden an die bei der Bestellung angegebene E-Mail-Adresse gesendet.<\/li><\/ol><h6><strong>8 Lizenzen<\/strong><\/h6><ol><li><p><strong>Geltungsbereich der Lizenz<\/strong><br \/>Alle im Shop angebotenen digitalen Produkte <strong>COCOS.CODES<\/strong>Das Produkt, wie z.B. Module, Integrationen oder Modifikationen, sind einer Domain (einem Shop) zugeordnet. Die Lizenz erlaubt es auch, das Produkt auf Subdomains und Serververzeichnissen zu betreiben, z.B:<\/p><ul><li>domain.pl<\/li><li>sklep.domena.pl<\/li><li>domain.pl\/test<\/li><\/ul><\/li><li><p><strong>Entwicklungslizenz<\/strong><br \/>Zu Testzwecken vergibt der COCOS.CODES-Shop automatisch Entwicklerlizenzen f\u00fcr bestimmte Adressen, wie z. B.:<\/p><ul><li>*.localhost<\/li><li>*.test<\/li><li>*.dev<\/li><li>test.*<\/li><li>dev.*<\/li><\/ul><p>Wenn Sie einen anderen Testbereich verwenden m\u00f6chten, wenden Sie sich bitte an uns, um die entsprechende Lizenz zu erhalten.<\/p><\/li><li><p><strong>\u00c4nderung der Lizenz<\/strong><br \/>Jedes gekaufte Produkt kann einmal innerhalb von 24 Monaten nach dem Kauf auf eine andere Domain \u00fcbertragen werden, sofern die folgenden Kriterien erf\u00fcllt sind:<\/p><ul><li>Die Software muss deinstalliert und aus der bestehenden Dom\u00e4ne entfernt werden.<\/li><li>Die neue Dom\u00e4ne muss zu demselben Unternehmen geh\u00f6ren wie die vorherige.<\/li><li>Nach 24 Monaten ist es m\u00f6glich, die Domain mit einem Rabatt von bis zu 50% (nicht mehr als der urspr\u00fcngliche Kaufpreis) zu \u00e4ndern.<\/li><\/ul><p><strong>Zus\u00e4tzliche Entwicklungslizenz<\/strong><br \/>Eine Entwicklerlizenz f\u00fcr das erworbene Produkt kann auf Anfrage hinzugef\u00fcgt werden. Um diese zu erhalten, kontaktieren Sie bitte <a href=\"https:\/\/cocos.codes\/de\/support\/\" title=\"Abteilung Unterst\u00fctzung\">Support-Abteilung<\/a>mit der Angabe der zuzulassenden Testadresse.<\/p><\/li><\/ol><h6><strong>9 Schutz von personenbezogenen Daten<\/strong><\/h6><ol><li>Der Gesch\u00e4ftsinhaber ist der Verwalter der pers\u00f6nlichen Daten der K\u00e4ufer.\u00a0<strong>COCOS.CODES<\/strong>.<\/li><li>Die personenbezogenen Daten werden ausschlie\u00dflich zum Zweck der Auftragsabwicklung gem\u00e4\u00df den geltenden Bestimmungen der RODO verarbeitet.<\/li><li>Ausf\u00fchrliche Informationen \u00fcber die Verarbeitung personenbezogener Daten finden Sie in der\u00a0<a href=\"https:\/\/cocos.codes\/de\/datenschutzbestimmungen\/\" title=\"Datenschutzbestimmungen\">Datenschutzbestimmungen<\/a>.<\/li><\/ol><h6><strong>10 Schlussbestimmungen<\/strong><\/h6><ol><li>Alle Streitigkeiten, die sich aus Vertr\u00e4gen ergeben, die \u00fcber den Shop\u00a0<strong>COCOS.CODES<\/strong>\u00a0werden von den zust\u00e4ndigen polnischen Gerichten entschieden.<\/li><li>Der Shop beh\u00e4lt sich das Recht vor, \u00c4nderungen an den Gesch\u00e4ftsbedingungen vorzunehmen. Der K\u00e4ufer wird \u00fcber etwaige \u00c4nderungen rechtzeitig informiert.<\/li><li>Diese Gesch\u00e4ftsordnung tritt in Kraft am\u00a0<strong>01.01.2025<\/strong>.<\/li><\/ol>\t\t\t\t\t\t\t\t<\/div>\n\t\t\t\t\t<\/div>\n\t\t\t\t<\/div>\n\t\t\t\t<\/div>","protected":false},"excerpt":{"rendered":"Niniejszy Regulamin okre\u015bla zasady korzystania z sklepu internetowego\u00a0COCOS.CODES, dost\u0119pnego pod adresem\u00a0https:\/\/cocos.codes\/, oraz warunki zawierania i realizacji um\u00f3w sprzeda\u017cy produkt\u00f3w oferowanych przez sklep.1. Postanowienia og\u00f3lne Sklep internetowy\u00a0COCOS.CODES, dost\u0119pny pod adresem\u00a0https:\/\/cocos.codes\/, prowadzi","protected":false},"author":1,"featured_media":0,"parent":0,"menu_order":0,"comment_status":"closed","ping_status":"closed","template":"","meta":{"powered_cache_disable_cache":false,"powered_cache_disable_css_optimization":false,"powered_cache_disable_js_optimization":false,"footnotes":""},"class_list":["post-1760","page","type-page","status-publish","hentry"],"_links":{"self":[{"href":"https:\/\/cocos.codes\/de\/wp-json\/wp\/v2\/pages\/1760","targetHints":{"allow":["GET"]}}],"collection":[{"href":"https:\/\/cocos.codes\/de\/wp-json\/wp\/v2\/pages"}],"about":[{"href":"https:\/\/cocos.codes\/de\/wp-json\/wp\/v2\/types\/page"}],"author":[{"embeddable":true,"href":"https:\/\/cocos.codes\/de\/wp-json\/wp\/v2\/users\/1"}],"replies":[{"embeddable":true,"href":"https:\/\/cocos.codes\/de\/wp-json\/wp\/v2\/comments?post=1760"}],"version-history":[{"count":0,"href":"https:\/\/cocos.codes\/de\/wp-json\/wp\/v2\/pages\/1760\/revisions"}],"wp:attachment":[{"href":"https:\/\/cocos.codes\/de\/wp-json\/wp\/v2\/media?parent=1760"}],"curies":[{"name":"wp","href":"https:\/\/api.w.org\/{rel}","templated":true}]}}