{"id":1734,"date":"2025-02-02T22:07:23","date_gmt":"2025-02-02T21:07:23","guid":{"rendered":"https:\/\/cocos.codes\/?page_id=1734"},"modified":"2025-02-07T21:25:13","modified_gmt":"2025-02-07T20:25:13","slug":"datenschutzbestimmungen","status":"publish","type":"page","link":"https:\/\/cocos.codes\/de\/polityka-prywatnosci\/","title":{"rendered":"Datenschutzbestimmungen"},"content":{"rendered":"<div data-elementor-type=\"wp-page\" data-elementor-id=\"1734\" class=\"elementor elementor-1734\">\n\t\t\t\t<div class=\"elementor-element elementor-element-6f5c100c e-flex e-con-boxed e-con e-parent\" data-id=\"6f5c100c\" data-element_type=\"container\" data-e-type=\"container\">\n\t\t\t\t\t<div class=\"e-con-inner\">\n\t\t\t\t<div class=\"elementor-element elementor-element-19bc04e8 elementor-widget elementor-widget-text-editor\" data-id=\"19bc04e8\" data-element_type=\"widget\" data-e-type=\"widget\" data-widget_type=\"text-editor.default\">\n\t\t\t\t\t\t\t\t\t<p>In dieser Datenschutzerkl\u00e4rung werden die Grunds\u00e4tze f\u00fcr die Verarbeitung und den Schutz der personenbezogenen Daten der Nutzer des Online-Shops <strong>COCOS.CODES<\/strong>verf\u00fcgbar unter\u00a0<a href=\"https:\/\/cocos.codes\/de\/\" title=\"Https:\/\/cocos.codes\/\"><strong>https:\/\/cocos.codes\/<\/strong><\/a>im Zusammenhang mit der Nutzung der vom Shop angebotenen Dienstleistungen.<\/p><h6><strong>1. der f\u00fcr die Verarbeitung der personenbezogenen Daten Verantwortliche<\/strong><\/h6><ol><li>Der f\u00fcr die Verarbeitung der personenbezogenen Daten Verantwortliche ist\u00a0<strong>Montownia Stron sp. z o.o. <\/strong>handelnd mit <a href=\"https:\/\/maps.app.goo.gl\/WgDGTKaPV3XQZoNJ9\" title=\"Szlak 77\/222, 31-153 Krak\u00f3w, POLEN\" target=\"_blank\" rel=\"noopener\"><strong>Szlak 77\/222, 31-153 Krak\u00f3w, POLEN <\/strong><\/a>und E-Mail Adresse:\u00a0<a href=\"mailto:contact@cocos.codes\" title=\"Contact@cocos.codes\"><strong>contact@cocos.codes<\/strong><\/a><\/li><li>Bei Fragen zum Datenschutz k\u00f6nnen Sie sich an die folgende E-Mail-Adresse wenden:\u00a0<strong><a href=\"mailto:contact@cocos.codes\" title=\"Contact@cocos.codes\">contact@cocos.codes<\/a> <\/strong>oder schriftlich an die registrierte Adresse des Verwalters.<\/li><\/ol><h6><strong>2 Zweck und Umfang der Datenverarbeitung<\/strong><\/h6><ol><li>Personenbezogene Daten werden verarbeitet f\u00fcr:<ul><li>Auftragsabwicklung im Online-Shop,<\/li><li>Erbringung von Dienstleistungen, einschlie\u00dflich technischer Unterst\u00fctzung,<\/li><li>um einen Newsletter zu versenden (mit Zustimmung des Nutzers),<\/li><li>Bearbeitung von Beschwerden und Anfragen,<\/li><li>zur Erf\u00fcllung der sich aus der Gesetzgebung ergebenden Verpflichtungen.<\/li><\/ul><\/li><li>Zu den verarbeiteten Daten geh\u00f6ren: Name, E-Mail-Adresse, Lieferadresse (falls zutreffend), Telefonnummer (falls angegeben), Rechnungsangaben (f\u00fcr Unternehmen) und IP-Adresse.<\/li><\/ol><h6><strong>3 Rechtsgrundlage f\u00fcr die Datenverarbeitung<\/strong><\/h6><ol><li>Die Verarbeitung der Daten ist f\u00fcr die Erf\u00fcllung des Kaufvertrags erforderlich (Artikel 6 Absatz 1 Buchstabe b) RODO).<\/li><li>Im Falle des Versands von Newslettern erfolgt die Verarbeitung auf der Grundlage der Einwilligung des Nutzers (Art. 6(1)(a) RODO).<\/li><li>In anderen F\u00e4llen beruht die Verarbeitung auf den rechtlichen Verpflichtungen des Verwalters (Artikel 6 Absatz 1 Buchstabe c) RODO) oder auf seinem berechtigten Interesse (Artikel 6 Absatz 1 Buchstabe f) RODO).<\/li><\/ol><h6><strong>4 Rechte der Nutzer<\/strong><\/h6><ol><li>Jede betroffene Person hat das Recht auf:<ul><li>Zugang zu ihren Daten,<\/li><li>Berichtigung von Daten,<\/li><li>L\u00f6schung von Daten (Recht auf Vergessenwerden),<\/li><li>Einschr\u00e4nkung der Verarbeitung,<\/li><li>Daten\u00fcbertragbarkeit,<\/li><li>der Verarbeitung zu widersprechen,<\/li><li>die Zustimmung zur Verarbeitung zu widerrufen (wenn die Verarbeitung auf einer Zustimmung beruht).<\/li><\/ul><\/li><li>Um die oben genannten Rechte auszu\u00fcben, wenden Sie sich bitte an den Administrator unter der folgenden E-Mail-Adresse:\u00a0<a href=\"mailto:contact@cocos.codes\" title=\"Contact@cocos.codes\"><strong>contact@cocos.codes<\/strong><\/a>.<\/li><\/ol><h6><strong>5 Dauer der Datenspeicherung<\/strong><\/h6><ol><li>Personenbezogene Daten werden so lange aufbewahrt, wie es f\u00fcr die Erf\u00fcllung der Zwecke, f\u00fcr die sie erhoben wurden, erforderlich ist, einschlie\u00dflich:<ul><li>w\u00e4hrend der Dauer des Kaufvertrags und nach dessen Beendigung, um gesetzlichen Verpflichtungen (z. B. im Zusammenhang mit Steuerabrechnungen) nachzukommen,<\/li><li>bis Sie Ihre Einwilligung zur Verarbeitung widerrufen (im Falle eines Newsletters).<\/li><\/ul><\/li><\/ol><h6><strong>6 Datenempf\u00e4nger<\/strong><\/h6><ol><li>Die Daten k\u00f6nnen an externe Parteien weitergegeben werden, wie z. B:<ul><li>Zahlungsdienstleister,<\/li><li>Kurierdienste (bei physischer Lieferung),<\/li><li>IT- und Hosting-Dienstleister,<\/li><li>Staatliche Beh\u00f6rden, wenn dies gesetzlich vorgeschrieben ist.<\/li><\/ul><\/li><\/ol><h6><strong>7 Datensicherheit<\/strong><\/h6><ol><li>Der cocos.codes-Shop setzt geeignete technische und organisatorische Ma\u00dfnahmen ein, um die Sicherheit der verarbeiteten personenbezogenen Daten zu gew\u00e4hrleisten, einschlie\u00dflich der Verbindungsverschl\u00fcsselung (SSL) und regelm\u00e4\u00dfiger Systemaktualisierungen.<\/li><\/ol><h6><strong>8 Kekse<\/strong><\/h6><ol><li>Der Shop verwendet Cookies, um die Funktionalit\u00e4t der Website zu verbessern, den Websiteverkehr zu analysieren und Inhalte zu personalisieren.<\/li><li>Der Nutzer kann Cookies \u00fcber die Browsereinstellungen verwalten.<\/li><\/ol><h6><strong>9 \u00c4nderungen der Datenschutzrichtlinie<\/strong><\/h6><ol><li>Der Shop beh\u00e4lt sich das Recht vor, \u00c4nderungen an der Datenschutzerkl\u00e4rung vorzunehmen. Alle \u00c4nderungen werden auf der Website des Shops ver\u00f6ffentlicht.<\/li><li>Im Falle wesentlicher \u00c4nderungen werden die Nutzer per E-Mail benachrichtigt.<\/li><\/ol><h6><strong>10 Schlussbestimmungen<\/strong><\/h6><ol><li>Die Datenschutzrichtlinie tritt in Kraft am\u00a0<strong>01.01.2025<\/strong>.<\/li><li>In Angelegenheiten, die nicht durch diese Datenschutzrichtlinie abgedeckt sind, gelten die Bestimmungen des polnischen Rechts, insbesondere die RODO und das Gesetz zum Schutz personenbezogener Daten.<\/li><\/ol>\t\t\t\t\t\t\t\t<\/div>\n\t\t\t\t\t<\/div>\n\t\t\t\t<\/div>\n\t\t\t\t<\/div>","protected":false},"excerpt":{"rendered":"Niniejsza Polityka Prywatno\u015bci okre\u015bla zasady przetwarzania i ochrony danych osobowych u\u017cytkownik\u00f3w sklepu internetowego COCOS.CODES, dost\u0119pnego pod adresem\u00a0https:\/\/cocos.codes\/, w zwi\u0105zku z korzystaniem z us\u0142ug oferowanych przez sklep.1. Administratorem danych osobowych Administratorem","protected":false},"author":1,"featured_media":0,"parent":0,"menu_order":0,"comment_status":"closed","ping_status":"closed","template":"","meta":{"powered_cache_disable_cache":false,"powered_cache_disable_css_optimization":false,"powered_cache_disable_js_optimization":false,"footnotes":""},"class_list":["post-1734","page","type-page","status-publish","hentry"],"_links":{"self":[{"href":"https:\/\/cocos.codes\/de\/wp-json\/wp\/v2\/pages\/1734","targetHints":{"allow":["GET"]}}],"collection":[{"href":"https:\/\/cocos.codes\/de\/wp-json\/wp\/v2\/pages"}],"about":[{"href":"https:\/\/cocos.codes\/de\/wp-json\/wp\/v2\/types\/page"}],"author":[{"embeddable":true,"href":"https:\/\/cocos.codes\/de\/wp-json\/wp\/v2\/users\/1"}],"replies":[{"embeddable":true,"href":"https:\/\/cocos.codes\/de\/wp-json\/wp\/v2\/comments?post=1734"}],"version-history":[{"count":0,"href":"https:\/\/cocos.codes\/de\/wp-json\/wp\/v2\/pages\/1734\/revisions"}],"wp:attachment":[{"href":"https:\/\/cocos.codes\/de\/wp-json\/wp\/v2\/media?parent=1734"}],"curies":[{"name":"wp","href":"https:\/\/api.w.org\/{rel}","templated":true}]}}